{"id":30665,"date":"2023-10-28T17:41:34","date_gmt":"2023-10-28T15:41:34","guid":{"rendered":"https:\/\/regalanimals.geekworkers.dev\/?post_type=product&#038;p=30665"},"modified":"2026-03-22T08:55:57","modified_gmt":"2026-03-22T07:55:57","slug":"pack-friandises-poiscaille","status":"publish","type":"product","link":"https:\/\/regalanimals.ch\/en\/product\/pack-friandises-poiscaille\/","title":{"rendered":"Poiscaille Treats Pack"},"content":{"rendered":"<h2>\ud83d\udc1f Fish Treat Pack<\/h2>\n<h3 data-start=\"552\" data-end=\"667\">A seafood assortment so you always have a treat on hand \ud83d\udc1f\ud83e\udd90<\/h3>\n<p data-start=\"669\" data-end=\"996\">The Fish Treat Pack is ideal for delighting your dog, cat, or ferret. It contains three tubs of freeze-dried fish treats: one tub of tuna, one tub of mini shrimp, and one tub of white fish. This way, you always have a healthy, natural, and tasty reward on hand.<\/p>\n<hr data-start=\"1051\" data-end=\"1054\" \/>\n<h2 data-start=\"1056\" data-end=\"1109\"><strong data-start=\"1056\" data-end=\"1107\">This assortment is all about seafood flavors \ud83e\udd90<\/strong><\/h2>\n<p data-start=\"1111\" data-end=\"1612\">Freeze-drying preserves essential nutrients while removing water. Thanks to this process, carried out under vacuum and at very low temperatures, the treats retain their natural flavor, without preservatives or additives. They are rich in protein, as well as omega-3 and omega-6 fatty acids, two essential for your pets&#039; vitality. Furthermore, their light texture appeals even to the pickiest eaters.<\/p>\n<hr data-start=\"1614\" data-end=\"1617\" \/>\n<h2 data-start=\"1619\" data-end=\"1661\"><strong data-start=\"1619\" data-end=\"1659\">Super convenient packaging \ud83e\udd70<\/strong><\/h2>\n<p data-start=\"1663\" data-end=\"1964\">The transparent jars allow you to see at a glance how much food is left. Furthermore, their screw-on lids make them easy to transport and prevent spills. And above all, the characteristic shaking sound of the jar immediately captures your pet&#039;s attention, making it an irresistible treat.<\/p>\n<hr data-start=\"1966\" data-end=\"1969\" \/>\n<h2 data-start=\"1971\" data-end=\"2030\"><strong data-start=\"1971\" data-end=\"2028\">Treats perfect for any occasion \ud83c\udf1f<\/strong><\/h2>\n<p data-start=\"2032\" data-end=\"2547\">A spontaneous outing? The jar slips easily into a bag. A longer journey? The smaller pieces are also convenient to distribute. A training session? They&#039;re quick to give and effectively motivate. As these treats are low in calories, they&#039;re suitable for all animals. However, it&#039;s best to offer them in moderation, as a supplement to their daily ration. In short, the Poiscaille Treat Pack is a natural, simple, and tasty choice.<\/p>\n<hr data-start=\"2549\" data-end=\"2552\" \/>\n<h2>\ud83d\udc3e Frequently Asked Questions<\/h2>\n<h3 data-start=\"3275\" data-end=\"3401\">\u2753 Still hesitating? Here are the answers to the most frequently asked questions about the Fish Treats Pack.<\/h3>\n<h4 data-start=\"2619\" data-end=\"2885\">\u27a1\ufe0f <strong data-start=\"2622\" data-end=\"2663\">Which animals is this pack suitable for?<\/strong><\/h4>\n<p data-start=\"2619\" data-end=\"2885\">This pack is suitable for dogs, cats, and ferrets. The three varieties offered\u2014tuna, mini shrimp, and white fish\u2014respect their natural carnivorous instincts and their appetite for seafood flavors.<\/p>\n<h4 data-start=\"2887\" data-end=\"3158\">\u27a1\ufe0f <strong data-start=\"2890\" data-end=\"2941\">What are the benefits of freeze-drying?<\/strong><\/h4>\n<p data-start=\"2887\" data-end=\"3158\">Freeze-drying removes the water while preserving the nutrients, taste, and texture of the fish. The treats retain their texture and authentic flavor. Furthermore, they contain no additives or preservatives.<\/p>\n<h4 data-start=\"3160\" data-end=\"3421\">\u27a1\ufe0f <strong data-start=\"3163\" data-end=\"3222\">Can these treats be given to puppies or kittens?<\/strong><\/h4>\n<p data-start=\"3160\" data-end=\"3421\">Yes, these Fish Treats are perfectly suited for puppies and kittens. They&#039;re easy to give, don&#039;t stick to fingers, and are ideal for training. Simply adjust the daily portion if you use them frequently during training.<\/p>\n<h4 data-start=\"3423\" data-end=\"3677\">\u27a1\ufe0f <strong data-start=\"3426\" data-end=\"3486\">Are these rewards suitable for sensitive animals?<\/strong><\/h4>\n<p data-start=\"3423\" data-end=\"3677\">Yes, because they contain only one ingredient per jar. They are therefore ideal for animals prone to intolerances, provided they are not allergic to fish.<\/p>\n<hr data-start=\"3679\" data-end=\"3682\" \/>\n<h2 data-start=\"4242\" data-end=\"4271\">\ud83d\udca6 R\u00e9gal&#039;Animals Advice<\/h2>\n<p data-start=\"3717\" data-end=\"4154\">To keep things interesting, alternate the three flavors in the pack according to your pet&#039;s preferences. Tuna easily attracts the most discerning eaters, while white fish will appeal to those with more delicate palates. The mini shrimp can also be crumbled over their food to stimulate a picky eater&#039;s appetite. Thanks to their light texture, these treats are perfect for training sessions or little everyday rewards \ud83d\udc9a<\/p>\n<hr data-start=\"4156\" data-end=\"4159\" \/>\n<h4 data-start=\"4161\" data-end=\"4357\">\u27a1\ufe0f <strong data-start=\"4164\" data-end=\"4196\">How to store the jars from the Poiscaille Treats Pack?<\/strong><\/h4>\n<p data-start=\"4161\" data-end=\"4357\">Store them in a dry, temperate place. Close the lid tightly after each use to preserve the texture and aroma of the treats.<\/p>\n<h4 data-start=\"4359\" data-end=\"4565\">\u27a1\ufe0f <strong data-start=\"4362\" data-end=\"4401\">Do these treats make you gain weight?<\/strong><\/h4>\n<p data-start=\"4359\" data-end=\"4565\">They are low in calories. Nevertheless, it remains important to adjust the quantity to the overall diet to avoid weight gain, especially if you give them regularly.<\/p>\n<h4 data-start=\"4567\" data-end=\"4825\">\u27a1\ufe0f <strong data-start=\"4570\" data-end=\"4627\">Can I mix it with kibble or wet food?<\/strong><\/h4>\n<p data-start=\"4567\" data-end=\"4825\">Yes, it&#039;s actually an excellent idea. Crumbled some tuna or shrimp over a portion can transform an ordinary meal into a gourmet moment.<\/p>\n<h4 data-start=\"345\" data-end=\"363\">Composition<\/h4>\n<p data-start=\"364\" data-end=\"414\">100 % fish<\/p>\n<h4 data-start=\"364\" data-end=\"414\"><br data-start=\"377\" data-end=\"380\" \/>Analytical constituents<\/h4>\n<p data-start=\"454\" data-end=\"608\">Whitefish<br data-start=\"467\" data-end=\"470\" \/>Crude protein: 65.8 %<br data-start=\"495\" data-end=\"498\" \/>Crude fat: 0.5 %<br data-start=\"529\" data-end=\"532\" \/>Raw mineral materials: 5.3 %<br data-start=\"565\" data-end=\"568\" \/>Raw fibers: 2 %<br data-start=\"587\" data-end=\"590\" \/>Humidity: 2.4 %<\/p>\n<p data-start=\"610\" data-end=\"755\">Tuna<br data-start=\"614\" data-end=\"617\" \/>Crude protein: 68.7 g\/L (%)<br data-start=\"642\" data-end=\"645\" \/>Crude fat: 1 %<br data-start=\"674\" data-end=\"677\" \/>Raw mineral materials: 6.6 %<br data-start=\"710\" data-end=\"713\" \/>Raw fibers: 1.3 %<br data-start=\"734\" data-end=\"737\" \/>Humidity: 1.6 %<\/p>\n<p data-start=\"757\" data-end=\"907\">Shrimp<br data-start=\"766\" data-end=\"769\" \/>Crude protein: 65.8 %<br data-start=\"794\" data-end=\"797\" \/>Crude fat: 0.5 %<br data-start=\"828\" data-end=\"831\" \/>Raw mineral materials: 5.3 %<br data-start=\"864\" data-end=\"867\" \/>Raw fibers: 2 %<br data-start=\"886\" data-end=\"889\" \/>Humidity: 2.4 %<\/p>\n<p>&nbsp;<\/p>\n<p><a href=\"https:\/\/regalanimals.ch\/en\/product-2\/barres-macher-regeneration\/\">Suggestion for him<\/a><\/p>","protected":false},"excerpt":{"rendered":"<p>\ud83d\udc1f Pack de Friandises Poiscaille Un assortiment marin pour toujours avoir une g\u00e2terie sous la main \ud83d\udc1f\ud83e\udd90 Le Pack de Friandises Poiscaille est id\u00e9al pour r\u00e9galer votre chien, votre chat ou votre furet. En effet, il r\u00e9unit trois pots de friandises lyophilis\u00e9es 100 % poisson : un pot de thon, un pot de mini crevettes [&hellip;]<\/p>\n","protected":false},"featured_media":38135,"menu_order":0,"comment_status":"open","ping_status":"closed","template":"","meta":[],"product_brand":[],"product_cat":[89,333,213,197,90],"product_tag":[],"class_list":{"0":"post-30665","1":"product","2":"type-product","3":"status-publish","4":"has-post-thumbnail","6":"product_cat-chats","7":"product_cat-friandises-furet","8":"product_cat-friandises-pour-chats","9":"product_cat-friandises-pour-chiens","10":"product_cat-furets","12":"first","13":"instock","14":"taxable","15":"shipping-taxable","16":"purchasable","17":"product-type-simple"},"yoast_head":"<!-- This site is optimized with the Yoast SEO Premium plugin v27.3 (Yoast SEO v27.3) - https:\/\/yoast.com\/product\/yoast-seo-premium-wordpress\/ -->\n<title>Pack Friandises Poiscaille. Pour ne jamais \u00eatre pris au d\u00e9pourvu !<\/title>\n<meta name=\"description\" content=\"Trois saveurs de poisson pour faire plaisir \u00e0 votre compagnon. Le Pack Friandises Poiscaille vous garantit toujours une r\u00e9compense saine \u00e0 port\u00e9e de main.\" \/>\n<meta name=\"robots\" content=\"index, follow, max-snippet:-1, max-image-preview:large, max-video-preview:-1\" \/>\n<link rel=\"canonical\" href=\"https:\/\/regalanimals.ch\/en\/product-2\/pack-friandises-poiscaille\/\" \/>\n<meta property=\"og:locale\" content=\"en_GB\" \/>\n<meta property=\"og:type\" content=\"article\" \/>\n<meta property=\"og:title\" content=\"Pack Friandises Poiscaille\" \/>\n<meta property=\"og:description\" content=\"Trois saveurs de poisson pour faire plaisir \u00e0 votre compagnon. Le Pack Friandises Poiscaille vous garantit toujours une r\u00e9compense saine \u00e0 port\u00e9e de main.\" \/>\n<meta property=\"og:url\" content=\"https:\/\/regalanimals.ch\/en\/product-2\/pack-friandises-poiscaille\/\" \/>\n<meta property=\"og:site_name\" content=\"R\u00e9gal&#039;Animals\" \/>\n<meta property=\"article:modified_time\" content=\"2026-03-22T07:55:57+00:00\" \/>\n<meta property=\"og:image\" content=\"https:\/\/regalanimals.ch\/wp-content\/uploads\/2025\/08\/Pack-Friandises-Lyophilisees-Poiscaille.webp\" \/>\n\t<meta property=\"og:image:width\" content=\"940\" \/>\n\t<meta property=\"og:image:height\" content=\"788\" \/>\n\t<meta property=\"og:image:type\" content=\"image\/webp\" \/>\n<meta name=\"twitter:card\" content=\"summary_large_image\" \/>\n<meta name=\"twitter:label1\" content=\"Estimated reading time\" \/>\n\t<meta name=\"twitter:data1\" content=\"4 minutes\" \/>\n<script type=\"application\/ld+json\" class=\"yoast-schema-graph\">{\"@context\":\"https:\\\/\\\/schema.org\",\"@graph\":[{\"@type\":\"WebPage\",\"@id\":\"https:\\\/\\\/regalanimals.ch\\\/product\\\/pack-friandises-poiscaille\\\/\",\"url\":\"https:\\\/\\\/regalanimals.ch\\\/product\\\/pack-friandises-poiscaille\\\/\",\"name\":\"Pack Friandises Poiscaille. Pour ne jamais \u00eatre pris au d\u00e9pourvu !\",\"isPartOf\":{\"@id\":\"https:\\\/\\\/regalanimals.ch\\\/#website\"},\"primaryImageOfPage\":{\"@id\":\"https:\\\/\\\/regalanimals.ch\\\/product\\\/pack-friandises-poiscaille\\\/#primaryimage\"},\"image\":{\"@id\":\"https:\\\/\\\/regalanimals.ch\\\/product\\\/pack-friandises-poiscaille\\\/#primaryimage\"},\"thumbnailUrl\":\"https:\\\/\\\/regalanimals.ch\\\/wp-content\\\/uploads\\\/2025\\\/08\\\/Pack-Friandises-Lyophilisees-Poiscaille.webp\",\"datePublished\":\"2023-10-28T15:41:34+00:00\",\"dateModified\":\"2026-03-22T07:55:57+00:00\",\"description\":\"Trois saveurs de poisson pour faire plaisir \u00e0 votre compagnon. Le Pack Friandises Poiscaille vous garantit toujours une r\u00e9compense saine \u00e0 port\u00e9e de main.\",\"breadcrumb\":{\"@id\":\"https:\\\/\\\/regalanimals.ch\\\/product\\\/pack-friandises-poiscaille\\\/#breadcrumb\"},\"inLanguage\":\"en-GB\",\"potentialAction\":[{\"@type\":\"ReadAction\",\"target\":[\"https:\\\/\\\/regalanimals.ch\\\/product\\\/pack-friandises-poiscaille\\\/\"]}]},{\"@type\":\"ImageObject\",\"inLanguage\":\"en-GB\",\"@id\":\"https:\\\/\\\/regalanimals.ch\\\/product\\\/pack-friandises-poiscaille\\\/#primaryimage\",\"url\":\"https:\\\/\\\/regalanimals.ch\\\/wp-content\\\/uploads\\\/2025\\\/08\\\/Pack-Friandises-Lyophilisees-Poiscaille.webp\",\"contentUrl\":\"https:\\\/\\\/regalanimals.ch\\\/wp-content\\\/uploads\\\/2025\\\/08\\\/Pack-Friandises-Lyophilisees-Poiscaille.webp\",\"width\":940,\"height\":788,\"caption\":\"Pack de Friandises Poiscaille \u2013 3 pots assortis\"},{\"@type\":\"BreadcrumbList\",\"@id\":\"https:\\\/\\\/regalanimals.ch\\\/product\\\/pack-friandises-poiscaille\\\/#breadcrumb\",\"itemListElement\":[{\"@type\":\"ListItem\",\"position\":1,\"name\":\"Home\",\"item\":\"https:\\\/\\\/regalanimals.ch\\\/\"},{\"@type\":\"ListItem\",\"position\":2,\"name\":\"Boutique\",\"item\":\"https:\\\/\\\/regalanimals.ch\\\/shop\\\/\"},{\"@type\":\"ListItem\",\"position\":3,\"name\":\"Pack Friandises Poiscaille\"}]},{\"@type\":\"WebSite\",\"@id\":\"https:\\\/\\\/regalanimals.ch\\\/#website\",\"url\":\"https:\\\/\\\/regalanimals.ch\\\/\",\"name\":\"R\u00e9gal Animals\",\"description\":\"Alimentation et articles de qualit\u00e9 pour chats, chiens et furets\",\"publisher\":{\"@id\":\"https:\\\/\\\/regalanimals.ch\\\/#organization\"},\"potentialAction\":[{\"@type\":\"SearchAction\",\"target\":{\"@type\":\"EntryPoint\",\"urlTemplate\":\"https:\\\/\\\/regalanimals.ch\\\/?s={search_term_string}\"},\"query-input\":{\"@type\":\"PropertyValueSpecification\",\"valueRequired\":true,\"valueName\":\"search_term_string\"}}],\"inLanguage\":\"en-GB\"},{\"@type\":\"Organization\",\"@id\":\"https:\\\/\\\/regalanimals.ch\\\/#organization\",\"name\":\"R\u00e9gal Animals\",\"url\":\"https:\\\/\\\/regalanimals.ch\\\/\",\"logo\":{\"@type\":\"ImageObject\",\"inLanguage\":\"en-GB\",\"@id\":\"https:\\\/\\\/regalanimals.ch\\\/#\\\/schema\\\/logo\\\/image\\\/\",\"url\":\"https:\\\/\\\/regalanimals.ch\\\/wp-content\\\/uploads\\\/2025\\\/07\\\/Logo-RegalAnimals.png\",\"contentUrl\":\"https:\\\/\\\/regalanimals.ch\\\/wp-content\\\/uploads\\\/2025\\\/07\\\/Logo-RegalAnimals.png\",\"width\":120,\"height\":153,\"caption\":\"R\u00e9gal Animals\"},\"image\":{\"@id\":\"https:\\\/\\\/regalanimals.ch\\\/#\\\/schema\\\/logo\\\/image\\\/\"}}]}<\/script>\n<!-- \/ Yoast SEO Premium plugin. -->","yoast_head_json":{"title":"Fish Treat Pack. So you&#039;re never caught unprepared!","description":"Three fish flavors to delight your pet. The Fish Treats Pack guarantees you always have a healthy reward at hand.","robots":{"index":"index","follow":"follow","max-snippet":"max-snippet:-1","max-image-preview":"max-image-preview:large","max-video-preview":"max-video-preview:-1"},"canonical":"https:\/\/regalanimals.ch\/en\/product-2\/pack-friandises-poiscaille\/","og_locale":"en_GB","og_type":"article","og_title":"Pack Friandises Poiscaille","og_description":"Trois saveurs de poisson pour faire plaisir \u00e0 votre compagnon. Le Pack Friandises Poiscaille vous garantit toujours une r\u00e9compense saine \u00e0 port\u00e9e de main.","og_url":"https:\/\/regalanimals.ch\/en\/product-2\/pack-friandises-poiscaille\/","og_site_name":"R\u00e9gal&#039;Animals","article_modified_time":"2026-03-22T07:55:57+00:00","og_image":[{"width":940,"height":788,"url":"https:\/\/regalanimals.ch\/wp-content\/uploads\/2025\/08\/Pack-Friandises-Lyophilisees-Poiscaille.webp","type":"image\/webp"}],"twitter_card":"summary_large_image","twitter_misc":{"Estimated reading time":"4 minutes"},"schema":{"@context":"https:\/\/schema.org","@graph":[{"@type":"WebPage","@id":"https:\/\/regalanimals.ch\/product\/pack-friandises-poiscaille\/","url":"https:\/\/regalanimals.ch\/product\/pack-friandises-poiscaille\/","name":"Fish Treat Pack. So you&#039;re never caught unprepared!","isPartOf":{"@id":"https:\/\/regalanimals.ch\/#website"},"primaryImageOfPage":{"@id":"https:\/\/regalanimals.ch\/product\/pack-friandises-poiscaille\/#primaryimage"},"image":{"@id":"https:\/\/regalanimals.ch\/product\/pack-friandises-poiscaille\/#primaryimage"},"thumbnailUrl":"https:\/\/regalanimals.ch\/wp-content\/uploads\/2025\/08\/Pack-Friandises-Lyophilisees-Poiscaille.webp","datePublished":"2023-10-28T15:41:34+00:00","dateModified":"2026-03-22T07:55:57+00:00","description":"Three fish flavors to delight your pet. The Fish Treats Pack guarantees you always have a healthy reward at hand.","breadcrumb":{"@id":"https:\/\/regalanimals.ch\/product\/pack-friandises-poiscaille\/#breadcrumb"},"inLanguage":"en-GB","potentialAction":[{"@type":"ReadAction","target":["https:\/\/regalanimals.ch\/product\/pack-friandises-poiscaille\/"]}]},{"@type":"ImageObject","inLanguage":"en-GB","@id":"https:\/\/regalanimals.ch\/product\/pack-friandises-poiscaille\/#primaryimage","url":"https:\/\/regalanimals.ch\/wp-content\/uploads\/2025\/08\/Pack-Friandises-Lyophilisees-Poiscaille.webp","contentUrl":"https:\/\/regalanimals.ch\/wp-content\/uploads\/2025\/08\/Pack-Friandises-Lyophilisees-Poiscaille.webp","width":940,"height":788,"caption":"Pack de Friandises Poiscaille \u2013 3 pots assortis"},{"@type":"BreadcrumbList","@id":"https:\/\/regalanimals.ch\/product\/pack-friandises-poiscaille\/#breadcrumb","itemListElement":[{"@type":"ListItem","position":1,"name":"Home","item":"https:\/\/regalanimals.ch\/"},{"@type":"ListItem","position":2,"name":"Boutique","item":"https:\/\/regalanimals.ch\/shop\/"},{"@type":"ListItem","position":3,"name":"Pack Friandises Poiscaille"}]},{"@type":"WebSite","@id":"https:\/\/regalanimals.ch\/#website","url":"https:\/\/regalanimals.ch\/","name":"Animals Feast","description":"Quality food and supplies for cats, dogs and ferrets","publisher":{"@id":"https:\/\/regalanimals.ch\/#organization"},"potentialAction":[{"@type":"SearchAction","target":{"@type":"EntryPoint","urlTemplate":"https:\/\/regalanimals.ch\/?s={search_term_string}"},"query-input":{"@type":"PropertyValueSpecification","valueRequired":true,"valueName":"search_term_string"}}],"inLanguage":"en-GB"},{"@type":"Organization","@id":"https:\/\/regalanimals.ch\/#organization","name":"Animals Feast","url":"https:\/\/regalanimals.ch\/","logo":{"@type":"ImageObject","inLanguage":"en-GB","@id":"https:\/\/regalanimals.ch\/#\/schema\/logo\/image\/","url":"https:\/\/regalanimals.ch\/wp-content\/uploads\/2025\/07\/Logo-RegalAnimals.png","contentUrl":"https:\/\/regalanimals.ch\/wp-content\/uploads\/2025\/07\/Logo-RegalAnimals.png","width":120,"height":153,"caption":"R\u00e9gal Animals"},"image":{"@id":"https:\/\/regalanimals.ch\/#\/schema\/logo\/image\/"}}]}},"_links":{"self":[{"href":"https:\/\/regalanimals.ch\/en\/wp-json\/wp\/v2\/product\/30665","targetHints":{"allow":["GET"]}}],"collection":[{"href":"https:\/\/regalanimals.ch\/en\/wp-json\/wp\/v2\/product"}],"about":[{"href":"https:\/\/regalanimals.ch\/en\/wp-json\/wp\/v2\/types\/product"}],"replies":[{"embeddable":true,"href":"https:\/\/regalanimals.ch\/en\/wp-json\/wp\/v2\/comments?post=30665"}],"wp:featuredmedia":[{"embeddable":true,"href":"https:\/\/regalanimals.ch\/en\/wp-json\/wp\/v2\/media\/38135"}],"wp:attachment":[{"href":"https:\/\/regalanimals.ch\/en\/wp-json\/wp\/v2\/media?parent=30665"}],"wp:term":[{"taxonomy":"product_brand","embeddable":true,"href":"https:\/\/regalanimals.ch\/en\/wp-json\/wp\/v2\/product_brand?post=30665"},{"taxonomy":"product_cat","embeddable":true,"href":"https:\/\/regalanimals.ch\/en\/wp-json\/wp\/v2\/product_cat?post=30665"},{"taxonomy":"product_tag","embeddable":true,"href":"https:\/\/regalanimals.ch\/en\/wp-json\/wp\/v2\/product_tag?post=30665"}],"curies":[{"name":"wp","href":"https:\/\/api.w.org\/{rel}","templated":true}]}}