{"id":30834,"date":"2024-01-19T13:00:32","date_gmt":"2024-01-19T12:00:32","guid":{"rendered":"https:\/\/regalanimals.geekworkers.dev\/?post_type=product&#038;p=30834"},"modified":"2026-03-22T08:10:26","modified_gmt":"2026-03-22T07:10:26","slug":"sheep-horn","status":"publish","type":"product","link":"https:\/\/regalanimals.ch\/en\/product\/corne-de-mouton\/","title":{"rendered":"Sheep horn"},"content":{"rendered":"<h2 data-start=\"1181\" data-end=\"1203\">Sheep Horn\ud83d\udc11<\/h2>\n<p data-start=\"1294\" data-end=\"1734\">Sheep horn is a natural and tasty chew toy, prized for its softer texture compared to other horns. This moderate consistency allows for a long and enjoyable chewing experience, without being too hard or intense. It is therefore particularly suitable for dogs who enjoy a gentle yet sustained chew. Composed of 100% keratin, sheep horn is a natural source of protein, as well as iron and zinc, while remaining a digestible and durable treat.<\/p>\n<h3 data-start=\"263\" data-end=\"725\">Available sizes and recommended breeds \ud83e\uddb4\ud83d\udc36<\/h3>\n<p data-start=\"263\" data-end=\"725\">Sheep horn comes in several sizes to suit the size and chewing power of each dog. As it is a natural product, the weight may vary slightly from one piece to another. For comfortable and safe use, it is recommended to choose a size appropriate for the dog&#039;s jaw, always ensuring a good grip in the mouth.<\/p>\n<div class=\"_tableContainer_1rjym_1\">\n<div class=\"group _tableWrapper_1rjym_13 flex w-fit flex-col-reverse\" tabindex=\"-1\">\n<table class=\"w-fit min-w-(--thread-content-width)\" data-start=\"1885\" data-end=\"2330\">\n<thead data-start=\"1885\" data-end=\"1970\">\n<tr data-start=\"1885\" data-end=\"1970\">\n<th data-start=\"1885\" data-end=\"1898\" data-col-size=\"sm\"><strong data-start=\"1887\" data-end=\"1897\">Size<\/strong><\/th>\n<th data-start=\"1898\" data-end=\"1923\" data-col-size=\"sm\"><strong data-start=\"1900\" data-end=\"1922\">Approximate weight<\/strong><\/th>\n<th data-start=\"1923\" data-end=\"1945\" data-col-size=\"sm\"><strong data-start=\"1925\" data-end=\"1944\">For dogs of\u2026<\/strong><\/th>\n<th data-start=\"1945\" data-end=\"1970\" data-col-size=\"sm\"><strong data-start=\"1947\" data-end=\"1968\">Examples of breeds<\/strong><\/th>\n<\/tr>\n<\/thead>\n<tbody data-start=\"2060\" data-end=\"2330\">\n<tr data-start=\"2060\" data-end=\"2119\">\n<td data-start=\"2060\" data-end=\"2068\" data-col-size=\"sm\"><strong data-start=\"2062\" data-end=\"2067\">S<\/strong><\/td>\n<td data-start=\"2068\" data-end=\"2077\" data-col-size=\"sm\">\u2265 50 g<\/td>\n<td data-start=\"2077\" data-end=\"2088\" data-col-size=\"sm\">5 kg<\/td>\n<td data-start=\"2088\" data-end=\"2119\" data-col-size=\"sm\">Chihuahua, Spitz, Yorkshire<\/td>\n<\/tr>\n<tr data-start=\"2120\" data-end=\"2187\">\n<td data-start=\"2120\" data-end=\"2128\" data-col-size=\"sm\"><strong data-start=\"2122\" data-end=\"2127\">M<\/strong><\/td>\n<td data-start=\"2128\" data-end=\"2140\" data-col-size=\"sm\">\u2265 100 g<\/td>\n<td data-start=\"2140\" data-end=\"2152\" data-col-size=\"sm\">10 to 20 kg<\/td>\n<td data-start=\"2152\" data-end=\"2187\" data-col-size=\"sm\">Pug, Shiba Inu, Cocker<\/td>\n<\/tr>\n<tr data-start=\"2188\" data-end=\"2258\">\n<td data-start=\"2188\" data-end=\"2196\" data-col-size=\"sm\"><strong data-start=\"2190\" data-end=\"2195\">L<\/strong><\/td>\n<td data-start=\"2196\" data-end=\"2208\" data-col-size=\"sm\">\u2265 200 g<\/td>\n<td data-start=\"2208\" data-end=\"2221\" data-col-size=\"sm\">plus 25 kg<\/td>\n<td data-start=\"2221\" data-end=\"2258\" data-col-size=\"sm\">Bulldog, Australian Shepherd<\/td>\n<\/tr>\n<tr data-start=\"2259\" data-end=\"2330\">\n<td data-start=\"2259\" data-end=\"2268\" data-col-size=\"sm\"><strong data-start=\"2261\" data-end=\"2267\">XL<\/strong><\/td>\n<td data-start=\"2268\" data-end=\"2280\" data-col-size=\"sm\">\u2265 300 g<\/td>\n<td data-start=\"2280\" data-end=\"2293\" data-col-size=\"sm\">plus 35 kg<\/td>\n<td data-start=\"2293\" data-end=\"2330\" data-col-size=\"sm\">Labrador, Malamute<\/td>\n<\/tr>\n<\/tbody>\n<\/table>\n<p>Your dog should always have access to fresh water while chewing. This ensures a healthy chewing experience. As with all solid objects, regular supervision is essential. Remove the sheep horn toy immediately if any cracks or excessive wear appear to guarantee safe chewing.<\/p>\n<\/div>\n<\/div>\n<h2 data-start=\"2492\" data-end=\"2555\">A natural treat, lighter and easier to use\ud83c\udf1f<\/h2>\n<p data-start=\"418\" data-end=\"843\">These sheep horn chews are first carefully washed, then cooked in hot water before being naturally sun-dried, which effectively preserves their nutrients. Thanks to their softer texture, these chews offer a gentler chewing experience than harder treats, while still being long-lasting. You can also easily stuff the sheep horn with a snack or small treat to extend the enjoyment. Furthermore, their low fat content makes sheep horns suitable for overweight dogs. In addition, their irregular shape encourages movement on the ground, transforming this chew into a fun and stimulating activity for curious dogs.<\/p>\n<h2 data-start=\"3177\" data-end=\"3238\">A chewable item that&#039;s easy to digest and good for your teeth \ud83e\uddb7<\/h2>\n<p data-start=\"3240\" data-end=\"3522\">Sheep horn encourages regular chewing and thus contributes to the natural cleaning of teeth, as its slightly rough surface reduces plaque and tartar. Furthermore, this chew treat contains no additives, making it perfectly compatible with a natural diet or a BARF diet. However, this chew item is still hard; therefore, it is not suitable for teething puppies or senior dogs with fragile teeth. Even though sheep horn is less powerful than a solid buffalo horn, you should always supervise your dog to ensure safe and controlled use.<\/p>\n<h3 data-start=\"2210\" data-end=\"2410\">Frequently Asked Questions about Sheep Horn \ud83d\udc3e<\/h3>\n<p data-start=\"2210\" data-end=\"2410\">Find here the answers to the most frequently asked questions regarding the use, safety and benefits of Sheep Horn.<\/p>\n<h4 data-start=\"3956\" data-end=\"4020\">\u27a1\ufe0f Is the Sheep Horn suitable for all dogs?<\/h4>\n<p data-start=\"4021\" data-end=\"4219\">It&#039;s suitable for most dogs thanks to its softer texture. However, this chew toy is not recommended for puppies with baby teeth or for dogs with dental problems.<\/p>\n<h4 data-start=\"5204\" data-end=\"5256\">\u27a1\ufe0f Does this chewable item really help clean teeth?<\/h4>\n<p data-start=\"5257\" data-end=\"5344\">Yes, its rough texture naturally helps to remove plaque and tartar.<\/p>\n<hr data-start=\"4448\" data-end=\"4451\" \/>\n<h2 data-start=\"4453\" data-end=\"4485\">\ud83d\udca6 R\u00e9gal&#039;Animals Advice \ud83d\udc9a<\/h2>\n<p data-start=\"4486\" data-end=\"4760\">If your dog doesn&#039;t immediately show interest in the Sheep Horn, make this chew treat more appealing. For example, add a little Tarti Dog&#039;s peanut butter inside to pique their curiosity. You can also play with them for a few moments, rolling the horn around or using it as a reward to encourage them to try it. This way, your dog will gradually discover this treat and enjoy chewing it at their own pace.<\/p>\n<hr data-start=\"4762\" data-end=\"4765\" \/>\n<h4 data-start=\"4767\" data-end=\"4813\">\u27a1\ufe0f How to use Sheep Horn?<\/h4>\n<p data-start=\"4814\" data-end=\"4908\">You can give it as is or fill it with treats to create a more stimulating snack.<\/p>\n<h4 data-start=\"4910\" data-end=\"4962\">\u27a1\ufe0f Is it compatible with BARF diets?<\/h4>\n<p data-start=\"4963\" data-end=\"5072\">Yes, Sheep Horn is perfectly suited to BARF diets, as it contains no additives and remains 100% natural. Therefore, this chewable treat easily integrates into a natural diet while providing an appropriate chewing experience.<\/p>\n<h4 data-start=\"5074\" data-end=\"5120\">\u27a1\ufe0f Is Sheep&#039;s Horn digestible?<\/h4>\n<p data-start=\"5121\" data-end=\"5202\">Yes, keratin is well tolerated and suitable for dogs with sensitive stomachs.<\/p>\n<p data-start=\"0\" data-end=\"36\"><strong>Composition<\/strong><br data-start=\"11\" data-end=\"14\" \/>100 % sheep horn.<\/p>\n<p data-start=\"38\" data-end=\"139\" data-is-last-node=\"\" data-is-only-node=\"\"><strong>Analytical constituents<\/strong><br data-start=\"62\" data-end=\"65\" \/>Protein 93.3 %<br data-start=\"81\" data-end=\"84\" \/>Fibers 0.20 %<br data-start=\"97\" data-end=\"100\" \/>Fat content 1.05 %<br data-start=\"123\" data-end=\"126\" \/>Other 5.45 %<\/p>\n<p>&nbsp;<\/p>\n<p><a href=\"https:\/\/regalanimals.ch\/en\/product-2\/sabots-boeuf-a-macher\/\">Suggestion for him<\/a><\/p>\n<p>&nbsp;<\/p>","protected":false},"excerpt":{"rendered":"<p>Corne de Mouton\ud83d\udc11 La corne de mouton est un article \u00e0 ronger naturel et savoureux, appr\u00e9ci\u00e9 pour sa texture plus souple que celle des autres cornes. Gr\u00e2ce \u00e0 cette consistance mod\u00e9r\u00e9e, elle permet une mastication longue et ludique, sans \u00eatre trop dure ni trop intense. Elle convient donc particuli\u00e8rement aux chiens qui aiment m\u00e2cher durablement [&hellip;]<\/p>\n","protected":false},"featured_media":38155,"menu_order":0,"comment_status":"open","ping_status":"closed","template":"","meta":[],"product_brand":[],"product_cat":[231,24],"product_tag":[],"class_list":{"0":"post-30834","1":"product","2":"type-product","3":"status-publish","4":"has-post-thumbnail","6":"product_cat-a-ronger","7":"product_cat-chiens","9":"first","10":"instock","11":"taxable","12":"shipping-taxable","13":"purchasable","14":"product-type-variable"},"yoast_head":"<!-- This site is optimized with the Yoast SEO Premium plugin v27.3 (Yoast SEO v27.3) - https:\/\/yoast.com\/product\/yoast-seo-premium-wordpress\/ -->\n<title>Corne de Mouton une gourmandise \u00e0 la long\u00e9vit\u00e9 surprenante<\/title>\n<meta name=\"description\" content=\"Pens\u00e9e pour la mastication prolong\u00e9e, la corne de mouton offre aux chiens un plaisir durable et ludique, adapt\u00e9 aux amateurs d\u2019articles \u00e0 ronger.\" \/>\n<meta name=\"robots\" content=\"index, follow, max-snippet:-1, max-image-preview:large, max-video-preview:-1\" \/>\n<link rel=\"canonical\" href=\"https:\/\/regalanimals.ch\/en\/product-2\/sheep-horn\/\" \/>\n<meta property=\"og:locale\" content=\"en_GB\" \/>\n<meta property=\"og:type\" content=\"article\" \/>\n<meta property=\"og:title\" content=\"Corne de Mouton\" \/>\n<meta property=\"og:description\" content=\"Pens\u00e9e pour la mastication prolong\u00e9e, la corne de mouton offre aux chiens un plaisir durable et ludique, adapt\u00e9 aux amateurs d\u2019articles \u00e0 ronger.\" \/>\n<meta property=\"og:url\" content=\"https:\/\/regalanimals.ch\/en\/product-2\/sheep-horn\/\" \/>\n<meta property=\"og:site_name\" content=\"R\u00e9gal&#039;Animals\" \/>\n<meta property=\"article:modified_time\" content=\"2026-03-22T07:10:26+00:00\" \/>\n<meta property=\"og:image\" content=\"https:\/\/regalanimals.ch\/wp-content\/uploads\/2025\/08\/Corne-mouton.webp\" \/>\n\t<meta property=\"og:image:width\" content=\"940\" \/>\n\t<meta property=\"og:image:height\" content=\"788\" \/>\n\t<meta property=\"og:image:type\" content=\"image\/webp\" \/>\n<meta name=\"twitter:card\" content=\"summary_large_image\" \/>\n<meta name=\"twitter:label1\" content=\"Estimated reading time\" \/>\n\t<meta name=\"twitter:data1\" content=\"5 minutes\" \/>\n<script type=\"application\/ld+json\" class=\"yoast-schema-graph\">{\"@context\":\"https:\\\/\\\/schema.org\",\"@graph\":[{\"@type\":\"WebPage\",\"@id\":\"https:\\\/\\\/regalanimals.ch\\\/product\\\/corne-de-mouton\\\/\",\"url\":\"https:\\\/\\\/regalanimals.ch\\\/product\\\/corne-de-mouton\\\/\",\"name\":\"Corne de Mouton une gourmandise \u00e0 la long\u00e9vit\u00e9 surprenante\",\"isPartOf\":{\"@id\":\"https:\\\/\\\/regalanimals.ch\\\/#website\"},\"primaryImageOfPage\":{\"@id\":\"https:\\\/\\\/regalanimals.ch\\\/product\\\/corne-de-mouton\\\/#primaryimage\"},\"image\":{\"@id\":\"https:\\\/\\\/regalanimals.ch\\\/product\\\/corne-de-mouton\\\/#primaryimage\"},\"thumbnailUrl\":\"https:\\\/\\\/regalanimals.ch\\\/wp-content\\\/uploads\\\/2025\\\/08\\\/Corne-mouton.webp\",\"datePublished\":\"2024-01-19T12:00:32+00:00\",\"dateModified\":\"2026-03-22T07:10:26+00:00\",\"description\":\"Pens\u00e9e pour la mastication prolong\u00e9e, la corne de mouton offre aux chiens un plaisir durable et ludique, adapt\u00e9 aux amateurs d\u2019articles \u00e0 ronger.\",\"breadcrumb\":{\"@id\":\"https:\\\/\\\/regalanimals.ch\\\/product\\\/corne-de-mouton\\\/#breadcrumb\"},\"inLanguage\":\"en-GB\",\"potentialAction\":[{\"@type\":\"ReadAction\",\"target\":[\"https:\\\/\\\/regalanimals.ch\\\/product\\\/corne-de-mouton\\\/\"]}]},{\"@type\":\"ImageObject\",\"inLanguage\":\"en-GB\",\"@id\":\"https:\\\/\\\/regalanimals.ch\\\/product\\\/corne-de-mouton\\\/#primaryimage\",\"url\":\"https:\\\/\\\/regalanimals.ch\\\/wp-content\\\/uploads\\\/2025\\\/08\\\/Corne-mouton.webp\",\"contentUrl\":\"https:\\\/\\\/regalanimals.ch\\\/wp-content\\\/uploads\\\/2025\\\/08\\\/Corne-mouton.webp\",\"width\":940,\"height\":788,\"caption\":\"Corne de mouton \u2013 Friandise naturelle en spirale.\"},{\"@type\":\"BreadcrumbList\",\"@id\":\"https:\\\/\\\/regalanimals.ch\\\/product\\\/corne-de-mouton\\\/#breadcrumb\",\"itemListElement\":[{\"@type\":\"ListItem\",\"position\":1,\"name\":\"Home\",\"item\":\"https:\\\/\\\/regalanimals.ch\\\/\"},{\"@type\":\"ListItem\",\"position\":2,\"name\":\"Boutique\",\"item\":\"https:\\\/\\\/regalanimals.ch\\\/shop\\\/\"},{\"@type\":\"ListItem\",\"position\":3,\"name\":\"Corne de Mouton\"}]},{\"@type\":\"WebSite\",\"@id\":\"https:\\\/\\\/regalanimals.ch\\\/#website\",\"url\":\"https:\\\/\\\/regalanimals.ch\\\/\",\"name\":\"R\u00e9gal Animals\",\"description\":\"Alimentation et articles de qualit\u00e9 pour chats, chiens et furets\",\"publisher\":{\"@id\":\"https:\\\/\\\/regalanimals.ch\\\/#organization\"},\"potentialAction\":[{\"@type\":\"SearchAction\",\"target\":{\"@type\":\"EntryPoint\",\"urlTemplate\":\"https:\\\/\\\/regalanimals.ch\\\/?s={search_term_string}\"},\"query-input\":{\"@type\":\"PropertyValueSpecification\",\"valueRequired\":true,\"valueName\":\"search_term_string\"}}],\"inLanguage\":\"en-GB\"},{\"@type\":\"Organization\",\"@id\":\"https:\\\/\\\/regalanimals.ch\\\/#organization\",\"name\":\"R\u00e9gal Animals\",\"url\":\"https:\\\/\\\/regalanimals.ch\\\/\",\"logo\":{\"@type\":\"ImageObject\",\"inLanguage\":\"en-GB\",\"@id\":\"https:\\\/\\\/regalanimals.ch\\\/#\\\/schema\\\/logo\\\/image\\\/\",\"url\":\"https:\\\/\\\/regalanimals.ch\\\/wp-content\\\/uploads\\\/2025\\\/07\\\/Logo-RegalAnimals.png\",\"contentUrl\":\"https:\\\/\\\/regalanimals.ch\\\/wp-content\\\/uploads\\\/2025\\\/07\\\/Logo-RegalAnimals.png\",\"width\":120,\"height\":153,\"caption\":\"R\u00e9gal Animals\"},\"image\":{\"@id\":\"https:\\\/\\\/regalanimals.ch\\\/#\\\/schema\\\/logo\\\/image\\\/\"}}]}<\/script>\n<!-- \/ Yoast SEO Premium plugin. -->","yoast_head_json":{"title":"Sheep&#039;s horn, a delicacy with surprising longevity","description":"Designed for prolonged chewing, the sheep horn offers dogs lasting and playful pleasure, suitable for lovers of chewable items.","robots":{"index":"index","follow":"follow","max-snippet":"max-snippet:-1","max-image-preview":"max-image-preview:large","max-video-preview":"max-video-preview:-1"},"canonical":"https:\/\/regalanimals.ch\/en\/product-2\/sheep-horn\/","og_locale":"en_GB","og_type":"article","og_title":"Corne de Mouton","og_description":"Pens\u00e9e pour la mastication prolong\u00e9e, la corne de mouton offre aux chiens un plaisir durable et ludique, adapt\u00e9 aux amateurs d\u2019articles \u00e0 ronger.","og_url":"https:\/\/regalanimals.ch\/en\/product-2\/sheep-horn\/","og_site_name":"R\u00e9gal&#039;Animals","article_modified_time":"2026-03-22T07:10:26+00:00","og_image":[{"width":940,"height":788,"url":"https:\/\/regalanimals.ch\/wp-content\/uploads\/2025\/08\/Corne-mouton.webp","type":"image\/webp"}],"twitter_card":"summary_large_image","twitter_misc":{"Estimated reading time":"5 minutes"},"schema":{"@context":"https:\/\/schema.org","@graph":[{"@type":"WebPage","@id":"https:\/\/regalanimals.ch\/product\/corne-de-mouton\/","url":"https:\/\/regalanimals.ch\/product\/corne-de-mouton\/","name":"Sheep&#039;s horn, a delicacy with surprising longevity","isPartOf":{"@id":"https:\/\/regalanimals.ch\/#website"},"primaryImageOfPage":{"@id":"https:\/\/regalanimals.ch\/product\/corne-de-mouton\/#primaryimage"},"image":{"@id":"https:\/\/regalanimals.ch\/product\/corne-de-mouton\/#primaryimage"},"thumbnailUrl":"https:\/\/regalanimals.ch\/wp-content\/uploads\/2025\/08\/Corne-mouton.webp","datePublished":"2024-01-19T12:00:32+00:00","dateModified":"2026-03-22T07:10:26+00:00","description":"Designed for prolonged chewing, the sheep horn offers dogs lasting and playful pleasure, suitable for lovers of chewable items.","breadcrumb":{"@id":"https:\/\/regalanimals.ch\/product\/corne-de-mouton\/#breadcrumb"},"inLanguage":"en-GB","potentialAction":[{"@type":"ReadAction","target":["https:\/\/regalanimals.ch\/product\/corne-de-mouton\/"]}]},{"@type":"ImageObject","inLanguage":"en-GB","@id":"https:\/\/regalanimals.ch\/product\/corne-de-mouton\/#primaryimage","url":"https:\/\/regalanimals.ch\/wp-content\/uploads\/2025\/08\/Corne-mouton.webp","contentUrl":"https:\/\/regalanimals.ch\/wp-content\/uploads\/2025\/08\/Corne-mouton.webp","width":940,"height":788,"caption":"Corne de mouton \u2013 Friandise naturelle en spirale."},{"@type":"BreadcrumbList","@id":"https:\/\/regalanimals.ch\/product\/corne-de-mouton\/#breadcrumb","itemListElement":[{"@type":"ListItem","position":1,"name":"Home","item":"https:\/\/regalanimals.ch\/"},{"@type":"ListItem","position":2,"name":"Boutique","item":"https:\/\/regalanimals.ch\/shop\/"},{"@type":"ListItem","position":3,"name":"Corne de Mouton"}]},{"@type":"WebSite","@id":"https:\/\/regalanimals.ch\/#website","url":"https:\/\/regalanimals.ch\/","name":"Animals Feast","description":"Quality food and supplies for cats, dogs and ferrets","publisher":{"@id":"https:\/\/regalanimals.ch\/#organization"},"potentialAction":[{"@type":"SearchAction","target":{"@type":"EntryPoint","urlTemplate":"https:\/\/regalanimals.ch\/?s={search_term_string}"},"query-input":{"@type":"PropertyValueSpecification","valueRequired":true,"valueName":"search_term_string"}}],"inLanguage":"en-GB"},{"@type":"Organization","@id":"https:\/\/regalanimals.ch\/#organization","name":"Animals Feast","url":"https:\/\/regalanimals.ch\/","logo":{"@type":"ImageObject","inLanguage":"en-GB","@id":"https:\/\/regalanimals.ch\/#\/schema\/logo\/image\/","url":"https:\/\/regalanimals.ch\/wp-content\/uploads\/2025\/07\/Logo-RegalAnimals.png","contentUrl":"https:\/\/regalanimals.ch\/wp-content\/uploads\/2025\/07\/Logo-RegalAnimals.png","width":120,"height":153,"caption":"R\u00e9gal Animals"},"image":{"@id":"https:\/\/regalanimals.ch\/#\/schema\/logo\/image\/"}}]}},"_links":{"self":[{"href":"https:\/\/regalanimals.ch\/en\/wp-json\/wp\/v2\/product\/30834","targetHints":{"allow":["GET"]}}],"collection":[{"href":"https:\/\/regalanimals.ch\/en\/wp-json\/wp\/v2\/product"}],"about":[{"href":"https:\/\/regalanimals.ch\/en\/wp-json\/wp\/v2\/types\/product"}],"replies":[{"embeddable":true,"href":"https:\/\/regalanimals.ch\/en\/wp-json\/wp\/v2\/comments?post=30834"}],"wp:featuredmedia":[{"embeddable":true,"href":"https:\/\/regalanimals.ch\/en\/wp-json\/wp\/v2\/media\/38155"}],"wp:attachment":[{"href":"https:\/\/regalanimals.ch\/en\/wp-json\/wp\/v2\/media?parent=30834"}],"wp:term":[{"taxonomy":"product_brand","embeddable":true,"href":"https:\/\/regalanimals.ch\/en\/wp-json\/wp\/v2\/product_brand?post=30834"},{"taxonomy":"product_cat","embeddable":true,"href":"https:\/\/regalanimals.ch\/en\/wp-json\/wp\/v2\/product_cat?post=30834"},{"taxonomy":"product_tag","embeddable":true,"href":"https:\/\/regalanimals.ch\/en\/wp-json\/wp\/v2\/product_tag?post=30834"}],"curies":[{"name":"wp","href":"https:\/\/api.w.org\/{rel}","templated":true}]}}