{"id":31260,"date":"2024-04-16T15:38:29","date_gmt":"2024-04-16T13:38:29","guid":{"rendered":"https:\/\/regalanimals.geekworkers.dev\/?post_type=product&#038;p=31260"},"modified":"2026-03-22T08:01:59","modified_gmt":"2026-03-22T07:01:59","slug":"oreilles-de-boeuf","status":"publish","type":"product","link":"https:\/\/regalanimals.ch\/en\/product\/oreilles-de-boeuf\/","title":{"rendered":"Oreilles de B\u0153uf ( 3 pi\u00e8ces)"},"content":{"rendered":"<h2 data-start=\"224\" data-end=\"258\">\ud83d\udc36 Beef Ears for Dogs<\/h2>\n<h3 data-start=\"259\" data-end=\"317\">A natural, tasty, and truly sustainable treat<\/h3>\n<p data-start=\"319\" data-end=\"768\">Beef Ears for dogs are much more than just a treat. They are natural chew toys that satisfy your dog&#039;s instinctive need to chew. Each ear is carefully cleaned, disinfected, and then slowly dried to preserve its texture and authentic flavor. Thanks to this gentle process, your dog enjoys a 100% beef treat, free from coloring, preservatives, and additives. Moreover, these ears represent a natural and simple alternative to processed products. They offer lasting enjoyment while contributing to your dog&#039;s overall well-being, making them a much-loved everyday option.<\/p>\n<hr data-start=\"1020\" data-end=\"1023\" \/>\n<h2 data-start=\"1025\" data-end=\"1075\">\ud83c\udf1f Why choose this natural treat?<\/h2>\n<p data-start=\"1077\" data-end=\"1382\">Chewing plays a vital role for dogs, as it stimulates their minds, helps release endorphins, and promotes relaxation. Thanks to their natural richness in cartilage, protein, and collagen, beef ears also support joint health and skin quality.<\/p>\n<p data-start=\"1384\" data-end=\"1579\">Furthermore, regularly chewing on this type of item helps reduce plaque and promotes good oral hygiene. So your dog gets a treat while taking care of its teeth.<\/p>\n<hr data-start=\"1581\" data-end=\"1584\" \/>\n<h2 data-start=\"1586\" data-end=\"1633\">\ud83d\udc3e A treat suitable for all sizes<\/h2>\n<p data-start=\"1635\" data-end=\"1992\">Beef ears are naturally low in fat, making them a practical option for dogs watching their weight. They&#039;re suitable for all sizes, from small, curious dogs to medium-sized, more food-motivated ones. Furthermore, the smaller your dog, the longer the ear will last, offering excellent value for money.<\/p>\n<p data-start=\"1994\" data-end=\"2082\">In short, it&#039;s a simple, natural and effective treat to enrich your daily life.<\/p>\n<hr data-start=\"2084\" data-end=\"2087\" \/>\n<h2 data-start=\"2089\" data-end=\"2115\">\ud83d\udc3e Frequently Asked Questions<\/h2>\n<h3 data-start=\"2116\" data-end=\"2220\">\u2753 Still hesitating? Here are the answers to the most common questions about Beef Ears.<\/h3>\n<h4 data-start=\"2222\" data-end=\"2276\">\u27a1\ufe0f What is a Beef Ear for dogs?<\/h4>\n<p data-start=\"2277\" data-end=\"2435\">A Beef Ear is a natural treat made from the ear of cattle, simply cleaned and then dried to offer a healthy and durable chewable item.<\/p>\n<h4 data-start=\"2437\" data-end=\"2479\">\u27a1\ufe0f Is it suitable for all dogs?<\/h4>\n<p data-start=\"2480\" data-end=\"2657\">Yes, it&#039;s suitable for all dogs, including puppies from 4 months old. For very small dogs, you can possibly trim the ear to make it easier to chew.<\/p>\n<h4 data-start=\"2659\" data-end=\"2704\">\u27a1\ufe0f Is this good for dental hygiene?<\/h4>\n<p data-start=\"2705\" data-end=\"2846\">Yes, chewing on this type of treat helps to remove plaque and tartar, which naturally contributes to better oral health.<\/p>\n<hr data-start=\"2848\" data-end=\"2851\" \/>\n<h2 data-start=\"2853\" data-end=\"2885\">\ud83d\udca6 R\u00e9gal&#039;Animals Advice \ud83d\udc9a<\/h2>\n<p data-start=\"2886\" data-end=\"3190\">To give your dog an even more enjoyable experience, offer the Beef Ear when they are calm and relaxed. This allows them to chew properly, maximizing the benefits for their teeth while reducing the risk of them swallowing it too quickly. Also, be sure to remove any small pieces to ensure safe chewing. \ud83d\udc9a<\/p>\n<hr data-start=\"3192\" data-end=\"3195\" \/>\n<h4 data-start=\"3197\" data-end=\"3233\">\u27a1\ufe0f Is this a safe treat?<\/h4>\n<p data-start=\"3234\" data-end=\"3381\">Yes, provided you supervise your dog while it&#039;s chewing. Also, remove any pieces that are too small to prevent it from swallowing too quickly.<\/p>\n<h4 data-start=\"3383\" data-end=\"3435\">\u27a1\ufe0f How long does a Beef Ear last?<\/h4>\n<p data-start=\"3436\" data-end=\"3609\">The duration depends on the size and chewing strength of your dog. Some devour it in about twenty minutes, while others enjoy it for several hours.<\/p>\n<h4 data-start=\"3611\" data-end=\"3656\">\u27a1\ufe0f Is it suitable for sensitive dogs?<\/h4>\n<p data-start=\"3657\" data-end=\"3785\">Yes, because it&#039;s hypoallergenic, grain-free, and gluten-free. However, it&#039;s not suitable for dogs allergic to beef.<\/p>\n<h4 data-start=\"3787\" data-end=\"3819\">\u27a1\ufe0f How to store them?<\/h4>\n<p data-start=\"3820\" data-end=\"3933\">Keep them in a cool, dry place away from light to preserve their freshness and crispness.<\/p>\n<hr data-start=\"3935\" data-end=\"3938\" \/>\n<h4 data-start=\"3940\" data-end=\"3961\">Composition<\/h4>\n<p data-start=\"3962\" data-end=\"3984\">100 % beef ears<\/p>\n<h4 data-start=\"3962\" data-end=\"3984\">Analytical constituents<\/h4>\n<p data-start=\"4021\" data-end=\"4133\">Crude protein: 81.10 %<br data-start=\"4047\" data-end=\"4050\" \/>Crude fat: 4.30 %<br data-start=\"4082\" data-end=\"4085\" \/>Mineral matter: 3.94 %<br data-start=\"4112\" data-end=\"4115\" \/>Humidity: 10.30 %<\/p>\n<p><a href=\"https:\/\/regalanimals.ch\/en\/product-2\/sabot-de-veau\/\">Suggestion for him<\/a><a href=\"https:\/\/youtube.com\/shorts\/FiD4oC-jspk?feature=share\">Satisfied customer!<\/a><\/p>","protected":false},"excerpt":{"rendered":"<p>\ud83d\udc36 Oreilles de B\u0153uf pour Chien Une friandise naturelle, savoureuse et vraiment durable Les Oreilles de B\u0153uf pour chien constituent bien plus qu\u2019une simple gourmandise. En effet, ce sont des articles \u00e0 ronger naturels qui r\u00e9pondent au besoin instinctif de mastication de ton compagnon. Chaque oreille est soigneusement nettoy\u00e9e, d\u00e9sinfect\u00e9e puis s\u00e9ch\u00e9e lentement afin de [&hellip;]<\/p>\n","protected":false},"featured_media":40095,"menu_order":0,"comment_status":"open","ping_status":"closed","template":"","meta":[],"product_brand":[],"product_cat":[231,24],"product_tag":[],"class_list":{"0":"post-31260","1":"product","2":"type-product","3":"status-publish","4":"has-post-thumbnail","6":"product_cat-a-ronger","7":"product_cat-chiens","9":"first","10":"instock","11":"taxable","12":"shipping-taxable","13":"purchasable","14":"product-type-simple"},"yoast_head":"<!-- This site is optimized with the Yoast SEO Premium plugin v27.3 (Yoast SEO v27.3) - https:\/\/yoast.com\/product\/yoast-seo-premium-wordpress\/ -->\n<title>Oreilles de B\u0153uf, la r\u00e9compense incontournable!<\/title>\n<meta name=\"description\" content=\"Offrez \u00e0 votre chien le plaisir de m\u00e2cher avec nos d\u00e9licieuses oreilles de b\u0153uf \u00e0 ronger 100% naturelles. Sans additifs, ni produits chimiques.\" \/>\n<meta name=\"robots\" content=\"index, follow, max-snippet:-1, max-image-preview:large, max-video-preview:-1\" \/>\n<link rel=\"canonical\" href=\"https:\/\/regalanimals.ch\/en\/product-2\/oreilles-de-boeuf\/\" \/>\n<meta property=\"og:locale\" content=\"en_GB\" \/>\n<meta property=\"og:type\" content=\"article\" \/>\n<meta property=\"og:title\" content=\"Oreilles de B\u0153uf ( 3 pi\u00e8ces)\" \/>\n<meta property=\"og:description\" content=\"Offrez \u00e0 votre chien le plaisir de m\u00e2cher avec nos d\u00e9licieuses oreilles de b\u0153uf \u00e0 ronger 100% naturelles. Sans additifs, ni produits chimiques.\" \/>\n<meta property=\"og:url\" content=\"https:\/\/regalanimals.ch\/en\/product-2\/oreilles-de-boeuf\/\" \/>\n<meta property=\"og:site_name\" content=\"R\u00e9gal&#039;Animals\" \/>\n<meta property=\"article:modified_time\" content=\"2026-03-22T07:01:59+00:00\" \/>\n<meta property=\"og:image\" content=\"https:\/\/regalanimals.ch\/wp-content\/uploads\/2025\/11\/Oreilles-boeuf.webp\" \/>\n\t<meta property=\"og:image:width\" content=\"940\" \/>\n\t<meta property=\"og:image:height\" content=\"788\" \/>\n\t<meta property=\"og:image:type\" content=\"image\/webp\" \/>\n<meta name=\"twitter:card\" content=\"summary_large_image\" \/>\n<meta name=\"twitter:label1\" content=\"Estimated reading time\" \/>\n\t<meta name=\"twitter:data1\" content=\"4 minutes\" \/>\n<script type=\"application\/ld+json\" class=\"yoast-schema-graph\">{\"@context\":\"https:\\\/\\\/schema.org\",\"@graph\":[{\"@type\":\"WebPage\",\"@id\":\"https:\\\/\\\/regalanimals.ch\\\/product\\\/oreilles-de-boeuf\\\/\",\"url\":\"https:\\\/\\\/regalanimals.ch\\\/product\\\/oreilles-de-boeuf\\\/\",\"name\":\"Oreilles de B\u0153uf, la r\u00e9compense incontournable!\",\"isPartOf\":{\"@id\":\"https:\\\/\\\/regalanimals.ch\\\/#website\"},\"primaryImageOfPage\":{\"@id\":\"https:\\\/\\\/regalanimals.ch\\\/product\\\/oreilles-de-boeuf\\\/#primaryimage\"},\"image\":{\"@id\":\"https:\\\/\\\/regalanimals.ch\\\/product\\\/oreilles-de-boeuf\\\/#primaryimage\"},\"thumbnailUrl\":\"https:\\\/\\\/regalanimals.ch\\\/wp-content\\\/uploads\\\/2025\\\/11\\\/Oreilles-boeuf.webp\",\"datePublished\":\"2024-04-16T13:38:29+00:00\",\"dateModified\":\"2026-03-22T07:01:59+00:00\",\"description\":\"Offrez \u00e0 votre chien le plaisir de m\u00e2cher avec nos d\u00e9licieuses oreilles de b\u0153uf \u00e0 ronger 100% naturelles. Sans additifs, ni produits chimiques.\",\"breadcrumb\":{\"@id\":\"https:\\\/\\\/regalanimals.ch\\\/product\\\/oreilles-de-boeuf\\\/#breadcrumb\"},\"inLanguage\":\"en-GB\",\"potentialAction\":[{\"@type\":\"ReadAction\",\"target\":[\"https:\\\/\\\/regalanimals.ch\\\/product\\\/oreilles-de-boeuf\\\/\"]}]},{\"@type\":\"ImageObject\",\"inLanguage\":\"en-GB\",\"@id\":\"https:\\\/\\\/regalanimals.ch\\\/product\\\/oreilles-de-boeuf\\\/#primaryimage\",\"url\":\"https:\\\/\\\/regalanimals.ch\\\/wp-content\\\/uploads\\\/2025\\\/11\\\/Oreilles-boeuf.webp\",\"contentUrl\":\"https:\\\/\\\/regalanimals.ch\\\/wp-content\\\/uploads\\\/2025\\\/11\\\/Oreilles-boeuf.webp\",\"width\":940,\"height\":788,\"caption\":\"Oreilles de b\u0153uf \u2013 Friandises naturelles\"},{\"@type\":\"BreadcrumbList\",\"@id\":\"https:\\\/\\\/regalanimals.ch\\\/product\\\/oreilles-de-boeuf\\\/#breadcrumb\",\"itemListElement\":[{\"@type\":\"ListItem\",\"position\":1,\"name\":\"Home\",\"item\":\"https:\\\/\\\/regalanimals.ch\\\/\"},{\"@type\":\"ListItem\",\"position\":2,\"name\":\"Boutique\",\"item\":\"https:\\\/\\\/regalanimals.ch\\\/shop\\\/\"},{\"@type\":\"ListItem\",\"position\":3,\"name\":\"Oreilles de B\u0153uf ( 3 pi\u00e8ces)\"}]},{\"@type\":\"WebSite\",\"@id\":\"https:\\\/\\\/regalanimals.ch\\\/#website\",\"url\":\"https:\\\/\\\/regalanimals.ch\\\/\",\"name\":\"R\u00e9gal Animals\",\"description\":\"Alimentation et articles de qualit\u00e9 pour chats, chiens et furets\",\"publisher\":{\"@id\":\"https:\\\/\\\/regalanimals.ch\\\/#organization\"},\"potentialAction\":[{\"@type\":\"SearchAction\",\"target\":{\"@type\":\"EntryPoint\",\"urlTemplate\":\"https:\\\/\\\/regalanimals.ch\\\/?s={search_term_string}\"},\"query-input\":{\"@type\":\"PropertyValueSpecification\",\"valueRequired\":true,\"valueName\":\"search_term_string\"}}],\"inLanguage\":\"en-GB\"},{\"@type\":\"Organization\",\"@id\":\"https:\\\/\\\/regalanimals.ch\\\/#organization\",\"name\":\"R\u00e9gal Animals\",\"url\":\"https:\\\/\\\/regalanimals.ch\\\/\",\"logo\":{\"@type\":\"ImageObject\",\"inLanguage\":\"en-GB\",\"@id\":\"https:\\\/\\\/regalanimals.ch\\\/#\\\/schema\\\/logo\\\/image\\\/\",\"url\":\"https:\\\/\\\/regalanimals.ch\\\/wp-content\\\/uploads\\\/2025\\\/07\\\/Logo-RegalAnimals.png\",\"contentUrl\":\"https:\\\/\\\/regalanimals.ch\\\/wp-content\\\/uploads\\\/2025\\\/07\\\/Logo-RegalAnimals.png\",\"width\":120,\"height\":153,\"caption\":\"R\u00e9gal Animals\"},\"image\":{\"@id\":\"https:\\\/\\\/regalanimals.ch\\\/#\\\/schema\\\/logo\\\/image\\\/\"}}]}<\/script>\n<!-- \/ Yoast SEO Premium plugin. -->","yoast_head_json":{"title":"Beef ears, the ultimate reward!","description":"Treat your dog to the pleasure of chewing with our delicious 100% natural beef ears. No additives or chemicals.","robots":{"index":"index","follow":"follow","max-snippet":"max-snippet:-1","max-image-preview":"max-image-preview:large","max-video-preview":"max-video-preview:-1"},"canonical":"https:\/\/regalanimals.ch\/en\/product-2\/oreilles-de-boeuf\/","og_locale":"en_GB","og_type":"article","og_title":"Oreilles de B\u0153uf ( 3 pi\u00e8ces)","og_description":"Offrez \u00e0 votre chien le plaisir de m\u00e2cher avec nos d\u00e9licieuses oreilles de b\u0153uf \u00e0 ronger 100% naturelles. Sans additifs, ni produits chimiques.","og_url":"https:\/\/regalanimals.ch\/en\/product-2\/oreilles-de-boeuf\/","og_site_name":"R\u00e9gal&#039;Animals","article_modified_time":"2026-03-22T07:01:59+00:00","og_image":[{"width":940,"height":788,"url":"https:\/\/regalanimals.ch\/wp-content\/uploads\/2025\/11\/Oreilles-boeuf.webp","type":"image\/webp"}],"twitter_card":"summary_large_image","twitter_misc":{"Estimated reading time":"4 minutes"},"schema":{"@context":"https:\/\/schema.org","@graph":[{"@type":"WebPage","@id":"https:\/\/regalanimals.ch\/product\/oreilles-de-boeuf\/","url":"https:\/\/regalanimals.ch\/product\/oreilles-de-boeuf\/","name":"Beef ears, the ultimate reward!","isPartOf":{"@id":"https:\/\/regalanimals.ch\/#website"},"primaryImageOfPage":{"@id":"https:\/\/regalanimals.ch\/product\/oreilles-de-boeuf\/#primaryimage"},"image":{"@id":"https:\/\/regalanimals.ch\/product\/oreilles-de-boeuf\/#primaryimage"},"thumbnailUrl":"https:\/\/regalanimals.ch\/wp-content\/uploads\/2025\/11\/Oreilles-boeuf.webp","datePublished":"2024-04-16T13:38:29+00:00","dateModified":"2026-03-22T07:01:59+00:00","description":"Treat your dog to the pleasure of chewing with our delicious 100% natural beef ears. No additives or chemicals.","breadcrumb":{"@id":"https:\/\/regalanimals.ch\/product\/oreilles-de-boeuf\/#breadcrumb"},"inLanguage":"en-GB","potentialAction":[{"@type":"ReadAction","target":["https:\/\/regalanimals.ch\/product\/oreilles-de-boeuf\/"]}]},{"@type":"ImageObject","inLanguage":"en-GB","@id":"https:\/\/regalanimals.ch\/product\/oreilles-de-boeuf\/#primaryimage","url":"https:\/\/regalanimals.ch\/wp-content\/uploads\/2025\/11\/Oreilles-boeuf.webp","contentUrl":"https:\/\/regalanimals.ch\/wp-content\/uploads\/2025\/11\/Oreilles-boeuf.webp","width":940,"height":788,"caption":"Oreilles de b\u0153uf \u2013 Friandises naturelles"},{"@type":"BreadcrumbList","@id":"https:\/\/regalanimals.ch\/product\/oreilles-de-boeuf\/#breadcrumb","itemListElement":[{"@type":"ListItem","position":1,"name":"Home","item":"https:\/\/regalanimals.ch\/"},{"@type":"ListItem","position":2,"name":"Boutique","item":"https:\/\/regalanimals.ch\/shop\/"},{"@type":"ListItem","position":3,"name":"Oreilles de B\u0153uf ( 3 pi\u00e8ces)"}]},{"@type":"WebSite","@id":"https:\/\/regalanimals.ch\/#website","url":"https:\/\/regalanimals.ch\/","name":"Animals Feast","description":"Quality food and supplies for cats, dogs and ferrets","publisher":{"@id":"https:\/\/regalanimals.ch\/#organization"},"potentialAction":[{"@type":"SearchAction","target":{"@type":"EntryPoint","urlTemplate":"https:\/\/regalanimals.ch\/?s={search_term_string}"},"query-input":{"@type":"PropertyValueSpecification","valueRequired":true,"valueName":"search_term_string"}}],"inLanguage":"en-GB"},{"@type":"Organization","@id":"https:\/\/regalanimals.ch\/#organization","name":"Animals Feast","url":"https:\/\/regalanimals.ch\/","logo":{"@type":"ImageObject","inLanguage":"en-GB","@id":"https:\/\/regalanimals.ch\/#\/schema\/logo\/image\/","url":"https:\/\/regalanimals.ch\/wp-content\/uploads\/2025\/07\/Logo-RegalAnimals.png","contentUrl":"https:\/\/regalanimals.ch\/wp-content\/uploads\/2025\/07\/Logo-RegalAnimals.png","width":120,"height":153,"caption":"R\u00e9gal Animals"},"image":{"@id":"https:\/\/regalanimals.ch\/#\/schema\/logo\/image\/"}}]}},"_links":{"self":[{"href":"https:\/\/regalanimals.ch\/en\/wp-json\/wp\/v2\/product\/31260","targetHints":{"allow":["GET"]}}],"collection":[{"href":"https:\/\/regalanimals.ch\/en\/wp-json\/wp\/v2\/product"}],"about":[{"href":"https:\/\/regalanimals.ch\/en\/wp-json\/wp\/v2\/types\/product"}],"replies":[{"embeddable":true,"href":"https:\/\/regalanimals.ch\/en\/wp-json\/wp\/v2\/comments?post=31260"}],"wp:featuredmedia":[{"embeddable":true,"href":"https:\/\/regalanimals.ch\/en\/wp-json\/wp\/v2\/media\/40095"}],"wp:attachment":[{"href":"https:\/\/regalanimals.ch\/en\/wp-json\/wp\/v2\/media?parent=31260"}],"wp:term":[{"taxonomy":"product_brand","embeddable":true,"href":"https:\/\/regalanimals.ch\/en\/wp-json\/wp\/v2\/product_brand?post=31260"},{"taxonomy":"product_cat","embeddable":true,"href":"https:\/\/regalanimals.ch\/en\/wp-json\/wp\/v2\/product_cat?post=31260"},{"taxonomy":"product_tag","embeddable":true,"href":"https:\/\/regalanimals.ch\/en\/wp-json\/wp\/v2\/product_tag?post=31260"}],"curies":[{"name":"wp","href":"https:\/\/api.w.org\/{rel}","templated":true}]}}