{"id":31281,"date":"2024-04-16T17:43:56","date_gmt":"2024-04-16T15:43:56","guid":{"rendered":"https:\/\/regalanimals.geekworkers.dev\/?post_type=product&#038;p=31281"},"modified":"2026-03-22T07:50:14","modified_gmt":"2026-03-22T06:50:14","slug":"tresse-de-buffle","status":"publish","type":"product","link":"https:\/\/regalanimals.ch\/en\/product\/tresse-de-buffle\/","title":{"rendered":"Buffalo braid (10 pieces)"},"content":{"rendered":"<h2 data-start=\"213\" data-end=\"249\"><strong data-start=\"215\" data-end=\"249\">Tresse de Buffle pour chien (10 pi\u00e8ces)\ud83d\udc36<\/strong><\/h2>\n<h3 data-start=\"251\" data-end=\"308\">A natural treat that&#039;s fun to chew.<\/h3>\n<p data-start=\"310\" data-end=\"895\">The Buffalo Braid is a 100% natural treat that offers your dog a healthy and enjoyable chewing activity. Thanks to its braided and robust texture, this chew toy perfectly satisfies their instinctive need to chew. Moreover, this treat contains no additives, colorings, or preservatives. So, your companion enjoys a simple, safe, and truly appetizing reward. Each braid is unique, as it is made from carefully assembled strips of hide, guaranteeing an engaging and rewarding chewing experience.<\/p>\n<hr data-start=\"897\" data-end=\"900\" \/>\n<h2 data-start=\"902\" data-end=\"958\"><strong data-start=\"904\" data-end=\"958\">A stimulating chew for a happy dog \ud83c\udf1f<\/strong><\/h2>\n<p data-start=\"960\" data-end=\"1489\">Your dog loves to chew, whether to relax or satisfy their natural instincts. Buffalo braids are therefore an excellent option, offering a varied and easily digestible sensory experience. Furthermore, this chewable item helps strengthen their jaw muscles. In addition, regular chewing helps remove plaque and tartar, supporting good oral hygiene. In short, this treat becomes a healthy activity that keeps your dog occupied, calm, and prevents boredom.<\/p>\n<hr data-start=\"1491\" data-end=\"1494\" \/>\n<h2 data-start=\"1496\" data-end=\"1558\"><strong data-start=\"1498\" data-end=\"1558\">A low-fat treat for all body types \ud83d\udc4d<\/strong><\/h2>\n<p data-start=\"1560\" data-end=\"2214\">Buffalo braids are rich in protein and low in fat, making them ideal for dogs watching their weight or those with moderate activity levels. Moreover, they are suitable for all types of dogs: small chewers, energetic dogs, or even sensitive dogs. They are also suitable for puppies from four to six months old, when their teeth are starting to become strong enough. This treat soothes teething pain while providing a pleasant and reassuring chewing experience. Offering a buffalo braid means providing a natural, stimulating, and truly satisfying treat.<\/p>\n<p data-start=\"2216\" data-end=\"2402\">Your dog should always have access to water while enjoying its treats. Furthermore, as with all chew toys, it&#039;s recommended to supervise it while chewing.<\/p>\n<hr data-start=\"2404\" data-end=\"2407\" \/>\n<h2 data-start=\"2409\" data-end=\"2437\"><strong data-start=\"2411\" data-end=\"2437\">Frequently Asked Questions \ud83d\udc3e<\/strong><\/h2>\n<h3>\u2753 Still hesitating? Here are the answers to the most frequently asked questions about Buffalo Braid.<\/h3>\n<h4>\u27a1\ufe0f What is a Buffalo Braid?<\/h4>\n<p data-start=\"2598\" data-end=\"2789\">This is a chew toy made of braided and dried strips of buffalo hide. It offers a long and stimulating chewing experience, perfect for dogs who really love to chew.<\/p>\n<h4 data-start=\"2791\" data-end=\"2844\">\u27a1\ufe0f What are the benefits of this treat?<\/h4>\n<p data-start=\"2845\" data-end=\"3009\">It promotes good oral hygiene, helps remove plaque, and strengthens jaw muscles. Plus, it keeps your dog occupied and reduces boredom.<\/p>\n<h4 data-start=\"3011\" data-end=\"3052\">\u27a1\ufe0f Is it suitable for all dogs?<\/h4>\n<p data-start=\"3053\" data-end=\"3248\">Yes, this treat is suitable for most dogs, regardless of their size or age. You can also give it to a puppy from four to six months old, as soon as its teeth are strong enough.<\/p>\n<h4 data-start=\"3250\" data-end=\"3276\">\u27a1\ufe0f Is it digestible?<\/h4>\n<p data-start=\"3277\" data-end=\"3427\">Yes, Buffalo Braid is fully digestible and contains no additives or preservatives. Therefore, it is also suitable for dogs with sensitive stomachs.<\/p>\n<hr data-start=\"3429\" data-end=\"3432\" \/>\n<h2 data-start=\"3434\" data-end=\"3464\">\ud83d\udca6 R\u00e9gal&#039;Animals Advice \ud83d\udc9a<\/h2>\n<p data-start=\"3466\" data-end=\"3817\">You can turn the Buffalo Braid into a fun interactive game for your dog. To start, hold the braid for a few seconds to pique their curiosity. Then, let them gently pull on it, making the session fun and strengthening your bond. What&#039;s more, when they start chewing, the braid separates into several strips, making the activity even more rewarding. This way, your dog enjoys both a pleasant chewing session and a stimulating game, all completely natural and truly joyful. \ud83d\udc9a<\/p>\n<hr data-start=\"3819\" data-end=\"3822\" \/>\n<h4 data-start=\"3824\" data-end=\"3862\">\u27a1\ufe0f Should you keep an eye on your dog?<\/h4>\n<p data-start=\"3863\" data-end=\"4076\">Yes, keep an eye on your dog while he&#039;s chewing his treat, especially if it&#039;s a Buffalo Braid. Because it softens with saliva, a very enthusiastic dog might swallow a soft piece a little too quickly.<\/p>\n<h4 data-start=\"4078\" data-end=\"4117\">\u27a1\ufe0f How many to give per week?<\/h4>\n<p data-start=\"4118\" data-end=\"4289\">It all depends on your dog&#039;s size and activity level. Generally, one to three braids per week are enough. For a puppy, it&#039;s best to start gradually.<\/p>\n<h4 data-start=\"4291\" data-end=\"4340\">\u27a1\ufe0f How to store Buffalo Braids?<\/h4>\n<p data-start=\"4341\" data-end=\"4486\">Simply store them in a dry, cool place away from light. They will keep for several months if the packaging is properly resealed.<\/p>\n<hr data-start=\"4488\" data-end=\"4491\" \/>\n<h4 data-start=\"4493\" data-end=\"4510\"><strong data-start=\"4495\" data-end=\"4510\">Composition<\/strong><\/h4>\n<p data-start=\"4512\" data-end=\"4532\">100 % buffalo hide<\/p>\n<h4 data-start=\"4534\" data-end=\"4564\"><strong data-start=\"4536\" data-end=\"4564\">Analytical constituents<\/strong><\/h4>\n<p data-start=\"4566\" data-end=\"4676\">Crude protein: 75.05 %<br data-start=\"4590\" data-end=\"4593\" \/>Crude fat: 8.96 %<br data-start=\"4625\" data-end=\"4628\" \/>Mineral matter: 3.21 %<br data-start=\"4655\" data-end=\"4658\" \/>Humidity: 12.57 %<\/p>\n<p>&nbsp;<\/p>\n<p><a href=\"https:\/\/regalanimals.ch\/en\/product-2\/peau-de-cerf-30cm-a-ronger\/\">Suggestion for him<\/a><a href=\"https:\/\/youtube.com\/shorts\/aau3GuLtXI0?si=O5izZ0fcGOmJSghj\">Satisfied customer!<\/a><\/p>","protected":false},"excerpt":{"rendered":"<p>Tresse de Buffle pour chien (10 pi\u00e8ces)\ud83d\udc36 Une friandise naturelle et pleine de plaisir \u00e0 m\u00e2cher La Tresse de Buffle est une friandise 100 % naturelle qui offre \u00e0 ton chien une activit\u00e9 de mastication saine et agr\u00e9able. Gr\u00e2ce \u00e0 sa texture tress\u00e9e et robuste, cet article \u00e0 ronger r\u00e9pond parfaitement \u00e0 son besoin instinctif [&hellip;]<\/p>\n","protected":false},"featured_media":38182,"menu_order":0,"comment_status":"open","ping_status":"closed","template":"","meta":[],"product_brand":[],"product_cat":[231,24],"product_tag":[],"class_list":{"0":"post-31281","1":"product","2":"type-product","3":"status-publish","4":"has-post-thumbnail","6":"product_cat-a-ronger","7":"product_cat-chiens","9":"first","10":"instock","11":"taxable","12":"shipping-taxable","13":"purchasable","14":"product-type-simple"},"yoast_head":"<!-- This site is optimized with the Yoast SEO Premium plugin v27.4 (Yoast SEO v27.4) - https:\/\/yoast.com\/product\/yoast-seo-premium-wordpress\/ -->\n<title>Tresse de Buffle pour chien<\/title>\n<meta name=\"description\" content=\"Un article \u00e0 ronger qui offre exp\u00e9rience enrichissante. Nos Tresse de Buffle stimuleront les sens de votre chien \u00e0 chaque bouch\u00e9e !\" \/>\n<meta name=\"robots\" content=\"index, follow, max-snippet:-1, max-image-preview:large, max-video-preview:-1\" \/>\n<link rel=\"canonical\" href=\"https:\/\/regalanimals.ch\/en\/product-2\/tresse-de-buffle\/\" \/>\n<meta property=\"og:locale\" content=\"en_GB\" \/>\n<meta property=\"og:type\" content=\"article\" \/>\n<meta property=\"og:title\" content=\"Tresse de Buffle (10 pi\u00e8ces )\" \/>\n<meta property=\"og:description\" content=\"Un article \u00e0 ronger qui offre exp\u00e9rience enrichissante. Nos Tresse de Buffle stimuleront les sens de votre chien \u00e0 chaque bouch\u00e9e !\" \/>\n<meta property=\"og:url\" content=\"https:\/\/regalanimals.ch\/en\/product-2\/tresse-de-buffle\/\" \/>\n<meta property=\"og:site_name\" content=\"R\u00e9gal&#039;Animals\" \/>\n<meta property=\"article:modified_time\" content=\"2026-03-22T06:50:14+00:00\" \/>\n<meta property=\"og:image\" content=\"https:\/\/regalanimals.ch\/wp-content\/uploads\/2025\/08\/Tresse-peau-buffle-article-ronger.webp\" \/>\n\t<meta property=\"og:image:width\" content=\"940\" \/>\n\t<meta property=\"og:image:height\" content=\"788\" \/>\n\t<meta property=\"og:image:type\" content=\"image\/webp\" \/>\n<meta name=\"twitter:card\" content=\"summary_large_image\" \/>\n<meta name=\"twitter:label1\" content=\"Estimated reading time\" \/>\n\t<meta name=\"twitter:data1\" content=\"4 minutes\" \/>\n<script type=\"application\/ld+json\" class=\"yoast-schema-graph\">{\"@context\":\"https:\\\/\\\/schema.org\",\"@graph\":[{\"@type\":\"WebPage\",\"@id\":\"https:\\\/\\\/regalanimals.ch\\\/product\\\/tresse-de-buffle\\\/\",\"url\":\"https:\\\/\\\/regalanimals.ch\\\/product\\\/tresse-de-buffle\\\/\",\"name\":\"Tresse de Buffle pour chien\",\"isPartOf\":{\"@id\":\"https:\\\/\\\/regalanimals.ch\\\/#website\"},\"primaryImageOfPage\":{\"@id\":\"https:\\\/\\\/regalanimals.ch\\\/product\\\/tresse-de-buffle\\\/#primaryimage\"},\"image\":{\"@id\":\"https:\\\/\\\/regalanimals.ch\\\/product\\\/tresse-de-buffle\\\/#primaryimage\"},\"thumbnailUrl\":\"https:\\\/\\\/regalanimals.ch\\\/wp-content\\\/uploads\\\/2025\\\/08\\\/Tresse-peau-buffle-article-ronger.webp\",\"datePublished\":\"2024-04-16T15:43:56+00:00\",\"dateModified\":\"2026-03-22T06:50:14+00:00\",\"description\":\"Un article \u00e0 ronger qui offre exp\u00e9rience enrichissante. Nos Tresse de Buffle stimuleront les sens de votre chien \u00e0 chaque bouch\u00e9e !\",\"breadcrumb\":{\"@id\":\"https:\\\/\\\/regalanimals.ch\\\/product\\\/tresse-de-buffle\\\/#breadcrumb\"},\"inLanguage\":\"en-GB\",\"potentialAction\":[{\"@type\":\"ReadAction\",\"target\":[\"https:\\\/\\\/regalanimals.ch\\\/product\\\/tresse-de-buffle\\\/\"]}]},{\"@type\":\"ImageObject\",\"inLanguage\":\"en-GB\",\"@id\":\"https:\\\/\\\/regalanimals.ch\\\/product\\\/tresse-de-buffle\\\/#primaryimage\",\"url\":\"https:\\\/\\\/regalanimals.ch\\\/wp-content\\\/uploads\\\/2025\\\/08\\\/Tresse-peau-buffle-article-ronger.webp\",\"contentUrl\":\"https:\\\/\\\/regalanimals.ch\\\/wp-content\\\/uploads\\\/2025\\\/08\\\/Tresse-peau-buffle-article-ronger.webp\",\"width\":940,\"height\":788,\"caption\":\"Tresses de peau de buffle \u2013 Friandises naturelles \u00e0 m\u00e2cher.\"},{\"@type\":\"BreadcrumbList\",\"@id\":\"https:\\\/\\\/regalanimals.ch\\\/product\\\/tresse-de-buffle\\\/#breadcrumb\",\"itemListElement\":[{\"@type\":\"ListItem\",\"position\":1,\"name\":\"Home\",\"item\":\"https:\\\/\\\/regalanimals.ch\\\/\"},{\"@type\":\"ListItem\",\"position\":2,\"name\":\"Boutique\",\"item\":\"https:\\\/\\\/regalanimals.ch\\\/shop\\\/\"},{\"@type\":\"ListItem\",\"position\":3,\"name\":\"Tresse de Buffle (10 pi\u00e8ces )\"}]},{\"@type\":\"WebSite\",\"@id\":\"https:\\\/\\\/regalanimals.ch\\\/#website\",\"url\":\"https:\\\/\\\/regalanimals.ch\\\/\",\"name\":\"R\u00e9gal Animals\",\"description\":\"Alimentation et articles de qualit\u00e9 pour chats, chiens et furets\",\"publisher\":{\"@id\":\"https:\\\/\\\/regalanimals.ch\\\/#organization\"},\"potentialAction\":[{\"@type\":\"SearchAction\",\"target\":{\"@type\":\"EntryPoint\",\"urlTemplate\":\"https:\\\/\\\/regalanimals.ch\\\/?s={search_term_string}\"},\"query-input\":{\"@type\":\"PropertyValueSpecification\",\"valueRequired\":true,\"valueName\":\"search_term_string\"}}],\"inLanguage\":\"en-GB\"},{\"@type\":\"Organization\",\"@id\":\"https:\\\/\\\/regalanimals.ch\\\/#organization\",\"name\":\"R\u00e9gal Animals\",\"url\":\"https:\\\/\\\/regalanimals.ch\\\/\",\"logo\":{\"@type\":\"ImageObject\",\"inLanguage\":\"en-GB\",\"@id\":\"https:\\\/\\\/regalanimals.ch\\\/#\\\/schema\\\/logo\\\/image\\\/\",\"url\":\"https:\\\/\\\/regalanimals.ch\\\/wp-content\\\/uploads\\\/2025\\\/04\\\/cropped-Logo-site-e1744634610403-1.webp\",\"contentUrl\":\"https:\\\/\\\/regalanimals.ch\\\/wp-content\\\/uploads\\\/2025\\\/04\\\/cropped-Logo-site-e1744634610403-1.webp\",\"width\":512,\"height\":512,\"caption\":\"R\u00e9gal Animals\"},\"image\":{\"@id\":\"https:\\\/\\\/regalanimals.ch\\\/#\\\/schema\\\/logo\\\/image\\\/\"}}]}<\/script>\n<!-- \/ Yoast SEO Premium plugin. -->","yoast_head_json":{"title":"Tresse de Buffle pour chien","description":"A chewable treat that offers a rewarding experience. Our Buffalo Braid will stimulate your dog&#039;s senses with every bite!","robots":{"index":"index","follow":"follow","max-snippet":"max-snippet:-1","max-image-preview":"max-image-preview:large","max-video-preview":"max-video-preview:-1"},"canonical":"https:\/\/regalanimals.ch\/en\/product-2\/tresse-de-buffle\/","og_locale":"en_GB","og_type":"article","og_title":"Tresse de Buffle (10 pi\u00e8ces )","og_description":"Un article \u00e0 ronger qui offre exp\u00e9rience enrichissante. Nos Tresse de Buffle stimuleront les sens de votre chien \u00e0 chaque bouch\u00e9e !","og_url":"https:\/\/regalanimals.ch\/en\/product-2\/tresse-de-buffle\/","og_site_name":"R\u00e9gal&#039;Animals","article_modified_time":"2026-03-22T06:50:14+00:00","og_image":[{"width":940,"height":788,"url":"https:\/\/regalanimals.ch\/wp-content\/uploads\/2025\/08\/Tresse-peau-buffle-article-ronger.webp","type":"image\/webp"}],"twitter_card":"summary_large_image","twitter_misc":{"Estimated reading time":"4 minutes"},"schema":{"@context":"https:\/\/schema.org","@graph":[{"@type":"WebPage","@id":"https:\/\/regalanimals.ch\/product\/tresse-de-buffle\/","url":"https:\/\/regalanimals.ch\/product\/tresse-de-buffle\/","name":"Tresse de Buffle pour chien","isPartOf":{"@id":"https:\/\/regalanimals.ch\/#website"},"primaryImageOfPage":{"@id":"https:\/\/regalanimals.ch\/product\/tresse-de-buffle\/#primaryimage"},"image":{"@id":"https:\/\/regalanimals.ch\/product\/tresse-de-buffle\/#primaryimage"},"thumbnailUrl":"https:\/\/regalanimals.ch\/wp-content\/uploads\/2025\/08\/Tresse-peau-buffle-article-ronger.webp","datePublished":"2024-04-16T15:43:56+00:00","dateModified":"2026-03-22T06:50:14+00:00","description":"A chewable treat that offers a rewarding experience. Our Buffalo Braid will stimulate your dog&#039;s senses with every bite!","breadcrumb":{"@id":"https:\/\/regalanimals.ch\/product\/tresse-de-buffle\/#breadcrumb"},"inLanguage":"en-GB","potentialAction":[{"@type":"ReadAction","target":["https:\/\/regalanimals.ch\/product\/tresse-de-buffle\/"]}]},{"@type":"ImageObject","inLanguage":"en-GB","@id":"https:\/\/regalanimals.ch\/product\/tresse-de-buffle\/#primaryimage","url":"https:\/\/regalanimals.ch\/wp-content\/uploads\/2025\/08\/Tresse-peau-buffle-article-ronger.webp","contentUrl":"https:\/\/regalanimals.ch\/wp-content\/uploads\/2025\/08\/Tresse-peau-buffle-article-ronger.webp","width":940,"height":788,"caption":"Tresses de peau de buffle \u2013 Friandises naturelles \u00e0 m\u00e2cher."},{"@type":"BreadcrumbList","@id":"https:\/\/regalanimals.ch\/product\/tresse-de-buffle\/#breadcrumb","itemListElement":[{"@type":"ListItem","position":1,"name":"Home","item":"https:\/\/regalanimals.ch\/"},{"@type":"ListItem","position":2,"name":"Boutique","item":"https:\/\/regalanimals.ch\/shop\/"},{"@type":"ListItem","position":3,"name":"Tresse de Buffle (10 pi\u00e8ces )"}]},{"@type":"WebSite","@id":"https:\/\/regalanimals.ch\/#website","url":"https:\/\/regalanimals.ch\/","name":"Animals Feast","description":"Quality food and supplies for cats, dogs and ferrets","publisher":{"@id":"https:\/\/regalanimals.ch\/#organization"},"potentialAction":[{"@type":"SearchAction","target":{"@type":"EntryPoint","urlTemplate":"https:\/\/regalanimals.ch\/?s={search_term_string}"},"query-input":{"@type":"PropertyValueSpecification","valueRequired":true,"valueName":"search_term_string"}}],"inLanguage":"en-GB"},{"@type":"Organization","@id":"https:\/\/regalanimals.ch\/#organization","name":"Animals Feast","url":"https:\/\/regalanimals.ch\/","logo":{"@type":"ImageObject","inLanguage":"en-GB","@id":"https:\/\/regalanimals.ch\/#\/schema\/logo\/image\/","url":"https:\/\/regalanimals.ch\/wp-content\/uploads\/2025\/04\/cropped-Logo-site-e1744634610403-1.webp","contentUrl":"https:\/\/regalanimals.ch\/wp-content\/uploads\/2025\/04\/cropped-Logo-site-e1744634610403-1.webp","width":512,"height":512,"caption":"R\u00e9gal Animals"},"image":{"@id":"https:\/\/regalanimals.ch\/#\/schema\/logo\/image\/"}}]}},"_links":{"self":[{"href":"https:\/\/regalanimals.ch\/en\/wp-json\/wp\/v2\/product\/31281","targetHints":{"allow":["GET"]}}],"collection":[{"href":"https:\/\/regalanimals.ch\/en\/wp-json\/wp\/v2\/product"}],"about":[{"href":"https:\/\/regalanimals.ch\/en\/wp-json\/wp\/v2\/types\/product"}],"replies":[{"embeddable":true,"href":"https:\/\/regalanimals.ch\/en\/wp-json\/wp\/v2\/comments?post=31281"}],"wp:featuredmedia":[{"embeddable":true,"href":"https:\/\/regalanimals.ch\/en\/wp-json\/wp\/v2\/media\/38182"}],"wp:attachment":[{"href":"https:\/\/regalanimals.ch\/en\/wp-json\/wp\/v2\/media?parent=31281"}],"wp:term":[{"taxonomy":"product_brand","embeddable":true,"href":"https:\/\/regalanimals.ch\/en\/wp-json\/wp\/v2\/product_brand?post=31281"},{"taxonomy":"product_cat","embeddable":true,"href":"https:\/\/regalanimals.ch\/en\/wp-json\/wp\/v2\/product_cat?post=31281"},{"taxonomy":"product_tag","embeddable":true,"href":"https:\/\/regalanimals.ch\/en\/wp-json\/wp\/v2\/product_tag?post=31281"}],"curies":[{"name":"wp","href":"https:\/\/api.w.org\/{rel}","templated":true}]}}