{"id":31670,"date":"2024-12-11T12:52:28","date_gmt":"2024-12-11T11:52:28","guid":{"rendered":"https:\/\/regalanimals.geekworkers.dev\/?post_type=product&#038;p=31670"},"modified":"2026-01-21T07:54:08","modified_gmt":"2026-01-21T06:54:08","slug":"bon-cadeau-chf-50","status":"publish","type":"product","link":"https:\/\/regalanimals.ch\/en\/product\/bon-cadeau-chf-50\/","title":{"rendered":"Gift Voucher CHF 50"},"content":{"rendered":"<h2 data-start=\"322\" data-end=\"350\"><strong data-start=\"324\" data-end=\"350\">Gift Voucher CHF 50.\u2013 \ud83c\udf81<\/strong><\/h2>\n<h3 data-start=\"352\" data-end=\"423\">The generous gift that pleases animals\u2026 and their humans<\/h3>\n<p data-start=\"425\" data-end=\"865\">The CHF 50 Gift Voucher is perfect when you want to give a present that&#039;s useful, generous, and completely foolproof. With this generous amount, the recipient can freely choose from all the products in our shop: natural treats, durable toys, grooming products, or everyday accessories. This way, you&#039;re giving a gift voucher that suits every taste and every four-legged friend.<\/p>\n<hr data-start=\"867\" data-end=\"870\" \/>\n<h2 data-start=\"872\" data-end=\"927\"><strong data-start=\"874\" data-end=\"927\">A flexible gift to spoil your pet \ud83d\udc3e \ud83d\udc3e<\/strong><\/h2>\n<p data-start=\"929\" data-end=\"1445\">This gift offers ample freedom to choose what truly delights a pet. It allows you to create a personalized gift basket: natural treats, suitable food, gentle care products, or supplements to support their well-being. Furthermore, its one-year validity gives you plenty of time to select the most useful items. This gift certificate can also help offset the cost of a larger item, such as a food supply or a wellness kit. In short, this practical gift allows for a personalized choice, without any limitations, and is always appreciated.<\/p>\n<hr data-start=\"1447\" data-end=\"1450\" \/>\n<h2 data-start=\"1452\" data-end=\"1503\"><strong data-start=\"1454\" data-end=\"1503\">A surprise that&#039;s perfect for any occasion \ud83c\udf89<\/strong><\/h2>\n<p data-start=\"1505\" data-end=\"1910\">Whether it&#039;s for a birthday, Christmas, a celebration, or simply a thoughtful gesture, this gift certificate is perfect for any occasion. It&#039;s also ideal for friends who have just adopted a pet or for thanking an animal lover. You can give it in person or send it directly to the recipient. This way, you&#039;re offering a simple, flexible, and always appreciated gift.<\/p>\n<hr data-start=\"1912\" data-end=\"1915\" \/>\n<h2 data-start=\"1917\" data-end=\"1945\"><strong data-start=\"1919\" data-end=\"1945\">Frequently Asked Questions \ud83d\udc3e<\/strong><\/h2>\n<h3>\u2753 Still hesitating? Here are the answers to the most common questions about the CHF 50.\u2013 Gift Voucher.<\/h3>\n<h4>\u27a1\ufe0f How to use this voucher?<\/h4>\n<p data-start=\"2096\" data-end=\"2281\">Upon receipt, you will find a unique code on your voucher. When placing your order, enter this code in the designated discount area. The discount will be applied automatically.<\/p>\n<h4 data-start=\"2283\" data-end=\"2330\">\u27a1\ufe0f On which products can the CHF 50.\u2013 Gift Voucher be used?<\/h4>\n<p data-start=\"2332\" data-end=\"2477\">This voucher can be used throughout the store, without restriction: food, treats, toys, accessories, hygiene, chew toys and much more.<\/p>\n<h4 data-start=\"2479\" data-end=\"2520\">\u27a1\ufe0f How long is this gift card valid for?<\/h4>\n<p data-start=\"2522\" data-end=\"2641\">You have twelve months to use it, which leaves plenty of time to choose the perfect products.<\/p>\n<hr data-start=\"2643\" data-end=\"2646\" \/>\n<h3 data-start=\"2648\" data-end=\"2678\">\ud83d\udca6 R\u00e9gal&#039;Animals Advice \ud83d\udc9a<\/h3>\n<p data-start=\"2680\" data-end=\"3006\">A CHF 50 gift voucher is always a welcome gift, but you can add a personal touch to make it truly unforgettable. For example, slip it into a pretty envelope along with a little note or a biscuit for the human. This way, you bring a smile to both of you: the four-legged friend\u2026 and their owner! \ud83d\udc9a<\/p>\n<hr data-start=\"3008\" data-end=\"3011\" \/>\n<h4 data-start=\"3013\" data-end=\"3051\">\u27a1\ufe0f Can it be given as a gift directly?<\/h4>\n<p data-start=\"3053\" data-end=\"3155\">Yes, you can send it to your home or directly to the person of your choice for an immediate surprise.<\/p>\n<h4 data-start=\"3157\" data-end=\"3197\">\u27a1\ufe0f Can multiple vouchers be combined?<\/h4>\n<p data-start=\"3199\" data-end=\"3326\">Yes, several vouchers can be used in the same order, as long as their total value does not exceed that of the basket.<\/p>\n<h4 data-start=\"3328\" data-end=\"3374\">\u27a1\ufe0f Can it be used multiple times?<\/h4>\n<p data-start=\"3376\" data-end=\"3420\">No, this voucher is used in a single order.<\/p>\n<h4 data-start=\"3422\" data-end=\"3467\">\u27a1\ufe0f Does it work with promotions?<\/h4>\n<p data-start=\"3469\" data-end=\"3559\">Yes, as long as the voucher is still valid, it can be combined with current promotions.<\/p>\n<hr data-start=\"3561\" data-end=\"3564\" \/>\n<h2 data-start=\"3566\" data-end=\"3597\"><strong data-start=\"3568\" data-end=\"3597\">Essential information<\/strong><\/h2>\n<ul data-start=\"3599\" data-end=\"3744\">\n<li data-start=\"3599\" data-end=\"3624\">\n<p data-start=\"3601\" data-end=\"3624\">Value : <strong data-start=\"3610\" data-end=\"3622\">CHF 50.\u2013<\/strong><\/p>\n<\/li>\n<li data-start=\"3625\" data-end=\"3667\">\n<p data-start=\"3627\" data-end=\"3667\">Usable: <strong data-start=\"3640\" data-end=\"3665\">throughout the store<\/strong><\/p>\n<\/li>\n<li data-start=\"3668\" data-end=\"3691\">\n<p data-start=\"3670\" data-end=\"3691\">Validity: <strong data-start=\"3681\" data-end=\"3689\">1 year<\/strong><\/p>\n<\/li>\n<li data-start=\"3692\" data-end=\"3744\">\n<p data-start=\"3694\" data-end=\"3744\">Format: <strong data-start=\"3703\" data-end=\"3744\">digital or paper, depending on your choice.<\/strong><\/p>\n<\/li>\n<\/ul>\n<p>&nbsp;<\/p>\n<h2><\/h2>\n<p><a href=\"https:\/\/regalanimals.ch\/en\/product-2\/pack-friandises-bidoche\/\">Suggestion for him<\/a><\/p>","protected":false},"excerpt":{"rendered":"<p>Bon Cadeau CHF 50.\u2013 \ud83c\udf81 Le cadeau g\u00e9n\u00e9reux qui fait plaisir aux animaux\u2026 et \u00e0 leurs humains Le Bon Cadeau CHF 50.\u2013 est parfait lorsque tu veux offrir un pr\u00e9sent \u00e0 la fois utile, g\u00e9n\u00e9reux et totalement sans risque d\u2019erreur. Gr\u00e2ce \u00e0 ce montant confortable, la personne qui le re\u00e7oit peut choisir librement parmi tous [&hellip;]<\/p>\n","protected":false},"featured_media":38198,"menu_order":0,"comment_status":"closed","ping_status":"closed","template":"","meta":[],"product_brand":[],"product_cat":[89,24,90],"product_tag":[],"class_list":{"0":"post-31670","1":"product","2":"type-product","3":"status-publish","4":"has-post-thumbnail","6":"product_cat-chats","7":"product_cat-chiens","8":"product_cat-furets","10":"first","11":"instock","12":"purchasable","13":"product-type-simple"},"yoast_head":"<!-- This site is optimized with the Yoast SEO Premium plugin v27.3 (Yoast SEO v27.3) - https:\/\/yoast.com\/product\/yoast-seo-premium-wordpress\/ -->\n<title>Bon cadeau CHF 50.\u2013 Pour chiens et chats<\/title>\n<meta name=\"description\" content=\"Offrez une surprise simple et utile ; le Bon Cadeau CHF 50.-permet de choisir librement dans toute notre boutique et fait plaisir aux amoureux des animaux.\" \/>\n<meta name=\"robots\" content=\"index, follow, max-snippet:-1, max-image-preview:large, max-video-preview:-1\" \/>\n<link rel=\"canonical\" href=\"https:\/\/regalanimals.ch\/en\/product-2\/bon-cadeau-chf-50\/\" \/>\n<meta property=\"og:locale\" content=\"en_GB\" \/>\n<meta property=\"og:type\" content=\"article\" \/>\n<meta property=\"og:title\" content=\"Bon Cadeau CHF 50.-\" \/>\n<meta property=\"og:description\" content=\"Offrez une surprise simple et utile ; le Bon Cadeau CHF 50.-permet de choisir librement dans toute notre boutique et fait plaisir aux amoureux des animaux.\" \/>\n<meta property=\"og:url\" content=\"https:\/\/regalanimals.ch\/en\/product-2\/bon-cadeau-chf-50\/\" \/>\n<meta property=\"og:site_name\" content=\"R\u00e9gal&#039;Animals\" \/>\n<meta property=\"article:modified_time\" content=\"2026-01-21T06:54:08+00:00\" \/>\n<meta property=\"og:image\" content=\"https:\/\/regalanimals.ch\/wp-content\/uploads\/2025\/08\/Bon-cadeau-CHF-50.-.webp\" \/>\n\t<meta property=\"og:image:width\" content=\"940\" \/>\n\t<meta property=\"og:image:height\" content=\"788\" \/>\n\t<meta property=\"og:image:type\" content=\"image\/webp\" \/>\n<meta name=\"twitter:card\" content=\"summary_large_image\" \/>\n<meta name=\"twitter:label1\" content=\"Estimated reading time\" \/>\n\t<meta name=\"twitter:data1\" content=\"4 minutes\" \/>\n<script type=\"application\/ld+json\" class=\"yoast-schema-graph\">{\"@context\":\"https:\\\/\\\/schema.org\",\"@graph\":[{\"@type\":\"WebPage\",\"@id\":\"https:\\\/\\\/regalanimals.ch\\\/product\\\/bon-cadeau-chf-50\\\/\",\"url\":\"https:\\\/\\\/regalanimals.ch\\\/product\\\/bon-cadeau-chf-50\\\/\",\"name\":\"Bon cadeau CHF 50.\u2013 Pour chiens et chats\",\"isPartOf\":{\"@id\":\"https:\\\/\\\/regalanimals.ch\\\/#website\"},\"primaryImageOfPage\":{\"@id\":\"https:\\\/\\\/regalanimals.ch\\\/product\\\/bon-cadeau-chf-50\\\/#primaryimage\"},\"image\":{\"@id\":\"https:\\\/\\\/regalanimals.ch\\\/product\\\/bon-cadeau-chf-50\\\/#primaryimage\"},\"thumbnailUrl\":\"https:\\\/\\\/regalanimals.ch\\\/wp-content\\\/uploads\\\/2025\\\/08\\\/Bon-cadeau-CHF-50.-.webp\",\"datePublished\":\"2024-12-11T11:52:28+00:00\",\"dateModified\":\"2026-01-21T06:54:08+00:00\",\"description\":\"Offrez une surprise simple et utile ; le Bon Cadeau CHF 50.-permet de choisir librement dans toute notre boutique et fait plaisir aux amoureux des animaux.\",\"breadcrumb\":{\"@id\":\"https:\\\/\\\/regalanimals.ch\\\/product\\\/bon-cadeau-chf-50\\\/#breadcrumb\"},\"inLanguage\":\"en-GB\",\"potentialAction\":[{\"@type\":\"ReadAction\",\"target\":[\"https:\\\/\\\/regalanimals.ch\\\/product\\\/bon-cadeau-chf-50\\\/\"]}]},{\"@type\":\"ImageObject\",\"inLanguage\":\"en-GB\",\"@id\":\"https:\\\/\\\/regalanimals.ch\\\/product\\\/bon-cadeau-chf-50\\\/#primaryimage\",\"url\":\"https:\\\/\\\/regalanimals.ch\\\/wp-content\\\/uploads\\\/2025\\\/08\\\/Bon-cadeau-CHF-50.-.webp\",\"contentUrl\":\"https:\\\/\\\/regalanimals.ch\\\/wp-content\\\/uploads\\\/2025\\\/08\\\/Bon-cadeau-CHF-50.-.webp\",\"width\":940,\"height\":788,\"caption\":\"Bon cadeau CHF 50.\u2013 R\u00e9gal\u2019Animals\"},{\"@type\":\"BreadcrumbList\",\"@id\":\"https:\\\/\\\/regalanimals.ch\\\/product\\\/bon-cadeau-chf-50\\\/#breadcrumb\",\"itemListElement\":[{\"@type\":\"ListItem\",\"position\":1,\"name\":\"Home\",\"item\":\"https:\\\/\\\/regalanimals.ch\\\/\"},{\"@type\":\"ListItem\",\"position\":2,\"name\":\"Boutique\",\"item\":\"https:\\\/\\\/regalanimals.ch\\\/shop\\\/\"},{\"@type\":\"ListItem\",\"position\":3,\"name\":\"Bon Cadeau CHF 50.-\"}]},{\"@type\":\"WebSite\",\"@id\":\"https:\\\/\\\/regalanimals.ch\\\/#website\",\"url\":\"https:\\\/\\\/regalanimals.ch\\\/\",\"name\":\"R\u00e9gal Animals\",\"description\":\"Alimentation et articles de qualit\u00e9 pour chats, chiens et furets\",\"publisher\":{\"@id\":\"https:\\\/\\\/regalanimals.ch\\\/#organization\"},\"potentialAction\":[{\"@type\":\"SearchAction\",\"target\":{\"@type\":\"EntryPoint\",\"urlTemplate\":\"https:\\\/\\\/regalanimals.ch\\\/?s={search_term_string}\"},\"query-input\":{\"@type\":\"PropertyValueSpecification\",\"valueRequired\":true,\"valueName\":\"search_term_string\"}}],\"inLanguage\":\"en-GB\"},{\"@type\":\"Organization\",\"@id\":\"https:\\\/\\\/regalanimals.ch\\\/#organization\",\"name\":\"R\u00e9gal Animals\",\"url\":\"https:\\\/\\\/regalanimals.ch\\\/\",\"logo\":{\"@type\":\"ImageObject\",\"inLanguage\":\"en-GB\",\"@id\":\"https:\\\/\\\/regalanimals.ch\\\/#\\\/schema\\\/logo\\\/image\\\/\",\"url\":\"https:\\\/\\\/regalanimals.ch\\\/wp-content\\\/uploads\\\/2025\\\/07\\\/Logo-RegalAnimals.png\",\"contentUrl\":\"https:\\\/\\\/regalanimals.ch\\\/wp-content\\\/uploads\\\/2025\\\/07\\\/Logo-RegalAnimals.png\",\"width\":120,\"height\":153,\"caption\":\"R\u00e9gal Animals\"},\"image\":{\"@id\":\"https:\\\/\\\/regalanimals.ch\\\/#\\\/schema\\\/logo\\\/image\\\/\"}}]}<\/script>\n<!-- \/ Yoast SEO Premium plugin. -->","yoast_head_json":{"title":"Gift voucher CHF 50.\u2013 For dogs and cats","description":"Give a simple and useful surprise; the CHF 50.- Gift Voucher allows free choice in our entire shop and pleases animal lovers.","robots":{"index":"index","follow":"follow","max-snippet":"max-snippet:-1","max-image-preview":"max-image-preview:large","max-video-preview":"max-video-preview:-1"},"canonical":"https:\/\/regalanimals.ch\/en\/product-2\/bon-cadeau-chf-50\/","og_locale":"en_GB","og_type":"article","og_title":"Bon Cadeau CHF 50.-","og_description":"Offrez une surprise simple et utile ; le Bon Cadeau CHF 50.-permet de choisir librement dans toute notre boutique et fait plaisir aux amoureux des animaux.","og_url":"https:\/\/regalanimals.ch\/en\/product-2\/bon-cadeau-chf-50\/","og_site_name":"R\u00e9gal&#039;Animals","article_modified_time":"2026-01-21T06:54:08+00:00","og_image":[{"width":940,"height":788,"url":"https:\/\/regalanimals.ch\/wp-content\/uploads\/2025\/08\/Bon-cadeau-CHF-50.-.webp","type":"image\/webp"}],"twitter_card":"summary_large_image","twitter_misc":{"Estimated reading time":"4 minutes"},"schema":{"@context":"https:\/\/schema.org","@graph":[{"@type":"WebPage","@id":"https:\/\/regalanimals.ch\/product\/bon-cadeau-chf-50\/","url":"https:\/\/regalanimals.ch\/product\/bon-cadeau-chf-50\/","name":"Gift voucher CHF 50.\u2013 For dogs and cats","isPartOf":{"@id":"https:\/\/regalanimals.ch\/#website"},"primaryImageOfPage":{"@id":"https:\/\/regalanimals.ch\/product\/bon-cadeau-chf-50\/#primaryimage"},"image":{"@id":"https:\/\/regalanimals.ch\/product\/bon-cadeau-chf-50\/#primaryimage"},"thumbnailUrl":"https:\/\/regalanimals.ch\/wp-content\/uploads\/2025\/08\/Bon-cadeau-CHF-50.-.webp","datePublished":"2024-12-11T11:52:28+00:00","dateModified":"2026-01-21T06:54:08+00:00","description":"Give a simple and useful surprise; the CHF 50.- Gift Voucher allows free choice in our entire shop and pleases animal lovers.","breadcrumb":{"@id":"https:\/\/regalanimals.ch\/product\/bon-cadeau-chf-50\/#breadcrumb"},"inLanguage":"en-GB","potentialAction":[{"@type":"ReadAction","target":["https:\/\/regalanimals.ch\/product\/bon-cadeau-chf-50\/"]}]},{"@type":"ImageObject","inLanguage":"en-GB","@id":"https:\/\/regalanimals.ch\/product\/bon-cadeau-chf-50\/#primaryimage","url":"https:\/\/regalanimals.ch\/wp-content\/uploads\/2025\/08\/Bon-cadeau-CHF-50.-.webp","contentUrl":"https:\/\/regalanimals.ch\/wp-content\/uploads\/2025\/08\/Bon-cadeau-CHF-50.-.webp","width":940,"height":788,"caption":"Bon cadeau CHF 50.\u2013 R\u00e9gal\u2019Animals"},{"@type":"BreadcrumbList","@id":"https:\/\/regalanimals.ch\/product\/bon-cadeau-chf-50\/#breadcrumb","itemListElement":[{"@type":"ListItem","position":1,"name":"Home","item":"https:\/\/regalanimals.ch\/"},{"@type":"ListItem","position":2,"name":"Boutique","item":"https:\/\/regalanimals.ch\/shop\/"},{"@type":"ListItem","position":3,"name":"Bon Cadeau CHF 50.-"}]},{"@type":"WebSite","@id":"https:\/\/regalanimals.ch\/#website","url":"https:\/\/regalanimals.ch\/","name":"Animals Feast","description":"Quality food and supplies for cats, dogs and ferrets","publisher":{"@id":"https:\/\/regalanimals.ch\/#organization"},"potentialAction":[{"@type":"SearchAction","target":{"@type":"EntryPoint","urlTemplate":"https:\/\/regalanimals.ch\/?s={search_term_string}"},"query-input":{"@type":"PropertyValueSpecification","valueRequired":true,"valueName":"search_term_string"}}],"inLanguage":"en-GB"},{"@type":"Organization","@id":"https:\/\/regalanimals.ch\/#organization","name":"Animals Feast","url":"https:\/\/regalanimals.ch\/","logo":{"@type":"ImageObject","inLanguage":"en-GB","@id":"https:\/\/regalanimals.ch\/#\/schema\/logo\/image\/","url":"https:\/\/regalanimals.ch\/wp-content\/uploads\/2025\/07\/Logo-RegalAnimals.png","contentUrl":"https:\/\/regalanimals.ch\/wp-content\/uploads\/2025\/07\/Logo-RegalAnimals.png","width":120,"height":153,"caption":"R\u00e9gal Animals"},"image":{"@id":"https:\/\/regalanimals.ch\/#\/schema\/logo\/image\/"}}]}},"_links":{"self":[{"href":"https:\/\/regalanimals.ch\/en\/wp-json\/wp\/v2\/product\/31670","targetHints":{"allow":["GET"]}}],"collection":[{"href":"https:\/\/regalanimals.ch\/en\/wp-json\/wp\/v2\/product"}],"about":[{"href":"https:\/\/regalanimals.ch\/en\/wp-json\/wp\/v2\/types\/product"}],"replies":[{"embeddable":true,"href":"https:\/\/regalanimals.ch\/en\/wp-json\/wp\/v2\/comments?post=31670"}],"wp:featuredmedia":[{"embeddable":true,"href":"https:\/\/regalanimals.ch\/en\/wp-json\/wp\/v2\/media\/38198"}],"wp:attachment":[{"href":"https:\/\/regalanimals.ch\/en\/wp-json\/wp\/v2\/media?parent=31670"}],"wp:term":[{"taxonomy":"product_brand","embeddable":true,"href":"https:\/\/regalanimals.ch\/en\/wp-json\/wp\/v2\/product_brand?post=31670"},{"taxonomy":"product_cat","embeddable":true,"href":"https:\/\/regalanimals.ch\/en\/wp-json\/wp\/v2\/product_cat?post=31670"},{"taxonomy":"product_tag","embeddable":true,"href":"https:\/\/regalanimals.ch\/en\/wp-json\/wp\/v2\/product_tag?post=31670"}],"curies":[{"name":"wp","href":"https:\/\/api.w.org\/{rel}","templated":true}]}}