{"id":31679,"date":"2024-12-11T12:53:10","date_gmt":"2024-12-11T11:53:10","guid":{"rendered":"https:\/\/regalanimals.geekworkers.dev\/?post_type=product&#038;p=31679"},"modified":"2026-01-21T07:37:59","modified_gmt":"2026-01-21T06:37:59","slug":"bon-cadeau-chf-20","status":"publish","type":"product","link":"https:\/\/regalanimals.ch\/en\/product\/bon-cadeau-chf-20\/","title":{"rendered":"Gift voucher CHF 20.00"},"content":{"rendered":"<h2 data-start=\"389\" data-end=\"417\"><strong data-start=\"391\" data-end=\"417\">Gift Voucher CHF 20.\u2013 \ud83c\udf81<\/strong><\/h2>\n<h3 data-start=\"419\" data-end=\"467\">The simple, safe and always appreciated gift<\/h3>\n<p data-start=\"469\" data-end=\"883\">The CHF 20 Gift Voucher is the perfect solution when you&#039;re stuck for the perfect gift for an animal lover. This voucher, valid throughout our shop, allows your loved one to choose exactly what will delight their dog, cat, or even ferret. What&#039;s more, it&#039;s a practical, quick, flexible gift, ideal for any occasion. Give them the freedom to choose... and you&#039;ll never get it wrong!<\/p>\n<hr data-start=\"885\" data-end=\"888\" \/>\n<h2 data-start=\"890\" data-end=\"940\"><strong data-start=\"892\" data-end=\"940\">A useful gift for all occasions \ud83d\udc3e<\/strong><\/h2>\n<p data-start=\"942\" data-end=\"1520\">This CHF 20 gift voucher grants access to our entire shop: food, treats, accessories, hygiene products, and much more. It allows the recipient to select exactly what their four-legged friend needs. And they can take their time, as it&#039;s valid for a full year. It&#039;s also a ready-to-use gift: simply order it and give it as a present, or send it directly to the person of your choice. In short, it&#039;s the perfect surprise for a birthday, Christmas, a holiday\u2026 or just because.<\/p>\n<hr data-start=\"1522\" data-end=\"1525\" \/>\n<h2 data-start=\"1527\" data-end=\"1592\"><strong data-start=\"1529\" data-end=\"1592\">Offering choice is the simplest way to give pleasure \ud83c\udf89<\/strong><\/h2>\n<p data-start=\"1594\" data-end=\"2039\">This CHF 20 Gift Voucher allows everyone to freely choose their favorite products. Moreover, it suits all budgets and tastes. Whether it&#039;s an irresistible chew toy, a delicious treat, or a gentle shampoo, this voucher offers true freedom of choice. This way, you&#039;re sure to find the perfect gift without having to guess the recipient&#039;s preferences. With this voucher, you&#039;re giving a useful, joyful, and truly personalized present.<\/p>\n<hr data-start=\"2041\" data-end=\"2044\" \/>\n<h2 data-start=\"2046\" data-end=\"2074\"><strong data-start=\"2048\" data-end=\"2074\">Frequently Asked Questions \ud83d\udc3e<\/strong><\/h2>\n<h3 data-start=\"2076\" data-end=\"2188\">\u2753 Still hesitating? Here are the answers to the most common questions about the CHF 20.\u2013 Gift Voucher.<\/h3>\n<h4 data-start=\"2190\" data-end=\"2223\">\u27a1\ufe0f How to use this voucher?<\/h4>\n<p data-start=\"2225\" data-end=\"2439\">Once you receive the voucher, you will find a unique code on it. When placing your order, simply enter this code in the designated field for vouchers and discounts. The discount will be automatically applied to your cart.<\/p>\n<h4 data-start=\"2441\" data-end=\"2488\">\u27a1\ufe0f On which products can I use the CHF 20.- Gift Voucher?<\/h4>\n<p data-start=\"2490\" data-end=\"2624\">You can use this voucher on the entire store, without exception: food, sweets, toys, hygiene products and accessories.<\/p>\n<h4 data-start=\"2626\" data-end=\"2667\">\u27a1\ufe0f What is its validity period?<\/h4>\n<p data-start=\"2669\" data-end=\"2785\">The voucher is valid for a full year. This allows you to choose your items at your leisure, without any pressure.<\/p>\n<hr data-start=\"2787\" data-end=\"2790\" \/>\n<h3 data-start=\"2792\" data-end=\"2822\">\ud83d\udca6 R\u00e9gal&#039;Animals Advice \ud83d\udc9a<\/h3>\n<p data-start=\"2824\" data-end=\"3136\">The CHF 20.\u2013 Gift Voucher is sure to please, but you can add a personal touch to make it even more special. For example, slip it into a pretty card or include a small chocolate for the human. This way, you spoil both the owner\u2026 and their loyal companion! \ud83d\udc9a<\/p>\n<hr data-start=\"3138\" data-end=\"3141\" \/>\n<h4 data-start=\"3143\" data-end=\"3193\">\u27a1\ufe0f Can I give it directly to someone?<\/h4>\n<p data-start=\"3195\" data-end=\"3283\">Yes. You can receive it at home or send it immediately to the person of your choice.<\/p>\n<h4 data-start=\"3285\" data-end=\"3325\">\u27a1\ufe0f Can I combine several vouchers?<\/h4>\n<p data-start=\"3327\" data-end=\"3453\">Yes, you can use multiple vouchers in the same order, as long as their total amount does not exceed the amount in the basket.<\/p>\n<h4 data-start=\"3455\" data-end=\"3500\">\u27a1\ufe0f Can it be used multiple times?<\/h4>\n<p data-start=\"3502\" data-end=\"3608\">No. The voucher can only be used once, even if the value of the chosen items is less than CHF 20.\u2013.<\/p>\n<h4 data-start=\"3610\" data-end=\"3665\">\u27a1\ufe0f Does the voucher work during promotions?<\/h4>\n<p data-start=\"3667\" data-end=\"3761\">Yes, as long as the code is valid, it can be combined with the discounts already available on the site.<\/p>\n<hr data-start=\"3763\" data-end=\"3766\" \/>\n<h2 data-start=\"3768\" data-end=\"3799\"><strong data-start=\"3770\" data-end=\"3799\">Essential information<\/strong><\/h2>\n<ul data-start=\"3801\" data-end=\"3948\">\n<li data-start=\"3801\" data-end=\"3826\">\n<p data-start=\"3803\" data-end=\"3826\">Value : <strong data-start=\"3812\" data-end=\"3824\">CHF 20.\u2013<\/strong><\/p>\n<\/li>\n<li data-start=\"3827\" data-end=\"3869\">\n<p data-start=\"3829\" data-end=\"3869\">Usable on: <strong data-start=\"3846\" data-end=\"3867\">the entire shop<\/strong><\/p>\n<\/li>\n<li data-start=\"3870\" data-end=\"3893\">\n<p data-start=\"3872\" data-end=\"3893\">Validity: <strong data-start=\"3883\" data-end=\"3891\">1 year<\/strong><\/p>\n<\/li>\n<li data-start=\"3894\" data-end=\"3948\">\n<p data-start=\"3896\" data-end=\"3948\">Format: <strong data-start=\"3905\" data-end=\"3946\">digital or paper, depending on your choice.<\/strong><\/p>\n<\/li>\n<\/ul>\n<h2><a style=\"font-size: 16px;\" href=\"https:\/\/regalanimals.ch\/en\/product-2\/filets-de-canard\/\">Suggestion for him<\/a><\/h2>","protected":false},"excerpt":{"rendered":"<p>Bon Cadeau CHF 20.\u2013 \ud83c\udf81 Le cadeau simple, s\u00fbr et toujours appr\u00e9ci\u00e9 Le Bon Cadeau CHF 20.\u2013 est la solution parfaite lorsque l\u2019on ne sait pas quoi offrir \u00e0 un amoureux des animaux. Gr\u00e2ce \u00e0 ce bon utilisable sur toute notre boutique, ton proche peut choisir ce qui fera vraiment plaisir \u00e0 son chien, son [&hellip;]<\/p>\n","protected":false},"featured_media":38201,"menu_order":0,"comment_status":"closed","ping_status":"closed","template":"","meta":[],"product_brand":[],"product_cat":[89,24,90],"product_tag":[],"class_list":{"0":"post-31679","1":"product","2":"type-product","3":"status-publish","4":"has-post-thumbnail","6":"product_cat-chats","7":"product_cat-chiens","8":"product_cat-furets","10":"first","11":"instock","12":"purchasable","13":"product-type-simple"},"yoast_head":"<!-- This site is optimized with the Yoast SEO Premium plugin v27.4 (Yoast SEO v27.4) - https:\/\/yoast.com\/product\/yoast-seo-premium-wordpress\/ -->\n<title>Bon cadeau CHF 20.- pour chien et chat un choix qui pla\u00eet<\/title>\n<meta name=\"description\" content=\"Offrez une surprise utile et joyeuse ; le Bon cadeau CHF 20.-permet de choisir librement dans toute notre boutique et fait plaisir \u00e0 coup s\u00fbr.\" \/>\n<meta name=\"robots\" content=\"index, follow, max-snippet:-1, max-image-preview:large, max-video-preview:-1\" \/>\n<link rel=\"canonical\" href=\"https:\/\/regalanimals.ch\/en\/product-2\/bon-cadeau-chf-20\/\" \/>\n<meta property=\"og:locale\" content=\"en_GB\" \/>\n<meta property=\"og:type\" content=\"article\" \/>\n<meta property=\"og:title\" content=\"Bon cadeau CHF 20.-\" \/>\n<meta property=\"og:description\" content=\"Offrez une surprise utile et joyeuse ; le Bon cadeau CHF 20.-permet de choisir librement dans toute notre boutique et fait plaisir \u00e0 coup s\u00fbr.\" \/>\n<meta property=\"og:url\" content=\"https:\/\/regalanimals.ch\/en\/product-2\/bon-cadeau-chf-20\/\" \/>\n<meta property=\"og:site_name\" content=\"R\u00e9gal&#039;Animals\" \/>\n<meta property=\"article:modified_time\" content=\"2026-01-21T06:37:59+00:00\" \/>\n<meta property=\"og:image\" content=\"https:\/\/regalanimals.ch\/wp-content\/uploads\/2025\/08\/Bon-cadeaux-20CHF.webp\" \/>\n\t<meta property=\"og:image:width\" content=\"940\" \/>\n\t<meta property=\"og:image:height\" content=\"788\" \/>\n\t<meta property=\"og:image:type\" content=\"image\/webp\" \/>\n<meta name=\"twitter:card\" content=\"summary_large_image\" \/>\n<meta name=\"twitter:label1\" content=\"Estimated reading time\" \/>\n\t<meta name=\"twitter:data1\" content=\"4 minutes\" \/>\n<script type=\"application\/ld+json\" class=\"yoast-schema-graph\">{\"@context\":\"https:\\\/\\\/schema.org\",\"@graph\":[{\"@type\":\"WebPage\",\"@id\":\"https:\\\/\\\/regalanimals.ch\\\/product\\\/bon-cadeau-chf-20\\\/\",\"url\":\"https:\\\/\\\/regalanimals.ch\\\/product\\\/bon-cadeau-chf-20\\\/\",\"name\":\"Bon cadeau CHF 20.- pour chien et chat un choix qui pla\u00eet\",\"isPartOf\":{\"@id\":\"https:\\\/\\\/regalanimals.ch\\\/#website\"},\"primaryImageOfPage\":{\"@id\":\"https:\\\/\\\/regalanimals.ch\\\/product\\\/bon-cadeau-chf-20\\\/#primaryimage\"},\"image\":{\"@id\":\"https:\\\/\\\/regalanimals.ch\\\/product\\\/bon-cadeau-chf-20\\\/#primaryimage\"},\"thumbnailUrl\":\"https:\\\/\\\/regalanimals.ch\\\/wp-content\\\/uploads\\\/2025\\\/08\\\/Bon-cadeaux-20CHF.webp\",\"datePublished\":\"2024-12-11T11:53:10+00:00\",\"dateModified\":\"2026-01-21T06:37:59+00:00\",\"description\":\"Offrez une surprise utile et joyeuse ; le Bon cadeau CHF 20.-permet de choisir librement dans toute notre boutique et fait plaisir \u00e0 coup s\u00fbr.\",\"breadcrumb\":{\"@id\":\"https:\\\/\\\/regalanimals.ch\\\/product\\\/bon-cadeau-chf-20\\\/#breadcrumb\"},\"inLanguage\":\"en-GB\",\"potentialAction\":[{\"@type\":\"ReadAction\",\"target\":[\"https:\\\/\\\/regalanimals.ch\\\/product\\\/bon-cadeau-chf-20\\\/\"]}]},{\"@type\":\"ImageObject\",\"inLanguage\":\"en-GB\",\"@id\":\"https:\\\/\\\/regalanimals.ch\\\/product\\\/bon-cadeau-chf-20\\\/#primaryimage\",\"url\":\"https:\\\/\\\/regalanimals.ch\\\/wp-content\\\/uploads\\\/2025\\\/08\\\/Bon-cadeaux-20CHF.webp\",\"contentUrl\":\"https:\\\/\\\/regalanimals.ch\\\/wp-content\\\/uploads\\\/2025\\\/08\\\/Bon-cadeaux-20CHF.webp\",\"width\":940,\"height\":788,\"caption\":\"Bon Cadeau CHF 20.\u2013 \u2013 valable sur toute la boutique R\u00e9gal\u2019Animals.\"},{\"@type\":\"BreadcrumbList\",\"@id\":\"https:\\\/\\\/regalanimals.ch\\\/product\\\/bon-cadeau-chf-20\\\/#breadcrumb\",\"itemListElement\":[{\"@type\":\"ListItem\",\"position\":1,\"name\":\"Home\",\"item\":\"https:\\\/\\\/regalanimals.ch\\\/\"},{\"@type\":\"ListItem\",\"position\":2,\"name\":\"Boutique\",\"item\":\"https:\\\/\\\/regalanimals.ch\\\/shop\\\/\"},{\"@type\":\"ListItem\",\"position\":3,\"name\":\"Bon cadeau CHF 20.-\"}]},{\"@type\":\"WebSite\",\"@id\":\"https:\\\/\\\/regalanimals.ch\\\/#website\",\"url\":\"https:\\\/\\\/regalanimals.ch\\\/\",\"name\":\"R\u00e9gal Animals\",\"description\":\"Alimentation et articles de qualit\u00e9 pour chats, chiens et furets\",\"publisher\":{\"@id\":\"https:\\\/\\\/regalanimals.ch\\\/#organization\"},\"potentialAction\":[{\"@type\":\"SearchAction\",\"target\":{\"@type\":\"EntryPoint\",\"urlTemplate\":\"https:\\\/\\\/regalanimals.ch\\\/?s={search_term_string}\"},\"query-input\":{\"@type\":\"PropertyValueSpecification\",\"valueRequired\":true,\"valueName\":\"search_term_string\"}}],\"inLanguage\":\"en-GB\"},{\"@type\":\"Organization\",\"@id\":\"https:\\\/\\\/regalanimals.ch\\\/#organization\",\"name\":\"R\u00e9gal Animals\",\"url\":\"https:\\\/\\\/regalanimals.ch\\\/\",\"logo\":{\"@type\":\"ImageObject\",\"inLanguage\":\"en-GB\",\"@id\":\"https:\\\/\\\/regalanimals.ch\\\/#\\\/schema\\\/logo\\\/image\\\/\",\"url\":\"https:\\\/\\\/regalanimals.ch\\\/wp-content\\\/uploads\\\/2025\\\/04\\\/cropped-Logo-site-e1744634610403-1.webp\",\"contentUrl\":\"https:\\\/\\\/regalanimals.ch\\\/wp-content\\\/uploads\\\/2025\\\/04\\\/cropped-Logo-site-e1744634610403-1.webp\",\"width\":512,\"height\":512,\"caption\":\"R\u00e9gal Animals\"},\"image\":{\"@id\":\"https:\\\/\\\/regalanimals.ch\\\/#\\\/schema\\\/logo\\\/image\\\/\"}}]}<\/script>\n<!-- \/ Yoast SEO Premium plugin. -->","yoast_head_json":{"title":"Gift voucher CHF 20.- for dogs and cats - a choice that will please","description":"Give a useful and joyful surprise; the CHF 20.- gift voucher allows free choice in our entire shop and is sure to please.","robots":{"index":"index","follow":"follow","max-snippet":"max-snippet:-1","max-image-preview":"max-image-preview:large","max-video-preview":"max-video-preview:-1"},"canonical":"https:\/\/regalanimals.ch\/en\/product-2\/bon-cadeau-chf-20\/","og_locale":"en_GB","og_type":"article","og_title":"Bon cadeau CHF 20.-","og_description":"Offrez une surprise utile et joyeuse ; le Bon cadeau CHF 20.-permet de choisir librement dans toute notre boutique et fait plaisir \u00e0 coup s\u00fbr.","og_url":"https:\/\/regalanimals.ch\/en\/product-2\/bon-cadeau-chf-20\/","og_site_name":"R\u00e9gal&#039;Animals","article_modified_time":"2026-01-21T06:37:59+00:00","og_image":[{"width":940,"height":788,"url":"https:\/\/regalanimals.ch\/wp-content\/uploads\/2025\/08\/Bon-cadeaux-20CHF.webp","type":"image\/webp"}],"twitter_card":"summary_large_image","twitter_misc":{"Estimated reading time":"4 minutes"},"schema":{"@context":"https:\/\/schema.org","@graph":[{"@type":"WebPage","@id":"https:\/\/regalanimals.ch\/product\/bon-cadeau-chf-20\/","url":"https:\/\/regalanimals.ch\/product\/bon-cadeau-chf-20\/","name":"Gift voucher CHF 20.- for dogs and cats - a choice that will please","isPartOf":{"@id":"https:\/\/regalanimals.ch\/#website"},"primaryImageOfPage":{"@id":"https:\/\/regalanimals.ch\/product\/bon-cadeau-chf-20\/#primaryimage"},"image":{"@id":"https:\/\/regalanimals.ch\/product\/bon-cadeau-chf-20\/#primaryimage"},"thumbnailUrl":"https:\/\/regalanimals.ch\/wp-content\/uploads\/2025\/08\/Bon-cadeaux-20CHF.webp","datePublished":"2024-12-11T11:53:10+00:00","dateModified":"2026-01-21T06:37:59+00:00","description":"Give a useful and joyful surprise; the CHF 20.- gift voucher allows free choice in our entire shop and is sure to please.","breadcrumb":{"@id":"https:\/\/regalanimals.ch\/product\/bon-cadeau-chf-20\/#breadcrumb"},"inLanguage":"en-GB","potentialAction":[{"@type":"ReadAction","target":["https:\/\/regalanimals.ch\/product\/bon-cadeau-chf-20\/"]}]},{"@type":"ImageObject","inLanguage":"en-GB","@id":"https:\/\/regalanimals.ch\/product\/bon-cadeau-chf-20\/#primaryimage","url":"https:\/\/regalanimals.ch\/wp-content\/uploads\/2025\/08\/Bon-cadeaux-20CHF.webp","contentUrl":"https:\/\/regalanimals.ch\/wp-content\/uploads\/2025\/08\/Bon-cadeaux-20CHF.webp","width":940,"height":788,"caption":"Bon Cadeau CHF 20.\u2013 \u2013 valable sur toute la boutique R\u00e9gal\u2019Animals."},{"@type":"BreadcrumbList","@id":"https:\/\/regalanimals.ch\/product\/bon-cadeau-chf-20\/#breadcrumb","itemListElement":[{"@type":"ListItem","position":1,"name":"Home","item":"https:\/\/regalanimals.ch\/"},{"@type":"ListItem","position":2,"name":"Boutique","item":"https:\/\/regalanimals.ch\/shop\/"},{"@type":"ListItem","position":3,"name":"Bon cadeau CHF 20.-"}]},{"@type":"WebSite","@id":"https:\/\/regalanimals.ch\/#website","url":"https:\/\/regalanimals.ch\/","name":"Animals Feast","description":"Quality food and supplies for cats, dogs and ferrets","publisher":{"@id":"https:\/\/regalanimals.ch\/#organization"},"potentialAction":[{"@type":"SearchAction","target":{"@type":"EntryPoint","urlTemplate":"https:\/\/regalanimals.ch\/?s={search_term_string}"},"query-input":{"@type":"PropertyValueSpecification","valueRequired":true,"valueName":"search_term_string"}}],"inLanguage":"en-GB"},{"@type":"Organization","@id":"https:\/\/regalanimals.ch\/#organization","name":"Animals Feast","url":"https:\/\/regalanimals.ch\/","logo":{"@type":"ImageObject","inLanguage":"en-GB","@id":"https:\/\/regalanimals.ch\/#\/schema\/logo\/image\/","url":"https:\/\/regalanimals.ch\/wp-content\/uploads\/2025\/04\/cropped-Logo-site-e1744634610403-1.webp","contentUrl":"https:\/\/regalanimals.ch\/wp-content\/uploads\/2025\/04\/cropped-Logo-site-e1744634610403-1.webp","width":512,"height":512,"caption":"R\u00e9gal Animals"},"image":{"@id":"https:\/\/regalanimals.ch\/#\/schema\/logo\/image\/"}}]}},"_links":{"self":[{"href":"https:\/\/regalanimals.ch\/en\/wp-json\/wp\/v2\/product\/31679","targetHints":{"allow":["GET"]}}],"collection":[{"href":"https:\/\/regalanimals.ch\/en\/wp-json\/wp\/v2\/product"}],"about":[{"href":"https:\/\/regalanimals.ch\/en\/wp-json\/wp\/v2\/types\/product"}],"replies":[{"embeddable":true,"href":"https:\/\/regalanimals.ch\/en\/wp-json\/wp\/v2\/comments?post=31679"}],"wp:featuredmedia":[{"embeddable":true,"href":"https:\/\/regalanimals.ch\/en\/wp-json\/wp\/v2\/media\/38201"}],"wp:attachment":[{"href":"https:\/\/regalanimals.ch\/en\/wp-json\/wp\/v2\/media?parent=31679"}],"wp:term":[{"taxonomy":"product_brand","embeddable":true,"href":"https:\/\/regalanimals.ch\/en\/wp-json\/wp\/v2\/product_brand?post=31679"},{"taxonomy":"product_cat","embeddable":true,"href":"https:\/\/regalanimals.ch\/en\/wp-json\/wp\/v2\/product_cat?post=31679"},{"taxonomy":"product_tag","embeddable":true,"href":"https:\/\/regalanimals.ch\/en\/wp-json\/wp\/v2\/product_tag?post=31679"}],"curies":[{"name":"wp","href":"https:\/\/api.w.org\/{rel}","templated":true}]}}