{"id":31714,"date":"2024-12-13T12:38:55","date_gmt":"2024-12-13T11:38:55","guid":{"rendered":"https:\/\/regalanimals.geekworkers.dev\/?post_type=product&#038;p=31714"},"modified":"2026-03-22T23:51:30","modified_gmt":"2026-03-22T22:51:30","slug":"saucisses-de-viande-pour-chien","status":"publish","type":"product","link":"https:\/\/regalanimals.ch\/en\/product\/saucisses-de-viande-pour-chien\/","title":{"rendered":"Saucisses de viande pour chien (1 kg)"},"content":{"rendered":"<h2 data-start=\"512\" data-end=\"551\"><strong data-start=\"514\" data-end=\"551\">Meat sausages for dogs \ud83d\udc3e<\/strong><\/h2>\n<h3 data-start=\"553\" data-end=\"588\">Treats that have dog-like qualities<\/h3>\n<p data-start=\"590\" data-end=\"1054\">It&#039;s hard to resist a good sausage, especially when it&#039;s a real meat sausage for dogs. Their aroma and taste attract dogs from the very first bite. They&#039;re also rich in protein, which enhances the natural appeal of these treats. So, you can use them for training or simply as a reward. Furthermore, this convenient format makes these treats small meat sausages easy to slip into a pocket or bag. As a result, you can take them everywhere, whether on walks or to dog training.<\/p>\n<hr data-start=\"1056\" data-end=\"1059\" \/>\n<h2 data-start=\"1061\" data-end=\"1107\"><strong data-start=\"1063\" data-end=\"1107\">Soft and easy to enjoy \ud83c\udf3f\u00a0<\/strong><\/h2>\n<p data-start=\"1109\" data-end=\"1581\">They also have a soft texture and a very appetizing aroma. This makes them appealing to both curious puppies and more laid-back senior dogs. The sausages are easy to cut, making them ideal for quick treats. Furthermore, their tender chew is also suitable for dogs with sensitive teeth. Finally, thanks to their simple composition, they are very easy to digest. As a result, this treat remains reassuring and gentle for delicate stomachs.<\/p>\n<hr data-start=\"1583\" data-end=\"1586\" \/>\n<h2 data-start=\"1588\" data-end=\"1635\"><strong data-start=\"1590\" data-end=\"1635\">Rich and flavorful treats in 4 irresistible flavors \ud83c\udf57\u00a0<\/strong><\/h2>\n<p data-start=\"343\" data-end=\"741\">\ud83d\udc14 We start first with the chicken meat sausage, as it offers a mild and digestible flavor that appeals to many dogs.<br data-start=\"756\" data-end=\"759\" \/>\ud83e\udd69 Next, the beef meat sausage offers a rich and intense taste, ideal for lovers of deep flavors.<br data-start=\"880\" data-end=\"883\" \/>\ud83d\udc11 Then, the lamb meat sausage is also distinguished by a delicate and pleasant aroma, often appreciated by sensitive dogs.<br data-start=\"1021\" data-end=\"1024\" \/>\ud83e\udd86 Finally, the duck meat sausage brings a refined and melting touch, perfect for four-legged gourmets who love this type of treat.<\/p>\n<p data-start=\"743\" data-end=\"1003\">This way, each dog discovers a flavor suited to their preferences and enjoys these varied treats. Furthermore, by regularly changing the flavors, you make each reward even more motivating. Moreover, this variety makes it easy to use the Meat Sausages for dogs as fun little treats. In this way, you enhance the appeal of play, training, or simply a tasty snack.<\/p>\n<hr data-start=\"2004\" data-end=\"2007\" \/>\n<h2 data-start=\"2009\" data-end=\"2048\"><strong data-start=\"2011\" data-end=\"2048\">A simple, generous, and easy-to-use reward \ud83d\udc9a<\/strong><\/h2>\n<p data-start=\"2050\" data-end=\"2570\">Each pack contains between 50 and 60 meat sausages for dogs. This generous size means you always have a treat on hand. They don&#039;t stick to your fingers, making them easy to use every day. Furthermore, they keep for several months thanks to a small amount of natural additives designed to guarantee their freshness. In short, they are simple, safe, and convenient treats for all dogs.<\/p>\n<hr data-start=\"2572\" data-end=\"2575\" \/>\n<h2 data-start=\"2577\" data-end=\"2605\"><strong data-start=\"2579\" data-end=\"2605\">Frequently Asked Questions \ud83d\udc3e<\/strong><\/h2>\n<h3 data-start=\"2607\" data-end=\"2634\">\u2753 Still hesitating? Here are the answers to the most frequently asked questions about Meat Sausages for dogs.<\/h3>\n<h4 data-start=\"2735\" data-end=\"2792\">\u27a1\ufe0f From what age can a dog eat it?<\/h4>\n<p data-start=\"2793\" data-end=\"2916\">Meat sausages for dogs are suitable from 4 months of age. Their soft texture makes them easy to chew and reassuring for young dogs. Furthermore, this same texture remains enjoyable for older dogs. Therefore, every dog can easily enjoy them, regardless of age.<\/p>\n<h4 data-start=\"2918\" data-end=\"3001\">\u27a1\ufe0f Are meat sausages for dogs suitable for sensitive dogs?<\/h4>\n<p data-start=\"3002\" data-end=\"3170\">Yes. Their simple composition ensures good digestibility and is suitable for many dogs. Furthermore, some dogs may react to a specific protein. So, in case of a known allergy, simply choose another flavor. This way, you can rest easy while offering a suitable treat.<\/p>\n<h4 data-start=\"3172\" data-end=\"3226\">\u27a1\ufe0f How many sausages can I give per day?<\/h4>\n<p data-start=\"3227\" data-end=\"3416\">These treats supplement the main diet. Generally, one or two meat sausages for dogs are enough, depending on the size of the dog. For training, you can also cut them into small pieces.<\/p>\n<hr data-start=\"3418\" data-end=\"3421\" \/>\n<h2 data-start=\"3423\" data-end=\"3453\">\ud83d\udca6 R\u00e9gal&#039;Animals Advice \ud83d\udc9a<\/h2>\n<p data-start=\"3455\" data-end=\"3904\">You can hide a whole sausage in the house or garden, as it&#039;s small and easy to conceal. This way, your dog enjoys a little search that sharpens their sense of smell and stimulates their mind. To keep things interesting, you can also choose to hide it in a different spot each time. Furthermore, if you want to limit the amount, you can cut the meat sausages into small pieces. This way, you can vary the games, avoid overeating, and transform each session into a simple, active, and fun time. \ud83d\udc9a<\/p>\n<hr data-start=\"3906\" data-end=\"3909\" \/>\n<h4 data-start=\"3911\" data-end=\"3968\">\u27a1\ufe0f Do they contain additives or preservatives?<\/h4>\n<p data-start=\"3969\" data-end=\"4138\">These meat sausages for dogs contain no artificial colors or flavors. Furthermore, their composition remains simple and reassuring. Small amounts of vegetable glycerin or potassium sorbate are added to guarantee their freshness. As a result, the sausages remain stable and tender, even after opening.<\/p>\n<h4 data-start=\"4140\" data-end=\"4202\">\u27a1\ufe0f How to store meat sausages for dogs?<\/h4>\n<p data-start=\"4203\" data-end=\"4323\">Keep them in a cool, dry place away from light. This way, they will stay soft for several months after opening.<\/p>\n<hr data-start=\"4325\" data-end=\"4328\" \/>\n<h3 data-start=\"4304\" data-end=\"4321\"><strong data-start=\"4306\" data-end=\"4321\">Composition of Meat Sausages for Dogs<\/strong><\/h3>\n<h4 data-start=\"4304\" data-end=\"4321\"><strong data-start=\"4306\" data-end=\"4321\">Meat sausages <\/strong>Chicken:<\/h4>\n<p data-start=\"4336\" data-end=\"4519\">Chicken 81 %<br data-start=\"4347\" data-end=\"4350\" \/>Plant-based proteins 8 %<br data-start=\"4373\" data-end=\"4376\" \/>Potato starch 4 %<br data-start=\"4404\" data-end=\"4407\" \/>Vegetable glycerin 4 %<br data-start=\"4429\" data-end=\"4432\" \/>Sorbitol 2 %<br data-start=\"4444\" data-end=\"4447\" \/>Animal collagen casing 0.5 %<br data-start=\"4478\" data-end=\"4481\" \/>Salt 0.4 %<br data-start=\"4490\" data-end=\"4493\" \/>Potassium sorbate 0.1 %<\/p>\n<h4 data-start=\"4521\" data-end=\"4551\">Analytical constituents<\/h4>\n<p data-start=\"4552\" data-end=\"4677\">Crude protein: 23 %<br data-start=\"4573\" data-end=\"4576\" \/>Crude fat: 10 %<br data-start=\"4606\" data-end=\"4609\" \/>Mineral matter: 4.5 %<br data-start=\"4635\" data-end=\"4638\" \/>Raw fibers: 1.5 %<br data-start=\"4659\" data-end=\"4662\" \/>Humidity: 20 %<\/p>\n<hr data-start=\"4679\" data-end=\"4682\" \/>\n<h4 data-start=\"4684\" data-end=\"4694\">Beef Treat:<\/h4>\n<p data-start=\"4695\" data-end=\"4876\">Beef 81 %<br data-start=\"4704\" data-end=\"4707\" \/>Plant-based proteins 8 %<br data-start=\"4730\" data-end=\"4733\" \/>Potato starch 4 %<br data-start=\"4761\" data-end=\"4764\" \/>Vegetable glycerin 4 %<br data-start=\"4786\" data-end=\"4789\" \/>Sorbitol 2 %<br data-start=\"4801\" data-end=\"4804\" \/>Animal collagen casing 0.5 %<br data-start=\"4835\" data-end=\"4838\" \/>Salt 0.4 %<br data-start=\"4847\" data-end=\"4850\" \/>Potassium sorbate 0.1 %<\/p>\n<h4 data-start=\"4878\" data-end=\"4908\">Analytical constituents<\/h4>\n<p data-start=\"4909\" data-end=\"5034\">Crude protein: 23 %<br data-start=\"4930\" data-end=\"4933\" \/>Crude fat: 10 %<br data-start=\"4963\" data-end=\"4966\" \/>Mineral matter: 4.5 %<br data-start=\"4992\" data-end=\"4995\" \/>Raw fibers: 1.5 %<br data-start=\"5016\" data-end=\"5019\" \/>Humidity: 20 %<\/p>\n<hr data-start=\"5036\" data-end=\"5039\" \/>\n<h4 data-start=\"5041\" data-end=\"5053\">Duck Treat<\/h4>\n<p data-start=\"5054\" data-end=\"5237\">Duck 81 %<br data-start=\"5065\" data-end=\"5068\" \/>Plant-based proteins 8 %<br data-start=\"5091\" data-end=\"5094\" \/>Potato starch 4 %<br data-start=\"5122\" data-end=\"5125\" \/>Vegetable glycerin 4 %<br data-start=\"5147\" data-end=\"5150\" \/>Sorbitol 2 %<br data-start=\"5162\" data-end=\"5165\" \/>Animal collagen casing 0.5 %<br data-start=\"5196\" data-end=\"5199\" \/>Salt 0.4 %<br data-start=\"5208\" data-end=\"5211\" \/>Potassium sorbate 0.1 %<\/p>\n<h4 data-start=\"5239\" data-end=\"5269\">Analytical constituents<\/h4>\n<p data-start=\"5270\" data-end=\"5395\">Crude protein: 23 %<br data-start=\"5291\" data-end=\"5294\" \/>Crude fat: 10 %<br data-start=\"5324\" data-end=\"5327\" \/>Mineral matter: 4.5 %<br data-start=\"5353\" data-end=\"5356\" \/>Raw fibers: 1.5 %<br data-start=\"5377\" data-end=\"5380\" \/>Humidity: 20 %<\/p>\n<hr data-start=\"5397\" data-end=\"5400\" \/>\n<h4>Lamb&#039;s Reward<\/h4>\n<p data-start=\"5415\" data-end=\"5598\">Lamb 81 %<br data-start=\"5426\" data-end=\"5429\" \/>Plant-based proteins 8 %<br data-start=\"5452\" data-end=\"5455\" \/>Potato starch 4 %<br data-start=\"5483\" data-end=\"5486\" \/>Vegetable glycerin 4 %<br data-start=\"5508\" data-end=\"5511\" \/>Sorbitol 2 %<br data-start=\"5523\" data-end=\"5526\" \/>Animal collagen casing 0.5 %<br data-start=\"5557\" data-end=\"5560\" \/>Salt 0.4 %<br data-start=\"5569\" data-end=\"5572\" \/>Potassium sorbate 0.1 %<\/p>\n<h4 data-start=\"5600\" data-end=\"5630\">Analytical constituents<\/h4>\n<p data-start=\"5631\" data-end=\"5756\">Crude protein: 23 %<br data-start=\"5652\" data-end=\"5655\" \/>Crude fat: 10 %<br data-start=\"5685\" data-end=\"5688\" \/>Mineral matter: 4.5 %<br data-start=\"5714\" data-end=\"5717\" \/>Raw fibers: 1.5 %<br data-start=\"5738\" data-end=\"5741\" \/>Humidity: 20 %<\/p>\n<p><a href=\"https:\/\/regalanimals.ch\/en\/product-2\/naurea-friandise-semi-humide-chien-canard\/\">Suggestion for him<\/a><a href=\"https:\/\/www.instagram.com\/reel\/DIBTyWJpXN3\/\">Satisfied customer!<\/a><\/p>","protected":false},"excerpt":{"rendered":"<p>Saucisses de viande pour chien \ud83d\udc3e Des friandises qui ont du chien Il est difficile de r\u00e9sister \u00e0 une bonne saucisse, de surcro\u00eet lorsqu\u2019il s\u2019agit de v\u00e9ritables Saucisses de viande pour chien. En effet, leur odeur et leur go\u00fbt attirent les chiens d\u00e8s la premi\u00e8re bouch\u00e9e. Elles sont aussi riches en prot\u00e9ines, ce qui renforce [&hellip;]<\/p>\n","protected":false},"featured_media":39678,"comment_status":"open","ping_status":"closed","template":"","meta":[],"product_brand":[],"product_cat":[24,197],"product_tag":[],"class_list":{"0":"post-31714","1":"product","2":"type-product","3":"status-publish","4":"has-post-thumbnail","6":"product_cat-chiens","7":"product_cat-friandises-pour-chiens","9":"first","10":"instock","11":"taxable","12":"shipping-taxable","13":"purchasable","14":"product-type-variable"},"yoast_head":"<!-- This site is optimized with the Yoast SEO Premium plugin v27.5 (Yoast SEO v27.5) - https:\/\/yoast.com\/product\/yoast-seo-premium-wordpress\/ -->\n<title>Saucisses de Viande pour Chien \u2013 4 saveurs gourmandes<\/title>\n<meta name=\"description\" content=\"Offrez \u00e0 votre chien une friandise saine et pleine de go\u00fbt ! Les saucisses de viande pour chien sont id\u00e9ales pour l\u2019\u00e9ducation ou un moment complice.\" \/>\n<meta name=\"robots\" content=\"index, follow, max-snippet:-1, max-image-preview:large, max-video-preview:-1\" \/>\n<link rel=\"canonical\" href=\"https:\/\/regalanimals.ch\/en\/product-2\/saucisses-de-viande-pour-chien\/\" \/>\n<meta property=\"og:locale\" content=\"en_GB\" \/>\n<meta property=\"og:type\" content=\"article\" \/>\n<meta property=\"og:title\" content=\"Saucisses de viande pour chien (1 kg)\" \/>\n<meta property=\"og:description\" content=\"Offrez \u00e0 votre chien une friandise saine et pleine de go\u00fbt ! Les saucisses de viande pour chien sont id\u00e9ales pour l\u2019\u00e9ducation ou un moment complice.\" \/>\n<meta property=\"og:url\" content=\"https:\/\/regalanimals.ch\/en\/product-2\/saucisses-de-viande-pour-chien\/\" \/>\n<meta property=\"og:site_name\" content=\"R\u00e9gal&#039;Animals\" \/>\n<meta property=\"article:modified_time\" content=\"2026-03-22T22:51:30+00:00\" \/>\n<meta property=\"og:image\" content=\"https:\/\/regalanimals.ch\/wp-content\/uploads\/2024\/12\/Saucisses-de-viande-pour-chiens.webp\" \/>\n\t<meta property=\"og:image:width\" content=\"358\" \/>\n\t<meta property=\"og:image:height\" content=\"300\" \/>\n\t<meta property=\"og:image:type\" content=\"image\/webp\" \/>\n<meta name=\"twitter:card\" content=\"summary_large_image\" \/>\n<meta name=\"twitter:label1\" content=\"Estimated reading time\" \/>\n\t<meta name=\"twitter:data1\" content=\"6 minutes\" \/>\n<script type=\"application\/ld+json\" class=\"yoast-schema-graph\">{\"@context\":\"https:\\\/\\\/schema.org\",\"@graph\":[{\"@type\":\"WebPage\",\"@id\":\"https:\\\/\\\/regalanimals.ch\\\/product\\\/saucisses-de-viande-pour-chien\\\/\",\"url\":\"https:\\\/\\\/regalanimals.ch\\\/product\\\/saucisses-de-viande-pour-chien\\\/\",\"name\":\"Saucisses de Viande pour Chien \u2013 4 saveurs gourmandes\",\"isPartOf\":{\"@id\":\"https:\\\/\\\/regalanimals.ch\\\/#website\"},\"primaryImageOfPage\":{\"@id\":\"https:\\\/\\\/regalanimals.ch\\\/product\\\/saucisses-de-viande-pour-chien\\\/#primaryimage\"},\"image\":{\"@id\":\"https:\\\/\\\/regalanimals.ch\\\/product\\\/saucisses-de-viande-pour-chien\\\/#primaryimage\"},\"thumbnailUrl\":\"https:\\\/\\\/regalanimals.ch\\\/wp-content\\\/uploads\\\/2024\\\/12\\\/Saucisses-de-viande-pour-chiens.webp\",\"datePublished\":\"2024-12-13T11:38:55+00:00\",\"dateModified\":\"2026-03-22T22:51:30+00:00\",\"description\":\"Offrez \u00e0 votre chien une friandise saine et pleine de go\u00fbt ! Les saucisses de viande pour chien sont id\u00e9ales pour l\u2019\u00e9ducation ou un moment complice.\",\"breadcrumb\":{\"@id\":\"https:\\\/\\\/regalanimals.ch\\\/product\\\/saucisses-de-viande-pour-chien\\\/#breadcrumb\"},\"inLanguage\":\"en-GB\",\"potentialAction\":[{\"@type\":\"ReadAction\",\"target\":[\"https:\\\/\\\/regalanimals.ch\\\/product\\\/saucisses-de-viande-pour-chien\\\/\"]}]},{\"@type\":\"ImageObject\",\"inLanguage\":\"en-GB\",\"@id\":\"https:\\\/\\\/regalanimals.ch\\\/product\\\/saucisses-de-viande-pour-chien\\\/#primaryimage\",\"url\":\"https:\\\/\\\/regalanimals.ch\\\/wp-content\\\/uploads\\\/2024\\\/12\\\/Saucisses-de-viande-pour-chiens.webp\",\"contentUrl\":\"https:\\\/\\\/regalanimals.ch\\\/wp-content\\\/uploads\\\/2024\\\/12\\\/Saucisses-de-viande-pour-chiens.webp\",\"width\":358,\"height\":300,\"caption\":\"Saucisses de viande pour chien \u2013 Friandises naturelles et savoureuses, parfaites pour l\u2019\u00e9ducation et la r\u00e9compense.\"},{\"@type\":\"BreadcrumbList\",\"@id\":\"https:\\\/\\\/regalanimals.ch\\\/product\\\/saucisses-de-viande-pour-chien\\\/#breadcrumb\",\"itemListElement\":[{\"@type\":\"ListItem\",\"position\":1,\"name\":\"Home\",\"item\":\"https:\\\/\\\/regalanimals.ch\\\/\"},{\"@type\":\"ListItem\",\"position\":2,\"name\":\"Boutique\",\"item\":\"https:\\\/\\\/regalanimals.ch\\\/shop\\\/\"},{\"@type\":\"ListItem\",\"position\":3,\"name\":\"Saucisses de viande pour chien (1 kg)\"}]},{\"@type\":\"WebSite\",\"@id\":\"https:\\\/\\\/regalanimals.ch\\\/#website\",\"url\":\"https:\\\/\\\/regalanimals.ch\\\/\",\"name\":\"R\u00e9gal Animals\",\"description\":\"Alimentation et articles de qualit\u00e9 pour chats, chiens et furets\",\"publisher\":{\"@id\":\"https:\\\/\\\/regalanimals.ch\\\/#organization\"},\"potentialAction\":[{\"@type\":\"SearchAction\",\"target\":{\"@type\":\"EntryPoint\",\"urlTemplate\":\"https:\\\/\\\/regalanimals.ch\\\/?s={search_term_string}\"},\"query-input\":{\"@type\":\"PropertyValueSpecification\",\"valueRequired\":true,\"valueName\":\"search_term_string\"}}],\"inLanguage\":\"en-GB\"},{\"@type\":\"Organization\",\"@id\":\"https:\\\/\\\/regalanimals.ch\\\/#organization\",\"name\":\"R\u00e9gal Animals\",\"url\":\"https:\\\/\\\/regalanimals.ch\\\/\",\"logo\":{\"@type\":\"ImageObject\",\"inLanguage\":\"en-GB\",\"@id\":\"https:\\\/\\\/regalanimals.ch\\\/#\\\/schema\\\/logo\\\/image\\\/\",\"url\":\"https:\\\/\\\/regalanimals.ch\\\/wp-content\\\/uploads\\\/2025\\\/04\\\/cropped-Logo-site-e1744634610403-1.webp\",\"contentUrl\":\"https:\\\/\\\/regalanimals.ch\\\/wp-content\\\/uploads\\\/2025\\\/04\\\/cropped-Logo-site-e1744634610403-1.webp\",\"width\":512,\"height\":512,\"caption\":\"R\u00e9gal Animals\"},\"image\":{\"@id\":\"https:\\\/\\\/regalanimals.ch\\\/#\\\/schema\\\/logo\\\/image\\\/\"}}]}<\/script>\n<!-- \/ Yoast SEO Premium plugin. -->","yoast_head_json":{"title":"Meat Sausages for Dogs \u2013 4 Gourmet Flavors","description":"Treat your dog to a healthy and tasty snack! Meat sausages for dogs are ideal for training or a special bonding moment.","robots":{"index":"index","follow":"follow","max-snippet":"max-snippet:-1","max-image-preview":"max-image-preview:large","max-video-preview":"max-video-preview:-1"},"canonical":"https:\/\/regalanimals.ch\/en\/product-2\/saucisses-de-viande-pour-chien\/","og_locale":"en_GB","og_type":"article","og_title":"Saucisses de viande pour chien (1 kg)","og_description":"Offrez \u00e0 votre chien une friandise saine et pleine de go\u00fbt ! Les saucisses de viande pour chien sont id\u00e9ales pour l\u2019\u00e9ducation ou un moment complice.","og_url":"https:\/\/regalanimals.ch\/en\/product-2\/saucisses-de-viande-pour-chien\/","og_site_name":"R\u00e9gal&#039;Animals","article_modified_time":"2026-03-22T22:51:30+00:00","og_image":[{"width":358,"height":300,"url":"https:\/\/regalanimals.ch\/wp-content\/uploads\/2024\/12\/Saucisses-de-viande-pour-chiens.webp","type":"image\/webp"}],"twitter_card":"summary_large_image","twitter_misc":{"Estimated reading time":"6 minutes"},"schema":{"@context":"https:\/\/schema.org","@graph":[{"@type":"WebPage","@id":"https:\/\/regalanimals.ch\/product\/saucisses-de-viande-pour-chien\/","url":"https:\/\/regalanimals.ch\/product\/saucisses-de-viande-pour-chien\/","name":"Meat Sausages for Dogs \u2013 4 Gourmet Flavors","isPartOf":{"@id":"https:\/\/regalanimals.ch\/#website"},"primaryImageOfPage":{"@id":"https:\/\/regalanimals.ch\/product\/saucisses-de-viande-pour-chien\/#primaryimage"},"image":{"@id":"https:\/\/regalanimals.ch\/product\/saucisses-de-viande-pour-chien\/#primaryimage"},"thumbnailUrl":"https:\/\/regalanimals.ch\/wp-content\/uploads\/2024\/12\/Saucisses-de-viande-pour-chiens.webp","datePublished":"2024-12-13T11:38:55+00:00","dateModified":"2026-03-22T22:51:30+00:00","description":"Treat your dog to a healthy and tasty snack! Meat sausages for dogs are ideal for training or a special bonding moment.","breadcrumb":{"@id":"https:\/\/regalanimals.ch\/product\/saucisses-de-viande-pour-chien\/#breadcrumb"},"inLanguage":"en-GB","potentialAction":[{"@type":"ReadAction","target":["https:\/\/regalanimals.ch\/product\/saucisses-de-viande-pour-chien\/"]}]},{"@type":"ImageObject","inLanguage":"en-GB","@id":"https:\/\/regalanimals.ch\/product\/saucisses-de-viande-pour-chien\/#primaryimage","url":"https:\/\/regalanimals.ch\/wp-content\/uploads\/2024\/12\/Saucisses-de-viande-pour-chiens.webp","contentUrl":"https:\/\/regalanimals.ch\/wp-content\/uploads\/2024\/12\/Saucisses-de-viande-pour-chiens.webp","width":358,"height":300,"caption":"Saucisses de viande pour chien \u2013 Friandises naturelles et savoureuses, parfaites pour l\u2019\u00e9ducation et la r\u00e9compense."},{"@type":"BreadcrumbList","@id":"https:\/\/regalanimals.ch\/product\/saucisses-de-viande-pour-chien\/#breadcrumb","itemListElement":[{"@type":"ListItem","position":1,"name":"Home","item":"https:\/\/regalanimals.ch\/"},{"@type":"ListItem","position":2,"name":"Boutique","item":"https:\/\/regalanimals.ch\/shop\/"},{"@type":"ListItem","position":3,"name":"Saucisses de viande pour chien (1 kg)"}]},{"@type":"WebSite","@id":"https:\/\/regalanimals.ch\/#website","url":"https:\/\/regalanimals.ch\/","name":"Animals Feast","description":"Quality food and supplies for cats, dogs and ferrets","publisher":{"@id":"https:\/\/regalanimals.ch\/#organization"},"potentialAction":[{"@type":"SearchAction","target":{"@type":"EntryPoint","urlTemplate":"https:\/\/regalanimals.ch\/?s={search_term_string}"},"query-input":{"@type":"PropertyValueSpecification","valueRequired":true,"valueName":"search_term_string"}}],"inLanguage":"en-GB"},{"@type":"Organization","@id":"https:\/\/regalanimals.ch\/#organization","name":"Animals Feast","url":"https:\/\/regalanimals.ch\/","logo":{"@type":"ImageObject","inLanguage":"en-GB","@id":"https:\/\/regalanimals.ch\/#\/schema\/logo\/image\/","url":"https:\/\/regalanimals.ch\/wp-content\/uploads\/2025\/04\/cropped-Logo-site-e1744634610403-1.webp","contentUrl":"https:\/\/regalanimals.ch\/wp-content\/uploads\/2025\/04\/cropped-Logo-site-e1744634610403-1.webp","width":512,"height":512,"caption":"R\u00e9gal Animals"},"image":{"@id":"https:\/\/regalanimals.ch\/#\/schema\/logo\/image\/"}}]}},"_links":{"self":[{"href":"https:\/\/regalanimals.ch\/en\/wp-json\/wp\/v2\/product\/31714","targetHints":{"allow":["GET"]}}],"collection":[{"href":"https:\/\/regalanimals.ch\/en\/wp-json\/wp\/v2\/product"}],"about":[{"href":"https:\/\/regalanimals.ch\/en\/wp-json\/wp\/v2\/types\/product"}],"replies":[{"embeddable":true,"href":"https:\/\/regalanimals.ch\/en\/wp-json\/wp\/v2\/comments?post=31714"}],"wp:featuredmedia":[{"embeddable":true,"href":"https:\/\/regalanimals.ch\/en\/wp-json\/wp\/v2\/media\/39678"}],"wp:attachment":[{"href":"https:\/\/regalanimals.ch\/en\/wp-json\/wp\/v2\/media?parent=31714"}],"wp:term":[{"taxonomy":"product_brand","embeddable":true,"href":"https:\/\/regalanimals.ch\/en\/wp-json\/wp\/v2\/product_brand?post=31714"},{"taxonomy":"product_cat","embeddable":true,"href":"https:\/\/regalanimals.ch\/en\/wp-json\/wp\/v2\/product_cat?post=31714"},{"taxonomy":"product_tag","embeddable":true,"href":"https:\/\/regalanimals.ch\/en\/wp-json\/wp\/v2\/product_tag?post=31714"}],"curies":[{"name":"wp","href":"https:\/\/api.w.org\/{rel}","templated":true}]}}