{"id":31775,"date":"2024-12-20T14:07:01","date_gmt":"2024-12-20T13:07:01","guid":{"rendered":"https:\/\/regalanimals.geekworkers.dev\/?post_type=product&#038;p=31775"},"modified":"2026-04-01T22:44:12","modified_gmt":"2026-04-01T20:44:12","slug":"joue-de-boeuf-roulee","status":"publish","type":"product","link":"https:\/\/regalanimals.ch\/en\/product\/joue-de-boeuf-roulee\/","title":{"rendered":"Joue de B\u0153uf Roul\u00e9e (5 pi\u00e8ces)"},"content":{"rendered":"<h2 data-start=\"695\" data-end=\"723\">Rolled Beef Cheek \ud83d\udc36<\/h2>\n<h3 data-start=\"725\" data-end=\"794\">An XXL treat measuring 30cm for unparalleled chewing pleasure<\/h3>\n<p data-start=\"796\" data-end=\"1542\">The Rolled Beef Cheek is an XXL treat designed to offer your dog a long, intense, and completely natural chewing experience. Made from the inside of a beef cheek, it has a firm and durable texture that&#039;s enjoyable for all levels of chewers. It&#039;s carefully cleaned with water, then treated with a natural process using walnut shells. This cleaning is done without any chemicals. The cheek is then rolled and slowly dried to create a robust chew that dogs of all sizes will love. In short, this long and durable treat satisfies the natural chewing instinct while providing an irresistible taste experience.<\/p>\n<hr data-start=\"1544\" data-end=\"1547\" \/>\n<h2 data-start=\"1549\" data-end=\"1609\"><strong data-start=\"1551\" data-end=\"1609\">Chewing is a healthy activity \ud83e\uddb7<\/strong><\/h2>\n<p data-start=\"1611\" data-end=\"2307\">This Rolled Beef Cheek is more digestible than many traditional chews, making it a reassuring treat for sensitive dogs. Furthermore, chewing is a calming activity: it reduces stress, keeps the dog occupied, and helps alleviate boredom. Thanks to its high natural protein content, this treat also supports the maintenance and development of muscle mass. Thus, this chew combines pleasure, usefulness, and well-being.<\/p>\n<hr data-start=\"2309\" data-end=\"2312\" \/>\n<h2 data-start=\"2314\" data-end=\"2369\">A chew toy suitable for large dogs \ud83d\udc36<\/h2>\n<p data-start=\"2371\" data-end=\"3138\">Larger dogs will appreciate its exceptional durability, as this treat is designed to withstand even the most enthusiastic chewers for a long time. Furthermore, offering this chew to your puppy can be an excellent idea, provided their teeth are already strong enough for a product of this size. In short, it&#039;s a versatile and robust treat, perfectly suited to their natural chewing needs.<\/p>\n<hr data-start=\"3140\" data-end=\"3143\" \/>\n<h2 data-start=\"3145\" data-end=\"3201\"><strong data-start=\"3147\" data-end=\"3201\">A convenient format for a lasting treat \ud83d\udce6<\/strong><\/h2>\n<p data-start=\"3203\" data-end=\"3740\">This economical format allows you to offer your dog a long-lasting and satisfying treat. It will keep them occupied for a while and satisfy their daily need to chew. Thanks to its durability and 100% natural composition, this treat is an excellent alternative to toys or less digestible artificial products.<\/p>\n<hr data-start=\"3742\" data-end=\"3745\" \/>\n<h2 data-start=\"3747\" data-end=\"3775\"><strong data-start=\"3749\" data-end=\"3775\">Frequently Asked Questions \ud83d\udc3e<\/strong><\/h2>\n<h3>\u2753 Still hesitating? Here are the answers to the most common questions about Rolled Beef Cheek.<\/h3>\n<h4>\u27a1\ufe0f What are beef cheek rolls for dogs?<\/h4>\n<p data-start=\"3955\" data-end=\"4164\">These are natural treats made from beef cheek muscle. They are dried, rolled, and designed to provide a durable chewable item, suitable for a dog&#039;s instinctive chewing.<\/p>\n<h4>\u27a1\ufe0f Are the rollers suitable for all dogs?<\/h4>\n<p data-start=\"4223\" data-end=\"4432\">Yes, they are suitable for most healthy adult dogs. However, it is still best to supervise your pet to prevent any risk of choking, as with any chew treat.<\/p>\n<h4 data-start=\"4434\" data-end=\"4483\">\u27a1\ufe0f What is the lifespan of a roller?<\/h4>\n<p data-start=\"4484\" data-end=\"4707\">These rolls are very durable and last longer than most other chew toys. They can provide several days, or even several weeks, of enjoyment depending on the size and intensity of chewing.<\/p>\n<hr data-start=\"4709\" data-end=\"4712\" \/>\n<h2 data-start=\"4714\" data-end=\"4744\">\ud83d\udca6 R\u00e9gal&#039;Animals Advice \ud83d\udc9a<\/h2>\n<p data-start=\"4746\" data-end=\"5141\">Offer this Rolled Beef Cheek in a calm environment so your dog can fully concentrate on chewing. This way, they enjoy a soothing moment while satisfying their natural gnawing instinct. This activity keeps them occupied, strengthens their teeth, and allows them to release energy in a healthy and controlled way. \ud83d\udc9a<\/p>\n<hr data-start=\"5143\" data-end=\"5146\" \/>\n<h4 data-start=\"5148\" data-end=\"5213\">\u27a1\ufe0f Do the rolls offer any nutritional benefits?<\/h4>\n<p data-start=\"5214\" data-end=\"5361\">Yes, they are an excellent natural source of protein, an essential nutrient for both active and calmer dogs.<\/p>\n<h4 data-start=\"5363\" data-end=\"5418\">\u27a1\ufe0f Do rollers improve dental health?<\/h4>\n<p data-start=\"5419\" data-end=\"5540\">Absolutely. Their firm texture promotes the removal of plaque and tartar, thus supporting oral health.<\/p>\n<h4 data-start=\"5542\" data-end=\"5569\">\u27a1\ufe0f Are they easy to digest?<\/h4>\n<p data-start=\"5570\" data-end=\"5669\">Yes, Rolled Beef Cheek is very digestible and suitable even for dogs with sensitive stomachs.<\/p>\n<h4 data-start=\"5671\" data-end=\"5702\">\u27a1\ufe0f What size should I choose?<\/h4>\n<p data-start=\"5703\" data-end=\"5922\">It is advisable to choose a roller suited to the size of your dog. If in doubt, it&#039;s best to opt for a larger size. Our standard size of 25\/30 cm is perfectly suitable for most dogs.<\/p>\n<h4 data-start=\"5924\" data-end=\"5966\">\u27a1\ufe0f Can puppies eat it?<\/h4>\n<p data-start=\"5967\" data-end=\"6097\">Yes, but only under supervision. The rolls are long and firm, making them especially suitable for puppies. <strong data-start=\"658\" data-end=\"675\">large size<\/strong>, They are already used to chewing on tough items. Furthermore, their teeth need to be strong enough. Otherwise, they could injure themselves or break a tooth. If your puppy is still young or has incomplete teeth, it&#039;s best to wait before offering them such a robust treat.<\/p>\n<h4 data-start=\"6099\" data-end=\"6137\">\u27a1\ufe0f How often should it be given?<\/h4>\n<p data-start=\"6138\" data-end=\"6258\">This is a supplementary treat. It should not exceed 10% of your dog&#039;s daily calorie intake.<\/p>\n<h4 data-start=\"6260\" data-end=\"6305\">\u27a1\ufe0f Do the rollers give off an odor?<\/h4>\n<p data-start=\"6306\" data-end=\"6387\">They have a faint odor, making them perfectly usable indoors.<\/p>\n<hr data-start=\"6389\" data-end=\"6392\" \/>\n<h4 data-start=\"6394\" data-end=\"6411\"><strong data-start=\"6396\" data-end=\"6411\">Composition<\/strong><\/h4>\n<p data-start=\"6413\" data-end=\"6423\">100 % beef<\/p>\n<h4 data-start=\"6425\" data-end=\"6455\"><strong data-start=\"6427\" data-end=\"6455\">Analytical constituents<\/strong><\/h4>\n<p data-start=\"6457\" data-end=\"6586\">Crude protein: 71.6 %<br data-start=\"6480\" data-end=\"6483\" \/>Crude fat: 13.5 %<br data-start=\"6515\" data-end=\"6518\" \/>Mineral matter: 4.86 %<br data-start=\"6545\" data-end=\"6548\" \/>Raw fibers: \u2013 %<br data-start=\"6567\" data-end=\"6570\" \/>Humidity: 9.5 %<\/p>\n<p>&nbsp;<\/p>\n<p>&nbsp;<\/p>\n<p><a href=\"https:\/\/regalanimals.ch\/en\/product-2\/bois-de-cerf-tranche\/\">Suggestion for him<\/a><a href=\"https:\/\/www.instagram.com\/p\/DHx-8yHpRZC\/\">Satisfied customer!<\/a><\/p>","protected":false},"excerpt":{"rendered":"<p>Joue de B\u0153uf Roul\u00e9e \ud83d\udc36 Une friandise XXL de 30 cm pour un plaisir de mastication in\u00e9gal\u00e9 La Joue de B\u0153uf Roul\u00e9e est une friandise XXL pens\u00e9e pour offrir \u00e0 votre chien un moment de mastication long, intense et totalement naturel. Elle est fabriqu\u00e9e \u00e0 partir de la joue interne du b\u0153uf, ce qui lui [&hellip;]<\/p>\n","protected":false},"featured_media":38219,"menu_order":0,"comment_status":"open","ping_status":"closed","template":"","meta":[],"product_brand":[],"product_cat":[231,24],"product_tag":[],"class_list":{"0":"post-31775","1":"product","2":"type-product","3":"status-publish","4":"has-post-thumbnail","6":"product_cat-a-ronger","7":"product_cat-chiens","9":"first","10":"instock","11":"taxable","12":"shipping-taxable","13":"purchasable","14":"product-type-simple"},"yoast_head":"<!-- This site is optimized with the Yoast SEO Premium plugin v27.3 (Yoast SEO v27.3) - https:\/\/yoast.com\/product\/yoast-seo-premium-wordpress\/ -->\n<title>Joue de B\u0153uf Roul\u00e9e, laissez-le succomber \u00e0 la tentation !<\/title>\n<meta name=\"description\" content=\"Une friandise XXL faite pour durer. La Joue de B\u0153uf Roul\u00e9e de 30 cm offre aux m\u00e2cheurs experts un d\u00e9fi gourmand et des heures de plaisir naturel.\" \/>\n<meta name=\"robots\" content=\"index, follow, max-snippet:-1, max-image-preview:large, max-video-preview:-1\" \/>\n<link rel=\"canonical\" href=\"https:\/\/regalanimals.ch\/en\/product-2\/joue-de-boeuf-roulee\/\" \/>\n<meta property=\"og:locale\" content=\"en_GB\" \/>\n<meta property=\"og:type\" content=\"article\" \/>\n<meta property=\"og:title\" content=\"Joue de B\u0153uf Roul\u00e9e (5 pi\u00e8ces)\" \/>\n<meta property=\"og:description\" content=\"Une friandise XXL faite pour durer. La Joue de B\u0153uf Roul\u00e9e de 30 cm offre aux m\u00e2cheurs experts un d\u00e9fi gourmand et des heures de plaisir naturel.\" \/>\n<meta property=\"og:url\" content=\"https:\/\/regalanimals.ch\/en\/product-2\/joue-de-boeuf-roulee\/\" \/>\n<meta property=\"og:site_name\" content=\"R\u00e9gal&#039;Animals\" \/>\n<meta property=\"article:modified_time\" content=\"2026-04-01T20:44:12+00:00\" \/>\n<meta property=\"og:image\" content=\"https:\/\/regalanimals.ch\/wp-content\/uploads\/2025\/08\/Joue-de-boeuf-roulee.webp\" \/>\n\t<meta property=\"og:image:width\" content=\"940\" \/>\n\t<meta property=\"og:image:height\" content=\"788\" \/>\n\t<meta property=\"og:image:type\" content=\"image\/webp\" \/>\n<meta name=\"twitter:card\" content=\"summary_large_image\" \/>\n<meta name=\"twitter:label1\" content=\"Estimated reading time\" \/>\n\t<meta name=\"twitter:data1\" content=\"5 minutes\" \/>\n<script type=\"application\/ld+json\" class=\"yoast-schema-graph\">{\"@context\":\"https:\\\/\\\/schema.org\",\"@graph\":[{\"@type\":\"WebPage\",\"@id\":\"https:\\\/\\\/regalanimals.ch\\\/product\\\/joue-de-boeuf-roulee\\\/\",\"url\":\"https:\\\/\\\/regalanimals.ch\\\/product\\\/joue-de-boeuf-roulee\\\/\",\"name\":\"Joue de B\u0153uf Roul\u00e9e, laissez-le succomber \u00e0 la tentation !\",\"isPartOf\":{\"@id\":\"https:\\\/\\\/regalanimals.ch\\\/#website\"},\"primaryImageOfPage\":{\"@id\":\"https:\\\/\\\/regalanimals.ch\\\/product\\\/joue-de-boeuf-roulee\\\/#primaryimage\"},\"image\":{\"@id\":\"https:\\\/\\\/regalanimals.ch\\\/product\\\/joue-de-boeuf-roulee\\\/#primaryimage\"},\"thumbnailUrl\":\"https:\\\/\\\/regalanimals.ch\\\/wp-content\\\/uploads\\\/2025\\\/08\\\/Joue-de-boeuf-roulee.webp\",\"datePublished\":\"2024-12-20T13:07:01+00:00\",\"dateModified\":\"2026-04-01T20:44:12+00:00\",\"description\":\"Une friandise XXL faite pour durer. La Joue de B\u0153uf Roul\u00e9e de 30 cm offre aux m\u00e2cheurs experts un d\u00e9fi gourmand et des heures de plaisir naturel.\",\"breadcrumb\":{\"@id\":\"https:\\\/\\\/regalanimals.ch\\\/product\\\/joue-de-boeuf-roulee\\\/#breadcrumb\"},\"inLanguage\":\"en-GB\",\"potentialAction\":[{\"@type\":\"ReadAction\",\"target\":[\"https:\\\/\\\/regalanimals.ch\\\/product\\\/joue-de-boeuf-roulee\\\/\"]}]},{\"@type\":\"ImageObject\",\"inLanguage\":\"en-GB\",\"@id\":\"https:\\\/\\\/regalanimals.ch\\\/product\\\/joue-de-boeuf-roulee\\\/#primaryimage\",\"url\":\"https:\\\/\\\/regalanimals.ch\\\/wp-content\\\/uploads\\\/2025\\\/08\\\/Joue-de-boeuf-roulee.webp\",\"contentUrl\":\"https:\\\/\\\/regalanimals.ch\\\/wp-content\\\/uploads\\\/2025\\\/08\\\/Joue-de-boeuf-roulee.webp\",\"width\":940,\"height\":788,\"caption\":\"Joue de B\u0153uf Roul\u00e9e \u2013 friandise XXL \u00e0 m\u00e2cher pour chien.\"},{\"@type\":\"BreadcrumbList\",\"@id\":\"https:\\\/\\\/regalanimals.ch\\\/product\\\/joue-de-boeuf-roulee\\\/#breadcrumb\",\"itemListElement\":[{\"@type\":\"ListItem\",\"position\":1,\"name\":\"Home\",\"item\":\"https:\\\/\\\/regalanimals.ch\\\/\"},{\"@type\":\"ListItem\",\"position\":2,\"name\":\"Boutique\",\"item\":\"https:\\\/\\\/regalanimals.ch\\\/shop\\\/\"},{\"@type\":\"ListItem\",\"position\":3,\"name\":\"Joue de B\u0153uf Roul\u00e9e (5 pi\u00e8ces)\"}]},{\"@type\":\"WebSite\",\"@id\":\"https:\\\/\\\/regalanimals.ch\\\/#website\",\"url\":\"https:\\\/\\\/regalanimals.ch\\\/\",\"name\":\"R\u00e9gal Animals\",\"description\":\"Alimentation et articles de qualit\u00e9 pour chats, chiens et furets\",\"publisher\":{\"@id\":\"https:\\\/\\\/regalanimals.ch\\\/#organization\"},\"potentialAction\":[{\"@type\":\"SearchAction\",\"target\":{\"@type\":\"EntryPoint\",\"urlTemplate\":\"https:\\\/\\\/regalanimals.ch\\\/?s={search_term_string}\"},\"query-input\":{\"@type\":\"PropertyValueSpecification\",\"valueRequired\":true,\"valueName\":\"search_term_string\"}}],\"inLanguage\":\"en-GB\"},{\"@type\":\"Organization\",\"@id\":\"https:\\\/\\\/regalanimals.ch\\\/#organization\",\"name\":\"R\u00e9gal Animals\",\"url\":\"https:\\\/\\\/regalanimals.ch\\\/\",\"logo\":{\"@type\":\"ImageObject\",\"inLanguage\":\"en-GB\",\"@id\":\"https:\\\/\\\/regalanimals.ch\\\/#\\\/schema\\\/logo\\\/image\\\/\",\"url\":\"https:\\\/\\\/regalanimals.ch\\\/wp-content\\\/uploads\\\/2025\\\/04\\\/cropped-Logo-site-e1744634610403-1.webp\",\"contentUrl\":\"https:\\\/\\\/regalanimals.ch\\\/wp-content\\\/uploads\\\/2025\\\/04\\\/cropped-Logo-site-e1744634610403-1.webp\",\"width\":512,\"height\":512,\"caption\":\"R\u00e9gal Animals\"},\"image\":{\"@id\":\"https:\\\/\\\/regalanimals.ch\\\/#\\\/schema\\\/logo\\\/image\\\/\"}}]}<\/script>\n<!-- \/ Yoast SEO Premium plugin. -->","yoast_head_json":{"title":"Rolled Beef Cheek, let him succumb to temptation!","description":"An XXL treat made to last. The 30cm Rolled Beef Cheek offers expert chewers a gourmet challenge and hours of natural enjoyment.","robots":{"index":"index","follow":"follow","max-snippet":"max-snippet:-1","max-image-preview":"max-image-preview:large","max-video-preview":"max-video-preview:-1"},"canonical":"https:\/\/regalanimals.ch\/en\/product-2\/joue-de-boeuf-roulee\/","og_locale":"en_GB","og_type":"article","og_title":"Joue de B\u0153uf Roul\u00e9e (5 pi\u00e8ces)","og_description":"Une friandise XXL faite pour durer. La Joue de B\u0153uf Roul\u00e9e de 30 cm offre aux m\u00e2cheurs experts un d\u00e9fi gourmand et des heures de plaisir naturel.","og_url":"https:\/\/regalanimals.ch\/en\/product-2\/joue-de-boeuf-roulee\/","og_site_name":"R\u00e9gal&#039;Animals","article_modified_time":"2026-04-01T20:44:12+00:00","og_image":[{"width":940,"height":788,"url":"https:\/\/regalanimals.ch\/wp-content\/uploads\/2025\/08\/Joue-de-boeuf-roulee.webp","type":"image\/webp"}],"twitter_card":"summary_large_image","twitter_misc":{"Estimated reading time":"5 minutes"},"schema":{"@context":"https:\/\/schema.org","@graph":[{"@type":"WebPage","@id":"https:\/\/regalanimals.ch\/product\/joue-de-boeuf-roulee\/","url":"https:\/\/regalanimals.ch\/product\/joue-de-boeuf-roulee\/","name":"Rolled Beef Cheek, let him succumb to temptation!","isPartOf":{"@id":"https:\/\/regalanimals.ch\/#website"},"primaryImageOfPage":{"@id":"https:\/\/regalanimals.ch\/product\/joue-de-boeuf-roulee\/#primaryimage"},"image":{"@id":"https:\/\/regalanimals.ch\/product\/joue-de-boeuf-roulee\/#primaryimage"},"thumbnailUrl":"https:\/\/regalanimals.ch\/wp-content\/uploads\/2025\/08\/Joue-de-boeuf-roulee.webp","datePublished":"2024-12-20T13:07:01+00:00","dateModified":"2026-04-01T20:44:12+00:00","description":"An XXL treat made to last. The 30cm Rolled Beef Cheek offers expert chewers a gourmet challenge and hours of natural enjoyment.","breadcrumb":{"@id":"https:\/\/regalanimals.ch\/product\/joue-de-boeuf-roulee\/#breadcrumb"},"inLanguage":"en-GB","potentialAction":[{"@type":"ReadAction","target":["https:\/\/regalanimals.ch\/product\/joue-de-boeuf-roulee\/"]}]},{"@type":"ImageObject","inLanguage":"en-GB","@id":"https:\/\/regalanimals.ch\/product\/joue-de-boeuf-roulee\/#primaryimage","url":"https:\/\/regalanimals.ch\/wp-content\/uploads\/2025\/08\/Joue-de-boeuf-roulee.webp","contentUrl":"https:\/\/regalanimals.ch\/wp-content\/uploads\/2025\/08\/Joue-de-boeuf-roulee.webp","width":940,"height":788,"caption":"Joue de B\u0153uf Roul\u00e9e \u2013 friandise XXL \u00e0 m\u00e2cher pour chien."},{"@type":"BreadcrumbList","@id":"https:\/\/regalanimals.ch\/product\/joue-de-boeuf-roulee\/#breadcrumb","itemListElement":[{"@type":"ListItem","position":1,"name":"Home","item":"https:\/\/regalanimals.ch\/"},{"@type":"ListItem","position":2,"name":"Boutique","item":"https:\/\/regalanimals.ch\/shop\/"},{"@type":"ListItem","position":3,"name":"Joue de B\u0153uf Roul\u00e9e (5 pi\u00e8ces)"}]},{"@type":"WebSite","@id":"https:\/\/regalanimals.ch\/#website","url":"https:\/\/regalanimals.ch\/","name":"Animals Feast","description":"Quality food and supplies for cats, dogs and ferrets","publisher":{"@id":"https:\/\/regalanimals.ch\/#organization"},"potentialAction":[{"@type":"SearchAction","target":{"@type":"EntryPoint","urlTemplate":"https:\/\/regalanimals.ch\/?s={search_term_string}"},"query-input":{"@type":"PropertyValueSpecification","valueRequired":true,"valueName":"search_term_string"}}],"inLanguage":"en-GB"},{"@type":"Organization","@id":"https:\/\/regalanimals.ch\/#organization","name":"Animals Feast","url":"https:\/\/regalanimals.ch\/","logo":{"@type":"ImageObject","inLanguage":"en-GB","@id":"https:\/\/regalanimals.ch\/#\/schema\/logo\/image\/","url":"https:\/\/regalanimals.ch\/wp-content\/uploads\/2025\/04\/cropped-Logo-site-e1744634610403-1.webp","contentUrl":"https:\/\/regalanimals.ch\/wp-content\/uploads\/2025\/04\/cropped-Logo-site-e1744634610403-1.webp","width":512,"height":512,"caption":"R\u00e9gal Animals"},"image":{"@id":"https:\/\/regalanimals.ch\/#\/schema\/logo\/image\/"}}]}},"_links":{"self":[{"href":"https:\/\/regalanimals.ch\/en\/wp-json\/wp\/v2\/product\/31775","targetHints":{"allow":["GET"]}}],"collection":[{"href":"https:\/\/regalanimals.ch\/en\/wp-json\/wp\/v2\/product"}],"about":[{"href":"https:\/\/regalanimals.ch\/en\/wp-json\/wp\/v2\/types\/product"}],"replies":[{"embeddable":true,"href":"https:\/\/regalanimals.ch\/en\/wp-json\/wp\/v2\/comments?post=31775"}],"wp:featuredmedia":[{"embeddable":true,"href":"https:\/\/regalanimals.ch\/en\/wp-json\/wp\/v2\/media\/38219"}],"wp:attachment":[{"href":"https:\/\/regalanimals.ch\/en\/wp-json\/wp\/v2\/media?parent=31775"}],"wp:term":[{"taxonomy":"product_brand","embeddable":true,"href":"https:\/\/regalanimals.ch\/en\/wp-json\/wp\/v2\/product_brand?post=31775"},{"taxonomy":"product_cat","embeddable":true,"href":"https:\/\/regalanimals.ch\/en\/wp-json\/wp\/v2\/product_cat?post=31775"},{"taxonomy":"product_tag","embeddable":true,"href":"https:\/\/regalanimals.ch\/en\/wp-json\/wp\/v2\/product_tag?post=31775"}],"curies":[{"name":"wp","href":"https:\/\/api.w.org\/{rel}","templated":true}]}}