{"id":32172,"date":"2025-02-23T12:00:56","date_gmt":"2025-02-23T11:00:56","guid":{"rendered":"https:\/\/regalanimals.geekworkers.dev\/?post_type=product&#038;p=32172"},"modified":"2026-03-25T18:58:04","modified_gmt":"2026-03-25T17:58:04","slug":"effilochees-poulet-et-riz","status":"publish","type":"product","link":"https:\/\/regalanimals.ch\/en\/product\/effilochees-poulet-et-riz\/","title":{"rendered":"Chicken and rice flakes"},"content":{"rendered":"<footer>\n<h2 data-start=\"605\" data-end=\"639\"><strong data-start=\"607\" data-end=\"639\">Shredded Chicken and Rice \ud83d\udc31<\/strong><\/h2>\n<h3 data-start=\"641\" data-end=\"727\">A tender, single-protein cat food, perfect for adding variety to your cat&#039;s diet.<\/h3>\n<p data-start=\"729\" data-end=\"1393\">Shredded Chicken and Rice offers your cat a tasty, natural, and easy-to-enjoy wet food. Made with real pieces of chicken, this food has a shredded texture that immediately appeals to felines. It&#039;s easy to chew, releases a delicate aroma, and offers a tender taste that pleases even the pickiest cats. Furthermore, this single-protein recipe perfectly meets their essential nutritional needs while adding a new flavor to their daily diet. So, your companion enjoys a more varied, more palatable wet food every day, perfectly suited to their well-being.<\/p>\n<hr data-start=\"1206\" data-end=\"1209\" \/>\n<h2 data-start=\"1400\" data-end=\"1479\"><strong data-start=\"1402\" data-end=\"1479\">A complete, gluten-free and balanced recipe for adult cats \ud83d\udc3e<\/strong><\/h2>\n<p data-start=\"1481\" data-end=\"2187\">This gluten-free wet cat food was developed by nutritionists specializing in feline nutrition. Thanks to its simple composition \u2013 chicken, rice, broth, and minerals \u2013 it provides easily digestible, natural ingredients selected for their high quality. It also supplies the vitamins, nutrients, and taurine necessary for daily life, contributing to the proper functioning of your cat&#039;s body. Furthermore, this wet food is very easy to digest, making it a reassuring choice for adult cats, even those with sensitive stomachs. In short, it represents a healthy, gentle wet food perfectly suited to their physiological needs.<\/p>\n<hr data-start=\"1787\" data-end=\"1790\" \/>\n<h2 data-start=\"1792\" data-end=\"1861\"><strong data-start=\"1794\" data-end=\"1861\">Wet food that supports proper cat hydration \ud83d\udca7<\/strong><\/h2>\n<p data-start=\"1863\" data-end=\"2437\">Cats don&#039;t drink much, as in the wild they get most of their water from their prey. When they eat only dry food, their water intake is often insufficient, which can lead to various urinary problems. For this reason, it becomes essential to add high-quality wet food to their routine. Furthermore, a wet cat food rich in water, such as Shredded Chicken and Rice, helps to naturally boost their hydration throughout the year. This way, your feline friend enjoys a meal that is both delicious, gluten-free, and particularly beneficial to their health.<\/p>\n<hr data-start=\"2439\" data-end=\"2442\" \/>\n<h2 data-start=\"2444\" data-end=\"2512\"><strong data-start=\"2446\" data-end=\"2512\">A delicious gluten-free p\u00e2t\u00e9 to add variety to your daily diet \ud83c\udf57<\/strong><\/h2>\n<p data-start=\"2514\" data-end=\"2916\">Made in France by Les Recettes de Daniel, Shredded Chicken and Rice offers cats a simple, digestible, and very palatable wet food. It perfectly complements their usual dry food and naturally increases the variety of their meals. Thanks to its single-protein, gluten-free recipe, it respects their digestive system while providing more flavor, hydration, and enjoyment. As a result, this cat food becomes an excellent option for enriching their diet and supporting their well-being, day after day.<\/p>\n<hr data-start=\"2918\" data-end=\"2921\" \/>\n<h2 data-start=\"2923\" data-end=\"2951\"><strong data-start=\"2925\" data-end=\"2951\">\ud83d\udc3e Frequently Asked Questions<\/strong><\/h2>\n<h3 data-start=\"2952\" data-end=\"3071\">\u2753 <strong data-start=\"2954\" data-end=\"3071\">Still hesitating? Here are the answers to the most common questions about Pulled Chicken and Rice.<\/strong><\/h3>\n<h4 data-start=\"3073\" data-end=\"3356\">\u27a1\ufe0f <strong data-start=\"3076\" data-end=\"3120\">Are they suitable for neutered cats?<\/strong><\/h4>\n<p data-start=\"3073\" data-end=\"3356\">Yes. This wet food is very suitable for adult and neutered cats. Moreover, its animal protein content and low fat content support their energy while respecting their specific needs.<\/p>\n<h4 data-start=\"3358\" data-end=\"3686\">\u27a1\ufe0f <strong data-start=\"3361\" data-end=\"3427\">Why do I need to give wet food every day?<\/strong><\/h4>\n<p data-start=\"3358\" data-end=\"3686\">Cats primarily get their hydration from their food. Therefore, offering them a daily gluten-free wet cat food, such as Shredded Chicken and Rice, supports kidney function, reduces the risk of urinary problems, and improves palatability. This makes a small amount of wet food each day a simple and highly beneficial habit.<\/p>\n<hr data-start=\"3688\" data-end=\"3691\" \/>\n<h2 data-start=\"3693\" data-end=\"3724\">\ud83d\udca6 <strong data-start=\"3696\" data-end=\"3721\">R\u00e9gal&#039;Animals Council<\/strong> \ud83d\udc9a<\/h2>\n<p data-start=\"3726\" data-end=\"4175\">Serve a small portion of this wet cat food on a flat plate, then place it in a different room than where you usually offer dry food. This way, your cat has to move around to enjoy its wet food. This little trip also stimulates its curiosity and encourages gentle activity. In this way, this trick improves its hydration. It also enriches its day and makes mealtimes an even more enjoyable experience. \ud83d\udc9a<\/p>\n<hr data-start=\"4177\" data-end=\"4180\" \/>\n<h4 data-start=\"4182\" data-end=\"4483\">\u27a1\ufe0f <strong data-start=\"4185\" data-end=\"4241\">Why can the appearance of the pieces vary?<\/strong><\/h4>\n<p data-start=\"4182\" data-end=\"4483\">Because it&#039;s made with natural ingredients, the appearance may vary slightly from one pouch to another. However, the quality, composition, and nutritional values remain the same. So your cat always enjoys a healthy and delicious cat food.<\/p>\n<h4 data-start=\"4485\" data-end=\"4659\">\u27a1\ufe0f <strong data-start=\"4488\" data-end=\"4526\">Can you give them wet food every day?<\/strong><\/h4>\n<p data-start=\"4485\" data-end=\"4659\">Yes. This complete, single-protein recipe can also be served daily, provided you respect the portions adapted to your cat.<\/p>\n<h4 data-start=\"4661\" data-end=\"4850\">\u27a1\ufe0f <strong data-start=\"4664\" data-end=\"4703\">How to store Shredded Chicken and Rice?<\/strong><\/h4>\n<p data-start=\"4661\" data-end=\"4850\">Before opening, store them in a cool, dry place. After opening, refrigerate and use within 48 hours.<\/p>\n<hr data-start=\"4852\" data-end=\"4855\" \/>\n<h4 data-start=\"4857\" data-end=\"4878\"><strong data-start=\"4861\" data-end=\"4876\">Composition<\/strong><\/h4>\n<p data-start=\"4879\" data-end=\"4941\">Chicken 75 %<br data-start=\"4890\" data-end=\"4893\" \/>Rice 3 %<br data-start=\"4900\" data-end=\"4903\" \/>Broth 21 %<br data-start=\"4916\" data-end=\"4919\" \/>Mineral substances<\/p>\n<h4 data-start=\"5079\" data-end=\"5113\"><strong data-start=\"5083\" data-end=\"5111\">Analytical constituents<\/strong><\/h4>\n<p data-start=\"5114\" data-end=\"5303\">Crude protein: 18 %<br data-start=\"5135\" data-end=\"5138\" \/>Crude fat: 0.5 %<br data-start=\"5169\" data-end=\"5172\" \/>Mineral matter: 0.7 %<br data-start=\"5198\" data-end=\"5201\" \/>Crude cellulose: 0.1 %<br data-start=\"5224\" data-end=\"5227\" \/>Humidity: 80 %<br data-start=\"5242\" data-end=\"5245\" \/>Carbohydrates: &lt; 1 %<br data-start=\"5261\" data-end=\"5264\" \/>Calcium: 0.10 %<br data-start=\"5280\" data-end=\"5283\" \/>Phosphorus: 0.12 %<\/p>\n<h4 data-start=\"4943\" data-end=\"4970\"><strong data-start=\"4947\" data-end=\"4968\">Additives (per kg)<\/strong><\/h4>\n<p data-start=\"4971\" data-end=\"5077\">Vitamin A 1000 IU<br data-start=\"4989\" data-end=\"4992\" \/>Vitamin D3 100 IU<br data-start=\"5010\" data-end=\"5013\" \/>Vitamin E 5 mg<br data-start=\"5028\" data-end=\"5031\" \/>Taurine 500 mg<br data-start=\"5045\" data-end=\"5048\" \/>Zinc 20 mg<br data-start=\"5058\" data-end=\"5061\" \/>Manganese 4 mg<\/p>\n<\/footer>\n<p><a href=\"https:\/\/regalanimals.ch\/en\/product-2\/patee-pour-chat-poulet\/\">Suggestion for him<\/a><\/p>","protected":false},"excerpt":{"rendered":"<p>Effiloch\u00e9es Poulet et Riz \ud83d\udc31 Une p\u00e2t\u00e9e pour chat tendre et monoprot\u00e9ique, parfaite pour varier son alimentation Les Effiloch\u00e9es Poulet et Riz offrent \u00e0 ton chat une p\u00e2t\u00e9e pour chat savoureuse, naturelle et facile \u00e0 appr\u00e9cier. Pr\u00e9par\u00e9e avec de v\u00e9ritables morceaux de poulet, cette nourriture humide pr\u00e9sente une texture effiloch\u00e9e qui attire imm\u00e9diatement les f\u00e9lins. [&hellip;]<\/p>\n","protected":false},"featured_media":39970,"menu_order":0,"comment_status":"open","ping_status":"closed","template":"","meta":[],"product_brand":[],"product_cat":[220,89,90,217],"product_tag":[],"class_list":{"0":"post-32172","1":"product","2":"type-product","3":"status-publish","4":"has-post-thumbnail","6":"product_cat-alimentation-furet","7":"product_cat-chats","8":"product_cat-furets","9":"product_cat-nourriture-humide-chat","11":"first","12":"instock","13":"taxable","14":"shipping-taxable","15":"purchasable","16":"product-type-variable"},"yoast_head":"<!-- This site is optimized with the Yoast SEO Premium plugin v27.3 (Yoast SEO v27.3) - https:\/\/yoast.com\/product\/yoast-seo-premium-wordpress\/ -->\n<title>Effiloch\u00e9es Poulet et Riz, une p\u00e2t\u00e9e pour chat sans gluten.<\/title>\n<meta name=\"description\" content=\"Une recette fran\u00e7aise \u00e9labor\u00e9e avec soin. Les Effiloch\u00e9es Poulet et Riz offrent une p\u00e2t\u00e9e monoprot\u00e9ique savoureuse et douce pour la digestion de votre chat.\" \/>\n<meta name=\"robots\" content=\"index, follow, max-snippet:-1, max-image-preview:large, max-video-preview:-1\" \/>\n<link rel=\"canonical\" href=\"https:\/\/regalanimals.ch\/en\/product-2\/effilochees-poulet-et-riz\/\" \/>\n<meta property=\"og:locale\" content=\"en_GB\" \/>\n<meta property=\"og:type\" content=\"article\" \/>\n<meta property=\"og:title\" content=\"Effiloch\u00e9es Poulet et Riz\" \/>\n<meta property=\"og:description\" content=\"Une recette fran\u00e7aise \u00e9labor\u00e9e avec soin. Les Effiloch\u00e9es Poulet et Riz offrent une p\u00e2t\u00e9e monoprot\u00e9ique savoureuse et douce pour la digestion de votre chat.\" \/>\n<meta property=\"og:url\" content=\"https:\/\/regalanimals.ch\/en\/product-2\/effilochees-poulet-et-riz\/\" \/>\n<meta property=\"og:site_name\" content=\"R\u00e9gal&#039;Animals\" \/>\n<meta property=\"article:modified_time\" content=\"2026-03-25T17:58:04+00:00\" \/>\n<meta property=\"og:image\" content=\"https:\/\/regalanimals.ch\/wp-content\/uploads\/2025\/11\/Effilochees-poulet-riz.webp\" \/>\n\t<meta property=\"og:image:width\" content=\"358\" \/>\n\t<meta property=\"og:image:height\" content=\"300\" \/>\n\t<meta property=\"og:image:type\" content=\"image\/webp\" \/>\n<meta name=\"twitter:card\" content=\"summary_large_image\" \/>\n<meta name=\"twitter:label1\" content=\"Estimated reading time\" \/>\n\t<meta name=\"twitter:data1\" content=\"5 minutes\" \/>\n<script type=\"application\/ld+json\" class=\"yoast-schema-graph\">{\"@context\":\"https:\\\/\\\/schema.org\",\"@graph\":[{\"@type\":\"WebPage\",\"@id\":\"https:\\\/\\\/regalanimals.ch\\\/product\\\/effilochees-poulet-et-riz\\\/\",\"url\":\"https:\\\/\\\/regalanimals.ch\\\/product\\\/effilochees-poulet-et-riz\\\/\",\"name\":\"Effiloch\u00e9es Poulet et Riz, une p\u00e2t\u00e9e pour chat sans gluten.\",\"isPartOf\":{\"@id\":\"https:\\\/\\\/regalanimals.ch\\\/#website\"},\"primaryImageOfPage\":{\"@id\":\"https:\\\/\\\/regalanimals.ch\\\/product\\\/effilochees-poulet-et-riz\\\/#primaryimage\"},\"image\":{\"@id\":\"https:\\\/\\\/regalanimals.ch\\\/product\\\/effilochees-poulet-et-riz\\\/#primaryimage\"},\"thumbnailUrl\":\"https:\\\/\\\/regalanimals.ch\\\/wp-content\\\/uploads\\\/2025\\\/11\\\/Effilochees-poulet-riz.webp\",\"datePublished\":\"2025-02-23T11:00:56+00:00\",\"dateModified\":\"2026-03-25T17:58:04+00:00\",\"description\":\"Une recette fran\u00e7aise \u00e9labor\u00e9e avec soin. Les Effiloch\u00e9es Poulet et Riz offrent une p\u00e2t\u00e9e monoprot\u00e9ique savoureuse et douce pour la digestion de votre chat.\",\"breadcrumb\":{\"@id\":\"https:\\\/\\\/regalanimals.ch\\\/product\\\/effilochees-poulet-et-riz\\\/#breadcrumb\"},\"inLanguage\":\"en-GB\",\"potentialAction\":[{\"@type\":\"ReadAction\",\"target\":[\"https:\\\/\\\/regalanimals.ch\\\/product\\\/effilochees-poulet-et-riz\\\/\"]}]},{\"@type\":\"ImageObject\",\"inLanguage\":\"en-GB\",\"@id\":\"https:\\\/\\\/regalanimals.ch\\\/product\\\/effilochees-poulet-et-riz\\\/#primaryimage\",\"url\":\"https:\\\/\\\/regalanimals.ch\\\/wp-content\\\/uploads\\\/2025\\\/11\\\/Effilochees-poulet-riz.webp\",\"contentUrl\":\"https:\\\/\\\/regalanimals.ch\\\/wp-content\\\/uploads\\\/2025\\\/11\\\/Effilochees-poulet-riz.webp\",\"width\":358,\"height\":300,\"caption\":\"Effiloch\u00e9es Poulet & Riz \u2013 p\u00e2t\u00e9e monoprot\u00e9ique pour chat, 85 g.\"},{\"@type\":\"BreadcrumbList\",\"@id\":\"https:\\\/\\\/regalanimals.ch\\\/product\\\/effilochees-poulet-et-riz\\\/#breadcrumb\",\"itemListElement\":[{\"@type\":\"ListItem\",\"position\":1,\"name\":\"Home\",\"item\":\"https:\\\/\\\/regalanimals.ch\\\/\"},{\"@type\":\"ListItem\",\"position\":2,\"name\":\"Boutique\",\"item\":\"https:\\\/\\\/regalanimals.ch\\\/shop\\\/\"},{\"@type\":\"ListItem\",\"position\":3,\"name\":\"Effiloch\u00e9es Poulet et Riz\"}]},{\"@type\":\"WebSite\",\"@id\":\"https:\\\/\\\/regalanimals.ch\\\/#website\",\"url\":\"https:\\\/\\\/regalanimals.ch\\\/\",\"name\":\"R\u00e9gal Animals\",\"description\":\"Alimentation et articles de qualit\u00e9 pour chats, chiens et furets\",\"publisher\":{\"@id\":\"https:\\\/\\\/regalanimals.ch\\\/#organization\"},\"potentialAction\":[{\"@type\":\"SearchAction\",\"target\":{\"@type\":\"EntryPoint\",\"urlTemplate\":\"https:\\\/\\\/regalanimals.ch\\\/?s={search_term_string}\"},\"query-input\":{\"@type\":\"PropertyValueSpecification\",\"valueRequired\":true,\"valueName\":\"search_term_string\"}}],\"inLanguage\":\"en-GB\"},{\"@type\":\"Organization\",\"@id\":\"https:\\\/\\\/regalanimals.ch\\\/#organization\",\"name\":\"R\u00e9gal Animals\",\"url\":\"https:\\\/\\\/regalanimals.ch\\\/\",\"logo\":{\"@type\":\"ImageObject\",\"inLanguage\":\"en-GB\",\"@id\":\"https:\\\/\\\/regalanimals.ch\\\/#\\\/schema\\\/logo\\\/image\\\/\",\"url\":\"https:\\\/\\\/regalanimals.ch\\\/wp-content\\\/uploads\\\/2025\\\/07\\\/Logo-RegalAnimals.png\",\"contentUrl\":\"https:\\\/\\\/regalanimals.ch\\\/wp-content\\\/uploads\\\/2025\\\/07\\\/Logo-RegalAnimals.png\",\"width\":120,\"height\":153,\"caption\":\"R\u00e9gal Animals\"},\"image\":{\"@id\":\"https:\\\/\\\/regalanimals.ch\\\/#\\\/schema\\\/logo\\\/image\\\/\"}}]}<\/script>\n<!-- \/ Yoast SEO Premium plugin. -->","yoast_head_json":{"title":"Shredded Chicken and Rice, a gluten-free cat food.","description":"A carefully crafted French recipe. Shredded Chicken and Rice offers a tasty, single-protein p\u00e2t\u00e9 that is gentle on your cat&#039;s digestion.","robots":{"index":"index","follow":"follow","max-snippet":"max-snippet:-1","max-image-preview":"max-image-preview:large","max-video-preview":"max-video-preview:-1"},"canonical":"https:\/\/regalanimals.ch\/en\/product-2\/effilochees-poulet-et-riz\/","og_locale":"en_GB","og_type":"article","og_title":"Effiloch\u00e9es Poulet et Riz","og_description":"Une recette fran\u00e7aise \u00e9labor\u00e9e avec soin. Les Effiloch\u00e9es Poulet et Riz offrent une p\u00e2t\u00e9e monoprot\u00e9ique savoureuse et douce pour la digestion de votre chat.","og_url":"https:\/\/regalanimals.ch\/en\/product-2\/effilochees-poulet-et-riz\/","og_site_name":"R\u00e9gal&#039;Animals","article_modified_time":"2026-03-25T17:58:04+00:00","og_image":[{"width":358,"height":300,"url":"https:\/\/regalanimals.ch\/wp-content\/uploads\/2025\/11\/Effilochees-poulet-riz.webp","type":"image\/webp"}],"twitter_card":"summary_large_image","twitter_misc":{"Estimated reading time":"5 minutes"},"schema":{"@context":"https:\/\/schema.org","@graph":[{"@type":"WebPage","@id":"https:\/\/regalanimals.ch\/product\/effilochees-poulet-et-riz\/","url":"https:\/\/regalanimals.ch\/product\/effilochees-poulet-et-riz\/","name":"Shredded Chicken and Rice, a gluten-free cat food.","isPartOf":{"@id":"https:\/\/regalanimals.ch\/#website"},"primaryImageOfPage":{"@id":"https:\/\/regalanimals.ch\/product\/effilochees-poulet-et-riz\/#primaryimage"},"image":{"@id":"https:\/\/regalanimals.ch\/product\/effilochees-poulet-et-riz\/#primaryimage"},"thumbnailUrl":"https:\/\/regalanimals.ch\/wp-content\/uploads\/2025\/11\/Effilochees-poulet-riz.webp","datePublished":"2025-02-23T11:00:56+00:00","dateModified":"2026-03-25T17:58:04+00:00","description":"A carefully crafted French recipe. Shredded Chicken and Rice offers a tasty, single-protein p\u00e2t\u00e9 that is gentle on your cat&#039;s digestion.","breadcrumb":{"@id":"https:\/\/regalanimals.ch\/product\/effilochees-poulet-et-riz\/#breadcrumb"},"inLanguage":"en-GB","potentialAction":[{"@type":"ReadAction","target":["https:\/\/regalanimals.ch\/product\/effilochees-poulet-et-riz\/"]}]},{"@type":"ImageObject","inLanguage":"en-GB","@id":"https:\/\/regalanimals.ch\/product\/effilochees-poulet-et-riz\/#primaryimage","url":"https:\/\/regalanimals.ch\/wp-content\/uploads\/2025\/11\/Effilochees-poulet-riz.webp","contentUrl":"https:\/\/regalanimals.ch\/wp-content\/uploads\/2025\/11\/Effilochees-poulet-riz.webp","width":358,"height":300,"caption":"Effiloch\u00e9es Poulet & Riz \u2013 p\u00e2t\u00e9e monoprot\u00e9ique pour chat, 85 g."},{"@type":"BreadcrumbList","@id":"https:\/\/regalanimals.ch\/product\/effilochees-poulet-et-riz\/#breadcrumb","itemListElement":[{"@type":"ListItem","position":1,"name":"Home","item":"https:\/\/regalanimals.ch\/"},{"@type":"ListItem","position":2,"name":"Boutique","item":"https:\/\/regalanimals.ch\/shop\/"},{"@type":"ListItem","position":3,"name":"Effiloch\u00e9es Poulet et Riz"}]},{"@type":"WebSite","@id":"https:\/\/regalanimals.ch\/#website","url":"https:\/\/regalanimals.ch\/","name":"Animals Feast","description":"Quality food and supplies for cats, dogs and ferrets","publisher":{"@id":"https:\/\/regalanimals.ch\/#organization"},"potentialAction":[{"@type":"SearchAction","target":{"@type":"EntryPoint","urlTemplate":"https:\/\/regalanimals.ch\/?s={search_term_string}"},"query-input":{"@type":"PropertyValueSpecification","valueRequired":true,"valueName":"search_term_string"}}],"inLanguage":"en-GB"},{"@type":"Organization","@id":"https:\/\/regalanimals.ch\/#organization","name":"Animals Feast","url":"https:\/\/regalanimals.ch\/","logo":{"@type":"ImageObject","inLanguage":"en-GB","@id":"https:\/\/regalanimals.ch\/#\/schema\/logo\/image\/","url":"https:\/\/regalanimals.ch\/wp-content\/uploads\/2025\/07\/Logo-RegalAnimals.png","contentUrl":"https:\/\/regalanimals.ch\/wp-content\/uploads\/2025\/07\/Logo-RegalAnimals.png","width":120,"height":153,"caption":"R\u00e9gal Animals"},"image":{"@id":"https:\/\/regalanimals.ch\/#\/schema\/logo\/image\/"}}]}},"_links":{"self":[{"href":"https:\/\/regalanimals.ch\/en\/wp-json\/wp\/v2\/product\/32172","targetHints":{"allow":["GET"]}}],"collection":[{"href":"https:\/\/regalanimals.ch\/en\/wp-json\/wp\/v2\/product"}],"about":[{"href":"https:\/\/regalanimals.ch\/en\/wp-json\/wp\/v2\/types\/product"}],"replies":[{"embeddable":true,"href":"https:\/\/regalanimals.ch\/en\/wp-json\/wp\/v2\/comments?post=32172"}],"wp:featuredmedia":[{"embeddable":true,"href":"https:\/\/regalanimals.ch\/en\/wp-json\/wp\/v2\/media\/39970"}],"wp:attachment":[{"href":"https:\/\/regalanimals.ch\/en\/wp-json\/wp\/v2\/media?parent=32172"}],"wp:term":[{"taxonomy":"product_brand","embeddable":true,"href":"https:\/\/regalanimals.ch\/en\/wp-json\/wp\/v2\/product_brand?post=32172"},{"taxonomy":"product_cat","embeddable":true,"href":"https:\/\/regalanimals.ch\/en\/wp-json\/wp\/v2\/product_cat?post=32172"},{"taxonomy":"product_tag","embeddable":true,"href":"https:\/\/regalanimals.ch\/en\/wp-json\/wp\/v2\/product_tag?post=32172"}],"curies":[{"name":"wp","href":"https:\/\/api.w.org\/{rel}","templated":true}]}}