{"id":32566,"date":"2025-03-24T06:47:03","date_gmt":"2025-03-24T05:47:03","guid":{"rendered":"https:\/\/regalanimals.geekworkers.dev\/?post_type=product&#038;p=32566"},"modified":"2026-03-31T04:23:17","modified_gmt":"2026-03-31T02:23:17","slug":"effilochees-thon-jambon","status":"publish","type":"product","link":"https:\/\/regalanimals.ch\/en\/product\/effilochees-thon-jambon\/","title":{"rendered":"Ham and tuna flakes"},"content":{"rendered":"<h2 data-start=\"545\" data-end=\"577\"><strong data-start=\"547\" data-end=\"577\">Shredded Tuna and Ham \ud83d\udc31<\/strong><\/h2>\n<h3>A delicious recipe to add variety to your meals<\/h3>\n<p data-start=\"629\" data-end=\"1102\">Shredded Tuna and Ham is a grain-free p\u00e2t\u00e9 that blends delicious pieces of tuna and ham. This chewable texture offers your cat a real source of enjoyment while enriching their daily diet. This recipe meets their essential nutritional needs while providing a variety of flavors. Your feline friend will enjoy a complete meal that stimulates their senses and renews their interest in food day after day.<\/p>\n<hr data-start=\"1104\" data-end=\"1107\" \/>\n<h2 data-start=\"1109\" data-end=\"1159\"><strong data-start=\"1111\" data-end=\"1159\">A complete and balanced grain-free wet food \ud83d\udc1f\ud83d\udc37<\/strong><\/h2>\n<p data-start=\"1161\" data-end=\"1682\">Shredded Tuna and Ham, enhanced with wild berries, provides a complete wet food for adult and neutered cats. The aromas of tuna and ham naturally attract the feline&#039;s attention, allowing them to enjoy a protein-rich meal. Furthermore, this recipe, containing 73% of animal-based ingredients, contributes to maintaining muscle mass and vitality. Thanks to its simple and natural composition, this shredded food is an ideal choice for discerning or sensitive cats.<\/p>\n<hr data-start=\"1684\" data-end=\"1687\" \/>\n<h2 data-start=\"1689\" data-end=\"1753\"><strong data-start=\"1691\" data-end=\"1753\">A wet food that helps your cat stay better hydrated \ud83d\udca7\ud83d\udc3e\ud83d\udca7\ud83d\udc3e<\/strong><\/h2>\n<p data-start=\"1755\" data-end=\"2348\">Domestic cats don&#039;t drink much, as in the wild they primarily get their hydration from their prey, which contains between 60 and 80 liters of water. A cat fed exclusively on dry food is therefore at risk of dehydration. That&#039;s why Shredded Tuna and Ham is an excellent solution: in addition to its nutritional qualities, it increases your feline&#039;s water intake. This provides them with a more natural, hydrating, and palatable diet. This recipe, made in France, offers a tasty and well-suited alternative for their well-being.<\/p>\n<hr data-start=\"2350\" data-end=\"2353\" \/>\n<h2 data-start=\"2355\" data-end=\"2383\"><strong data-start=\"2357\" data-end=\"2383\">\ud83d\udc3e Frequently Asked Questions<\/strong><\/h2>\n<h3 data-start=\"2384\" data-end=\"2501\">\u2753 <strong data-start=\"2386\" data-end=\"2501\">Still hesitating? Here are the answers to the most common questions about Shredded Tuna and Ham.<\/strong><\/h3>\n<h4 data-start=\"2503\" data-end=\"2788\">\u27a1\ufe0f Shredded tuna and ham p\u00e2t\u00e9<strong data-start=\"2506\" data-end=\"2550\"> Is it suitable for neutered cats?<\/strong><\/h4>\n<p data-start=\"2503\" data-end=\"2788\">Yes, they are perfectly suited for neutered cats. Thanks to their high protein and low fat content, they support vitality while respecting the nutritional needs of an adult cat.<\/p>\n<h4 data-start=\"386\" data-end=\"498\">\u27a1\ufe0f I heard that I should give my cat wet food every day. Is that true?<\/h4>\n<p data-start=\"2790\" data-end=\"3063\">Yes, because diet plays a vital role in a cat&#039;s daily hydration, and this is especially true for indoor cats. In fact, felines naturally drink very little, as they typically get their hydration from the prey they would hunt in the wild. Therefore, when a cat is fed only dry food, it generally doesn&#039;t meet its water needs. As a result, adding a grain-free wet food like Shredded Tuna and Ham every day becomes a very beneficial habit. In addition to improving hydration, this food also supports kidney function, reduces the risk of urinary crystals, and aids digestion. Ultimately, offering wet food daily remains a simple, practical, and truly beneficial way to take care of your companion&#039;s health.<\/p>\n<hr data-start=\"3065\" data-end=\"3068\" \/>\n<h2 data-start=\"3070\" data-end=\"3103\"><strong data-start=\"3072\" data-end=\"3103\">\ud83d\udca6 R\u00e9gal&#039;Animals Advice \ud83d\udc9a<\/strong><\/h2>\n<p data-start=\"3105\" data-end=\"3631\">To make the Tuna and Ham Shreds even more irresistible, mix a tiny amount with a little warm water. The heat releases more of the natural aromas of the tuna and ham, attracting even the pickiest cats. Plus, it increases their daily hydration. A simple little trick, but incredibly effective for winning over even the most discerning palates. \ud83d\udc9a<\/p>\n<hr data-start=\"3633\" data-end=\"3636\" \/>\n<h4 data-start=\"3638\" data-end=\"3854\">\u27a1\ufe0f <strong data-start=\"3641\" data-end=\"3689\">Can these shredded pieces be given every day?<\/strong><\/h4>\n<p data-start=\"3638\" data-end=\"3854\">Yes, because it&#039;s a complete, grain-free food. Therefore, you can offer it daily, respecting the portion sizes appropriate for the cat&#039;s age and activity level.<\/p>\n<h4 data-start=\"3856\" data-end=\"4068\">\u27a1\ufe0f Why aren&#039;t the pieces always the same size?<\/h4>\n<p data-start=\"3856\" data-end=\"4068\">Yes, that&#039;s normal. Because the ingredients are natural, the pieces in Shredded Tuna &amp; Ham may vary slightly in shape or size. This simply depends on the cut and the specific piece of meat used to prepare this wet food. However, the quality of the ingredients, their origin, and their nutritional value remain exactly the same from one pouch to the next. In short, even if the appearance of the pieces sometimes changes, your cat will always enjoy a healthy and delicious wet food.<\/p>\n<h4 data-start=\"4070\" data-end=\"4256\">\u27a1\ufe0f <strong data-start=\"4073\" data-end=\"4112\">How to store these shredded pieces?<\/strong><\/h4>\n<p data-start=\"4070\" data-end=\"4256\">Before opening, store them in a cool, dry place. After opening, refrigerate and use within 48 hours.<\/p>\n<hr data-start=\"4258\" data-end=\"4261\" \/>\n<h3 data-start=\"4263\" data-end=\"4284\"><strong data-start=\"4267\" data-end=\"4282\">Composition<\/strong><\/h3>\n<p data-start=\"4285\" data-end=\"4392\">Tuna 40 %<br data-start=\"4294\" data-end=\"4297\" \/>Ham 33 %<br data-start=\"4308\" data-end=\"4311\" \/>Broth 21 %<br data-start=\"4324\" data-end=\"4327\" \/>Berries (blueberries, raspberries, blackberries) 5 %<br data-start=\"4367\" data-end=\"4370\" \/>Mineral substances<\/p>\n<h3 data-start=\"4394\" data-end=\"4421\"><strong data-start=\"4398\" data-end=\"4419\">Additives (per kg)<\/strong><\/h3>\n<p data-start=\"4422\" data-end=\"4528\">Vitamin A 1000 IU<br data-start=\"4440\" data-end=\"4443\" \/>Vitamin D3 100 IU<br data-start=\"4461\" data-end=\"4464\" \/>Vitamin E 5 mg<br data-start=\"4479\" data-end=\"4482\" \/>Taurine 500 mg<br data-start=\"4496\" data-end=\"4499\" \/>Zinc 20 mg<br data-start=\"4509\" data-end=\"4512\" \/>Manganese 4 mg<\/p>\n<h3 data-start=\"4530\" data-end=\"4564\"><strong data-start=\"4534\" data-end=\"4562\">Analytical constituents<\/strong><\/h3>\n<p data-start=\"4565\" data-end=\"4752\">Crude protein: 18 %<br data-start=\"4586\" data-end=\"4589\" \/>Crude fat: 0.5 %<br data-start=\"4620\" data-end=\"4623\" \/>Mineral matter: 0.7 %<br data-start=\"4649\" data-end=\"4652\" \/>Crude cellulose: 0.1 %<br data-start=\"4675\" data-end=\"4678\" \/>Humidity: 80 %<br data-start=\"4693\" data-end=\"4696\" \/>Carbohydrates: &lt; 1 %<br data-start=\"4712\" data-end=\"4715\" \/>Calcium: 0.10 %<br data-start=\"4731\" data-end=\"4734\" \/>Phosphorus: 0.12 %<\/p>\n<p>&nbsp;<\/p>\n<p><a href=\"https:\/\/regalanimals.ch\/en\/product-2\/friandises-canard-lyophilisees\/\">Suggestion for him<\/a><\/p>","protected":false},"excerpt":{"rendered":"<p>Effiloch\u00e9es Thon Jambon \ud83d\udc31 Une recette gourmande pour varier les plaisirs Les Effiloch\u00e9es Thon Jambon constituent une p\u00e2t\u00e9e sans c\u00e9r\u00e9ales qui m\u00e9lange de savoureux morceaux de thon et de jambon. Cette texture \u00e0 m\u00e2cher offre une v\u00e9ritable source de plaisir \u00e0 votre chat, tout en enrichissant son alimentation quotidienne. En effet, cette recette r\u00e9pond \u00e0 [&hellip;]<\/p>\n","protected":false},"featured_media":38234,"menu_order":0,"comment_status":"open","ping_status":"closed","template":"","meta":[],"product_brand":[],"product_cat":[220,89,90,217],"product_tag":[],"class_list":{"0":"post-32566","1":"product","2":"type-product","3":"status-publish","4":"has-post-thumbnail","6":"product_cat-alimentation-furet","7":"product_cat-chats","8":"product_cat-furets","9":"product_cat-nourriture-humide-chat","11":"first","12":"instock","13":"taxable","14":"shipping-taxable","15":"purchasable","16":"product-type-variable"},"yoast_head":"<!-- This site is optimized with the Yoast SEO Premium plugin v27.3 (Yoast SEO v27.3) - https:\/\/yoast.com\/product\/yoast-seo-premium-wordpress\/ -->\n<title>Effiloch\u00e9es Thon Jambon \u2013 Nourriture humide pour chats<\/title>\n<meta name=\"description\" content=\"Une recette tendre et pleine de saveurs. Les Effiloch\u00e9es thon jambon offrent \u00e0 votre chat une p\u00e2t\u00e9e fran\u00e7aise gourmande et irr\u00e9sistible au quotidien.\" \/>\n<meta name=\"robots\" content=\"index, follow, max-snippet:-1, max-image-preview:large, max-video-preview:-1\" \/>\n<link rel=\"canonical\" href=\"https:\/\/regalanimals.ch\/en\/product-2\/effilochees-thon-jambon\/\" \/>\n<meta property=\"og:locale\" content=\"en_GB\" \/>\n<meta property=\"og:type\" content=\"article\" \/>\n<meta property=\"og:title\" content=\"Effiloch\u00e9es thon jambon\" \/>\n<meta property=\"og:description\" content=\"Une recette tendre et pleine de saveurs. Les Effiloch\u00e9es thon jambon offrent \u00e0 votre chat une p\u00e2t\u00e9e fran\u00e7aise gourmande et irr\u00e9sistible au quotidien.\" \/>\n<meta property=\"og:url\" content=\"https:\/\/regalanimals.ch\/en\/product-2\/effilochees-thon-jambon\/\" \/>\n<meta property=\"og:site_name\" content=\"R\u00e9gal&#039;Animals\" \/>\n<meta property=\"article:modified_time\" content=\"2026-03-31T02:23:17+00:00\" \/>\n<meta property=\"og:image\" content=\"https:\/\/regalanimals.ch\/wp-content\/uploads\/2025\/08\/Effilochees-thon-jambon.webp\" \/>\n\t<meta property=\"og:image:width\" content=\"940\" \/>\n\t<meta property=\"og:image:height\" content=\"788\" \/>\n\t<meta property=\"og:image:type\" content=\"image\/webp\" \/>\n<meta name=\"twitter:card\" content=\"summary_large_image\" \/>\n<meta name=\"twitter:label1\" content=\"Estimated reading time\" \/>\n\t<meta name=\"twitter:data1\" content=\"5 minutes\" \/>\n<script type=\"application\/ld+json\" class=\"yoast-schema-graph\">{\"@context\":\"https:\\\/\\\/schema.org\",\"@graph\":[{\"@type\":\"WebPage\",\"@id\":\"https:\\\/\\\/regalanimals.ch\\\/product\\\/effilochees-thon-jambon\\\/\",\"url\":\"https:\\\/\\\/regalanimals.ch\\\/product\\\/effilochees-thon-jambon\\\/\",\"name\":\"Effiloch\u00e9es Thon Jambon \u2013 Nourriture humide pour chats\",\"isPartOf\":{\"@id\":\"https:\\\/\\\/regalanimals.ch\\\/#website\"},\"primaryImageOfPage\":{\"@id\":\"https:\\\/\\\/regalanimals.ch\\\/product\\\/effilochees-thon-jambon\\\/#primaryimage\"},\"image\":{\"@id\":\"https:\\\/\\\/regalanimals.ch\\\/product\\\/effilochees-thon-jambon\\\/#primaryimage\"},\"thumbnailUrl\":\"https:\\\/\\\/regalanimals.ch\\\/wp-content\\\/uploads\\\/2025\\\/08\\\/Effilochees-thon-jambon.webp\",\"datePublished\":\"2025-03-24T05:47:03+00:00\",\"dateModified\":\"2026-03-31T02:23:17+00:00\",\"description\":\"Une recette tendre et pleine de saveurs. Les Effiloch\u00e9es thon jambon offrent \u00e0 votre chat une p\u00e2t\u00e9e fran\u00e7aise gourmande et irr\u00e9sistible au quotidien.\",\"breadcrumb\":{\"@id\":\"https:\\\/\\\/regalanimals.ch\\\/product\\\/effilochees-thon-jambon\\\/#breadcrumb\"},\"inLanguage\":\"en-GB\",\"potentialAction\":[{\"@type\":\"ReadAction\",\"target\":[\"https:\\\/\\\/regalanimals.ch\\\/product\\\/effilochees-thon-jambon\\\/\"]}]},{\"@type\":\"ImageObject\",\"inLanguage\":\"en-GB\",\"@id\":\"https:\\\/\\\/regalanimals.ch\\\/product\\\/effilochees-thon-jambon\\\/#primaryimage\",\"url\":\"https:\\\/\\\/regalanimals.ch\\\/wp-content\\\/uploads\\\/2025\\\/08\\\/Effilochees-thon-jambon.webp\",\"contentUrl\":\"https:\\\/\\\/regalanimals.ch\\\/wp-content\\\/uploads\\\/2025\\\/08\\\/Effilochees-thon-jambon.webp\",\"width\":940,\"height\":788,\"caption\":\"Effiloch\u00e9es Thon & Jambon \u2013 nourriture humide savoureuse pour chat, 85 g.\"},{\"@type\":\"BreadcrumbList\",\"@id\":\"https:\\\/\\\/regalanimals.ch\\\/product\\\/effilochees-thon-jambon\\\/#breadcrumb\",\"itemListElement\":[{\"@type\":\"ListItem\",\"position\":1,\"name\":\"Home\",\"item\":\"https:\\\/\\\/regalanimals.ch\\\/\"},{\"@type\":\"ListItem\",\"position\":2,\"name\":\"Boutique\",\"item\":\"https:\\\/\\\/regalanimals.ch\\\/shop\\\/\"},{\"@type\":\"ListItem\",\"position\":3,\"name\":\"Effiloch\u00e9es thon jambon\"}]},{\"@type\":\"WebSite\",\"@id\":\"https:\\\/\\\/regalanimals.ch\\\/#website\",\"url\":\"https:\\\/\\\/regalanimals.ch\\\/\",\"name\":\"R\u00e9gal Animals\",\"description\":\"Alimentation et articles de qualit\u00e9 pour chats, chiens et furets\",\"publisher\":{\"@id\":\"https:\\\/\\\/regalanimals.ch\\\/#organization\"},\"potentialAction\":[{\"@type\":\"SearchAction\",\"target\":{\"@type\":\"EntryPoint\",\"urlTemplate\":\"https:\\\/\\\/regalanimals.ch\\\/?s={search_term_string}\"},\"query-input\":{\"@type\":\"PropertyValueSpecification\",\"valueRequired\":true,\"valueName\":\"search_term_string\"}}],\"inLanguage\":\"en-GB\"},{\"@type\":\"Organization\",\"@id\":\"https:\\\/\\\/regalanimals.ch\\\/#organization\",\"name\":\"R\u00e9gal Animals\",\"url\":\"https:\\\/\\\/regalanimals.ch\\\/\",\"logo\":{\"@type\":\"ImageObject\",\"inLanguage\":\"en-GB\",\"@id\":\"https:\\\/\\\/regalanimals.ch\\\/#\\\/schema\\\/logo\\\/image\\\/\",\"url\":\"https:\\\/\\\/regalanimals.ch\\\/wp-content\\\/uploads\\\/2025\\\/07\\\/Logo-RegalAnimals.png\",\"contentUrl\":\"https:\\\/\\\/regalanimals.ch\\\/wp-content\\\/uploads\\\/2025\\\/07\\\/Logo-RegalAnimals.png\",\"width\":120,\"height\":153,\"caption\":\"R\u00e9gal Animals\"},\"image\":{\"@id\":\"https:\\\/\\\/regalanimals.ch\\\/#\\\/schema\\\/logo\\\/image\\\/\"}}]}<\/script>\n<!-- \/ Yoast SEO Premium plugin. -->","yoast_head_json":{"title":"Shredded Tuna and Ham \u2013 Wet Cat Food","description":"A tender and flavorful recipe. Shredded tuna and ham offer your cat a delicious and irresistible French-style p\u00e2t\u00e9 every day.","robots":{"index":"index","follow":"follow","max-snippet":"max-snippet:-1","max-image-preview":"max-image-preview:large","max-video-preview":"max-video-preview:-1"},"canonical":"https:\/\/regalanimals.ch\/en\/product-2\/effilochees-thon-jambon\/","og_locale":"en_GB","og_type":"article","og_title":"Effiloch\u00e9es thon jambon","og_description":"Une recette tendre et pleine de saveurs. Les Effiloch\u00e9es thon jambon offrent \u00e0 votre chat une p\u00e2t\u00e9e fran\u00e7aise gourmande et irr\u00e9sistible au quotidien.","og_url":"https:\/\/regalanimals.ch\/en\/product-2\/effilochees-thon-jambon\/","og_site_name":"R\u00e9gal&#039;Animals","article_modified_time":"2026-03-31T02:23:17+00:00","og_image":[{"width":940,"height":788,"url":"https:\/\/regalanimals.ch\/wp-content\/uploads\/2025\/08\/Effilochees-thon-jambon.webp","type":"image\/webp"}],"twitter_card":"summary_large_image","twitter_misc":{"Estimated reading time":"5 minutes"},"schema":{"@context":"https:\/\/schema.org","@graph":[{"@type":"WebPage","@id":"https:\/\/regalanimals.ch\/product\/effilochees-thon-jambon\/","url":"https:\/\/regalanimals.ch\/product\/effilochees-thon-jambon\/","name":"Shredded Tuna and Ham \u2013 Wet Cat Food","isPartOf":{"@id":"https:\/\/regalanimals.ch\/#website"},"primaryImageOfPage":{"@id":"https:\/\/regalanimals.ch\/product\/effilochees-thon-jambon\/#primaryimage"},"image":{"@id":"https:\/\/regalanimals.ch\/product\/effilochees-thon-jambon\/#primaryimage"},"thumbnailUrl":"https:\/\/regalanimals.ch\/wp-content\/uploads\/2025\/08\/Effilochees-thon-jambon.webp","datePublished":"2025-03-24T05:47:03+00:00","dateModified":"2026-03-31T02:23:17+00:00","description":"A tender and flavorful recipe. Shredded tuna and ham offer your cat a delicious and irresistible French-style p\u00e2t\u00e9 every day.","breadcrumb":{"@id":"https:\/\/regalanimals.ch\/product\/effilochees-thon-jambon\/#breadcrumb"},"inLanguage":"en-GB","potentialAction":[{"@type":"ReadAction","target":["https:\/\/regalanimals.ch\/product\/effilochees-thon-jambon\/"]}]},{"@type":"ImageObject","inLanguage":"en-GB","@id":"https:\/\/regalanimals.ch\/product\/effilochees-thon-jambon\/#primaryimage","url":"https:\/\/regalanimals.ch\/wp-content\/uploads\/2025\/08\/Effilochees-thon-jambon.webp","contentUrl":"https:\/\/regalanimals.ch\/wp-content\/uploads\/2025\/08\/Effilochees-thon-jambon.webp","width":940,"height":788,"caption":"Effiloch\u00e9es Thon & Jambon \u2013 nourriture humide savoureuse pour chat, 85 g."},{"@type":"BreadcrumbList","@id":"https:\/\/regalanimals.ch\/product\/effilochees-thon-jambon\/#breadcrumb","itemListElement":[{"@type":"ListItem","position":1,"name":"Home","item":"https:\/\/regalanimals.ch\/"},{"@type":"ListItem","position":2,"name":"Boutique","item":"https:\/\/regalanimals.ch\/shop\/"},{"@type":"ListItem","position":3,"name":"Effiloch\u00e9es thon jambon"}]},{"@type":"WebSite","@id":"https:\/\/regalanimals.ch\/#website","url":"https:\/\/regalanimals.ch\/","name":"Animals Feast","description":"Quality food and supplies for cats, dogs and ferrets","publisher":{"@id":"https:\/\/regalanimals.ch\/#organization"},"potentialAction":[{"@type":"SearchAction","target":{"@type":"EntryPoint","urlTemplate":"https:\/\/regalanimals.ch\/?s={search_term_string}"},"query-input":{"@type":"PropertyValueSpecification","valueRequired":true,"valueName":"search_term_string"}}],"inLanguage":"en-GB"},{"@type":"Organization","@id":"https:\/\/regalanimals.ch\/#organization","name":"Animals Feast","url":"https:\/\/regalanimals.ch\/","logo":{"@type":"ImageObject","inLanguage":"en-GB","@id":"https:\/\/regalanimals.ch\/#\/schema\/logo\/image\/","url":"https:\/\/regalanimals.ch\/wp-content\/uploads\/2025\/07\/Logo-RegalAnimals.png","contentUrl":"https:\/\/regalanimals.ch\/wp-content\/uploads\/2025\/07\/Logo-RegalAnimals.png","width":120,"height":153,"caption":"R\u00e9gal Animals"},"image":{"@id":"https:\/\/regalanimals.ch\/#\/schema\/logo\/image\/"}}]}},"_links":{"self":[{"href":"https:\/\/regalanimals.ch\/en\/wp-json\/wp\/v2\/product\/32566","targetHints":{"allow":["GET"]}}],"collection":[{"href":"https:\/\/regalanimals.ch\/en\/wp-json\/wp\/v2\/product"}],"about":[{"href":"https:\/\/regalanimals.ch\/en\/wp-json\/wp\/v2\/types\/product"}],"replies":[{"embeddable":true,"href":"https:\/\/regalanimals.ch\/en\/wp-json\/wp\/v2\/comments?post=32566"}],"wp:featuredmedia":[{"embeddable":true,"href":"https:\/\/regalanimals.ch\/en\/wp-json\/wp\/v2\/media\/38234"}],"wp:attachment":[{"href":"https:\/\/regalanimals.ch\/en\/wp-json\/wp\/v2\/media?parent=32566"}],"wp:term":[{"taxonomy":"product_brand","embeddable":true,"href":"https:\/\/regalanimals.ch\/en\/wp-json\/wp\/v2\/product_brand?post=32566"},{"taxonomy":"product_cat","embeddable":true,"href":"https:\/\/regalanimals.ch\/en\/wp-json\/wp\/v2\/product_cat?post=32566"},{"taxonomy":"product_tag","embeddable":true,"href":"https:\/\/regalanimals.ch\/en\/wp-json\/wp\/v2\/product_tag?post=32566"}],"curies":[{"name":"wp","href":"https:\/\/api.w.org\/{rel}","templated":true}]}}