{"id":33745,"date":"2025-04-14T18:42:07","date_gmt":"2025-04-14T16:42:07","guid":{"rendered":"https:\/\/regalanimals.geekworkers.dev\/?post_type=product&#038;p=33745"},"modified":"2026-05-04T17:51:39","modified_gmt":"2026-05-04T15:51:39","slug":"filets-de-canard","status":"publish","type":"product","link":"https:\/\/regalanimals.ch\/en\/product\/filets-de-canard\/","title":{"rendered":"Dried Duck Fillets"},"content":{"rendered":"<h2 data-start=\"426\" data-end=\"495\"><strong data-start=\"429\" data-end=\"495\">Dried Duck Fillets \u2013 A natural and tasty treat \ud83e\udd86<\/strong><\/h2>\n<h3 data-start=\"497\" data-end=\"558\"><strong data-start=\"501\" data-end=\"558\">Authentic, protein-rich treats \ud83c\udf3f<\/strong><\/h3>\n<p data-start=\"482\" data-end=\"847\">Dried Duck Fillets contain 88 % of premium duck meat, gently dehydrated to preserve all essential nutrients. This way, your pet enjoys a treat that is both natural and delicious.<br data-start=\"718\" data-end=\"721\" \/>Furthermore, this treat contains no artificial preservatives or colors, making it a healthy and reassuring choice.<\/p>\n<p data-start=\"482\" data-end=\"847\">With 38g of protein and only 4.5g of fat, it effectively supports your pet&#039;s daily vitality. Thanks to their tender texture, these fillets are suitable for all dogs, even the pickiest.<br data-start=\"1085\" data-end=\"1088\" \/>Furthermore, cats also appreciate its intense flavor. For small jaws, simply cut a few pieces to make it easier to eat.<\/p>\n<hr data-start=\"972\" data-end=\"975\" \/>\n<h2 data-start=\"1240\" data-end=\"1287\"><strong data-start=\"1244\" data-end=\"1287\">A healthy and irresistible reward \ud83c\udf57<\/strong><\/h2>\n<p data-start=\"1319\" data-end=\"1691\">These dried duck fillets offer an ideal combination of taste and health benefits. They are rich in protein and naturally hypoallergenic, making them perfectly suited for sensitive animals.<br data-start=\"1537\" data-end=\"1540\" \/>Duck, a natural source of iron and essential fatty acids, contributes not only to energy and vitality, but also to the beauty of the coat.<\/p>\n<p data-start=\"1693\" data-end=\"2144\">Furthermore, their authentic flavor makes them particularly appealing for educational purposes or as a small daily treat. However, as with all sweets, it&#039;s best not to exceed 10 grams of your daily calorie intake.<br data-start=\"1937\" data-end=\"1940\" \/>Moreover, these treats offer a wonderful opportunity to strengthen the bond with your pet. Finally, giving these treats is simply a way to pamper your animal while adding variety to their enjoyment.<\/p>\n<hr data-start=\"1656\" data-end=\"1659\" \/>\n<h2 data-start=\"2044\" data-end=\"2092\"><strong data-start=\"2048\" data-end=\"2092\">Why choose Duck Fillets \ud83d\udc9a<\/strong><\/h2>\n<ul>\n<li data-start=\"2040\" data-end=\"2104\">100% selected duck meat, without artificial additives<\/li>\n<li data-start=\"2107\" data-end=\"2156\">Soft texture, easy to chew and digest<\/li>\n<li data-start=\"2159\" data-end=\"2206\">Treat suitable for dogs and cats<\/li>\n<li data-start=\"2209\" data-end=\"2268\">\u26a0\ufe0fSuitable for ferrets only on an occasional basis<\/li>\n<li data-start=\"2271\" data-end=\"2338\">A natural source of protein, iron, and essential fatty acids<\/li>\n<li data-start=\"2341\" data-end=\"2401\">Hypoallergenic product, ideal for sensitive animals<\/li>\n<\/ul>\n<hr data-start=\"2032\" data-end=\"2035\" \/>\n<h2><strong data-start=\"2040\" data-end=\"2066\">\ud83e\udd86 Frequently Asked Questions<\/strong><\/h2>\n<h3><strong data-start=\"2072\" data-end=\"2183\">\u2753 Still hesitating? Here are the answers to the most frequently asked questions about Duck Fillets.<\/strong><\/h3>\n<h4>\u27a1\ufe0f <strong data-start=\"2695\" data-end=\"2747\">Are these duck fillets suitable for cats?<\/strong><\/h4>\n<p data-start=\"2185\" data-end=\"2566\">Yes, absolutely \ud83d\udc4d<br data-start=\"2768\" data-end=\"2771\" \/>Cats generally really appreciate their tender texture and natural taste.<br data-start=\"2862\" data-end=\"2865\" \/>For older cats or those with small teeth, you can simply cut the fillets into small pieces to make them easier to eat.<\/p>\n<h4><strong data-start=\"2802\" data-end=\"2858\">\u27a1\ufe0f Are these Duck Fillets suitable for ferrets?<\/strong><\/h4>\n<p data-start=\"3076\" data-end=\"3451\">\u2714\ufe0f <strong data-start=\"3079\" data-end=\"3129\">Yes, but only occasionally.<\/strong><br data-start=\"3129\" data-end=\"3132\" \/>Ferrets often love duck meat. However, the recipe contains a small amount of <strong data-start=\"3239\" data-end=\"3251\">sorbitol<\/strong>, of <strong data-start=\"3256\" data-end=\"3278\">vegetable glycerin<\/strong> and of the <strong data-start=\"3285\" data-end=\"3295\">starch<\/strong>.<br data-start=\"3296\" data-end=\"3299\" \/>Although these ingredients are generally not a problem in small quantities, they are not suitable for regular consumption by ferrets.<\/p>\n<p data-start=\"3453\" data-end=\"3570\">\ud83d\udc49 <strong data-start=\"3456\" data-end=\"3526\">Conclusion: a possible treat, but to be given in moderation.<\/strong>, in order to avoid any digestive sensitivity.<\/p>\n<hr data-start=\"4277\" data-end=\"4280\" \/>\n<h2 data-start=\"4282\" data-end=\"4324\"><strong data-start=\"4286\" data-end=\"4317\">\ud83d\udca6 R\u00e9gal&#039;Animals Advice \ud83d\udc9a<\/strong><\/h2>\n<p>For an even more enjoyable treat, always make sure your pet has a bowl of fresh water available while enjoying their snacks. You can also offer these Duck Fillets in two ways: either as a small reward during training sessions, or by occasionally mixing them into their food to add a touch of flavor. Whichever method you choose, offer them in reasonable quantities to ensure their daily well-being. \ud83d\udc9a<\/p>\n<hr data-start=\"4583\" data-end=\"4586\" \/>\n<h4 data-start=\"2568\" data-end=\"2967\">\u27a1\ufe0f <strong data-start=\"2571\" data-end=\"2613\">How often can it be given?<\/strong><\/h4>\n<p data-start=\"2568\" data-end=\"2967\">One or two small pieces per day are sufficient depending on the size of the animal.<br data-start=\"3435\" data-end=\"3438\" \/>As always, adjust the quantity to their activity and needs.<\/p>\n<p data-start=\"2568\" data-end=\"2967\">\u27a1\ufe0f <strong data-start=\"2972\" data-end=\"3006\">How to store dried duck fillets?<\/strong><\/p>\n<p data-start=\"2969\" data-end=\"3386\">Store the treats in a dry place at room temperature, and carefully reseal the bag after opening.<br data-start=\"3786\" data-end=\"3789\" \/>This way they will retain their freshness, natural aroma and soft texture until the last bite.<\/p>\n<p data-start=\"3388\" data-end=\"3590\">\u26a0\ufe0f The product contains a small amount of sorbitol (3 %), a plant-derived humectant.<br data-start=\"3499\" data-end=\"3502\" \/>Dogs and cats tolerate it well; for ferrets, offer it in moderation.<\/p>\n<hr data-start=\"166\" data-end=\"169\" \/>\n<h4 data-start=\"171\" data-end=\"188\">Composition<\/h4>\n<p data-start=\"189\" data-end=\"281\">Duck fillets 88 %<br data-start=\"210\" data-end=\"213\" \/>Potato starch 5 %<br data-start=\"241\" data-end=\"244\" \/>Vegetable glycerin 4 %<br data-start=\"266\" data-end=\"269\" \/>Sorbitol 3 %<\/p>\n<h4 data-start=\"283\" data-end=\"313\">Analytical constituents<\/h4>\n<p data-start=\"314\" data-end=\"444\">Crude protein: 38.0 %<br data-start=\"337\" data-end=\"340\" \/>Crude fat: 4.5 %<br data-start=\"371\" data-end=\"374\" \/>Mineral matter: 5.5 %<br data-start=\"400\" data-end=\"403\" \/>Raw fibers: 1.5 %<br data-start=\"424\" data-end=\"427\" \/>Humidity: 20.0 %<\/p>\n<p>&nbsp;<\/p>\n<p><a href=\"https:\/\/regalanimals.ch\/en\/product-2\/friandise-foie-de-poulet-lyophilisee\/\">Suggestion for him<\/a><a href=\"https:\/\/www.tiktok.com\/@regalanimals.ch\/video\/7485682645741948182?lang=fr\">Satisfied customer!<\/a><a href=\"https:\/\/regalanimals.ch\/wp-content\/uploads\/2025\/11\/Fiche-technique-filets-de-canard.pdf\">Technical data<\/a><\/p>","protected":false},"excerpt":{"rendered":"<p>Filets de Canard s\u00e9ch\u00e9s \u2013 Friandise naturelle et savoureuse \ud83e\udd86 Des friandises authentiques et riches en prot\u00e9ines \ud83c\udf3f Les Filets de Canard s\u00e9ch\u00e9s contiennent 88 % de viande de canard de premier choix, doucement d\u00e9shydrat\u00e9e afin de pr\u00e9server tous les nutriments essentiels. Ainsi, votre compagnon profite d\u2019une friandise aussi naturelle que gourmande.De plus, cette friandise [&hellip;]<\/p>\n","protected":false},"featured_media":38238,"comment_status":"open","ping_status":"closed","template":"","meta":[],"product_brand":[],"product_cat":[231,24],"product_tag":[],"class_list":{"0":"post-33745","1":"product","2":"type-product","3":"status-publish","4":"has-post-thumbnail","6":"product_cat-a-ronger","7":"product_cat-chiens","9":"first","10":"instock","11":"taxable","12":"shipping-taxable","13":"purchasable","14":"product-type-variable"},"yoast_head":"<!-- This site is optimized with the Yoast SEO Premium plugin v27.4 (Yoast SEO v27.5) - https:\/\/yoast.com\/product\/yoast-seo-premium-wordpress\/ -->\n<title>Filets de Canard s\u00e9ch\u00e9s, un vrai r\u00e9gal pour votre animal.<\/title>\n<meta name=\"description\" content=\"Une volaille pleine de saveur qui \u00e9veillera ses papilles. Les Filets de Canard s\u00e9ch\u00e9s offrent une gourmandise irr\u00e9sistible pour tous les petits carnivores.\" \/>\n<meta name=\"robots\" content=\"index, follow, max-snippet:-1, max-image-preview:large, max-video-preview:-1\" \/>\n<link rel=\"canonical\" href=\"https:\/\/regalanimals.ch\/en\/product-2\/filets-de-canard\/\" \/>\n<meta property=\"og:locale\" content=\"en_GB\" \/>\n<meta property=\"og:type\" content=\"article\" \/>\n<meta property=\"og:title\" content=\"Filets de Canard s\u00e9ch\u00e9s\" \/>\n<meta property=\"og:description\" content=\"Une volaille pleine de saveur qui \u00e9veillera ses papilles. Les Filets de Canard s\u00e9ch\u00e9s offrent une gourmandise irr\u00e9sistible pour tous les petits carnivores.\" \/>\n<meta property=\"og:url\" content=\"https:\/\/regalanimals.ch\/en\/product-2\/filets-de-canard\/\" \/>\n<meta property=\"og:site_name\" content=\"R\u00e9gal&#039;Animals\" \/>\n<meta property=\"article:modified_time\" content=\"2026-05-04T15:51:39+00:00\" \/>\n<meta property=\"og:image\" content=\"https:\/\/regalanimals.ch\/wp-content\/uploads\/2025\/08\/Filet-canard-seche.webp\" \/>\n\t<meta property=\"og:image:width\" content=\"940\" \/>\n\t<meta property=\"og:image:height\" content=\"788\" \/>\n\t<meta property=\"og:image:type\" content=\"image\/webp\" \/>\n<meta name=\"twitter:card\" content=\"summary_large_image\" \/>\n<meta name=\"twitter:label1\" content=\"Estimated reading time\" \/>\n\t<meta name=\"twitter:data1\" content=\"4 minutes\" \/>\n<script type=\"application\/ld+json\" class=\"yoast-schema-graph\">{\"@context\":\"https:\\\/\\\/schema.org\",\"@graph\":[{\"@type\":\"WebPage\",\"@id\":\"https:\\\/\\\/regalanimals.ch\\\/product\\\/filets-de-canard\\\/\",\"url\":\"https:\\\/\\\/regalanimals.ch\\\/product\\\/filets-de-canard\\\/\",\"name\":\"Filets de Canard s\u00e9ch\u00e9s, un vrai r\u00e9gal pour votre animal.\",\"isPartOf\":{\"@id\":\"https:\\\/\\\/regalanimals.ch\\\/#website\"},\"primaryImageOfPage\":{\"@id\":\"https:\\\/\\\/regalanimals.ch\\\/product\\\/filets-de-canard\\\/#primaryimage\"},\"image\":{\"@id\":\"https:\\\/\\\/regalanimals.ch\\\/product\\\/filets-de-canard\\\/#primaryimage\"},\"thumbnailUrl\":\"https:\\\/\\\/regalanimals.ch\\\/wp-content\\\/uploads\\\/2025\\\/08\\\/Filet-canard-seche.webp\",\"datePublished\":\"2025-04-14T16:42:07+00:00\",\"dateModified\":\"2026-05-04T15:51:39+00:00\",\"description\":\"Une volaille pleine de saveur qui \u00e9veillera ses papilles. Les Filets de Canard s\u00e9ch\u00e9s offrent une gourmandise irr\u00e9sistible pour tous les petits carnivores.\",\"breadcrumb\":{\"@id\":\"https:\\\/\\\/regalanimals.ch\\\/product\\\/filets-de-canard\\\/#breadcrumb\"},\"inLanguage\":\"en-GB\",\"potentialAction\":[{\"@type\":\"ReadAction\",\"target\":[\"https:\\\/\\\/regalanimals.ch\\\/product\\\/filets-de-canard\\\/\"]}]},{\"@type\":\"ImageObject\",\"inLanguage\":\"en-GB\",\"@id\":\"https:\\\/\\\/regalanimals.ch\\\/product\\\/filets-de-canard\\\/#primaryimage\",\"url\":\"https:\\\/\\\/regalanimals.ch\\\/wp-content\\\/uploads\\\/2025\\\/08\\\/Filet-canard-seche.webp\",\"contentUrl\":\"https:\\\/\\\/regalanimals.ch\\\/wp-content\\\/uploads\\\/2025\\\/08\\\/Filet-canard-seche.webp\",\"width\":940,\"height\":788,\"caption\":\"Filets de canard s\u00e9ch\u00e9s \u2013 Friandises naturelles et riches en prot\u00e9ines pour chiens, chats et furets.\"},{\"@type\":\"BreadcrumbList\",\"@id\":\"https:\\\/\\\/regalanimals.ch\\\/product\\\/filets-de-canard\\\/#breadcrumb\",\"itemListElement\":[{\"@type\":\"ListItem\",\"position\":1,\"name\":\"Home\",\"item\":\"https:\\\/\\\/regalanimals.ch\\\/\"},{\"@type\":\"ListItem\",\"position\":2,\"name\":\"Boutique\",\"item\":\"https:\\\/\\\/regalanimals.ch\\\/shop\\\/\"},{\"@type\":\"ListItem\",\"position\":3,\"name\":\"Filets de Canard s\u00e9ch\u00e9s\"}]},{\"@type\":\"WebSite\",\"@id\":\"https:\\\/\\\/regalanimals.ch\\\/#website\",\"url\":\"https:\\\/\\\/regalanimals.ch\\\/\",\"name\":\"R\u00e9gal Animals\",\"description\":\"Alimentation et articles de qualit\u00e9 pour chats, chiens et furets\",\"publisher\":{\"@id\":\"https:\\\/\\\/regalanimals.ch\\\/#organization\"},\"potentialAction\":[{\"@type\":\"SearchAction\",\"target\":{\"@type\":\"EntryPoint\",\"urlTemplate\":\"https:\\\/\\\/regalanimals.ch\\\/?s={search_term_string}\"},\"query-input\":{\"@type\":\"PropertyValueSpecification\",\"valueRequired\":true,\"valueName\":\"search_term_string\"}}],\"inLanguage\":\"en-GB\"},{\"@type\":\"Organization\",\"@id\":\"https:\\\/\\\/regalanimals.ch\\\/#organization\",\"name\":\"R\u00e9gal Animals\",\"url\":\"https:\\\/\\\/regalanimals.ch\\\/\",\"logo\":{\"@type\":\"ImageObject\",\"inLanguage\":\"en-GB\",\"@id\":\"https:\\\/\\\/regalanimals.ch\\\/#\\\/schema\\\/logo\\\/image\\\/\",\"url\":\"https:\\\/\\\/regalanimals.ch\\\/wp-content\\\/uploads\\\/2025\\\/04\\\/cropped-Logo-site-e1744634610403-1.webp\",\"contentUrl\":\"https:\\\/\\\/regalanimals.ch\\\/wp-content\\\/uploads\\\/2025\\\/04\\\/cropped-Logo-site-e1744634610403-1.webp\",\"width\":512,\"height\":512,\"caption\":\"R\u00e9gal Animals\"},\"image\":{\"@id\":\"https:\\\/\\\/regalanimals.ch\\\/#\\\/schema\\\/logo\\\/image\\\/\"}}]}<\/script>\n<!-- \/ Yoast SEO Premium plugin. -->","yoast_head_json":{"title":"Dried duck fillets, a real treat for your pet.","description":"A flavorful poultry treat that will tantalize their taste buds. Dried Duck Fillets offer an irresistible delicacy for all little carnivores.","robots":{"index":"index","follow":"follow","max-snippet":"max-snippet:-1","max-image-preview":"max-image-preview:large","max-video-preview":"max-video-preview:-1"},"canonical":"https:\/\/regalanimals.ch\/en\/product-2\/filets-de-canard\/","og_locale":"en_GB","og_type":"article","og_title":"Filets de Canard s\u00e9ch\u00e9s","og_description":"Une volaille pleine de saveur qui \u00e9veillera ses papilles. Les Filets de Canard s\u00e9ch\u00e9s offrent une gourmandise irr\u00e9sistible pour tous les petits carnivores.","og_url":"https:\/\/regalanimals.ch\/en\/product-2\/filets-de-canard\/","og_site_name":"R\u00e9gal&#039;Animals","article_modified_time":"2026-05-04T15:51:39+00:00","og_image":[{"width":940,"height":788,"url":"https:\/\/regalanimals.ch\/wp-content\/uploads\/2025\/08\/Filet-canard-seche.webp","type":"image\/webp"}],"twitter_card":"summary_large_image","twitter_misc":{"Estimated reading time":"4 minutes"},"schema":{"@context":"https:\/\/schema.org","@graph":[{"@type":"WebPage","@id":"https:\/\/regalanimals.ch\/product\/filets-de-canard\/","url":"https:\/\/regalanimals.ch\/product\/filets-de-canard\/","name":"Dried duck fillets, a real treat for your pet.","isPartOf":{"@id":"https:\/\/regalanimals.ch\/#website"},"primaryImageOfPage":{"@id":"https:\/\/regalanimals.ch\/product\/filets-de-canard\/#primaryimage"},"image":{"@id":"https:\/\/regalanimals.ch\/product\/filets-de-canard\/#primaryimage"},"thumbnailUrl":"https:\/\/regalanimals.ch\/wp-content\/uploads\/2025\/08\/Filet-canard-seche.webp","datePublished":"2025-04-14T16:42:07+00:00","dateModified":"2026-05-04T15:51:39+00:00","description":"A flavorful poultry treat that will tantalize their taste buds. Dried Duck Fillets offer an irresistible delicacy for all little carnivores.","breadcrumb":{"@id":"https:\/\/regalanimals.ch\/product\/filets-de-canard\/#breadcrumb"},"inLanguage":"en-GB","potentialAction":[{"@type":"ReadAction","target":["https:\/\/regalanimals.ch\/product\/filets-de-canard\/"]}]},{"@type":"ImageObject","inLanguage":"en-GB","@id":"https:\/\/regalanimals.ch\/product\/filets-de-canard\/#primaryimage","url":"https:\/\/regalanimals.ch\/wp-content\/uploads\/2025\/08\/Filet-canard-seche.webp","contentUrl":"https:\/\/regalanimals.ch\/wp-content\/uploads\/2025\/08\/Filet-canard-seche.webp","width":940,"height":788,"caption":"Filets de canard s\u00e9ch\u00e9s \u2013 Friandises naturelles et riches en prot\u00e9ines pour chiens, chats et furets."},{"@type":"BreadcrumbList","@id":"https:\/\/regalanimals.ch\/product\/filets-de-canard\/#breadcrumb","itemListElement":[{"@type":"ListItem","position":1,"name":"Home","item":"https:\/\/regalanimals.ch\/"},{"@type":"ListItem","position":2,"name":"Boutique","item":"https:\/\/regalanimals.ch\/shop\/"},{"@type":"ListItem","position":3,"name":"Filets de Canard s\u00e9ch\u00e9s"}]},{"@type":"WebSite","@id":"https:\/\/regalanimals.ch\/#website","url":"https:\/\/regalanimals.ch\/","name":"Animals Feast","description":"Quality food and supplies for cats, dogs and ferrets","publisher":{"@id":"https:\/\/regalanimals.ch\/#organization"},"potentialAction":[{"@type":"SearchAction","target":{"@type":"EntryPoint","urlTemplate":"https:\/\/regalanimals.ch\/?s={search_term_string}"},"query-input":{"@type":"PropertyValueSpecification","valueRequired":true,"valueName":"search_term_string"}}],"inLanguage":"en-GB"},{"@type":"Organization","@id":"https:\/\/regalanimals.ch\/#organization","name":"Animals Feast","url":"https:\/\/regalanimals.ch\/","logo":{"@type":"ImageObject","inLanguage":"en-GB","@id":"https:\/\/regalanimals.ch\/#\/schema\/logo\/image\/","url":"https:\/\/regalanimals.ch\/wp-content\/uploads\/2025\/04\/cropped-Logo-site-e1744634610403-1.webp","contentUrl":"https:\/\/regalanimals.ch\/wp-content\/uploads\/2025\/04\/cropped-Logo-site-e1744634610403-1.webp","width":512,"height":512,"caption":"R\u00e9gal Animals"},"image":{"@id":"https:\/\/regalanimals.ch\/#\/schema\/logo\/image\/"}}]}},"_links":{"self":[{"href":"https:\/\/regalanimals.ch\/en\/wp-json\/wp\/v2\/product\/33745","targetHints":{"allow":["GET"]}}],"collection":[{"href":"https:\/\/regalanimals.ch\/en\/wp-json\/wp\/v2\/product"}],"about":[{"href":"https:\/\/regalanimals.ch\/en\/wp-json\/wp\/v2\/types\/product"}],"replies":[{"embeddable":true,"href":"https:\/\/regalanimals.ch\/en\/wp-json\/wp\/v2\/comments?post=33745"}],"wp:featuredmedia":[{"embeddable":true,"href":"https:\/\/regalanimals.ch\/en\/wp-json\/wp\/v2\/media\/38238"}],"wp:attachment":[{"href":"https:\/\/regalanimals.ch\/en\/wp-json\/wp\/v2\/media?parent=33745"}],"wp:term":[{"taxonomy":"product_brand","embeddable":true,"href":"https:\/\/regalanimals.ch\/en\/wp-json\/wp\/v2\/product_brand?post=33745"},{"taxonomy":"product_cat","embeddable":true,"href":"https:\/\/regalanimals.ch\/en\/wp-json\/wp\/v2\/product_cat?post=33745"},{"taxonomy":"product_tag","embeddable":true,"href":"https:\/\/regalanimals.ch\/en\/wp-json\/wp\/v2\/product_tag?post=33745"}],"curies":[{"name":"wp","href":"https:\/\/api.w.org\/{rel}","templated":true}]}}