{"id":33746,"date":"2025-04-15T12:20:13","date_gmt":"2025-04-15T10:20:13","guid":{"rendered":"https:\/\/regalanimals.geekworkers.dev\/?post_type=product&#038;p=33746"},"modified":"2026-03-22T06:47:24","modified_gmt":"2026-03-22T05:47:24","slug":"pattes-de-sanglier","status":"publish","type":"product","link":"https:\/\/regalanimals.ch\/en\/product\/pattes-de-sanglier\/","title":{"rendered":"Pattes de sanglier (3 pi\u00e8ces)"},"content":{"rendered":"<h2 data-start=\"726\" data-end=\"755\"><strong data-start=\"728\" data-end=\"755\">Wild boar hooves \ud83d\udc17\ud83d\udc36<\/strong><\/h2>\n<h3 data-start=\"756\" data-end=\"812\">A wild, robust treat full of character<\/h3>\n<p data-start=\"814\" data-end=\"1319\">Wild boar trotters offer a wild and authentic chewing experience, ideal for dogs who love a real challenge. This natural treat is rich in high-quality protein. It also contains collagen and essential minerals that support muscles, joints, and overall vitality. These trotters will keep your dog occupied for a long time while stimulating their primal instincts. Ultimately, they become a healthy, long-lasting, and highly motivating treat.<\/p>\n<hr data-start=\"1321\" data-end=\"1324\" \/>\n<h2 data-start=\"1326\" data-end=\"1389\"><strong data-start=\"1328\" data-end=\"1389\">A chewable item that satisfies your primal instincts \ud83d\udc4d<\/strong><\/h2>\n<p data-start=\"1391\" data-end=\"2007\">Boar&#039;s Feet are appealing first and foremost because of their rustic character and high digestibility. Furthermore, this 100% natural treat perfectly satisfies the dog&#039;s instinctive chewing urge. Its firm texture allows dogs to gnaw for hours. Each chew strengthens the jaw and provides mechanical cleaning of the teeth, which limits plaque and reduces tartar. In addition, chewing provides mental stimulation, releasing endorphins. This allows your companion to relax, expend energy, and enjoy a rewarding activity.<\/p>\n<hr data-start=\"2009\" data-end=\"2012\" \/>\n<h2 data-start=\"2014\" data-end=\"2046\"><strong data-start=\"2016\" data-end=\"2046\">A snack with real bite \ud83c\udf56<\/strong><\/h2>\n<p data-start=\"2048\" data-end=\"2680\">This treat retains its wild aroma, which instantly excites dogs. However, if the smell becomes too strong, you can store it in an airtight bag. Also, as with all hard treats, it&#039;s important to supervise chewing sessions. When the area becomes too small, remove it to avoid any risk. Furthermore, Boar&#039;s Feet should be stored in a dry place, away from light. This way, they will last for several weeks while providing a regular and safe activity. Finally, always remember to leave fresh water available.<\/p>\n<hr data-start=\"2682\" data-end=\"2685\" \/>\n<h2 data-start=\"2687\" data-end=\"2715\"><strong data-start=\"2689\" data-end=\"2715\">\ud83d\udc3e Frequently Asked Questions<\/strong><\/h2>\n<h3 data-start=\"2716\" data-end=\"2828\">\u2753 <strong data-start=\"2718\" data-end=\"2828\">Still hesitating? Here are the answers to the most common questions about Boar&#039;s Feet.<\/strong><\/h3>\n<h4 data-start=\"2830\" data-end=\"3067\">\u27a1\ufe0f <strong data-start=\"2833\" data-end=\"2884\">What is a boar&#039;s foot for dogs?<\/strong><\/h4>\n<p data-start=\"2830\" data-end=\"3067\">This is a 100% natural, dried, protein-rich treat. It satisfies the chewing instinct and keeps dogs who love to gnaw intensely occupied.<\/p>\n<h4 data-start=\"3069\" data-end=\"3288\">\u27a1\ufe0f <strong data-start=\"3072\" data-end=\"3135\">From what age can a child be given a wild boar&#039;s foot?<\/strong><\/h4>\n<p data-start=\"3069\" data-end=\"3288\">From 5 to 6 months old, once the permanent teeth are fully in place. Before this age, it&#039;s best to avoid it, as the teeth are still too fragile for such a hard treat.<\/p>\n<hr data-start=\"3290\" data-end=\"3293\" \/>\n<h2 data-start=\"3295\" data-end=\"3328\"><strong data-start=\"3297\" data-end=\"3328\">\ud83d\udca6 R\u00e9gal&#039;Animals Advice \ud83d\udc9a<\/strong><\/h2>\n<p data-start=\"3330\" data-end=\"3721\">To make the Boar&#039;s Paw treat even more fun, you can turn the tasting into a real treasure hunt. Hide the treat in the house or garden: your dog will use their sense of smell, concentration, and patience to find it. This activity stimulates their mind, prevents boredom, and offers them a rewarding playtime before they even start chewing. \ud83d\udc9a<\/p>\n<hr data-start=\"3723\" data-end=\"3726\" \/>\n<h4 data-start=\"3728\" data-end=\"3993\">\u27a1\ufe0f <strong data-start=\"3731\" data-end=\"3797\">Are boar hooves safe for all dogs?<\/strong><\/h4>\n<p data-start=\"3728\" data-end=\"3993\">Yes, if the paste is of good quality and well dried. However, it is essential to supervise chewing and remove any pieces that are too small to avoid any risk of dangerous ingestion.<\/p>\n<h4 data-start=\"3995\" data-end=\"4201\">\u27a1\ufe0f <strong data-start=\"3998\" data-end=\"4079\">Are boar trotters suitable for dogs with allergies?<\/strong><\/h4>\n<p data-start=\"3995\" data-end=\"4201\">Yes, wild boar is a low-allergen protein. It can therefore replace beef or chicken for dogs with sensitivities.<\/p>\n<h4 data-start=\"4203\" data-end=\"4444\">\u27a1\ufe0f <strong data-start=\"4206\" data-end=\"4275\">Are they suitable for older dogs or dogs with fragile teeth?<\/strong><\/h4>\n<p data-start=\"4203\" data-end=\"4444\">Not always. For a senior dog or a dog with fragile teeth, it is better to offer a softer treat, such as a tendon or a dried strip.<\/p>\n<h4 data-start=\"4446\" data-end=\"4610\">\u27a1\ufe0f <strong data-start=\"4449\" data-end=\"4498\">How long does a boar&#039;s leg last?<\/strong><\/h4>\n<p data-start=\"4446\" data-end=\"4610\">It depends on the strength of the chewing. Generally, it provides several hours to several days of pleasure.<\/p>\n<h4 data-start=\"4612\" data-end=\"4835\">\u27a1\ufe0f <strong data-start=\"4615\" data-end=\"4650\">My dog isn&#039;t interested?<\/strong><\/h4>\n<p data-start=\"4612\" data-end=\"4835\">You can rub the paw with a little salmon oil or offer it to them after physical activity. Some dogs simply need time to get used to a new texture.<\/p>\n<h4 data-start=\"4837\" data-end=\"5074\">\u27a1\ufe0f <strong data-start=\"4840\" data-end=\"4910\">How long can you keep a cut wild boar leg?<\/strong><\/h4>\n<p data-start=\"4837\" data-end=\"5074\">If kept dry and away from moisture, it can last for several weeks. When the leg becomes too small, discard it for safety reasons.<\/p>\n<hr data-start=\"5076\" data-end=\"5079\" \/>\n<h4 data-start=\"5081\" data-end=\"5102\"><strong data-start=\"5085\" data-end=\"5100\">Composition<\/strong><\/h4>\n<p data-start=\"5103\" data-end=\"5128\">100 % boar&#039;s foot<\/p>\n<h4 data-start=\"5130\" data-end=\"5164\"><strong data-start=\"5134\" data-end=\"5162\">Analytical constituents<\/strong><\/h4>\n<p data-start=\"5165\" data-end=\"5297\">Crude protein: 61 %<br data-start=\"5188\" data-end=\"5191\" \/>Fat content: 22 %<br data-start=\"5214\" data-end=\"5217\" \/>Humidity: 6 %<br data-start=\"5231\" data-end=\"5234\" \/>Mineral materials: 2 %<br data-start=\"5258\" data-end=\"5261\" \/>Crude dietary fiber: &lt; 0.5 %<\/p>\n<p><a href=\"https:\/\/regalanimals.ch\/en\/product-2\/plaque-de-peau-de-boeuf\/\">Suggestion for him<\/a><a href=\"https:\/\/youtube.com\/shorts\/YohaIQCTRIg\">Satisfied customer!<\/a><\/p>","protected":false},"excerpt":{"rendered":"<p>Pattes de Sanglier \ud83d\udc17\ud83d\udc36 Une friandise sauvage, robuste et pleine de caract\u00e8re Les Pattes de Sanglier offrent une mastication sauvage et authentique, id\u00e9ale pour les chiens qui aiment relever de vrais d\u00e9fis. En effet, cette friandise naturelle est riche en prot\u00e9ines de qualit\u00e9. De plus, elle contient du collag\u00e8ne et des min\u00e9raux essentiels qui soutiennent [&hellip;]<\/p>\n","protected":false},"featured_media":38240,"menu_order":0,"comment_status":"open","ping_status":"closed","template":"","meta":[],"product_brand":[],"product_cat":[231,24],"product_tag":[],"class_list":{"0":"post-33746","1":"product","2":"type-product","3":"status-publish","4":"has-post-thumbnail","6":"product_cat-a-ronger","7":"product_cat-chiens","9":"first","10":"instock","11":"taxable","12":"shipping-taxable","13":"purchasable","14":"product-type-simple"},"yoast_head":"<!-- This site is optimized with the Yoast SEO Premium plugin v27.3 (Yoast SEO v27.3) - https:\/\/yoast.com\/product\/yoast-seo-premium-wordpress\/ -->\n<title>Les pattes de sanglier, un plaisir tellement sauvage.<\/title>\n<meta name=\"description\" content=\"Un article \u00e0 ronger qui ravira les chiens puissants. Les Pattes de Sanglier offrent un moment instinctif tout en satisfaisant leur besoin de m\u00e2cher.\" \/>\n<meta name=\"robots\" content=\"index, follow, max-snippet:-1, max-image-preview:large, max-video-preview:-1\" \/>\n<link rel=\"canonical\" href=\"https:\/\/regalanimals.ch\/en\/product-2\/pattes-de-sanglier\/\" \/>\n<meta property=\"og:locale\" content=\"en_GB\" \/>\n<meta property=\"og:type\" content=\"article\" \/>\n<meta property=\"og:title\" content=\"Pattes de sanglier (3 pi\u00e8ces)\" \/>\n<meta property=\"og:description\" content=\"Un article \u00e0 ronger qui ravira les chiens puissants. Les Pattes de Sanglier offrent un moment instinctif tout en satisfaisant leur besoin de m\u00e2cher.\" \/>\n<meta property=\"og:url\" content=\"https:\/\/regalanimals.ch\/en\/product-2\/pattes-de-sanglier\/\" \/>\n<meta property=\"og:site_name\" content=\"R\u00e9gal&#039;Animals\" \/>\n<meta property=\"article:modified_time\" content=\"2026-03-22T05:47:24+00:00\" \/>\n<meta property=\"og:image\" content=\"https:\/\/regalanimals.ch\/wp-content\/uploads\/2025\/08\/Pattes-de-sanglier.webp\" \/>\n\t<meta property=\"og:image:width\" content=\"940\" \/>\n\t<meta property=\"og:image:height\" content=\"788\" \/>\n\t<meta property=\"og:image:type\" content=\"image\/webp\" \/>\n<meta name=\"twitter:card\" content=\"summary_large_image\" \/>\n<meta name=\"twitter:label1\" content=\"Estimated reading time\" \/>\n\t<meta name=\"twitter:data1\" content=\"4 minutes\" \/>\n<script type=\"application\/ld+json\" class=\"yoast-schema-graph\">{\"@context\":\"https:\\\/\\\/schema.org\",\"@graph\":[{\"@type\":\"WebPage\",\"@id\":\"https:\\\/\\\/regalanimals.ch\\\/product\\\/pattes-de-sanglier\\\/\",\"url\":\"https:\\\/\\\/regalanimals.ch\\\/product\\\/pattes-de-sanglier\\\/\",\"name\":\"Les pattes de sanglier, un plaisir tellement sauvage.\",\"isPartOf\":{\"@id\":\"https:\\\/\\\/regalanimals.ch\\\/#website\"},\"primaryImageOfPage\":{\"@id\":\"https:\\\/\\\/regalanimals.ch\\\/product\\\/pattes-de-sanglier\\\/#primaryimage\"},\"image\":{\"@id\":\"https:\\\/\\\/regalanimals.ch\\\/product\\\/pattes-de-sanglier\\\/#primaryimage\"},\"thumbnailUrl\":\"https:\\\/\\\/regalanimals.ch\\\/wp-content\\\/uploads\\\/2025\\\/08\\\/Pattes-de-sanglier.webp\",\"datePublished\":\"2025-04-15T10:20:13+00:00\",\"dateModified\":\"2026-03-22T05:47:24+00:00\",\"description\":\"Un article \u00e0 ronger qui ravira les chiens puissants. Les Pattes de Sanglier offrent un moment instinctif tout en satisfaisant leur besoin de m\u00e2cher.\",\"breadcrumb\":{\"@id\":\"https:\\\/\\\/regalanimals.ch\\\/product\\\/pattes-de-sanglier\\\/#breadcrumb\"},\"inLanguage\":\"en-GB\",\"potentialAction\":[{\"@type\":\"ReadAction\",\"target\":[\"https:\\\/\\\/regalanimals.ch\\\/product\\\/pattes-de-sanglier\\\/\"]}]},{\"@type\":\"ImageObject\",\"inLanguage\":\"en-GB\",\"@id\":\"https:\\\/\\\/regalanimals.ch\\\/product\\\/pattes-de-sanglier\\\/#primaryimage\",\"url\":\"https:\\\/\\\/regalanimals.ch\\\/wp-content\\\/uploads\\\/2025\\\/08\\\/Pattes-de-sanglier.webp\",\"contentUrl\":\"https:\\\/\\\/regalanimals.ch\\\/wp-content\\\/uploads\\\/2025\\\/08\\\/Pattes-de-sanglier.webp\",\"width\":940,\"height\":788,\"caption\":\"Pattes de Sanglier \u2013 friandise naturelle sauvage \u00e0 ronger pour chien.\"},{\"@type\":\"BreadcrumbList\",\"@id\":\"https:\\\/\\\/regalanimals.ch\\\/product\\\/pattes-de-sanglier\\\/#breadcrumb\",\"itemListElement\":[{\"@type\":\"ListItem\",\"position\":1,\"name\":\"Home\",\"item\":\"https:\\\/\\\/regalanimals.ch\\\/\"},{\"@type\":\"ListItem\",\"position\":2,\"name\":\"Boutique\",\"item\":\"https:\\\/\\\/regalanimals.ch\\\/shop\\\/\"},{\"@type\":\"ListItem\",\"position\":3,\"name\":\"Pattes de sanglier (3 pi\u00e8ces)\"}]},{\"@type\":\"WebSite\",\"@id\":\"https:\\\/\\\/regalanimals.ch\\\/#website\",\"url\":\"https:\\\/\\\/regalanimals.ch\\\/\",\"name\":\"R\u00e9gal Animals\",\"description\":\"Alimentation et articles de qualit\u00e9 pour chats, chiens et furets\",\"publisher\":{\"@id\":\"https:\\\/\\\/regalanimals.ch\\\/#organization\"},\"potentialAction\":[{\"@type\":\"SearchAction\",\"target\":{\"@type\":\"EntryPoint\",\"urlTemplate\":\"https:\\\/\\\/regalanimals.ch\\\/?s={search_term_string}\"},\"query-input\":{\"@type\":\"PropertyValueSpecification\",\"valueRequired\":true,\"valueName\":\"search_term_string\"}}],\"inLanguage\":\"en-GB\"},{\"@type\":\"Organization\",\"@id\":\"https:\\\/\\\/regalanimals.ch\\\/#organization\",\"name\":\"R\u00e9gal Animals\",\"url\":\"https:\\\/\\\/regalanimals.ch\\\/\",\"logo\":{\"@type\":\"ImageObject\",\"inLanguage\":\"en-GB\",\"@id\":\"https:\\\/\\\/regalanimals.ch\\\/#\\\/schema\\\/logo\\\/image\\\/\",\"url\":\"https:\\\/\\\/regalanimals.ch\\\/wp-content\\\/uploads\\\/2025\\\/07\\\/Logo-RegalAnimals.png\",\"contentUrl\":\"https:\\\/\\\/regalanimals.ch\\\/wp-content\\\/uploads\\\/2025\\\/07\\\/Logo-RegalAnimals.png\",\"width\":120,\"height\":153,\"caption\":\"R\u00e9gal Animals\"},\"image\":{\"@id\":\"https:\\\/\\\/regalanimals.ch\\\/#\\\/schema\\\/logo\\\/image\\\/\"}}]}<\/script>\n<!-- \/ Yoast SEO Premium plugin. -->","yoast_head_json":{"title":"Wild boar hooves, such a wild pleasure.","description":"A chew toy that will delight powerful dogs. The Boar&#039;s Legs offer an instinctive moment while satisfying their need to chew.","robots":{"index":"index","follow":"follow","max-snippet":"max-snippet:-1","max-image-preview":"max-image-preview:large","max-video-preview":"max-video-preview:-1"},"canonical":"https:\/\/regalanimals.ch\/en\/product-2\/pattes-de-sanglier\/","og_locale":"en_GB","og_type":"article","og_title":"Pattes de sanglier (3 pi\u00e8ces)","og_description":"Un article \u00e0 ronger qui ravira les chiens puissants. Les Pattes de Sanglier offrent un moment instinctif tout en satisfaisant leur besoin de m\u00e2cher.","og_url":"https:\/\/regalanimals.ch\/en\/product-2\/pattes-de-sanglier\/","og_site_name":"R\u00e9gal&#039;Animals","article_modified_time":"2026-03-22T05:47:24+00:00","og_image":[{"width":940,"height":788,"url":"https:\/\/regalanimals.ch\/wp-content\/uploads\/2025\/08\/Pattes-de-sanglier.webp","type":"image\/webp"}],"twitter_card":"summary_large_image","twitter_misc":{"Estimated reading time":"4 minutes"},"schema":{"@context":"https:\/\/schema.org","@graph":[{"@type":"WebPage","@id":"https:\/\/regalanimals.ch\/product\/pattes-de-sanglier\/","url":"https:\/\/regalanimals.ch\/product\/pattes-de-sanglier\/","name":"Wild boar hooves, such a wild pleasure.","isPartOf":{"@id":"https:\/\/regalanimals.ch\/#website"},"primaryImageOfPage":{"@id":"https:\/\/regalanimals.ch\/product\/pattes-de-sanglier\/#primaryimage"},"image":{"@id":"https:\/\/regalanimals.ch\/product\/pattes-de-sanglier\/#primaryimage"},"thumbnailUrl":"https:\/\/regalanimals.ch\/wp-content\/uploads\/2025\/08\/Pattes-de-sanglier.webp","datePublished":"2025-04-15T10:20:13+00:00","dateModified":"2026-03-22T05:47:24+00:00","description":"A chew toy that will delight powerful dogs. The Boar&#039;s Legs offer an instinctive moment while satisfying their need to chew.","breadcrumb":{"@id":"https:\/\/regalanimals.ch\/product\/pattes-de-sanglier\/#breadcrumb"},"inLanguage":"en-GB","potentialAction":[{"@type":"ReadAction","target":["https:\/\/regalanimals.ch\/product\/pattes-de-sanglier\/"]}]},{"@type":"ImageObject","inLanguage":"en-GB","@id":"https:\/\/regalanimals.ch\/product\/pattes-de-sanglier\/#primaryimage","url":"https:\/\/regalanimals.ch\/wp-content\/uploads\/2025\/08\/Pattes-de-sanglier.webp","contentUrl":"https:\/\/regalanimals.ch\/wp-content\/uploads\/2025\/08\/Pattes-de-sanglier.webp","width":940,"height":788,"caption":"Pattes de Sanglier \u2013 friandise naturelle sauvage \u00e0 ronger pour chien."},{"@type":"BreadcrumbList","@id":"https:\/\/regalanimals.ch\/product\/pattes-de-sanglier\/#breadcrumb","itemListElement":[{"@type":"ListItem","position":1,"name":"Home","item":"https:\/\/regalanimals.ch\/"},{"@type":"ListItem","position":2,"name":"Boutique","item":"https:\/\/regalanimals.ch\/shop\/"},{"@type":"ListItem","position":3,"name":"Pattes de sanglier (3 pi\u00e8ces)"}]},{"@type":"WebSite","@id":"https:\/\/regalanimals.ch\/#website","url":"https:\/\/regalanimals.ch\/","name":"Animals Feast","description":"Quality food and supplies for cats, dogs and ferrets","publisher":{"@id":"https:\/\/regalanimals.ch\/#organization"},"potentialAction":[{"@type":"SearchAction","target":{"@type":"EntryPoint","urlTemplate":"https:\/\/regalanimals.ch\/?s={search_term_string}"},"query-input":{"@type":"PropertyValueSpecification","valueRequired":true,"valueName":"search_term_string"}}],"inLanguage":"en-GB"},{"@type":"Organization","@id":"https:\/\/regalanimals.ch\/#organization","name":"Animals Feast","url":"https:\/\/regalanimals.ch\/","logo":{"@type":"ImageObject","inLanguage":"en-GB","@id":"https:\/\/regalanimals.ch\/#\/schema\/logo\/image\/","url":"https:\/\/regalanimals.ch\/wp-content\/uploads\/2025\/07\/Logo-RegalAnimals.png","contentUrl":"https:\/\/regalanimals.ch\/wp-content\/uploads\/2025\/07\/Logo-RegalAnimals.png","width":120,"height":153,"caption":"R\u00e9gal Animals"},"image":{"@id":"https:\/\/regalanimals.ch\/#\/schema\/logo\/image\/"}}]}},"_links":{"self":[{"href":"https:\/\/regalanimals.ch\/en\/wp-json\/wp\/v2\/product\/33746","targetHints":{"allow":["GET"]}}],"collection":[{"href":"https:\/\/regalanimals.ch\/en\/wp-json\/wp\/v2\/product"}],"about":[{"href":"https:\/\/regalanimals.ch\/en\/wp-json\/wp\/v2\/types\/product"}],"replies":[{"embeddable":true,"href":"https:\/\/regalanimals.ch\/en\/wp-json\/wp\/v2\/comments?post=33746"}],"wp:featuredmedia":[{"embeddable":true,"href":"https:\/\/regalanimals.ch\/en\/wp-json\/wp\/v2\/media\/38240"}],"wp:attachment":[{"href":"https:\/\/regalanimals.ch\/en\/wp-json\/wp\/v2\/media?parent=33746"}],"wp:term":[{"taxonomy":"product_brand","embeddable":true,"href":"https:\/\/regalanimals.ch\/en\/wp-json\/wp\/v2\/product_brand?post=33746"},{"taxonomy":"product_cat","embeddable":true,"href":"https:\/\/regalanimals.ch\/en\/wp-json\/wp\/v2\/product_cat?post=33746"},{"taxonomy":"product_tag","embeddable":true,"href":"https:\/\/regalanimals.ch\/en\/wp-json\/wp\/v2\/product_tag?post=33746"}],"curies":[{"name":"wp","href":"https:\/\/api.w.org\/{rel}","templated":true}]}}