{"id":36443,"date":"2025-06-06T08:24:54","date_gmt":"2025-06-06T06:24:54","guid":{"rendered":"https:\/\/regalanimals.geekworkers.dev\/?post_type=product&#038;p=36443"},"modified":"2026-04-10T06:27:33","modified_gmt":"2026-04-10T04:27:33","slug":"femur-de-porc","status":"publish","type":"product","link":"https:\/\/regalanimals.ch\/en\/product\/femur-de-porc\/","title":{"rendered":"Pig femur"},"content":{"rendered":"<h2 data-start=\"462\" data-end=\"486\"><strong data-start=\"464\" data-end=\"486\">Pig femur \ud83d\udc37\ud83d\udc36<\/strong><\/h2>\n<h3 data-start=\"487\" data-end=\"535\">The Italian chew toy that delights dogs<\/h3>\n<p data-start=\"537\" data-end=\"1218\">The Pork Femur is an Italian ham bone selected for its quality, strength, and unique flavor. This chewable item comes from pigs fed a balanced diet and raised in the heart of Italy&#039;s renowned terroir. Its dense structure, naturally rich in calcium and phosphorus, provides a long-lasting chew that strengthens the jaw while offering a truly relaxing experience. Indeed, its robust texture significantly reduces the risk of splintering, making chewing safer, even for powerful dogs. Each session helps your companion channel energy, reduce stress, and improve oral hygiene.<\/p>\n<hr data-start=\"1220\" data-end=\"1223\" \/>\n<h2 data-start=\"1225\" data-end=\"1285\"><strong data-start=\"1227\" data-end=\"1285\">An inimitable taste for an authentic ham bone \ud83e\uddb7<\/strong><\/h2>\n<p data-start=\"1287\" data-end=\"1956\">Dehydrated Pork Femur is a 100% natural product containing no additives, preservatives, or added salt. It fully satisfies your dog&#039;s instinctive need to chew, while providing a natural source of essential nutrients. Furthermore, chewable items act like a natural toothbrush, gently cleaning the teeth with every chew. This mechanical action helps reduce plaque and tartar, improving oral hygiene. Therefore, Pork Femur is not just a tasty treat; it&#039;s also a valuable wellness practice to incorporate regularly into your pet&#039;s routine.<\/p>\n<hr data-start=\"1958\" data-end=\"1961\" \/>\n<h2 data-start=\"1963\" data-end=\"2019\"><strong data-start=\"1965\" data-end=\"2019\">An impressive bone for colossal pleasure \ud83d\udc3e\ud83d\udc17<\/strong><\/h2>\n<p data-start=\"2021\" data-end=\"2593\">The lifespan of this Pig Femur depends on your dog&#039;s jaw strength, but its massive bone structure ensures excellent durability. It&#039;s suitable for most adult dogs, regardless of size. However, it&#039;s not appropriate for puppies without their adult teeth, as its very rigid texture can be too demanding for their developing jaws. Therefore, this bone is an excellent choice for adult dogs who enjoy a long gnawing session and appreciate a natural, sturdy, and tasty treat.<\/p>\n<hr data-start=\"2595\" data-end=\"2598\" \/>\n<h2 data-start=\"2600\" data-end=\"2628\"><strong data-start=\"2602\" data-end=\"2628\">\ud83d\udc3e Frequently Asked Questions<\/strong><\/h2>\n<h3 data-start=\"2629\" data-end=\"2733\">\u2753 Still hesitating? Here are the answers to the most frequently asked questions about Pig Femur.<\/h3>\n<h4 data-start=\"2735\" data-end=\"2796\">\u27a1\ufe0f <strong data-start=\"2738\" data-end=\"2796\">At what age can a pig femur be given?<\/strong><\/h4>\n<p data-start=\"2798\" data-end=\"3173\">Pig femur treats are only suitable for adult dogs, meaning those with their permanent teeth. Their very rigid texture makes them unsuitable for puppies. However, you can offer softer treats until their teeth have finished growing. This way, you respect the natural development of your dog&#039;s jaw.<\/p>\n<h4 data-start=\"3175\" data-end=\"3239\">\u27a1\ufe0f <strong data-start=\"3178\" data-end=\"3239\">Is pig femur safe for heavy chewers?<\/strong><\/h4>\n<p data-start=\"3241\" data-end=\"3531\">Yes, its natural density makes it suitable for powerful chewers. Its robustness reduces the risk of fracture and ensures more controlled chewing. However, as with any bone, it remains important to supervise your dog. This will guarantee safe and worry-free use.<\/p>\n<hr data-start=\"2595\" data-end=\"2598\" \/>\n<h2 data-start=\"3533\" data-end=\"3564\">\ud83d\udca6 <strong data-start=\"3536\" data-end=\"3564\">R\u00e9gal&#039;Animals Advice \ud83d\udc9a<\/strong><\/h2>\n<p data-start=\"3566\" data-end=\"4165\">To keep things interesting and maintain a balanced chew, you can alternate the Pig Femur with other softer or more fibrous items. Diversifying textures stimulates your dog more and prevents fatigue in any one area of the jaw. For example, you can reserve this sturdy bone for times when your companion really needs to be occupied for a long time, such as after a long walk, during a period of boredom, or when you have guests. This way, you&#039;re offering them a natural, calming activity that&#039;s perfectly suited to their need to chew. \ud83d\udc9a<\/p>\n<hr data-start=\"2595\" data-end=\"2598\" \/>\n<h4 data-start=\"4167\" data-end=\"4213\">\u27a1\ufe0f <strong data-start=\"4170\" data-end=\"4213\">Does this bone help clean teeth?<\/strong><\/h4>\n<p data-start=\"4215\" data-end=\"4516\">Yes, the pig femur offers an interesting mechanical action thanks to its hard surface. By chewing on it, your dog naturally rubs its teeth, which limits plaque and can reduce tartar. This action doesn&#039;t replace brushing, but it helps maintain good oral hygiene.<\/p>\n<h4 data-start=\"4518\" data-end=\"4559\">\u27a1\ufe0f <strong data-start=\"4521\" data-end=\"4559\">Is it suitable for sensitive dogs?<\/strong><\/h4>\n<p data-start=\"4561\" data-end=\"4889\">Pork femur contains only one source of protein: pork. It may be suitable for some sensitive dogs, but it is not appropriate for those with a specific intolerance to this protein. For dogs that are truly reactive, a gradual introduction is recommended. This way, you can gently assess their tolerance.<\/p>\n<h4 data-start=\"4891\" data-end=\"4953\">\u27a1\ufe0f <strong data-start=\"4894\" data-end=\"4953\">How to store a pig femur between two sessions?<\/strong><\/h4>\n<p data-start=\"4955\" data-end=\"5221\">It is best to store this bone in a dry, temperate place. After use, allow it to dry if necessary, then place it in a non-airtight container or a breathable fabric bag. This will preserve its natural aroma while preventing moisture buildup.<\/p>\n<hr data-start=\"5223\" data-end=\"5226\" \/>\n<h4 data-start=\"5228\" data-end=\"5249\"><strong data-start=\"5232\" data-end=\"5247\">Composition<\/strong><\/h4>\n<p data-start=\"5250\" data-end=\"5270\">100 % Italian pork<\/p>\n<h4 data-start=\"5272\" data-end=\"5306\"><strong data-start=\"5276\" data-end=\"5304\">Analytical constituents<\/strong><\/h4>\n<p data-start=\"5307\" data-end=\"5458\">Crude protein: 29.20 %<br data-start=\"5331\" data-end=\"5334\" \/>Crude fat: 10.55 %<br data-start=\"5367\" data-end=\"5370\" \/>Mineral matter: 17.68 %<br data-start=\"5398\" data-end=\"5401\" \/>Crude dietary fiber: 0.8 %<br data-start=\"5435\" data-end=\"5438\" \/>Humidity: 20.98 %<\/p>\n<p>&nbsp;<\/p>\n<p><a href=\"https:\/\/regalanimals.ch\/en\/product-2\/peau-de-boeuf-30cm\/\">Suggestion for him<\/a><a href=\"https:\/\/youtube.com\/shorts\/aQyALNyMy3s?feature=share\">Satisfied customer!<\/a><\/p>","protected":false},"excerpt":{"rendered":"<p>F\u00e9mur de Porc \ud83d\udc37\ud83d\udc36 La mastication italienne qui ravit les chiens Le F\u00e9mur de Porc est un os de jambon italien s\u00e9lectionn\u00e9 pour sa qualit\u00e9, sa solidit\u00e9 et son go\u00fbt unique. Cet article \u00e0 ronger provient de cochons nourris avec une alimentation \u00e9quilibr\u00e9e et \u00e9lev\u00e9s au c\u0153ur des terres renomm\u00e9es d\u2019Italie. Sa structure dense et [&hellip;]<\/p>\n","protected":false},"featured_media":39966,"menu_order":0,"comment_status":"open","ping_status":"closed","template":"","meta":[],"product_brand":[],"product_cat":[231,24],"product_tag":[],"class_list":{"0":"post-36443","1":"product","2":"type-product","3":"status-publish","4":"has-post-thumbnail","6":"product_cat-a-ronger","7":"product_cat-chiens","9":"first","10":"outofstock","11":"taxable","12":"shipping-taxable","13":"purchasable","14":"product-type-simple"},"yoast_head":"<!-- This site is optimized with the Yoast SEO Premium plugin v27.3 (Yoast SEO v27.4) - https:\/\/yoast.com\/product\/yoast-seo-premium-wordpress\/ -->\n<title>F\u00e9mur de Porc, un article \u00e0 ronger qui a vraiment du go\u00fbt !<\/title>\n<meta name=\"description\" content=\"Un os naturel qui garantit un plaisir de mastication durable. Le F\u00e9mur de Porc apporte \u00e0 votre chien un moment savoureux et une vraie s\u00e9ance de d\u00e9tente.\" \/>\n<meta name=\"robots\" content=\"index, follow, max-snippet:-1, max-image-preview:large, max-video-preview:-1\" \/>\n<link rel=\"canonical\" href=\"https:\/\/regalanimals.ch\/en\/product-2\/femur-de-porc\/\" \/>\n<meta property=\"og:locale\" content=\"en_GB\" \/>\n<meta property=\"og:type\" content=\"article\" \/>\n<meta property=\"og:title\" content=\"F\u00e9mur de Porc\" \/>\n<meta property=\"og:description\" content=\"Un os naturel qui garantit un plaisir de mastication durable. Le F\u00e9mur de Porc apporte \u00e0 votre chien un moment savoureux et une vraie s\u00e9ance de d\u00e9tente.\" \/>\n<meta property=\"og:url\" content=\"https:\/\/regalanimals.ch\/en\/product-2\/femur-de-porc\/\" \/>\n<meta property=\"og:site_name\" content=\"R\u00e9gal&#039;Animals\" \/>\n<meta property=\"article:modified_time\" content=\"2026-04-10T04:27:33+00:00\" \/>\n<meta property=\"og:image\" content=\"https:\/\/regalanimals.ch\/wp-content\/uploads\/2025\/11\/Femur-de-Porc.webp\" \/>\n\t<meta property=\"og:image:width\" content=\"358\" \/>\n\t<meta property=\"og:image:height\" content=\"300\" \/>\n\t<meta property=\"og:image:type\" content=\"image\/webp\" \/>\n<meta name=\"twitter:card\" content=\"summary_large_image\" \/>\n<meta name=\"twitter:label1\" content=\"Estimated reading time\" \/>\n\t<meta name=\"twitter:data1\" content=\"5 minutes\" \/>\n<script type=\"application\/ld+json\" class=\"yoast-schema-graph\">{\"@context\":\"https:\\\/\\\/schema.org\",\"@graph\":[{\"@type\":\"WebPage\",\"@id\":\"https:\\\/\\\/regalanimals.ch\\\/product\\\/femur-de-porc\\\/\",\"url\":\"https:\\\/\\\/regalanimals.ch\\\/product\\\/femur-de-porc\\\/\",\"name\":\"F\u00e9mur de Porc, un article \u00e0 ronger qui a vraiment du go\u00fbt !\",\"isPartOf\":{\"@id\":\"https:\\\/\\\/regalanimals.ch\\\/#website\"},\"primaryImageOfPage\":{\"@id\":\"https:\\\/\\\/regalanimals.ch\\\/product\\\/femur-de-porc\\\/#primaryimage\"},\"image\":{\"@id\":\"https:\\\/\\\/regalanimals.ch\\\/product\\\/femur-de-porc\\\/#primaryimage\"},\"thumbnailUrl\":\"https:\\\/\\\/regalanimals.ch\\\/wp-content\\\/uploads\\\/2025\\\/11\\\/Femur-de-Porc.webp\",\"datePublished\":\"2025-06-06T06:24:54+00:00\",\"dateModified\":\"2026-04-10T04:27:33+00:00\",\"description\":\"Un os naturel qui garantit un plaisir de mastication durable. Le F\u00e9mur de Porc apporte \u00e0 votre chien un moment savoureux et une vraie s\u00e9ance de d\u00e9tente.\",\"breadcrumb\":{\"@id\":\"https:\\\/\\\/regalanimals.ch\\\/product\\\/femur-de-porc\\\/#breadcrumb\"},\"inLanguage\":\"en-GB\",\"potentialAction\":[{\"@type\":\"ReadAction\",\"target\":[\"https:\\\/\\\/regalanimals.ch\\\/product\\\/femur-de-porc\\\/\"]}]},{\"@type\":\"ImageObject\",\"inLanguage\":\"en-GB\",\"@id\":\"https:\\\/\\\/regalanimals.ch\\\/product\\\/femur-de-porc\\\/#primaryimage\",\"url\":\"https:\\\/\\\/regalanimals.ch\\\/wp-content\\\/uploads\\\/2025\\\/11\\\/Femur-de-Porc.webp\",\"contentUrl\":\"https:\\\/\\\/regalanimals.ch\\\/wp-content\\\/uploads\\\/2025\\\/11\\\/Femur-de-Porc.webp\",\"width\":358,\"height\":300,\"caption\":\"F\u00e9mur de Porc \u2013 Os \u00e0 ronger naturel pour chien.\"},{\"@type\":\"BreadcrumbList\",\"@id\":\"https:\\\/\\\/regalanimals.ch\\\/product\\\/femur-de-porc\\\/#breadcrumb\",\"itemListElement\":[{\"@type\":\"ListItem\",\"position\":1,\"name\":\"Home\",\"item\":\"https:\\\/\\\/regalanimals.ch\\\/\"},{\"@type\":\"ListItem\",\"position\":2,\"name\":\"Boutique\",\"item\":\"https:\\\/\\\/regalanimals.ch\\\/shop\\\/\"},{\"@type\":\"ListItem\",\"position\":3,\"name\":\"F\u00e9mur de Porc\"}]},{\"@type\":\"WebSite\",\"@id\":\"https:\\\/\\\/regalanimals.ch\\\/#website\",\"url\":\"https:\\\/\\\/regalanimals.ch\\\/\",\"name\":\"R\u00e9gal Animals\",\"description\":\"Alimentation et articles de qualit\u00e9 pour chats, chiens et furets\",\"publisher\":{\"@id\":\"https:\\\/\\\/regalanimals.ch\\\/#organization\"},\"potentialAction\":[{\"@type\":\"SearchAction\",\"target\":{\"@type\":\"EntryPoint\",\"urlTemplate\":\"https:\\\/\\\/regalanimals.ch\\\/?s={search_term_string}\"},\"query-input\":{\"@type\":\"PropertyValueSpecification\",\"valueRequired\":true,\"valueName\":\"search_term_string\"}}],\"inLanguage\":\"en-GB\"},{\"@type\":\"Organization\",\"@id\":\"https:\\\/\\\/regalanimals.ch\\\/#organization\",\"name\":\"R\u00e9gal Animals\",\"url\":\"https:\\\/\\\/regalanimals.ch\\\/\",\"logo\":{\"@type\":\"ImageObject\",\"inLanguage\":\"en-GB\",\"@id\":\"https:\\\/\\\/regalanimals.ch\\\/#\\\/schema\\\/logo\\\/image\\\/\",\"url\":\"https:\\\/\\\/regalanimals.ch\\\/wp-content\\\/uploads\\\/2025\\\/04\\\/cropped-Logo-site-e1744634610403-1.webp\",\"contentUrl\":\"https:\\\/\\\/regalanimals.ch\\\/wp-content\\\/uploads\\\/2025\\\/04\\\/cropped-Logo-site-e1744634610403-1.webp\",\"width\":512,\"height\":512,\"caption\":\"R\u00e9gal Animals\"},\"image\":{\"@id\":\"https:\\\/\\\/regalanimals.ch\\\/#\\\/schema\\\/logo\\\/image\\\/\"}}]}<\/script>\n<!-- \/ Yoast SEO Premium plugin. -->","yoast_head_json":{"title":"F\u00e9mur de Porc, un article \u00e0 ronger qui a vraiment du go\u00fbt !","description":"A natural bone that guarantees lasting chewing pleasure. The Pig Femur provides your dog with a tasty moment and a truly relaxing experience.","robots":{"index":"index","follow":"follow","max-snippet":"max-snippet:-1","max-image-preview":"max-image-preview:large","max-video-preview":"max-video-preview:-1"},"canonical":"https:\/\/regalanimals.ch\/en\/product-2\/femur-de-porc\/","og_locale":"en_GB","og_type":"article","og_title":"F\u00e9mur de Porc","og_description":"Un os naturel qui garantit un plaisir de mastication durable. Le F\u00e9mur de Porc apporte \u00e0 votre chien un moment savoureux et une vraie s\u00e9ance de d\u00e9tente.","og_url":"https:\/\/regalanimals.ch\/en\/product-2\/femur-de-porc\/","og_site_name":"R\u00e9gal&#039;Animals","article_modified_time":"2026-04-10T04:27:33+00:00","og_image":[{"width":358,"height":300,"url":"https:\/\/regalanimals.ch\/wp-content\/uploads\/2025\/11\/Femur-de-Porc.webp","type":"image\/webp"}],"twitter_card":"summary_large_image","twitter_misc":{"Estimated reading time":"5 minutes"},"schema":{"@context":"https:\/\/schema.org","@graph":[{"@type":"WebPage","@id":"https:\/\/regalanimals.ch\/product\/femur-de-porc\/","url":"https:\/\/regalanimals.ch\/product\/femur-de-porc\/","name":"F\u00e9mur de Porc, un article \u00e0 ronger qui a vraiment du go\u00fbt !","isPartOf":{"@id":"https:\/\/regalanimals.ch\/#website"},"primaryImageOfPage":{"@id":"https:\/\/regalanimals.ch\/product\/femur-de-porc\/#primaryimage"},"image":{"@id":"https:\/\/regalanimals.ch\/product\/femur-de-porc\/#primaryimage"},"thumbnailUrl":"https:\/\/regalanimals.ch\/wp-content\/uploads\/2025\/11\/Femur-de-Porc.webp","datePublished":"2025-06-06T06:24:54+00:00","dateModified":"2026-04-10T04:27:33+00:00","description":"A natural bone that guarantees lasting chewing pleasure. The Pig Femur provides your dog with a tasty moment and a truly relaxing experience.","breadcrumb":{"@id":"https:\/\/regalanimals.ch\/product\/femur-de-porc\/#breadcrumb"},"inLanguage":"en-GB","potentialAction":[{"@type":"ReadAction","target":["https:\/\/regalanimals.ch\/product\/femur-de-porc\/"]}]},{"@type":"ImageObject","inLanguage":"en-GB","@id":"https:\/\/regalanimals.ch\/product\/femur-de-porc\/#primaryimage","url":"https:\/\/regalanimals.ch\/wp-content\/uploads\/2025\/11\/Femur-de-Porc.webp","contentUrl":"https:\/\/regalanimals.ch\/wp-content\/uploads\/2025\/11\/Femur-de-Porc.webp","width":358,"height":300,"caption":"F\u00e9mur de Porc \u2013 Os \u00e0 ronger naturel pour chien."},{"@type":"BreadcrumbList","@id":"https:\/\/regalanimals.ch\/product\/femur-de-porc\/#breadcrumb","itemListElement":[{"@type":"ListItem","position":1,"name":"Home","item":"https:\/\/regalanimals.ch\/"},{"@type":"ListItem","position":2,"name":"Boutique","item":"https:\/\/regalanimals.ch\/shop\/"},{"@type":"ListItem","position":3,"name":"F\u00e9mur de Porc"}]},{"@type":"WebSite","@id":"https:\/\/regalanimals.ch\/#website","url":"https:\/\/regalanimals.ch\/","name":"Animals Feast","description":"Quality food and supplies for cats, dogs and ferrets","publisher":{"@id":"https:\/\/regalanimals.ch\/#organization"},"potentialAction":[{"@type":"SearchAction","target":{"@type":"EntryPoint","urlTemplate":"https:\/\/regalanimals.ch\/?s={search_term_string}"},"query-input":{"@type":"PropertyValueSpecification","valueRequired":true,"valueName":"search_term_string"}}],"inLanguage":"en-GB"},{"@type":"Organization","@id":"https:\/\/regalanimals.ch\/#organization","name":"Animals Feast","url":"https:\/\/regalanimals.ch\/","logo":{"@type":"ImageObject","inLanguage":"en-GB","@id":"https:\/\/regalanimals.ch\/#\/schema\/logo\/image\/","url":"https:\/\/regalanimals.ch\/wp-content\/uploads\/2025\/04\/cropped-Logo-site-e1744634610403-1.webp","contentUrl":"https:\/\/regalanimals.ch\/wp-content\/uploads\/2025\/04\/cropped-Logo-site-e1744634610403-1.webp","width":512,"height":512,"caption":"R\u00e9gal Animals"},"image":{"@id":"https:\/\/regalanimals.ch\/#\/schema\/logo\/image\/"}}]}},"_links":{"self":[{"href":"https:\/\/regalanimals.ch\/en\/wp-json\/wp\/v2\/product\/36443","targetHints":{"allow":["GET"]}}],"collection":[{"href":"https:\/\/regalanimals.ch\/en\/wp-json\/wp\/v2\/product"}],"about":[{"href":"https:\/\/regalanimals.ch\/en\/wp-json\/wp\/v2\/types\/product"}],"replies":[{"embeddable":true,"href":"https:\/\/regalanimals.ch\/en\/wp-json\/wp\/v2\/comments?post=36443"}],"wp:featuredmedia":[{"embeddable":true,"href":"https:\/\/regalanimals.ch\/en\/wp-json\/wp\/v2\/media\/39966"}],"wp:attachment":[{"href":"https:\/\/regalanimals.ch\/en\/wp-json\/wp\/v2\/media?parent=36443"}],"wp:term":[{"taxonomy":"product_brand","embeddable":true,"href":"https:\/\/regalanimals.ch\/en\/wp-json\/wp\/v2\/product_brand?post=36443"},{"taxonomy":"product_cat","embeddable":true,"href":"https:\/\/regalanimals.ch\/en\/wp-json\/wp\/v2\/product_cat?post=36443"},{"taxonomy":"product_tag","embeddable":true,"href":"https:\/\/regalanimals.ch\/en\/wp-json\/wp\/v2\/product_tag?post=36443"}],"curies":[{"name":"wp","href":"https:\/\/api.w.org\/{rel}","templated":true}]}}