{"id":36949,"date":"2025-06-19T08:03:27","date_gmt":"2025-06-19T06:03:27","guid":{"rendered":"https:\/\/regalanimals.geekworkers.dev\/?post_type=product&#038;p=36949"},"modified":"2026-04-01T22:36:53","modified_gmt":"2026-04-01T20:36:53","slug":"queues-de-boeuf","status":"publish","type":"product","link":"https:\/\/regalanimals.ch\/en\/product\/queues-de-boeuf\/","title":{"rendered":"Queues de B\u0153uf (1 kg)"},"content":{"rendered":"<h2 data-start=\"342\" data-end=\"363\">Oxtails \ud83d\udc02<\/h2>\n<p data-start=\"364\" data-end=\"412\">A natural and sustainable chewable item \ud83c\udfc6<\/p>\n<p data-start=\"414\" data-end=\"803\">Oxtail chews offer a long chewing experience perfectly suited to dogs who love to gnaw. Thanks to their firm texture, they naturally clean teeth, massage gums, and strengthen the jaw. Furthermore, this activity keeps your dog occupied, soothes them, and effectively reduces boredom. Thus, they enjoy a chew toy that is useful, stimulating, and relaxing all at once.<\/p>\n<hr data-start=\"805\" data-end=\"808\" \/>\n<h2 data-start=\"810\" data-end=\"849\">A 100% natural reward \ud83c\udf3f<\/h2>\n<p data-start=\"851\" data-end=\"1258\">These tails are simply dried. This gentle process preserves their crispness while retaining their essential nutrients. Furthermore, their high protein content (approximately 69g %) and low fat content (approximately 8g %) make them a suitable treat for dogs watching their weight. Therefore, they satisfy even the most discerning palates while providing a lasting feeling of fullness.<\/p>\n<hr data-start=\"1260\" data-end=\"1263\" \/>\n<h2 data-start=\"1265\" data-end=\"1305\">A digestible and nutritious snack \ud83d\udc4c<\/h2>\n<p data-start=\"1307\" data-end=\"1732\">Because they contain only one ingredient, oxtails are very digestible. Their animal protein content naturally supports a dog&#039;s energy and vitality. Furthermore, chewing them promotes a feeling of fullness, making them an attractive option for dogs that eat too quickly or are very demanding. Therefore, they are suitable for both active dogs and more laid-back companions.<\/p>\n<hr data-start=\"1734\" data-end=\"1737\" \/>\n<h2 data-start=\"1739\" data-end=\"1780\">Fun suitable for all dogs \ud83d\udc3e<\/h2>\n<p data-start=\"1782\" data-end=\"2161\">You can offer these Oxtails to dogs as young as 4 to 6 months old, provided you choose an appropriate size. Small dogs will appreciate a shorter piece, while larger dogs will enjoy a whole tail for a long time. However, as with all chew toys, supervise your dog&#039;s chewing and remove any small pieces to prevent them from swallowing too quickly.<\/p>\n<hr data-start=\"2163\" data-end=\"2166\" \/>\n<h2 data-start=\"2168\" data-end=\"2194\">\ud83d\udc3e Frequently Asked Questions<\/h2>\n<h3 data-start=\"2195\" data-end=\"2300\">\u2753 Still hesitating? Here are the answers to the most frequently asked questions about Oxtails.<\/h3>\n<h4 data-start=\"2307\" data-end=\"2377\">\u27a1\ufe0f What size dogs are these chew toys suitable for?<\/h4>\n<p data-start=\"2379\" data-end=\"2704\">They&#039;re suitable for all sizes. For a small dog, choose a shorter piece so it can easily hold it between its paws. Conversely, a large dog will appreciate a whole tail, providing lasting chewing pleasure. If in doubt, always adjust the portion size to your pet&#039;s build.<\/p>\n<h4 data-start=\"2711\" data-end=\"2763\">\u27a1\ufe0f Is this treat really natural?<\/h4>\n<p data-start=\"2765\" data-end=\"3070\">Yes. These Oxtails are made with only beef, with no preservatives or artificial flavors. Furthermore, their slow drying process preserves their crispy texture and nutritional quality. You&#039;re therefore offering a raw, healthy reward that perfectly aligns with your dog&#039;s natural instincts.<\/p>\n<hr data-start=\"3072\" data-end=\"3075\" \/>\n<h2 data-start=\"3077\" data-end=\"3107\">\ud83d\udca6 R\u00e9gal&#039;Animals Advice \ud83d\udc9a<\/h2>\n<p data-start=\"3109\" data-end=\"3559\">Alternate Oxtails with other natural chew toys to keep your dog interested. Varying textures and flavors stimulates their curiosity and reinforces their motivation to chew. You can also reserve this treat for active days or after a long walk: chewing will help them settle down and relax. This way, you offer a well-deserved moment of calm\u2026 and intense pleasure. \ud83d\udc9a<\/p>\n<hr data-start=\"3561\" data-end=\"3564\" \/>\n<h4 data-start=\"3566\" data-end=\"3611\">\u27a1\ufe0f How often can I give it?<\/h4>\n<p data-start=\"3613\" data-end=\"3895\">Generally, once or twice a week is sufficient. Because they are rich in protein but relatively low in fat, they easily supplement a daily diet. However, it is helpful to alternate chewable items to satisfy the natural need for texture variety.<\/p>\n<h4 data-start=\"3902\" data-end=\"3947\">\u27a1\ufe0f How to store Oxtails?<\/h4>\n<p data-start=\"3949\" data-end=\"4184\">Store them in a dry place, away from moisture. Then, place them in a resealable bag or airtight container. This way, you&#039;ll preserve their crunch, natural aroma, and freshness down to the last treat.<\/p>\n<hr data-start=\"4186\" data-end=\"4189\" \/>\n<h4 data-start=\"4191\" data-end=\"4207\">Composition<\/h4>\n<p data-start=\"4208\" data-end=\"4227\">100 % oxtail<\/p>\n<h4 data-start=\"4229\" data-end=\"4258\">Analytical constituents<\/h4>\n<p data-start=\"4259\" data-end=\"4371\">Crude protein: 69.30 %<br data-start=\"4285\" data-end=\"4288\" \/>Crude fat: 8.31 %<br data-start=\"4320\" data-end=\"4323\" \/>Humidity: 6.81 %<br data-start=\"4340\" data-end=\"4343\" \/>Mineral matter: 15.58 %<\/p>\n<p>&nbsp;<\/p>\n<p><a href=\"https:\/\/regalanimals.ch\/en\/product-2\/peau-de-cerf-30cm\/\">Suggestion for him\u00a0<\/a><\/p>","protected":false},"excerpt":{"rendered":"<p>Queues de B\u0153uf \ud83d\udc02 Un article \u00e0 ronger naturel et durable \ud83c\udfc6 Les Queues de B\u0153uf offrent un long moment de mastication parfaitement adapt\u00e9 aux chiens qui aiment ronger. Gr\u00e2ce \u00e0 leur texture ferme, elles nettoient naturellement les dents, massent les gencives et renforcent la m\u00e2choire. En outre, cette activit\u00e9 occupe votre chien, l\u2019apaise et [&hellip;]<\/p>\n","protected":false},"featured_media":38271,"menu_order":0,"comment_status":"open","ping_status":"closed","template":"","meta":[],"product_brand":[],"product_cat":[231,24],"product_tag":[],"class_list":{"0":"post-36949","1":"product","2":"type-product","3":"status-publish","4":"has-post-thumbnail","6":"product_cat-a-ronger","7":"product_cat-chiens","9":"first","10":"instock","11":"taxable","12":"shipping-taxable","13":"purchasable","14":"product-type-simple"},"yoast_head":"<!-- This site is optimized with the Yoast SEO Premium plugin v27.4 (Yoast SEO v27.4) - https:\/\/yoast.com\/product\/yoast-seo-premium-wordpress\/ -->\n<title>Queues de B\u0153uf, \u00e7a croustille sous la dent !<\/title>\n<meta name=\"description\" content=\"Une friandise qui occupe, apaise et r\u00e9gale. Les Queues de B\u0153uf sont naturelles, r\u00e9sistantes et id\u00e9ales pour stimuler votre compagnon.\" \/>\n<meta name=\"robots\" content=\"index, follow, max-snippet:-1, max-image-preview:large, max-video-preview:-1\" \/>\n<link rel=\"canonical\" href=\"https:\/\/regalanimals.ch\/en\/product-2\/queues-de-boeuf\/\" \/>\n<meta property=\"og:locale\" content=\"en_GB\" \/>\n<meta property=\"og:type\" content=\"article\" \/>\n<meta property=\"og:title\" content=\"Queues de B\u0153uf (1 kg)\" \/>\n<meta property=\"og:description\" content=\"Une friandise qui occupe, apaise et r\u00e9gale. Les Queues de B\u0153uf sont naturelles, r\u00e9sistantes et id\u00e9ales pour stimuler votre compagnon.\" \/>\n<meta property=\"og:url\" content=\"https:\/\/regalanimals.ch\/en\/product-2\/queues-de-boeuf\/\" \/>\n<meta property=\"og:site_name\" content=\"R\u00e9gal&#039;Animals\" \/>\n<meta property=\"article:modified_time\" content=\"2026-04-01T20:36:53+00:00\" \/>\n<meta property=\"og:image\" content=\"https:\/\/regalanimals.ch\/wp-content\/uploads\/2025\/08\/Queues-de-boeuf.webp\" \/>\n\t<meta property=\"og:image:width\" content=\"940\" \/>\n\t<meta property=\"og:image:height\" content=\"788\" \/>\n\t<meta property=\"og:image:type\" content=\"image\/webp\" \/>\n<meta name=\"twitter:card\" content=\"summary_large_image\" \/>\n<meta name=\"twitter:label1\" content=\"Estimated reading time\" \/>\n\t<meta name=\"twitter:data1\" content=\"4 minutes\" \/>\n<script type=\"application\/ld+json\" class=\"yoast-schema-graph\">{\"@context\":\"https:\\\/\\\/schema.org\",\"@graph\":[{\"@type\":\"WebPage\",\"@id\":\"https:\\\/\\\/regalanimals.ch\\\/product\\\/queues-de-boeuf\\\/\",\"url\":\"https:\\\/\\\/regalanimals.ch\\\/product\\\/queues-de-boeuf\\\/\",\"name\":\"Queues de B\u0153uf, \u00e7a croustille sous la dent !\",\"isPartOf\":{\"@id\":\"https:\\\/\\\/regalanimals.ch\\\/#website\"},\"primaryImageOfPage\":{\"@id\":\"https:\\\/\\\/regalanimals.ch\\\/product\\\/queues-de-boeuf\\\/#primaryimage\"},\"image\":{\"@id\":\"https:\\\/\\\/regalanimals.ch\\\/product\\\/queues-de-boeuf\\\/#primaryimage\"},\"thumbnailUrl\":\"https:\\\/\\\/regalanimals.ch\\\/wp-content\\\/uploads\\\/2025\\\/08\\\/Queues-de-boeuf.webp\",\"datePublished\":\"2025-06-19T06:03:27+00:00\",\"dateModified\":\"2026-04-01T20:36:53+00:00\",\"description\":\"Une friandise qui occupe, apaise et r\u00e9gale. Les Queues de B\u0153uf sont naturelles, r\u00e9sistantes et id\u00e9ales pour stimuler votre compagnon.\",\"breadcrumb\":{\"@id\":\"https:\\\/\\\/regalanimals.ch\\\/product\\\/queues-de-boeuf\\\/#breadcrumb\"},\"inLanguage\":\"en-GB\",\"potentialAction\":[{\"@type\":\"ReadAction\",\"target\":[\"https:\\\/\\\/regalanimals.ch\\\/product\\\/queues-de-boeuf\\\/\"]}]},{\"@type\":\"ImageObject\",\"inLanguage\":\"en-GB\",\"@id\":\"https:\\\/\\\/regalanimals.ch\\\/product\\\/queues-de-boeuf\\\/#primaryimage\",\"url\":\"https:\\\/\\\/regalanimals.ch\\\/wp-content\\\/uploads\\\/2025\\\/08\\\/Queues-de-boeuf.webp\",\"contentUrl\":\"https:\\\/\\\/regalanimals.ch\\\/wp-content\\\/uploads\\\/2025\\\/08\\\/Queues-de-boeuf.webp\",\"width\":940,\"height\":788,\"caption\":\"Queues de B\u0153uf, article \u00e0 ronger pour chien\"},{\"@type\":\"BreadcrumbList\",\"@id\":\"https:\\\/\\\/regalanimals.ch\\\/product\\\/queues-de-boeuf\\\/#breadcrumb\",\"itemListElement\":[{\"@type\":\"ListItem\",\"position\":1,\"name\":\"Home\",\"item\":\"https:\\\/\\\/regalanimals.ch\\\/\"},{\"@type\":\"ListItem\",\"position\":2,\"name\":\"Boutique\",\"item\":\"https:\\\/\\\/regalanimals.ch\\\/shop\\\/\"},{\"@type\":\"ListItem\",\"position\":3,\"name\":\"Queues de B\u0153uf (1 kg)\"}]},{\"@type\":\"WebSite\",\"@id\":\"https:\\\/\\\/regalanimals.ch\\\/#website\",\"url\":\"https:\\\/\\\/regalanimals.ch\\\/\",\"name\":\"R\u00e9gal Animals\",\"description\":\"Alimentation et articles de qualit\u00e9 pour chats, chiens et furets\",\"publisher\":{\"@id\":\"https:\\\/\\\/regalanimals.ch\\\/#organization\"},\"potentialAction\":[{\"@type\":\"SearchAction\",\"target\":{\"@type\":\"EntryPoint\",\"urlTemplate\":\"https:\\\/\\\/regalanimals.ch\\\/?s={search_term_string}\"},\"query-input\":{\"@type\":\"PropertyValueSpecification\",\"valueRequired\":true,\"valueName\":\"search_term_string\"}}],\"inLanguage\":\"en-GB\"},{\"@type\":\"Organization\",\"@id\":\"https:\\\/\\\/regalanimals.ch\\\/#organization\",\"name\":\"R\u00e9gal Animals\",\"url\":\"https:\\\/\\\/regalanimals.ch\\\/\",\"logo\":{\"@type\":\"ImageObject\",\"inLanguage\":\"en-GB\",\"@id\":\"https:\\\/\\\/regalanimals.ch\\\/#\\\/schema\\\/logo\\\/image\\\/\",\"url\":\"https:\\\/\\\/regalanimals.ch\\\/wp-content\\\/uploads\\\/2025\\\/04\\\/cropped-Logo-site-e1744634610403-1.webp\",\"contentUrl\":\"https:\\\/\\\/regalanimals.ch\\\/wp-content\\\/uploads\\\/2025\\\/04\\\/cropped-Logo-site-e1744634610403-1.webp\",\"width\":512,\"height\":512,\"caption\":\"R\u00e9gal Animals\"},\"image\":{\"@id\":\"https:\\\/\\\/regalanimals.ch\\\/#\\\/schema\\\/logo\\\/image\\\/\"}}]}<\/script>\n<!-- \/ Yoast SEO Premium plugin. -->","yoast_head_json":{"title":"Oxtails, they&#039;re so crunchy!","description":"A treat that keeps them occupied, soothes, and delights them. Oxtails are natural, durable, and ideal for stimulating your pet.","robots":{"index":"index","follow":"follow","max-snippet":"max-snippet:-1","max-image-preview":"max-image-preview:large","max-video-preview":"max-video-preview:-1"},"canonical":"https:\/\/regalanimals.ch\/en\/product-2\/queues-de-boeuf\/","og_locale":"en_GB","og_type":"article","og_title":"Queues de B\u0153uf (1 kg)","og_description":"Une friandise qui occupe, apaise et r\u00e9gale. Les Queues de B\u0153uf sont naturelles, r\u00e9sistantes et id\u00e9ales pour stimuler votre compagnon.","og_url":"https:\/\/regalanimals.ch\/en\/product-2\/queues-de-boeuf\/","og_site_name":"R\u00e9gal&#039;Animals","article_modified_time":"2026-04-01T20:36:53+00:00","og_image":[{"width":940,"height":788,"url":"https:\/\/regalanimals.ch\/wp-content\/uploads\/2025\/08\/Queues-de-boeuf.webp","type":"image\/webp"}],"twitter_card":"summary_large_image","twitter_misc":{"Estimated reading time":"4 minutes"},"schema":{"@context":"https:\/\/schema.org","@graph":[{"@type":"WebPage","@id":"https:\/\/regalanimals.ch\/product\/queues-de-boeuf\/","url":"https:\/\/regalanimals.ch\/product\/queues-de-boeuf\/","name":"Oxtails, they&#039;re so crunchy!","isPartOf":{"@id":"https:\/\/regalanimals.ch\/#website"},"primaryImageOfPage":{"@id":"https:\/\/regalanimals.ch\/product\/queues-de-boeuf\/#primaryimage"},"image":{"@id":"https:\/\/regalanimals.ch\/product\/queues-de-boeuf\/#primaryimage"},"thumbnailUrl":"https:\/\/regalanimals.ch\/wp-content\/uploads\/2025\/08\/Queues-de-boeuf.webp","datePublished":"2025-06-19T06:03:27+00:00","dateModified":"2026-04-01T20:36:53+00:00","description":"A treat that keeps them occupied, soothes, and delights them. Oxtails are natural, durable, and ideal for stimulating your pet.","breadcrumb":{"@id":"https:\/\/regalanimals.ch\/product\/queues-de-boeuf\/#breadcrumb"},"inLanguage":"en-GB","potentialAction":[{"@type":"ReadAction","target":["https:\/\/regalanimals.ch\/product\/queues-de-boeuf\/"]}]},{"@type":"ImageObject","inLanguage":"en-GB","@id":"https:\/\/regalanimals.ch\/product\/queues-de-boeuf\/#primaryimage","url":"https:\/\/regalanimals.ch\/wp-content\/uploads\/2025\/08\/Queues-de-boeuf.webp","contentUrl":"https:\/\/regalanimals.ch\/wp-content\/uploads\/2025\/08\/Queues-de-boeuf.webp","width":940,"height":788,"caption":"Queues de B\u0153uf, article \u00e0 ronger pour chien"},{"@type":"BreadcrumbList","@id":"https:\/\/regalanimals.ch\/product\/queues-de-boeuf\/#breadcrumb","itemListElement":[{"@type":"ListItem","position":1,"name":"Home","item":"https:\/\/regalanimals.ch\/"},{"@type":"ListItem","position":2,"name":"Boutique","item":"https:\/\/regalanimals.ch\/shop\/"},{"@type":"ListItem","position":3,"name":"Queues de B\u0153uf (1 kg)"}]},{"@type":"WebSite","@id":"https:\/\/regalanimals.ch\/#website","url":"https:\/\/regalanimals.ch\/","name":"Animals Feast","description":"Quality food and supplies for cats, dogs and ferrets","publisher":{"@id":"https:\/\/regalanimals.ch\/#organization"},"potentialAction":[{"@type":"SearchAction","target":{"@type":"EntryPoint","urlTemplate":"https:\/\/regalanimals.ch\/?s={search_term_string}"},"query-input":{"@type":"PropertyValueSpecification","valueRequired":true,"valueName":"search_term_string"}}],"inLanguage":"en-GB"},{"@type":"Organization","@id":"https:\/\/regalanimals.ch\/#organization","name":"Animals Feast","url":"https:\/\/regalanimals.ch\/","logo":{"@type":"ImageObject","inLanguage":"en-GB","@id":"https:\/\/regalanimals.ch\/#\/schema\/logo\/image\/","url":"https:\/\/regalanimals.ch\/wp-content\/uploads\/2025\/04\/cropped-Logo-site-e1744634610403-1.webp","contentUrl":"https:\/\/regalanimals.ch\/wp-content\/uploads\/2025\/04\/cropped-Logo-site-e1744634610403-1.webp","width":512,"height":512,"caption":"R\u00e9gal Animals"},"image":{"@id":"https:\/\/regalanimals.ch\/#\/schema\/logo\/image\/"}}]}},"_links":{"self":[{"href":"https:\/\/regalanimals.ch\/en\/wp-json\/wp\/v2\/product\/36949","targetHints":{"allow":["GET"]}}],"collection":[{"href":"https:\/\/regalanimals.ch\/en\/wp-json\/wp\/v2\/product"}],"about":[{"href":"https:\/\/regalanimals.ch\/en\/wp-json\/wp\/v2\/types\/product"}],"replies":[{"embeddable":true,"href":"https:\/\/regalanimals.ch\/en\/wp-json\/wp\/v2\/comments?post=36949"}],"wp:featuredmedia":[{"embeddable":true,"href":"https:\/\/regalanimals.ch\/en\/wp-json\/wp\/v2\/media\/38271"}],"wp:attachment":[{"href":"https:\/\/regalanimals.ch\/en\/wp-json\/wp\/v2\/media?parent=36949"}],"wp:term":[{"taxonomy":"product_brand","embeddable":true,"href":"https:\/\/regalanimals.ch\/en\/wp-json\/wp\/v2\/product_brand?post=36949"},{"taxonomy":"product_cat","embeddable":true,"href":"https:\/\/regalanimals.ch\/en\/wp-json\/wp\/v2\/product_cat?post=36949"},{"taxonomy":"product_tag","embeddable":true,"href":"https:\/\/regalanimals.ch\/en\/wp-json\/wp\/v2\/product_tag?post=36949"}],"curies":[{"name":"wp","href":"https:\/\/api.w.org\/{rel}","templated":true}]}}