{"id":38604,"date":"2025-08-14T08:00:55","date_gmt":"2025-08-14T06:00:55","guid":{"rendered":"https:\/\/regalanimals.geekworkers.dev\/?post_type=product&#038;p=38604"},"modified":"2026-03-28T07:49:20","modified_gmt":"2026-03-28T06:49:20","slug":"mousseline-saumon-sans-cereales","status":"publish","type":"product","link":"https:\/\/regalanimals.ch\/en\/product\/mousseline-saumon-sans-cereales\/","title":{"rendered":"Cereal-free salmon mousseline"},"content":{"rendered":"<h2 data-start=\"319\" data-end=\"374\"><strong data-start=\"322\" data-end=\"372\">Mousseline Saumon Sans C\u00e9r\u00e9ales pour chat \ud83d\udc1f\ud83d\udc3e<\/strong><\/h2>\n<p data-start=\"375\" data-end=\"731\">La Mousseline Saumon Sans C\u00e9r\u00e9ales est un aliment humide complet pour chat, \u00e0 la texture fondante et facile \u00e0 consommer. Sa recette repose sur une seule source de prot\u00e9ines animales, le saumon, pr\u00e9sent \u00e0 83 %. Ainsi, cette mousseline propose un repas savoureux, appr\u00e9ci\u00e9 des chats, et parfaitement adapt\u00e9 \u00e0 une consommation quotidienne chez le chat adulte.<\/p>\n<h2 data-start=\"733\" data-end=\"802\"><strong data-start=\"736\" data-end=\"800\">Une recette mono-prot\u00e9ine \u00e0 base de saumon, sans c\u00e9r\u00e9ales \ud83c\udf3f<\/strong><\/h2>\n<p data-start=\"803\" data-end=\"1281\">Cette Mousseline Saumon Sans C\u00e9r\u00e9ales utilise une seule prot\u00e9ine animale, le saumon. Ainsi, elle convient aux chats qui appr\u00e9cient les recettes au poisson. Par ailleurs, la pomme de terre apporte une source d\u2019\u00e9nergie utile \u00e0 l\u2019\u00e9quilibre du repas. Enfin, l\u2019absence de c\u00e9r\u00e9ales permet de proposer une p\u00e2t\u00e9e adapt\u00e9e au chat adulte et \u00e0 ses besoins quotidiens.<\/p>\n<h2 data-start=\"1283\" data-end=\"1335\"><strong data-start=\"1286\" data-end=\"1333\">Une texture fondante, facile \u00e0 consommer \ud83d\udc3e<\/strong><\/h2>\n<p data-start=\"1336\" data-end=\"1689\">Gr\u00e2ce \u00e0 sa texture souple, cette mousseline se mange facilement, m\u00eame chez les chats plus exigeants ou moins enclins \u00e0 m\u00e2cher. Ainsi, elle peut \u00eatre propos\u00e9e comme repas principal ou en compl\u00e9ment des croquettes. Par ailleurs, cette texture fondante permet de varier les repas tout en conservant une alimentation stable et adapt\u00e9e aux habitudes du chat.<\/p>\n<h2 data-start=\"1691\" data-end=\"1760\"><strong data-start=\"1694\" data-end=\"1758\">Le saumon comme ingr\u00e9dient principal pour varier les repas \u2728<\/strong><\/h2>\n<p data-start=\"1761\" data-end=\"2106\">La Mousseline Saumon Sans C\u00e9r\u00e9ales met le saumon au c\u0153ur de la recette afin d\u2019apporter go\u00fbt et app\u00e9tence. Cette formulation permet de diversifier l\u2019alimentation du chat tout en conservant une base prot\u00e9ique unique. Enfin, cette mousseline constitue une solution simple pour alterner les saveurs sans bouleverser les rep\u00e8res alimentaires du chat.<\/p>\n<h3 data-start=\"2113\" data-end=\"2172\"><strong data-start=\"2117\" data-end=\"2170\">Composition de la Mousseline Saumon Sans C\u00e9r\u00e9ales<\/strong><\/h3>\n<p data-start=\"2173\" data-end=\"2284\">\ud83d\udc49 See the full product composition in the &quot;Additional Information&quot; section at the top of the page.<\/p>\n<p data-start=\"3521\" data-end=\"3730\">Yes, because it&#039;s a grain-free wet food, designed to be easily digestible and suitable for cats with specific needs. Therefore, it&#039;s easy to incorporate into the diet of sensitive cats.<\/p>\n<h3 data-start=\"2291\" data-end=\"2368\"><strong data-start=\"2294\" data-end=\"2366\">Foire aux questions sur la Mousseline Saumon Sans C\u00e9r\u00e9ales pour chat<\/strong><\/h3>\n<p data-start=\"2369\" data-end=\"2620\">Retrouvez ici les r\u00e9ponses aux questions les plus fr\u00e9quentes concernant l\u2019utilisation, la composition et les particularit\u00e9s de la Mousseline Saumon Sans C\u00e9r\u00e9ales, afin de vous aider \u00e0 choisir une alimentation humide adapt\u00e9e au quotidien de votre chat.<\/p>\n<h4 data-start=\"2622\" data-end=\"2812\">\u27a1\ufe0f <strong data-start=\"2625\" data-end=\"2676\">Cette p\u00e2t\u00e9e convient-elle aux chats sensibles ?<\/strong><\/h4>\n<p data-start=\"2622\" data-end=\"2812\">Oui. Ainsi, sa recette sans c\u00e9r\u00e9ales et sa composition volontairement \u00e9pur\u00e9e sont g\u00e9n\u00e9ralement bien tol\u00e9r\u00e9es par les chats sensibles.<\/p>\n<h4 data-start=\"2814\" data-end=\"2981\">\u27a1\ufe0f <strong data-start=\"2817\" data-end=\"2871\">Peut-on proposer cette mousseline tous les jours ?<\/strong><\/h4>\n<p data-start=\"2814\" data-end=\"2981\">Oui. Tu peux proposer cet aliment humide complet chaque jour, en adaptant les portions aux besoins du chat.<\/p>\n<hr data-start=\"3950\" data-end=\"3953\" \/>\n<h2 data-start=\"3955\" data-end=\"3985\">\ud83d\udca6 R\u00e9gal&#039;Animals Advice \ud83d\udc9a<\/h2>\n<p data-start=\"3987\" data-end=\"4551\">Pour apporter une texture diff\u00e9rente \u00e0 la mousseline au saumon, tu peux ajouter quelques <a href=\"https:\/\/regalanimals.ch\/en\/product-2\/friandises-crevettes-lyophilisees\/\">Freeze-dried prawn treats<\/a> directement sur la p\u00e2t\u00e9e. En les \u00e9miettant l\u00e9g\u00e8rement, tu ajoutes un peu de croquant, ce qui peut renforcer l\u2019int\u00e9r\u00eat du chat pour sa gamelle. Cette astuce simple permet de varier les sensations sans changer la recette de base et sans perturber ses habitudes alimentaires. C\u2019est aussi une bonne fa\u00e7on de rendre le repas plus attractif, notamment chez les chats qui aiment les saveurs marines.<\/p>\n<hr data-start=\"4553\" data-end=\"4556\" \/>\n<h4 data-start=\"3267\" data-end=\"3440\">\u27a1\ufe0f <strong data-start=\"3270\" data-end=\"3322\">La recette contient-elle des additifs inutiles ?<\/strong><\/h4>\n<p data-start=\"3267\" data-end=\"3440\">Non. Cette mousseline contient uniquement les vitamines et min\u00e9raux n\u00e9cessaires \u00e0 l\u2019\u00e9quilibre nutritionnel du chat.<\/p>\n<h4 data-start=\"3442\" data-end=\"3602\">\u27a1\ufe0f <strong data-start=\"3445\" data-end=\"3505\">Cette mousseline est-elle adapt\u00e9e aux chats st\u00e9rilis\u00e9s ?<\/strong><\/h4>\n<p data-start=\"3442\" data-end=\"3602\">Oui, \u00e0 condition d\u2019adapter les quantit\u00e9s en fonction du poids et du niveau d\u2019activit\u00e9 du chat.<\/p>\n<p data-start=\"229\" data-end=\"290\"><a style=\"font-size: 16px;\" href=\"https:\/\/regalanimals.ch\/en\/product-2\/mousse-aux-st-jacques\/\">Suggestion for him<\/a><\/p>","protected":false},"excerpt":{"rendered":"<p>Mousseline Saumon Sans C\u00e9r\u00e9ales pour chat \ud83d\udc1f\ud83d\udc3e La Mousseline Saumon Sans C\u00e9r\u00e9ales est un aliment humide complet pour chat, \u00e0 la texture fondante et facile \u00e0 consommer. Sa recette repose sur une seule source de prot\u00e9ines animales, le saumon, pr\u00e9sent \u00e0 83 %. Ainsi, cette mousseline propose un repas savoureux, appr\u00e9ci\u00e9 des chats, et parfaitement [&hellip;]<\/p>\n","protected":false},"featured_media":39963,"menu_order":0,"comment_status":"open","ping_status":"closed","template":"","meta":[],"product_brand":[],"product_cat":[220,89,90,217],"product_tag":[],"class_list":{"0":"post-38604","1":"product","2":"type-product","3":"status-publish","4":"has-post-thumbnail","6":"product_cat-alimentation-furet","7":"product_cat-chats","8":"product_cat-furets","9":"product_cat-nourriture-humide-chat","11":"first","12":"instock","13":"taxable","14":"shipping-taxable","15":"purchasable","16":"product-type-variable"},"yoast_head":"<!-- This site is optimized with the Yoast SEO Premium plugin v27.4 (Yoast SEO v27.4) - https:\/\/yoast.com\/product\/yoast-seo-premium-wordpress\/ -->\n<title>Mousseline Saumon sans c\u00e9r\u00e9ales pour chat<\/title>\n<meta name=\"description\" content=\"Recette humide douce et savoureuse, la Mousseline Saumon sans c\u00e9r\u00e9ales offre une texture fondante adapt\u00e9e aux chats sensibles.\" \/>\n<meta name=\"robots\" content=\"index, follow, max-snippet:-1, max-image-preview:large, max-video-preview:-1\" \/>\n<link rel=\"canonical\" href=\"https:\/\/regalanimals.ch\/en\/product-2\/mousseline-saumon-sans-cereales\/\" \/>\n<meta property=\"og:locale\" content=\"en_GB\" \/>\n<meta property=\"og:type\" content=\"article\" \/>\n<meta property=\"og:title\" content=\"Mousseline Saumon sans c\u00e9r\u00e9ales\" \/>\n<meta property=\"og:description\" content=\"Recette humide douce et savoureuse, la Mousseline Saumon sans c\u00e9r\u00e9ales offre une texture fondante adapt\u00e9e aux chats sensibles.\" \/>\n<meta property=\"og:url\" content=\"https:\/\/regalanimals.ch\/en\/product-2\/mousseline-saumon-sans-cereales\/\" \/>\n<meta property=\"og:site_name\" content=\"R\u00e9gal&#039;Animals\" \/>\n<meta property=\"article:modified_time\" content=\"2026-03-28T06:49:20+00:00\" \/>\n<meta property=\"og:image\" content=\"https:\/\/regalanimals.ch\/wp-content\/uploads\/2025\/11\/mousseline-saumon-sans-cereales.webp\" \/>\n\t<meta property=\"og:image:width\" content=\"358\" \/>\n\t<meta property=\"og:image:height\" content=\"300\" \/>\n\t<meta property=\"og:image:type\" content=\"image\/webp\" \/>\n<meta name=\"twitter:card\" content=\"summary_large_image\" \/>\n<meta name=\"twitter:label1\" content=\"Estimated reading time\" \/>\n\t<meta name=\"twitter:data1\" content=\"3 minutes\" \/>\n<script type=\"application\/ld+json\" class=\"yoast-schema-graph\">{\"@context\":\"https:\\\/\\\/schema.org\",\"@graph\":[{\"@type\":\"WebPage\",\"@id\":\"https:\\\/\\\/regalanimals.ch\\\/product\\\/mousseline-saumon-sans-cereales\\\/\",\"url\":\"https:\\\/\\\/regalanimals.ch\\\/product\\\/mousseline-saumon-sans-cereales\\\/\",\"name\":\"Mousseline Saumon sans c\u00e9r\u00e9ales pour chat\",\"isPartOf\":{\"@id\":\"https:\\\/\\\/regalanimals.ch\\\/#website\"},\"primaryImageOfPage\":{\"@id\":\"https:\\\/\\\/regalanimals.ch\\\/product\\\/mousseline-saumon-sans-cereales\\\/#primaryimage\"},\"image\":{\"@id\":\"https:\\\/\\\/regalanimals.ch\\\/product\\\/mousseline-saumon-sans-cereales\\\/#primaryimage\"},\"thumbnailUrl\":\"https:\\\/\\\/regalanimals.ch\\\/wp-content\\\/uploads\\\/2025\\\/11\\\/mousseline-saumon-sans-cereales.webp\",\"datePublished\":\"2025-08-14T06:00:55+00:00\",\"dateModified\":\"2026-03-28T06:49:20+00:00\",\"description\":\"Recette humide douce et savoureuse, la Mousseline Saumon sans c\u00e9r\u00e9ales offre une texture fondante adapt\u00e9e aux chats sensibles.\",\"breadcrumb\":{\"@id\":\"https:\\\/\\\/regalanimals.ch\\\/product\\\/mousseline-saumon-sans-cereales\\\/#breadcrumb\"},\"inLanguage\":\"en-GB\",\"potentialAction\":[{\"@type\":\"ReadAction\",\"target\":[\"https:\\\/\\\/regalanimals.ch\\\/product\\\/mousseline-saumon-sans-cereales\\\/\"]}]},{\"@type\":\"ImageObject\",\"inLanguage\":\"en-GB\",\"@id\":\"https:\\\/\\\/regalanimals.ch\\\/product\\\/mousseline-saumon-sans-cereales\\\/#primaryimage\",\"url\":\"https:\\\/\\\/regalanimals.ch\\\/wp-content\\\/uploads\\\/2025\\\/11\\\/mousseline-saumon-sans-cereales.webp\",\"contentUrl\":\"https:\\\/\\\/regalanimals.ch\\\/wp-content\\\/uploads\\\/2025\\\/11\\\/mousseline-saumon-sans-cereales.webp\",\"width\":358,\"height\":300,\"caption\":\"Mousseline Saumon pour chat \u2013 nourriture humide sans c\u00e9r\u00e9ales \u2013 85 g\"},{\"@type\":\"BreadcrumbList\",\"@id\":\"https:\\\/\\\/regalanimals.ch\\\/product\\\/mousseline-saumon-sans-cereales\\\/#breadcrumb\",\"itemListElement\":[{\"@type\":\"ListItem\",\"position\":1,\"name\":\"Home\",\"item\":\"https:\\\/\\\/regalanimals.ch\\\/\"},{\"@type\":\"ListItem\",\"position\":2,\"name\":\"Boutique\",\"item\":\"https:\\\/\\\/regalanimals.ch\\\/shop\\\/\"},{\"@type\":\"ListItem\",\"position\":3,\"name\":\"Mousseline Saumon sans c\u00e9r\u00e9ales\"}]},{\"@type\":\"WebSite\",\"@id\":\"https:\\\/\\\/regalanimals.ch\\\/#website\",\"url\":\"https:\\\/\\\/regalanimals.ch\\\/\",\"name\":\"R\u00e9gal Animals\",\"description\":\"Alimentation et articles de qualit\u00e9 pour chats, chiens et furets\",\"publisher\":{\"@id\":\"https:\\\/\\\/regalanimals.ch\\\/#organization\"},\"potentialAction\":[{\"@type\":\"SearchAction\",\"target\":{\"@type\":\"EntryPoint\",\"urlTemplate\":\"https:\\\/\\\/regalanimals.ch\\\/?s={search_term_string}\"},\"query-input\":{\"@type\":\"PropertyValueSpecification\",\"valueRequired\":true,\"valueName\":\"search_term_string\"}}],\"inLanguage\":\"en-GB\"},{\"@type\":\"Organization\",\"@id\":\"https:\\\/\\\/regalanimals.ch\\\/#organization\",\"name\":\"R\u00e9gal Animals\",\"url\":\"https:\\\/\\\/regalanimals.ch\\\/\",\"logo\":{\"@type\":\"ImageObject\",\"inLanguage\":\"en-GB\",\"@id\":\"https:\\\/\\\/regalanimals.ch\\\/#\\\/schema\\\/logo\\\/image\\\/\",\"url\":\"https:\\\/\\\/regalanimals.ch\\\/wp-content\\\/uploads\\\/2025\\\/04\\\/cropped-Logo-site-e1744634610403-1.webp\",\"contentUrl\":\"https:\\\/\\\/regalanimals.ch\\\/wp-content\\\/uploads\\\/2025\\\/04\\\/cropped-Logo-site-e1744634610403-1.webp\",\"width\":512,\"height\":512,\"caption\":\"R\u00e9gal Animals\"},\"image\":{\"@id\":\"https:\\\/\\\/regalanimals.ch\\\/#\\\/schema\\\/logo\\\/image\\\/\"}}]}<\/script>\n<!-- \/ Yoast SEO Premium plugin. -->","yoast_head_json":{"title":"Mousseline Saumon sans c\u00e9r\u00e9ales pour chat","description":"Recette humide douce et savoureuse, la Mousseline Saumon sans c\u00e9r\u00e9ales offre une texture fondante adapt\u00e9e aux chats sensibles.","robots":{"index":"index","follow":"follow","max-snippet":"max-snippet:-1","max-image-preview":"max-image-preview:large","max-video-preview":"max-video-preview:-1"},"canonical":"https:\/\/regalanimals.ch\/en\/product-2\/mousseline-saumon-sans-cereales\/","og_locale":"en_GB","og_type":"article","og_title":"Mousseline Saumon sans c\u00e9r\u00e9ales","og_description":"Recette humide douce et savoureuse, la Mousseline Saumon sans c\u00e9r\u00e9ales offre une texture fondante adapt\u00e9e aux chats sensibles.","og_url":"https:\/\/regalanimals.ch\/en\/product-2\/mousseline-saumon-sans-cereales\/","og_site_name":"R\u00e9gal&#039;Animals","article_modified_time":"2026-03-28T06:49:20+00:00","og_image":[{"width":358,"height":300,"url":"https:\/\/regalanimals.ch\/wp-content\/uploads\/2025\/11\/mousseline-saumon-sans-cereales.webp","type":"image\/webp"}],"twitter_card":"summary_large_image","twitter_misc":{"Estimated reading time":"3 minutes"},"schema":{"@context":"https:\/\/schema.org","@graph":[{"@type":"WebPage","@id":"https:\/\/regalanimals.ch\/product\/mousseline-saumon-sans-cereales\/","url":"https:\/\/regalanimals.ch\/product\/mousseline-saumon-sans-cereales\/","name":"Mousseline Saumon sans c\u00e9r\u00e9ales pour chat","isPartOf":{"@id":"https:\/\/regalanimals.ch\/#website"},"primaryImageOfPage":{"@id":"https:\/\/regalanimals.ch\/product\/mousseline-saumon-sans-cereales\/#primaryimage"},"image":{"@id":"https:\/\/regalanimals.ch\/product\/mousseline-saumon-sans-cereales\/#primaryimage"},"thumbnailUrl":"https:\/\/regalanimals.ch\/wp-content\/uploads\/2025\/11\/mousseline-saumon-sans-cereales.webp","datePublished":"2025-08-14T06:00:55+00:00","dateModified":"2026-03-28T06:49:20+00:00","description":"Recette humide douce et savoureuse, la Mousseline Saumon sans c\u00e9r\u00e9ales offre une texture fondante adapt\u00e9e aux chats sensibles.","breadcrumb":{"@id":"https:\/\/regalanimals.ch\/product\/mousseline-saumon-sans-cereales\/#breadcrumb"},"inLanguage":"en-GB","potentialAction":[{"@type":"ReadAction","target":["https:\/\/regalanimals.ch\/product\/mousseline-saumon-sans-cereales\/"]}]},{"@type":"ImageObject","inLanguage":"en-GB","@id":"https:\/\/regalanimals.ch\/product\/mousseline-saumon-sans-cereales\/#primaryimage","url":"https:\/\/regalanimals.ch\/wp-content\/uploads\/2025\/11\/mousseline-saumon-sans-cereales.webp","contentUrl":"https:\/\/regalanimals.ch\/wp-content\/uploads\/2025\/11\/mousseline-saumon-sans-cereales.webp","width":358,"height":300,"caption":"Mousseline Saumon pour chat \u2013 nourriture humide sans c\u00e9r\u00e9ales \u2013 85 g"},{"@type":"BreadcrumbList","@id":"https:\/\/regalanimals.ch\/product\/mousseline-saumon-sans-cereales\/#breadcrumb","itemListElement":[{"@type":"ListItem","position":1,"name":"Home","item":"https:\/\/regalanimals.ch\/"},{"@type":"ListItem","position":2,"name":"Boutique","item":"https:\/\/regalanimals.ch\/shop\/"},{"@type":"ListItem","position":3,"name":"Mousseline Saumon sans c\u00e9r\u00e9ales"}]},{"@type":"WebSite","@id":"https:\/\/regalanimals.ch\/#website","url":"https:\/\/regalanimals.ch\/","name":"Animals Feast","description":"Quality food and supplies for cats, dogs and ferrets","publisher":{"@id":"https:\/\/regalanimals.ch\/#organization"},"potentialAction":[{"@type":"SearchAction","target":{"@type":"EntryPoint","urlTemplate":"https:\/\/regalanimals.ch\/?s={search_term_string}"},"query-input":{"@type":"PropertyValueSpecification","valueRequired":true,"valueName":"search_term_string"}}],"inLanguage":"en-GB"},{"@type":"Organization","@id":"https:\/\/regalanimals.ch\/#organization","name":"Animals Feast","url":"https:\/\/regalanimals.ch\/","logo":{"@type":"ImageObject","inLanguage":"en-GB","@id":"https:\/\/regalanimals.ch\/#\/schema\/logo\/image\/","url":"https:\/\/regalanimals.ch\/wp-content\/uploads\/2025\/04\/cropped-Logo-site-e1744634610403-1.webp","contentUrl":"https:\/\/regalanimals.ch\/wp-content\/uploads\/2025\/04\/cropped-Logo-site-e1744634610403-1.webp","width":512,"height":512,"caption":"R\u00e9gal Animals"},"image":{"@id":"https:\/\/regalanimals.ch\/#\/schema\/logo\/image\/"}}]}},"_links":{"self":[{"href":"https:\/\/regalanimals.ch\/en\/wp-json\/wp\/v2\/product\/38604","targetHints":{"allow":["GET"]}}],"collection":[{"href":"https:\/\/regalanimals.ch\/en\/wp-json\/wp\/v2\/product"}],"about":[{"href":"https:\/\/regalanimals.ch\/en\/wp-json\/wp\/v2\/types\/product"}],"replies":[{"embeddable":true,"href":"https:\/\/regalanimals.ch\/en\/wp-json\/wp\/v2\/comments?post=38604"}],"wp:featuredmedia":[{"embeddable":true,"href":"https:\/\/regalanimals.ch\/en\/wp-json\/wp\/v2\/media\/39963"}],"wp:attachment":[{"href":"https:\/\/regalanimals.ch\/en\/wp-json\/wp\/v2\/media?parent=38604"}],"wp:term":[{"taxonomy":"product_brand","embeddable":true,"href":"https:\/\/regalanimals.ch\/en\/wp-json\/wp\/v2\/product_brand?post=38604"},{"taxonomy":"product_cat","embeddable":true,"href":"https:\/\/regalanimals.ch\/en\/wp-json\/wp\/v2\/product_cat?post=38604"},{"taxonomy":"product_tag","embeddable":true,"href":"https:\/\/regalanimals.ch\/en\/wp-json\/wp\/v2\/product_tag?post=38604"}],"curies":[{"name":"wp","href":"https:\/\/api.w.org\/{rel}","templated":true}]}}