{"id":38724,"date":"2025-08-26T12:48:12","date_gmt":"2025-08-26T10:48:12","guid":{"rendered":"https:\/\/regalanimals.geekworkers.dev\/?post_type=product&#038;p=38724"},"modified":"2026-03-22T18:57:17","modified_gmt":"2026-03-22T17:57:17","slug":"levure-de-biere","status":"publish","type":"product","link":"https:\/\/regalanimals.ch\/en\/product\/levure-de-biere\/","title":{"rendered":"Levure de Bi\u00e8re (250 g)"},"content":{"rendered":"<h2 data-start=\"653\" data-end=\"679\"><strong data-start=\"656\" data-end=\"677\">Brewer&#039;s Yeast\ud83d\udc3e<\/strong><\/h2>\n<h3 data-start=\"680\" data-end=\"739\">A natural food supplement for your pet&#039;s well-being<\/h3>\n<p data-start=\"741\" data-end=\"1183\">Brewer&#039;s yeast is a simple, natural supplement, particularly valued for its numerous benefits. Thanks to its rich nutritional content, it supports the overall vitality of dogs, cats, ferrets, and horses. It easily integrates into their daily diet and helps boost energy, coat health, and digestive comfort. Thus, it gently and effectively supports your pet every day.<\/p>\n<p data-start=\"1185\" data-end=\"1414\">\ud83d\udc49 It is important to clarify that this is not a veterinary product, but rather a natural wellness supplement that can support your pet&#039;s good health, without replacing professional advice.<\/p>\n<hr data-start=\"1416\" data-end=\"1419\" \/>\n<h2 data-start=\"1421\" data-end=\"1474\">A valuable source of vitamins and minerals \u2728<\/h2>\n<p data-start=\"1476\" data-end=\"1921\">Brewer&#039;s yeast is naturally rich in B vitamins. These play an essential role in the body&#039;s functions. They contribute to increased vitality, support healthy digestion, and promote a beautiful coat. Furthermore, they contribute to strong nails and healthy skin. Thus, after a regular course of treatment, many animals experience softer, shinier, and thicker fur.<\/p>\n<hr data-start=\"1923\" data-end=\"1926\" \/>\n<h2 data-start=\"1928\" data-end=\"1967\">A natural support against stress \ud83c\udf31<\/h2>\n<p data-start=\"1969\" data-end=\"2422\">This supplement is also known for its calming effects. During a change of environment, a trip, or a period of stress, brewer&#039;s yeast can help your pet regain a more balanced demeanor. Thanks to its natural nutrients, it offers gentle yet effective support, contributing to the animal&#039;s overall well-being. It can therefore provide a completely natural way to support sensitive periods.<\/p>\n<hr data-start=\"2424\" data-end=\"2427\" \/>\n<h2 data-start=\"2429\" data-end=\"2472\">A product suitable for several species \ud83d\udc3e<\/h2>\n<p data-start=\"2474\" data-end=\"2894\">Versatile, brewer&#039;s yeast is suitable for many species. It promotes growth in ferrets, supports the vitality of dogs, contributes to a shiny coat in cats, and supports the overall health of horses. Thanks to its simple composition, it is easily incorporated into each animal&#039;s diet. Therefore, it is an ideal supplement for multi-species households.<\/p>\n<hr data-start=\"2896\" data-end=\"2899\" \/>\n<h2 data-start=\"2901\" data-end=\"2930\">Usage tips \ud83c\udf7d\ufe0f<\/h2>\n<p data-start=\"2932\" data-end=\"3351\">Using brewer&#039;s yeast is very simple: just mix it directly into your pet&#039;s daily food ration. You can administer it as a 15-day course or more regularly, depending on your pet&#039;s needs. Thanks to its naturally malty taste, it makes meals more palatable, even for the pickiest eaters. Therefore, it&#039;s easy to incorporate into their everyday diet.<\/p>\n<hr data-start=\"3353\" data-end=\"3356\" \/>\n<h2 data-start=\"3358\" data-end=\"3385\">\ud83d\udc3e Frequently Asked Questions<\/h2>\n<h3 data-start=\"3386\" data-end=\"3415\">\u2753 Still hesitating? Here are the most common questions about Brewer&#039;s Yeast.<\/h3>\n<h4>\u27a1\ufe0f What is brewer&#039;s yeast used for in animals?<\/h4>\n<p data-start=\"3544\" data-end=\"3705\">It supports vitality, enhances the beauty of the coat and contributes to digestive comfort, thanks to its richness in B vitamins and natural nutrients.<\/p>\n<h4 data-start=\"3707\" data-end=\"3753\">\u27a1\ufe0f Is it suitable for all species?<\/h4>\n<p data-start=\"3754\" data-end=\"3908\">Yes, it can be given to dogs, cats, ferrets and horses. However, you simply need to adjust the dose according to the species and weight of the animal.<\/p>\n<hr data-start=\"3910\" data-end=\"3913\" \/>\n<h2 data-start=\"3915\" data-end=\"3945\">\ud83d\udca6 R\u00e9gal&#039;Animals Advice \ud83d\udc9a<\/h2>\n<p data-start=\"3947\" data-end=\"4187\">Mix brewer&#039;s yeast directly into your pet&#039;s daily food. You can use it as a short-term treatment or regularly. This natural supplement is particularly helpful during shedding periods, fatigue, or stress. \ud83d\udc9a<\/p>\n<hr data-start=\"4189\" data-end=\"4192\" \/>\n<h4 data-start=\"4194\" data-end=\"4257\">\u27a1\ufe0f Does brewer&#039;s yeast really help with coat health?<\/h4>\n<p data-start=\"4258\" data-end=\"4399\">Yes, thanks to its B vitamins, it helps to improve the shine, density and quality of the hair, while supporting the skin.<\/p>\n<h4 data-start=\"4401\" data-end=\"4444\">\u27a1\ufe0f Can it be given all year round?<\/h4>\n<p data-start=\"4445\" data-end=\"4604\">Yes, provided you adjust the quantity and monitor the animal&#039;s reaction. Many owners use it long-term for daily support.<\/p>\n<hr data-start=\"4606\" data-end=\"4609\" \/>\n<h2 data-start=\"4611\" data-end=\"4627\">Composition<\/h2>\n<p data-start=\"4628\" data-end=\"4695\">Dried and inactive brewer&#039;s yeast (100 % Saccharomyces cerevisiae)<\/p>\n<h2 data-start=\"4697\" data-end=\"4726\">Analytical constituents<\/h2>\n<p data-start=\"4727\" data-end=\"4861\">Crude protein: 46 %<br data-start=\"4748\" data-end=\"4751\" \/>Mineral materials: 8 %<br data-start=\"4775\" data-end=\"4778\" \/>Crude fat: 2.7 %<br data-start=\"4809\" data-end=\"4812\" \/>Crude cellulose: 1 %<br data-start=\"4833\" data-end=\"4836\" \/>Vitamin B8: 850 \u00b5g\/kg<\/p>\n<p data-start=\"2004\" data-end=\"2169\"><a href=\"https:\/\/regalanimals.ch\/en\/product-2\/friandises-lapin-lyophilisees\/\">Suggestion for him<\/a><\/p>","protected":false},"excerpt":{"rendered":"<p>Levure de Bi\u00e8re\ud83d\udc3e Un compl\u00e9ment alimentaire naturel pour le bien-\u00eatre de votre animal La Levure de Bi\u00e8re est un compl\u00e9ment simple, naturel et particuli\u00e8rement appr\u00e9ci\u00e9 pour ses nombreux bienfaits. Gr\u00e2ce \u00e0 sa richesse nutritionnelle, elle soutient la vitalit\u00e9 g\u00e9n\u00e9rale des chiens, chats, furets et chevaux. En effet, elle s\u2019int\u00e8gre ais\u00e9ment \u00e0 l\u2019alimentation quotidienne et contribue [&hellip;]<\/p>\n","protected":false},"featured_media":39958,"menu_order":0,"comment_status":"open","ping_status":"closed","template":"","meta":[],"product_brand":[],"product_cat":[89,24,276,278],"product_tag":[],"class_list":{"0":"post-38724","1":"product","2":"type-product","3":"status-publish","4":"has-post-thumbnail","6":"product_cat-chats","7":"product_cat-chiens","8":"product_cat-complements-alimentaires","9":"product_cat-complements-alimentaires-pour-chats","11":"first","12":"instock","13":"taxable","14":"shipping-taxable","15":"purchasable","16":"product-type-simple"},"yoast_head":"<!-- This site is optimized with the Yoast SEO Premium plugin v27.3 (Yoast SEO v27.3) - https:\/\/yoast.com\/product\/yoast-seo-premium-wordpress\/ -->\n<title>Levure de Bi\u00e8re \u2013 Compl\u00e9ment naturel pour chiens et chats<\/title>\n<meta name=\"description\" content=\"Un compl\u00e9ment naturel pour chiens et chats qui soutient la vitalit\u00e9 et la digestion. La Levure de Bi\u00e8re am\u00e9liore le poil et le bien-\u00eatre quotidien.\" \/>\n<meta name=\"robots\" content=\"index, follow, max-snippet:-1, max-image-preview:large, max-video-preview:-1\" \/>\n<link rel=\"canonical\" href=\"https:\/\/regalanimals.ch\/en\/product-2\/levure-de-biere\/\" \/>\n<meta property=\"og:locale\" content=\"en_GB\" \/>\n<meta property=\"og:type\" content=\"article\" \/>\n<meta property=\"og:title\" content=\"Levure de Bi\u00e8re (250 g)\" \/>\n<meta property=\"og:description\" content=\"Un compl\u00e9ment naturel pour chiens et chats qui soutient la vitalit\u00e9 et la digestion. La Levure de Bi\u00e8re am\u00e9liore le poil et le bien-\u00eatre quotidien.\" \/>\n<meta property=\"og:url\" content=\"https:\/\/regalanimals.ch\/en\/product-2\/levure-de-biere\/\" \/>\n<meta property=\"og:site_name\" content=\"R\u00e9gal&#039;Animals\" \/>\n<meta property=\"article:modified_time\" content=\"2026-03-22T17:57:17+00:00\" \/>\n<meta property=\"og:image\" content=\"https:\/\/regalanimals.ch\/wp-content\/uploads\/2025\/11\/Levure-de-biere.webp\" \/>\n\t<meta property=\"og:image:width\" content=\"358\" \/>\n\t<meta property=\"og:image:height\" content=\"300\" \/>\n\t<meta property=\"og:image:type\" content=\"image\/webp\" \/>\n<meta name=\"twitter:card\" content=\"summary_large_image\" \/>\n<meta name=\"twitter:label1\" content=\"Estimated reading time\" \/>\n\t<meta name=\"twitter:data1\" content=\"4 minutes\" \/>\n<script type=\"application\/ld+json\" class=\"yoast-schema-graph\">{\"@context\":\"https:\\\/\\\/schema.org\",\"@graph\":[{\"@type\":\"WebPage\",\"@id\":\"https:\\\/\\\/regalanimals.ch\\\/product\\\/levure-de-biere\\\/\",\"url\":\"https:\\\/\\\/regalanimals.ch\\\/product\\\/levure-de-biere\\\/\",\"name\":\"Levure de Bi\u00e8re \u2013 Compl\u00e9ment naturel pour chiens et chats\",\"isPartOf\":{\"@id\":\"https:\\\/\\\/regalanimals.ch\\\/#website\"},\"primaryImageOfPage\":{\"@id\":\"https:\\\/\\\/regalanimals.ch\\\/product\\\/levure-de-biere\\\/#primaryimage\"},\"image\":{\"@id\":\"https:\\\/\\\/regalanimals.ch\\\/product\\\/levure-de-biere\\\/#primaryimage\"},\"thumbnailUrl\":\"https:\\\/\\\/regalanimals.ch\\\/wp-content\\\/uploads\\\/2025\\\/11\\\/Levure-de-biere.webp\",\"datePublished\":\"2025-08-26T10:48:12+00:00\",\"dateModified\":\"2026-03-22T17:57:17+00:00\",\"description\":\"Un compl\u00e9ment naturel pour chiens et chats qui soutient la vitalit\u00e9 et la digestion. La Levure de Bi\u00e8re am\u00e9liore le poil et le bien-\u00eatre quotidien.\",\"breadcrumb\":{\"@id\":\"https:\\\/\\\/regalanimals.ch\\\/product\\\/levure-de-biere\\\/#breadcrumb\"},\"inLanguage\":\"en-GB\",\"potentialAction\":[{\"@type\":\"ReadAction\",\"target\":[\"https:\\\/\\\/regalanimals.ch\\\/product\\\/levure-de-biere\\\/\"]}]},{\"@type\":\"ImageObject\",\"inLanguage\":\"en-GB\",\"@id\":\"https:\\\/\\\/regalanimals.ch\\\/product\\\/levure-de-biere\\\/#primaryimage\",\"url\":\"https:\\\/\\\/regalanimals.ch\\\/wp-content\\\/uploads\\\/2025\\\/11\\\/Levure-de-biere.webp\",\"contentUrl\":\"https:\\\/\\\/regalanimals.ch\\\/wp-content\\\/uploads\\\/2025\\\/11\\\/Levure-de-biere.webp\",\"width\":358,\"height\":300,\"caption\":\"Levure de Bi\u00e8re pour Animaux\"},{\"@type\":\"BreadcrumbList\",\"@id\":\"https:\\\/\\\/regalanimals.ch\\\/product\\\/levure-de-biere\\\/#breadcrumb\",\"itemListElement\":[{\"@type\":\"ListItem\",\"position\":1,\"name\":\"Home\",\"item\":\"https:\\\/\\\/regalanimals.ch\\\/\"},{\"@type\":\"ListItem\",\"position\":2,\"name\":\"Boutique\",\"item\":\"https:\\\/\\\/regalanimals.ch\\\/shop\\\/\"},{\"@type\":\"ListItem\",\"position\":3,\"name\":\"Levure de Bi\u00e8re (250 g)\"}]},{\"@type\":\"WebSite\",\"@id\":\"https:\\\/\\\/regalanimals.ch\\\/#website\",\"url\":\"https:\\\/\\\/regalanimals.ch\\\/\",\"name\":\"R\u00e9gal Animals\",\"description\":\"Alimentation et articles de qualit\u00e9 pour chats, chiens et furets\",\"publisher\":{\"@id\":\"https:\\\/\\\/regalanimals.ch\\\/#organization\"},\"potentialAction\":[{\"@type\":\"SearchAction\",\"target\":{\"@type\":\"EntryPoint\",\"urlTemplate\":\"https:\\\/\\\/regalanimals.ch\\\/?s={search_term_string}\"},\"query-input\":{\"@type\":\"PropertyValueSpecification\",\"valueRequired\":true,\"valueName\":\"search_term_string\"}}],\"inLanguage\":\"en-GB\"},{\"@type\":\"Organization\",\"@id\":\"https:\\\/\\\/regalanimals.ch\\\/#organization\",\"name\":\"R\u00e9gal Animals\",\"url\":\"https:\\\/\\\/regalanimals.ch\\\/\",\"logo\":{\"@type\":\"ImageObject\",\"inLanguage\":\"en-GB\",\"@id\":\"https:\\\/\\\/regalanimals.ch\\\/#\\\/schema\\\/logo\\\/image\\\/\",\"url\":\"https:\\\/\\\/regalanimals.ch\\\/wp-content\\\/uploads\\\/2025\\\/07\\\/Logo-RegalAnimals.png\",\"contentUrl\":\"https:\\\/\\\/regalanimals.ch\\\/wp-content\\\/uploads\\\/2025\\\/07\\\/Logo-RegalAnimals.png\",\"width\":120,\"height\":153,\"caption\":\"R\u00e9gal Animals\"},\"image\":{\"@id\":\"https:\\\/\\\/regalanimals.ch\\\/#\\\/schema\\\/logo\\\/image\\\/\"}}]}<\/script>\n<!-- \/ Yoast SEO Premium plugin. -->","yoast_head_json":{"title":"Brewer&#039;s Yeast \u2013 Natural Supplement for Dogs and Cats","description":"A natural supplement for dogs and cats that supports vitality and digestion. Brewer&#039;s yeast improves coat health and overall well-being.","robots":{"index":"index","follow":"follow","max-snippet":"max-snippet:-1","max-image-preview":"max-image-preview:large","max-video-preview":"max-video-preview:-1"},"canonical":"https:\/\/regalanimals.ch\/en\/product-2\/levure-de-biere\/","og_locale":"en_GB","og_type":"article","og_title":"Levure de Bi\u00e8re (250 g)","og_description":"Un compl\u00e9ment naturel pour chiens et chats qui soutient la vitalit\u00e9 et la digestion. La Levure de Bi\u00e8re am\u00e9liore le poil et le bien-\u00eatre quotidien.","og_url":"https:\/\/regalanimals.ch\/en\/product-2\/levure-de-biere\/","og_site_name":"R\u00e9gal&#039;Animals","article_modified_time":"2026-03-22T17:57:17+00:00","og_image":[{"width":358,"height":300,"url":"https:\/\/regalanimals.ch\/wp-content\/uploads\/2025\/11\/Levure-de-biere.webp","type":"image\/webp"}],"twitter_card":"summary_large_image","twitter_misc":{"Estimated reading time":"4 minutes"},"schema":{"@context":"https:\/\/schema.org","@graph":[{"@type":"WebPage","@id":"https:\/\/regalanimals.ch\/product\/levure-de-biere\/","url":"https:\/\/regalanimals.ch\/product\/levure-de-biere\/","name":"Brewer&#039;s Yeast \u2013 Natural Supplement for Dogs and Cats","isPartOf":{"@id":"https:\/\/regalanimals.ch\/#website"},"primaryImageOfPage":{"@id":"https:\/\/regalanimals.ch\/product\/levure-de-biere\/#primaryimage"},"image":{"@id":"https:\/\/regalanimals.ch\/product\/levure-de-biere\/#primaryimage"},"thumbnailUrl":"https:\/\/regalanimals.ch\/wp-content\/uploads\/2025\/11\/Levure-de-biere.webp","datePublished":"2025-08-26T10:48:12+00:00","dateModified":"2026-03-22T17:57:17+00:00","description":"A natural supplement for dogs and cats that supports vitality and digestion. Brewer&#039;s yeast improves coat health and overall well-being.","breadcrumb":{"@id":"https:\/\/regalanimals.ch\/product\/levure-de-biere\/#breadcrumb"},"inLanguage":"en-GB","potentialAction":[{"@type":"ReadAction","target":["https:\/\/regalanimals.ch\/product\/levure-de-biere\/"]}]},{"@type":"ImageObject","inLanguage":"en-GB","@id":"https:\/\/regalanimals.ch\/product\/levure-de-biere\/#primaryimage","url":"https:\/\/regalanimals.ch\/wp-content\/uploads\/2025\/11\/Levure-de-biere.webp","contentUrl":"https:\/\/regalanimals.ch\/wp-content\/uploads\/2025\/11\/Levure-de-biere.webp","width":358,"height":300,"caption":"Levure de Bi\u00e8re pour Animaux"},{"@type":"BreadcrumbList","@id":"https:\/\/regalanimals.ch\/product\/levure-de-biere\/#breadcrumb","itemListElement":[{"@type":"ListItem","position":1,"name":"Home","item":"https:\/\/regalanimals.ch\/"},{"@type":"ListItem","position":2,"name":"Boutique","item":"https:\/\/regalanimals.ch\/shop\/"},{"@type":"ListItem","position":3,"name":"Levure de Bi\u00e8re (250 g)"}]},{"@type":"WebSite","@id":"https:\/\/regalanimals.ch\/#website","url":"https:\/\/regalanimals.ch\/","name":"Animals Feast","description":"Quality food and supplies for cats, dogs and ferrets","publisher":{"@id":"https:\/\/regalanimals.ch\/#organization"},"potentialAction":[{"@type":"SearchAction","target":{"@type":"EntryPoint","urlTemplate":"https:\/\/regalanimals.ch\/?s={search_term_string}"},"query-input":{"@type":"PropertyValueSpecification","valueRequired":true,"valueName":"search_term_string"}}],"inLanguage":"en-GB"},{"@type":"Organization","@id":"https:\/\/regalanimals.ch\/#organization","name":"Animals Feast","url":"https:\/\/regalanimals.ch\/","logo":{"@type":"ImageObject","inLanguage":"en-GB","@id":"https:\/\/regalanimals.ch\/#\/schema\/logo\/image\/","url":"https:\/\/regalanimals.ch\/wp-content\/uploads\/2025\/07\/Logo-RegalAnimals.png","contentUrl":"https:\/\/regalanimals.ch\/wp-content\/uploads\/2025\/07\/Logo-RegalAnimals.png","width":120,"height":153,"caption":"R\u00e9gal Animals"},"image":{"@id":"https:\/\/regalanimals.ch\/#\/schema\/logo\/image\/"}}]}},"_links":{"self":[{"href":"https:\/\/regalanimals.ch\/en\/wp-json\/wp\/v2\/product\/38724","targetHints":{"allow":["GET"]}}],"collection":[{"href":"https:\/\/regalanimals.ch\/en\/wp-json\/wp\/v2\/product"}],"about":[{"href":"https:\/\/regalanimals.ch\/en\/wp-json\/wp\/v2\/types\/product"}],"replies":[{"embeddable":true,"href":"https:\/\/regalanimals.ch\/en\/wp-json\/wp\/v2\/comments?post=38724"}],"wp:featuredmedia":[{"embeddable":true,"href":"https:\/\/regalanimals.ch\/en\/wp-json\/wp\/v2\/media\/39958"}],"wp:attachment":[{"href":"https:\/\/regalanimals.ch\/en\/wp-json\/wp\/v2\/media?parent=38724"}],"wp:term":[{"taxonomy":"product_brand","embeddable":true,"href":"https:\/\/regalanimals.ch\/en\/wp-json\/wp\/v2\/product_brand?post=38724"},{"taxonomy":"product_cat","embeddable":true,"href":"https:\/\/regalanimals.ch\/en\/wp-json\/wp\/v2\/product_cat?post=38724"},{"taxonomy":"product_tag","embeddable":true,"href":"https:\/\/regalanimals.ch\/en\/wp-json\/wp\/v2\/product_tag?post=38724"}],"curies":[{"name":"wp","href":"https:\/\/api.w.org\/{rel}","templated":true}]}}