{"id":39682,"date":"2025-11-02T10:44:10","date_gmt":"2025-11-02T09:44:10","guid":{"rendered":"https:\/\/regalanimals.ch\/?post_type=product&#038;p=39682"},"modified":"2026-03-25T11:13:21","modified_gmt":"2026-03-25T10:13:21","slug":"oreilles-de-porc-pour-chien","status":"publish","type":"product","link":"https:\/\/regalanimals.ch\/en\/product\/oreilles-de-porc-pour-chien\/","title":{"rendered":"Pig Ears for Dogs"},"content":{"rendered":"<h2 data-start=\"320\" data-end=\"352\">Pig Ears for Dogs<\/h2>\n<h3 data-start=\"353\" data-end=\"402\">A natural, crunchy treat \ud83d\udc37<\/h3>\n<p data-start=\"404\" data-end=\"844\">Pig Ears for Dogs \u2014 and their XL version \u2014 are 100% pork treats, natural and highly prized for their authentic flavor. Thanks to meticulous cleaning, blanching in boiling water, and then slow drying, they retain their crunchy texture and natural aroma without any additives.<br data-start=\"717\" data-end=\"720\" \/>Thus, they offer a long, healthy chewing pleasure perfectly suited to the instinctive needs of many dogs.<\/p>\n<hr data-start=\"1329\" data-end=\"1332\" \/>\n<h2 data-start=\"851\" data-end=\"901\">A healthy chewable item \ud83e\uddb7<\/h2>\n<p data-start=\"903\" data-end=\"1415\">Because chewing releases endorphins, it naturally calms nervous or excited dogs. Furthermore, gnawing on a pig&#039;s ear promotes oral hygiene by limiting tartar buildup, while gently massaging the gums.<br data-start=\"1153\" data-end=\"1156\" \/>Rich in animal protein, cartilage and collagen, the ears also support musculature, joint mobility and even the beauty of the coat.<br data-start=\"1313\" data-end=\"1316\" \/>Finally, their firm texture makes chewing more fun and provides lasting stimulation for the dog.<\/p>\n<hr data-start=\"2010\" data-end=\"2013\" \/>\n<h2 data-start=\"1422\" data-end=\"1470\">A treat suitable for all dogs \ud83d\udc3e<\/h2>\n<p data-start=\"1472\" data-end=\"1671\">Flexible yet resistant, Pig Ears are suitable for dogs of all ages, from puppies (with their permanent teeth) to seniors.<br data-start=\"1604\" data-end=\"1607\" \/>They are available in two formats to better meet needs:<\/p>\n<ul data-start=\"1673\" data-end=\"1828\">\n<li data-start=\"1673\" data-end=\"1750\">\n<p data-start=\"1675\" data-end=\"1750\">10 pieces <strong data-start=\"1685\" data-end=\"1704\">standard size<\/strong>, ideal for small and medium-sized dogs; ;<\/p>\n<\/li>\n<li data-start=\"1751\" data-end=\"1828\">\n<p data-start=\"1753\" data-end=\"1828\">25 pieces <strong data-start=\"1763\" data-end=\"1769\">XL<\/strong>, designed for powerful chewers and large breeds.<\/p>\n<\/li>\n<\/ul>\n<p data-start=\"1830\" data-end=\"2044\">Because they are naturally fatty, it is still recommended to offer them in moderation, especially to overweight dogs. However, their exceptional palatability allows you to indulge... without overdoing it.<\/p>\n<hr data-start=\"2723\" data-end=\"2726\" \/>\n<h2 data-start=\"2728\" data-end=\"2781\">A simple, natural and economical treat \ud83d\udc9a<\/h2>\n<p data-start=\"2783\" data-end=\"3295\">Natural, digestible and tasty, Pig Ears are perfect for rewarding, keeping busy or simply giving pleasure.<br data-start=\"2910\" data-end=\"2913\" \/>They represent a healthier alternative to processed sweets.<br data-start=\"2988\" data-end=\"2991\" \/>In addition, their value for money makes them an economical option for owners who are attentive to the well-being of their companion.<br data-start=\"3121\" data-end=\"3124\" \/>In short, offering pig ears combines pleasure, hygiene and vitality.<br data-start=\"3207\" data-end=\"3210\" \/>That&#039;s why they remain one of dogs&#039; favorite natural treats!<\/p>\n<hr data-start=\"3239\" data-end=\"3242\" \/>\n<h2 data-start=\"2304\" data-end=\"2747\">\ud83d\udc3e Frequently Asked Questions<\/h2>\n<h3 data-start=\"2998\" data-end=\"3118\">\u2753 Still hesitating? Here are the answers to the most common questions about Pig Ears for Dogs.<\/h3>\n<h4 data-start=\"3456\" data-end=\"3525\">\u27a1\ufe0f Are pig ears safe for all dogs?<\/h4>\n<p data-start=\"3526\" data-end=\"3866\">Yes, but you have to adapt the size according to your dog&#039;s jaw and strength.<br data-start=\"3609\" data-end=\"3612\" \/>Always supervise the chewing to prevent him from swallowing a large piece.<\/p>\n<p data-start=\"3526\" data-end=\"3866\">\ud83d\udc49 <a class=\"decorated-link\" href=\"https:\/\/www.cernunos.fr\/blogs\/news\/oreille-de-porc-danger-chien\" target=\"_new\" rel=\"noopener\" data-start=\"3641\" data-end=\"3759\">Discover the precautions and potential dangers here.<\/a><\/p>\n<h4 data-start=\"3868\" data-end=\"3926\">\u27a1\ufe0f From what age can a puppy eat it?<\/h4>\n<p data-start=\"3927\" data-end=\"4235\">A puppy can consume it from 4 months old, when its teeth are well formed.<br data-start=\"4009\" data-end=\"4012\" \/>Always start with a small piece and monitor their reaction.<\/p>\n<p data-start=\"3927\" data-end=\"4235\">\ud83d\udc49 <a class=\"decorated-link\" href=\"https:\/\/www.cernunos.fr\/blogs\/news\/oreille-de-porc-chiot\" target=\"_new\" rel=\"noopener\" data-start=\"3975\" data-end=\"4086\">Learn more about pig ears for puppies.<\/a><\/p>\n<hr data-start=\"4237\" data-end=\"4240\" \/>\n<h2 data-start=\"4242\" data-end=\"4271\">\ud83d\udca6 R\u00e9gal&#039;Animals Advice<\/h2>\n<p data-start=\"4273\" data-end=\"4519\">Does your dog love to chew? Perfect! However, don&#039;t forget to leave him a bowl of fresh water nearby.<br data-start=\"4380\" data-end=\"4383\" \/>Keep an eye on him during his chewing session so he can enjoy it safely: that&#039;s the secret to worry-free pleasure and a serene owner \ud83d\udc9a<\/p>\n<h4 data-start=\"4526\" data-end=\"4573\">\u27a1\ufe0f How often can it be given?<\/h4>\n<p data-start=\"4574\" data-end=\"4961\">Pig ears are rich in fat.<br data-start=\"4619\" data-end=\"4622\" \/>Generally, one to two times a week is enough for an average dog, up to three times for a large dog.<br data-start=\"4722\" data-end=\"4725\" \/>Furthermore, the quantity must be adjusted according to the size and activity level of the dog.<\/p>\n<p data-start=\"4574\" data-end=\"4961\">\ud83d\udc49 <a class=\"decorated-link\" href=\"https:\/\/www.cernunos.fr\/blogs\/news\/oreille-de-porc-danger-chien\" target=\"_new\" rel=\"noopener\" data-start=\"4377\" data-end=\"4497\">Consult the detailed frequency recommendations.<\/a><\/p>\n<h4 data-start=\"4963\" data-end=\"5017\">\u27a1\ufe0f How to properly store pig ears?<\/h4>\n<p data-start=\"5018\" data-end=\"5406\">Store them in a dry place, away from heat and humidity.<br data-start=\"5089\" data-end=\"5092\" \/>Avoid airtight bags if the treat is still warm after chewing.<br data-start=\"5170\" data-end=\"5173\" \/>This way, the texture remains crisp and tasty for longer.<\/p>\n<p data-start=\"5018\" data-end=\"5406\">\ud83d\udc49 <a class=\"decorated-link\" href=\"https:\/\/www.cernunos.fr\/blogs\/news\/conservation-oreille-de-porc-chien\" target=\"_new\" rel=\"noopener\" data-start=\"4782\" data-end=\"4905\">Our complete tips for proper storage.<\/a><\/p>\n<h4 data-start=\"5408\" data-end=\"5479\">\u27a1\ufe0f Are there any natural alternatives to pig ears?<\/h4>\n<p data-start=\"5480\" data-end=\"5792\">Yes, you can vary it with beef tendons, sinews or deer antlers.<br data-start=\"5556\" data-end=\"5559\" \/>This allows for a diversification of protein sources and chewing textures.<\/p>\n<p data-start=\"5480\" data-end=\"5792\">\ud83d\udc49 <a class=\"decorated-link\" href=\"https:\/\/www.cernunos.fr\/blogs\/news\/alternatives-oreille-de-porc\" target=\"_new\" rel=\"noopener\" data-start=\"5161\" data-end=\"5276\">Discover all the natural alternatives here.<\/a><\/p>\n<h4 data-start=\"200\" data-end=\"264\">\ud83d\udc37 Composition of Pig Ears for Dogs<\/h4>\n<h4 data-start=\"266\" data-end=\"306\"><strong data-start=\"266\" data-end=\"283\">Composition:<\/strong> 100 % pig ears<\/h4>\n<h4 data-start=\"308\" data-end=\"340\"><strong data-start=\"308\" data-end=\"338\">Analytical constituents:<\/strong><\/h4>\n<ul data-start=\"341\" data-end=\"470\">\n<li data-start=\"341\" data-end=\"371\">\n<p data-start=\"343\" data-end=\"371\">Crude protein: 64.40 %<\/p>\n<\/li>\n<li data-start=\"372\" data-end=\"409\">\n<p data-start=\"374\" data-end=\"409\">Crude fat: 28.19 %<\/p>\n<\/li>\n<li data-start=\"410\" data-end=\"448\">\n<p data-start=\"412\" data-end=\"448\">Raw mineral materials: 1.41 %<\/p>\n<\/li>\n<li data-start=\"449\" data-end=\"470\">\n<p data-start=\"451\" data-end=\"470\">Humidity: \u2264 7.90 %<\/p>\n<\/li>\n<\/ul>\n<p><a href=\"https:\/\/regalanimals.ch\/en\/product-2\/poumon-boeuf-pour-chien\/\">Suggestion for him<\/a><\/p>\n<p>&nbsp;<\/p>","protected":false},"excerpt":{"rendered":"<p>Oreilles de Porc pour Chien Une friandise naturelle pleine de croquant \ud83d\udc37 Les Oreilles de Porc pour Chien \u2014 et leur version XL \u2014 sont des friandises 100 % porc, naturelles et tr\u00e8s appr\u00e9ci\u00e9es pour leur saveur authentique. Gr\u00e2ce \u00e0 un nettoyage m\u00e9ticuleux, un blanchiment \u00e0 l\u2019eau bouillante puis un s\u00e9chage lent, elles conservent leur [&hellip;]<\/p>\n","protected":false},"featured_media":39690,"menu_order":2,"comment_status":"open","ping_status":"closed","template":"","meta":[],"product_brand":[],"product_cat":[231,24],"product_tag":[],"class_list":{"0":"post-39682","1":"product","2":"type-product","3":"status-publish","4":"has-post-thumbnail","6":"product_cat-a-ronger","7":"product_cat-chiens","9":"first","10":"instock","11":"taxable","12":"shipping-taxable","13":"purchasable","14":"product-type-variable"},"yoast_head":"<!-- This site is optimized with the Yoast SEO Premium plugin v27.3 (Yoast SEO v27.4) - https:\/\/yoast.com\/product\/yoast-seo-premium-wordpress\/ -->\n<title>Oreilles de Porc pour Chien. Un vrai r\u00e9gal !<\/title>\n<meta name=\"description\" content=\"Donnez du bonheur et du croquant \u00e0 votre fid\u00e8le compagnon ! Oreilles de Porc ou Oreilles de Porc XL pour Chien. Savoureuse, et riche en prot\u00e9ine !\" \/>\n<meta name=\"robots\" content=\"index, follow, max-snippet:-1, max-image-preview:large, max-video-preview:-1\" \/>\n<link rel=\"canonical\" href=\"https:\/\/regalanimals.ch\/en\/product-2\/oreilles-de-porc-pour-chien\/\" \/>\n<meta property=\"og:locale\" content=\"en_GB\" \/>\n<meta property=\"og:type\" content=\"article\" \/>\n<meta property=\"og:title\" content=\"Oreilles de Porc pour Chien\" \/>\n<meta property=\"og:description\" content=\"Donnez du bonheur et du croquant \u00e0 votre fid\u00e8le compagnon ! Oreilles de Porc ou Oreilles de Porc XL pour Chien. Savoureuse, et riche en prot\u00e9ine !\" \/>\n<meta property=\"og:url\" content=\"https:\/\/regalanimals.ch\/en\/product-2\/oreilles-de-porc-pour-chien\/\" \/>\n<meta property=\"og:site_name\" content=\"R\u00e9gal&#039;Animals\" \/>\n<meta property=\"article:modified_time\" content=\"2026-03-25T10:13:21+00:00\" \/>\n<meta property=\"og:image\" content=\"https:\/\/regalanimals.ch\/wp-content\/uploads\/2025\/11\/Oreille-de-Porc-pour-Chien.webp\" \/>\n\t<meta property=\"og:image:width\" content=\"358\" \/>\n\t<meta property=\"og:image:height\" content=\"300\" \/>\n\t<meta property=\"og:image:type\" content=\"image\/webp\" \/>\n<meta name=\"twitter:card\" content=\"summary_large_image\" \/>\n<meta name=\"twitter:label1\" content=\"Estimated reading time\" \/>\n\t<meta name=\"twitter:data1\" content=\"4 minutes\" \/>\n<script type=\"application\/ld+json\" class=\"yoast-schema-graph\">{\"@context\":\"https:\\\/\\\/schema.org\",\"@graph\":[{\"@type\":\"WebPage\",\"@id\":\"https:\\\/\\\/regalanimals.ch\\\/product\\\/oreilles-de-porc-pour-chien\\\/\",\"url\":\"https:\\\/\\\/regalanimals.ch\\\/product\\\/oreilles-de-porc-pour-chien\\\/\",\"name\":\"Oreilles de Porc pour Chien. Un vrai r\u00e9gal !\",\"isPartOf\":{\"@id\":\"https:\\\/\\\/regalanimals.ch\\\/#website\"},\"primaryImageOfPage\":{\"@id\":\"https:\\\/\\\/regalanimals.ch\\\/product\\\/oreilles-de-porc-pour-chien\\\/#primaryimage\"},\"image\":{\"@id\":\"https:\\\/\\\/regalanimals.ch\\\/product\\\/oreilles-de-porc-pour-chien\\\/#primaryimage\"},\"thumbnailUrl\":\"https:\\\/\\\/regalanimals.ch\\\/wp-content\\\/uploads\\\/2025\\\/11\\\/Oreille-de-Porc-pour-Chien.webp\",\"datePublished\":\"2025-11-02T09:44:10+00:00\",\"dateModified\":\"2026-03-25T10:13:21+00:00\",\"description\":\"Donnez du bonheur et du croquant \u00e0 votre fid\u00e8le compagnon ! Oreilles de Porc ou Oreilles de Porc XL pour Chien. Savoureuse, et riche en prot\u00e9ine !\",\"breadcrumb\":{\"@id\":\"https:\\\/\\\/regalanimals.ch\\\/product\\\/oreilles-de-porc-pour-chien\\\/#breadcrumb\"},\"inLanguage\":\"en-GB\",\"potentialAction\":[{\"@type\":\"ReadAction\",\"target\":[\"https:\\\/\\\/regalanimals.ch\\\/product\\\/oreilles-de-porc-pour-chien\\\/\"]}]},{\"@type\":\"ImageObject\",\"inLanguage\":\"en-GB\",\"@id\":\"https:\\\/\\\/regalanimals.ch\\\/product\\\/oreilles-de-porc-pour-chien\\\/#primaryimage\",\"url\":\"https:\\\/\\\/regalanimals.ch\\\/wp-content\\\/uploads\\\/2025\\\/11\\\/Oreille-de-Porc-pour-Chien.webp\",\"contentUrl\":\"https:\\\/\\\/regalanimals.ch\\\/wp-content\\\/uploads\\\/2025\\\/11\\\/Oreille-de-Porc-pour-Chien.webp\",\"width\":358,\"height\":300,\"caption\":\"Oreille de porc pour chien \u2013 Friandise naturelle, saine et riche en prot\u00e9ines pour le plaisir et la sant\u00e9 bucco-dentaire.\"},{\"@type\":\"BreadcrumbList\",\"@id\":\"https:\\\/\\\/regalanimals.ch\\\/product\\\/oreilles-de-porc-pour-chien\\\/#breadcrumb\",\"itemListElement\":[{\"@type\":\"ListItem\",\"position\":1,\"name\":\"Home\",\"item\":\"https:\\\/\\\/regalanimals.ch\\\/\"},{\"@type\":\"ListItem\",\"position\":2,\"name\":\"Boutique\",\"item\":\"https:\\\/\\\/regalanimals.ch\\\/shop\\\/\"},{\"@type\":\"ListItem\",\"position\":3,\"name\":\"Oreilles de Porc pour Chien\"}]},{\"@type\":\"WebSite\",\"@id\":\"https:\\\/\\\/regalanimals.ch\\\/#website\",\"url\":\"https:\\\/\\\/regalanimals.ch\\\/\",\"name\":\"R\u00e9gal Animals\",\"description\":\"Alimentation et articles de qualit\u00e9 pour chats, chiens et furets\",\"publisher\":{\"@id\":\"https:\\\/\\\/regalanimals.ch\\\/#organization\"},\"potentialAction\":[{\"@type\":\"SearchAction\",\"target\":{\"@type\":\"EntryPoint\",\"urlTemplate\":\"https:\\\/\\\/regalanimals.ch\\\/?s={search_term_string}\"},\"query-input\":{\"@type\":\"PropertyValueSpecification\",\"valueRequired\":true,\"valueName\":\"search_term_string\"}}],\"inLanguage\":\"en-GB\"},{\"@type\":\"Organization\",\"@id\":\"https:\\\/\\\/regalanimals.ch\\\/#organization\",\"name\":\"R\u00e9gal Animals\",\"url\":\"https:\\\/\\\/regalanimals.ch\\\/\",\"logo\":{\"@type\":\"ImageObject\",\"inLanguage\":\"en-GB\",\"@id\":\"https:\\\/\\\/regalanimals.ch\\\/#\\\/schema\\\/logo\\\/image\\\/\",\"url\":\"https:\\\/\\\/regalanimals.ch\\\/wp-content\\\/uploads\\\/2025\\\/04\\\/cropped-Logo-site-e1744634610403-1.webp\",\"contentUrl\":\"https:\\\/\\\/regalanimals.ch\\\/wp-content\\\/uploads\\\/2025\\\/04\\\/cropped-Logo-site-e1744634610403-1.webp\",\"width\":512,\"height\":512,\"caption\":\"R\u00e9gal Animals\"},\"image\":{\"@id\":\"https:\\\/\\\/regalanimals.ch\\\/#\\\/schema\\\/logo\\\/image\\\/\"}}]}<\/script>\n<!-- \/ Yoast SEO Premium plugin. -->","yoast_head_json":{"title":"Oreilles de Porc pour Chien. Un vrai r\u00e9gal !","description":"Give your loyal companion a treat and a crunchy snack! Pig Ears or XL Pig Ears for Dogs. Tasty and rich in protein!","robots":{"index":"index","follow":"follow","max-snippet":"max-snippet:-1","max-image-preview":"max-image-preview:large","max-video-preview":"max-video-preview:-1"},"canonical":"https:\/\/regalanimals.ch\/en\/product-2\/oreilles-de-porc-pour-chien\/","og_locale":"en_GB","og_type":"article","og_title":"Oreilles de Porc pour Chien","og_description":"Donnez du bonheur et du croquant \u00e0 votre fid\u00e8le compagnon ! Oreilles de Porc ou Oreilles de Porc XL pour Chien. Savoureuse, et riche en prot\u00e9ine !","og_url":"https:\/\/regalanimals.ch\/en\/product-2\/oreilles-de-porc-pour-chien\/","og_site_name":"R\u00e9gal&#039;Animals","article_modified_time":"2026-03-25T10:13:21+00:00","og_image":[{"width":358,"height":300,"url":"https:\/\/regalanimals.ch\/wp-content\/uploads\/2025\/11\/Oreille-de-Porc-pour-Chien.webp","type":"image\/webp"}],"twitter_card":"summary_large_image","twitter_misc":{"Estimated reading time":"4 minutes"},"schema":{"@context":"https:\/\/schema.org","@graph":[{"@type":"WebPage","@id":"https:\/\/regalanimals.ch\/product\/oreilles-de-porc-pour-chien\/","url":"https:\/\/regalanimals.ch\/product\/oreilles-de-porc-pour-chien\/","name":"Oreilles de Porc pour Chien. Un vrai r\u00e9gal !","isPartOf":{"@id":"https:\/\/regalanimals.ch\/#website"},"primaryImageOfPage":{"@id":"https:\/\/regalanimals.ch\/product\/oreilles-de-porc-pour-chien\/#primaryimage"},"image":{"@id":"https:\/\/regalanimals.ch\/product\/oreilles-de-porc-pour-chien\/#primaryimage"},"thumbnailUrl":"https:\/\/regalanimals.ch\/wp-content\/uploads\/2025\/11\/Oreille-de-Porc-pour-Chien.webp","datePublished":"2025-11-02T09:44:10+00:00","dateModified":"2026-03-25T10:13:21+00:00","description":"Give your loyal companion a treat and a crunchy snack! Pig Ears or XL Pig Ears for Dogs. Tasty and rich in protein!","breadcrumb":{"@id":"https:\/\/regalanimals.ch\/product\/oreilles-de-porc-pour-chien\/#breadcrumb"},"inLanguage":"en-GB","potentialAction":[{"@type":"ReadAction","target":["https:\/\/regalanimals.ch\/product\/oreilles-de-porc-pour-chien\/"]}]},{"@type":"ImageObject","inLanguage":"en-GB","@id":"https:\/\/regalanimals.ch\/product\/oreilles-de-porc-pour-chien\/#primaryimage","url":"https:\/\/regalanimals.ch\/wp-content\/uploads\/2025\/11\/Oreille-de-Porc-pour-Chien.webp","contentUrl":"https:\/\/regalanimals.ch\/wp-content\/uploads\/2025\/11\/Oreille-de-Porc-pour-Chien.webp","width":358,"height":300,"caption":"Oreille de porc pour chien \u2013 Friandise naturelle, saine et riche en prot\u00e9ines pour le plaisir et la sant\u00e9 bucco-dentaire."},{"@type":"BreadcrumbList","@id":"https:\/\/regalanimals.ch\/product\/oreilles-de-porc-pour-chien\/#breadcrumb","itemListElement":[{"@type":"ListItem","position":1,"name":"Home","item":"https:\/\/regalanimals.ch\/"},{"@type":"ListItem","position":2,"name":"Boutique","item":"https:\/\/regalanimals.ch\/shop\/"},{"@type":"ListItem","position":3,"name":"Oreilles de Porc pour Chien"}]},{"@type":"WebSite","@id":"https:\/\/regalanimals.ch\/#website","url":"https:\/\/regalanimals.ch\/","name":"Animals Feast","description":"Quality food and supplies for cats, dogs and ferrets","publisher":{"@id":"https:\/\/regalanimals.ch\/#organization"},"potentialAction":[{"@type":"SearchAction","target":{"@type":"EntryPoint","urlTemplate":"https:\/\/regalanimals.ch\/?s={search_term_string}"},"query-input":{"@type":"PropertyValueSpecification","valueRequired":true,"valueName":"search_term_string"}}],"inLanguage":"en-GB"},{"@type":"Organization","@id":"https:\/\/regalanimals.ch\/#organization","name":"Animals Feast","url":"https:\/\/regalanimals.ch\/","logo":{"@type":"ImageObject","inLanguage":"en-GB","@id":"https:\/\/regalanimals.ch\/#\/schema\/logo\/image\/","url":"https:\/\/regalanimals.ch\/wp-content\/uploads\/2025\/04\/cropped-Logo-site-e1744634610403-1.webp","contentUrl":"https:\/\/regalanimals.ch\/wp-content\/uploads\/2025\/04\/cropped-Logo-site-e1744634610403-1.webp","width":512,"height":512,"caption":"R\u00e9gal Animals"},"image":{"@id":"https:\/\/regalanimals.ch\/#\/schema\/logo\/image\/"}}]}},"_links":{"self":[{"href":"https:\/\/regalanimals.ch\/en\/wp-json\/wp\/v2\/product\/39682","targetHints":{"allow":["GET"]}}],"collection":[{"href":"https:\/\/regalanimals.ch\/en\/wp-json\/wp\/v2\/product"}],"about":[{"href":"https:\/\/regalanimals.ch\/en\/wp-json\/wp\/v2\/types\/product"}],"replies":[{"embeddable":true,"href":"https:\/\/regalanimals.ch\/en\/wp-json\/wp\/v2\/comments?post=39682"}],"wp:featuredmedia":[{"embeddable":true,"href":"https:\/\/regalanimals.ch\/en\/wp-json\/wp\/v2\/media\/39690"}],"wp:attachment":[{"href":"https:\/\/regalanimals.ch\/en\/wp-json\/wp\/v2\/media?parent=39682"}],"wp:term":[{"taxonomy":"product_brand","embeddable":true,"href":"https:\/\/regalanimals.ch\/en\/wp-json\/wp\/v2\/product_brand?post=39682"},{"taxonomy":"product_cat","embeddable":true,"href":"https:\/\/regalanimals.ch\/en\/wp-json\/wp\/v2\/product_cat?post=39682"},{"taxonomy":"product_tag","embeddable":true,"href":"https:\/\/regalanimals.ch\/en\/wp-json\/wp\/v2\/product_tag?post=39682"}],"curies":[{"name":"wp","href":"https:\/\/api.w.org\/{rel}","templated":true}]}}