{"id":39896,"date":"2025-11-15T09:19:43","date_gmt":"2025-11-15T08:19:43","guid":{"rendered":"https:\/\/regalanimals.ch\/?post_type=product&#038;p=39896"},"modified":"2026-03-22T11:07:48","modified_gmt":"2026-03-22T10:07:48","slug":"friandises-lyophilisees-poisson-entier","status":"publish","type":"product","link":"https:\/\/regalanimals.ch\/en\/product\/friandises-lyophilisees-poisson-entier\/","title":{"rendered":"Freeze-Dried Whole Fish Treats"},"content":{"rendered":"<h2 data-start=\"772\" data-end=\"868\"><strong data-start=\"774\" data-end=\"863\">Freeze-dried whole fish treats, a natural and irresistible seafood snack \ud83d\udc1f\ud83d\udc3e<\/strong><\/h2>\n<h3 data-start=\"870\" data-end=\"942\"><strong data-start=\"874\" data-end=\"937\">A healthy treat from the sea for dogs, cats and ferrets \ud83c\udf0a<\/strong><\/h3>\n<p data-start=\"944\" data-end=\"1414\">Freeze-Dried Whole Fish Treats offer your pet a raw, authentic, and flavorful pleasure. Thanks to their whole-food format, they easily awaken natural instincts: heightened attention, an alert sense of smell, and an irresistible urge to bite into this fragrant little fish.<br data-start=\"1058\" data-end=\"1061\" \/>In addition, these treats are naturally rich in protein, omega 3 and taurine, an essential asset for cats but also beneficial for all small carnivores.<\/p>\n<hr data-start=\"1416\" data-end=\"1419\" \/>\n<h2 data-start=\"1421\" data-end=\"1495\"><strong data-start=\"1425\" data-end=\"1490\">A whole treat that stimulates play and chewing \ud83d\udc1f<\/strong><\/h2>\n<p data-start=\"1497\" data-end=\"1865\">These small whole fish effectively support skin, coat, and joint flexibility thanks to their essential fatty acids. Their crunchy texture encourages gentle chewing, contributing to better dental hygiene.<br data-start=\"1569\" data-end=\"1572\" \/>Furthermore, freeze-drying preserves the color, taste and nutrients of the fish without the addition of additives or preservatives, which guarantees optimal quality.<\/p>\n<hr data-start=\"1867\" data-end=\"1870\" \/>\n<h2 data-start=\"1872\" data-end=\"1936\"><strong data-start=\"1876\" data-end=\"1931\">Capelin, a small fish packed with health benefits \u2728<\/strong><\/h2>\n<p data-start=\"1938\" data-end=\"2383\">Capelin is a small sea fish caught in cold waters. It is prized for its high omega-3 content, its natural digestibility, and its briny taste that immediately attracts dogs, cats, and ferrets.<br data-start=\"2014\" data-end=\"2017\" \/>In addition, its fine bones provide easily absorbed micro-calcium, beneficial for bones, teeth, and claws. Thanks to freeze-drying, this fish retains all its nutritional qualities\u2026 just like raw fish, but in a stable and safe form.<\/p>\n<hr data-start=\"2385\" data-end=\"2388\" \/>\n<h2 data-start=\"2390\" data-end=\"2453\"><strong data-start=\"2394\" data-end=\"2448\">A versatile and easy-to-use reward \ud83d\udc3e<\/strong><\/h2>\n<p data-start=\"2455\" data-end=\"2894\">Freeze-dried whole fish treats are therefore perfect as a snack, as an educational reward or even as a small natural snack.<br data-start=\"2473\" data-end=\"2476\" \/>You can give them whole, break them into small pieces, or crumble them over their feed. This way, you stimulate the appetite of a picky eater without changing their entire diet.<br data-start=\"2667\" data-end=\"2670\" \/>Moreover, their lightness and marine scent make them a real success during walks, educational sessions or even during travel.<\/p>\n<hr data-start=\"2896\" data-end=\"2899\" \/>\n<h2 data-start=\"2901\" data-end=\"2934\"><strong data-start=\"2903\" data-end=\"2929\">Frequently Asked Questions \ud83d\udc3e<\/strong><\/h2>\n<h3 data-start=\"2936\" data-end=\"3074\"><strong data-start=\"2940\" data-end=\"3069\">\u2753 Still hesitating? Here are the answers to the most common questions about Freeze-Dried Whole Fish Treats.<\/strong><\/h3>\n<h4 data-start=\"3081\" data-end=\"3149\">\u27a1\ufe0f <strong data-start=\"3088\" data-end=\"3142\">What animals are these whole fish suitable for?<\/strong><\/h4>\n<p data-start=\"3150\" data-end=\"3322\">These treats are suitable for dogs, cats, and ferrets. Thanks to their whole-grain format, they stimulate the natural hunting instinct while providing a nutritious, digestible, and highly palatable snack.<\/p>\n<h4 data-start=\"3329\" data-end=\"3389\">\u27a1\ufe0f <strong data-start=\"3336\" data-end=\"3382\">What benefits do these treats provide?<\/strong><\/h4>\n<p data-start=\"3390\" data-end=\"3586\">They are rich in protein, omega-3 fatty acids, natural taurine, and micro-calcium. Therefore, they support your pet&#039;s energy, skin, coat, joints, and overall vitality.<\/p>\n<h4 data-start=\"3593\" data-end=\"3665\">\u27a1\ufe0f <strong data-start=\"3600\" data-end=\"3658\">What is the capelin used in these treats?<\/strong><\/h4>\n<p data-start=\"3666\" data-end=\"3865\">Capelin is a small sea fish native to the cold waters of the north. It is rich in omega-3 fatty acids, minerals, taurine, and micro-calcium. For this reason, it offers an authentic taste and a much-appreciated crisp texture.<\/p>\n<h4 data-start=\"3872\" data-end=\"3942\">\u27a1\ufe0f <strong data-start=\"3879\" data-end=\"3935\">Are these freeze-dried whole fish treats suitable for sensitive animals?<\/strong><\/h4>\n<p data-start=\"3943\" data-end=\"4101\">Yes. As they contain only one ingredient and no additives, they are very suitable for sensitive animals, especially when they tolerate fish.<\/p>\n<h4 data-start=\"4108\" data-end=\"4168\">\u27a1\ufe0f <strong data-start=\"4115\" data-end=\"4161\">Are they compatible with a BARF diet?<\/strong><\/h4>\n<p data-start=\"4169\" data-end=\"4275\">Absolutely. They are even an excellent stepping stone to introducing an animal to raw food, as they are easy to digest and very natural.<\/p>\n<hr data-start=\"4277\" data-end=\"4280\" \/>\n<h2 data-start=\"4282\" data-end=\"4324\"><strong data-start=\"4286\" data-end=\"4317\">\ud83d\udca6 R\u00e9gal&#039;Animals Advice \ud83d\udc9a<\/strong><\/h2>\n<p>If your pet lacks appetite, simply crumble a small fish over its ration: the sea smell often acts as a real trigger.<br data-start=\"453\" data-end=\"456\" \/>Furthermore, during training, break them into mini bites; then, offer them as small rewards. Their natural aroma quickly captures attention, even from the most distracted \ud83d\udc9a<\/p>\n<hr data-start=\"4583\" data-end=\"4586\" \/>\n<h4 data-start=\"4588\" data-end=\"4653\">\u27a1\ufe0f <strong data-start=\"4595\" data-end=\"4646\">How do I store these freeze-dried treats?<\/strong><\/h4>\n<p data-start=\"4654\" data-end=\"4815\">Keep the jar in a dry place and close the lid tightly after use. This way, the fish stays crispy and retains all its qualities.<\/p>\n<h4 data-start=\"4822\" data-end=\"4875\">\u27a1\ufe0f These rewards have<strong data-start=\"4829\" data-end=\"4868\">Do they relate to dental hygiene?<\/strong><\/h4>\n<p data-start=\"4876\" data-end=\"5050\">Yes. Their slightly crunchy texture also encourages gentle chewing, which limits plaque buildup. However, this is not a substitute for proper dental care.<\/p>\n<h3 data-start=\"328\" data-end=\"390\">\ud83d\udc1f Composition of Freeze-Dried Whole Fish Treats<\/h3>\n<p data-start=\"392\" data-end=\"431\"><strong data-start=\"392\" data-end=\"409\">Composition:<\/strong> 100 % whole fish.<\/p>\n<p data-start=\"433\" data-end=\"465\"><strong data-start=\"433\" data-end=\"463\">Analytical constituents:<\/strong><\/p>\n<ul data-start=\"466\" data-end=\"616\">\n<li data-start=\"466\" data-end=\"495\">\n<p data-start=\"468\" data-end=\"495\">Crude protein: \u2265 55 %<\/p>\n<\/li>\n<li data-start=\"496\" data-end=\"532\">\n<p data-start=\"498\" data-end=\"532\">Crude fat: \u2265 15 %<\/p>\n<\/li>\n<li data-start=\"533\" data-end=\"558\">\n<p data-start=\"535\" data-end=\"558\">Raw fibers: \u2264 1 %<\/p>\n<\/li>\n<li data-start=\"559\" data-end=\"597\">\n<p data-start=\"561\" data-end=\"597\">Raw mineral materials: \u2264 10 %<\/p>\n<\/li>\n<li data-start=\"598\" data-end=\"616\">\n<p data-start=\"600\" data-end=\"616\">Humidity: \u2264 6 %<\/p>\n<\/li>\n<\/ul>\n<p>&nbsp;<\/p>\n<p>&nbsp;<\/p>\n<p><a href=\"https:\/\/regalanimals.ch\/en\/product-2\/friandises-lapin-lyophilisees\/\">Suggestion for him<\/a><a href=\"https:\/\/www.instagram.com\/reel\/DHK9AQBp-y_\/\">Satisfied customer!<\/a><\/p>","protected":false},"excerpt":{"rendered":"<p>Friandises Lyophilis\u00e9es Poisson Entier, un encas marin naturel et irr\u00e9sistible \ud83d\udc1f\ud83d\udc3e Un plaisir sain venu de la mer pour chien, chat et furet \ud83c\udf0a Les Friandises Lyophilis\u00e9es Poisson Entier offrent \u00e0 votre compagnon un plaisir brut, authentique et riche en saveurs. Gr\u00e2ce \u00e0 leur format entier, elles r\u00e9veillent facilement l\u2019instinct naturel : attention renforc\u00e9e, flair [&hellip;]<\/p>\n","protected":false},"featured_media":39897,"comment_status":"open","ping_status":"closed","template":"","meta":[],"product_brand":[],"product_cat":[89,24,333,213,197,90],"product_tag":[],"class_list":{"0":"post-39896","1":"product","2":"type-product","3":"status-publish","4":"has-post-thumbnail","6":"product_cat-chats","7":"product_cat-chiens","8":"product_cat-friandises-furet","9":"product_cat-friandises-pour-chats","10":"product_cat-friandises-pour-chiens","11":"product_cat-furets","13":"first","14":"instock","15":"taxable","16":"shipping-taxable","17":"purchasable","18":"product-type-variable"},"yoast_head":"<!-- This site is optimized with the Yoast SEO Premium plugin v27.5 (Yoast SEO v27.5) - https:\/\/yoast.com\/product\/yoast-seo-premium-wordpress\/ -->\n<title>Friandises Lyophilis\u00e9es Poisson Entier pour animaux<\/title>\n<meta name=\"description\" content=\"Une gourmandise 100% naturelle et ultra savoureuse\u2026 Friandises Lyophilis\u00e9es Poisson Entier pour animaux feront craquer chiens, chats et furets.\" \/>\n<meta name=\"robots\" content=\"index, follow, max-snippet:-1, max-image-preview:large, max-video-preview:-1\" \/>\n<link rel=\"canonical\" href=\"https:\/\/regalanimals.ch\/en\/product-2\/friandises-lyophilisees-poisson-entier\/\" \/>\n<meta property=\"og:locale\" content=\"en_GB\" \/>\n<meta property=\"og:type\" content=\"article\" \/>\n<meta property=\"og:title\" content=\"Friandises Lyophilis\u00e9es Poisson Entier\" \/>\n<meta property=\"og:description\" content=\"Une gourmandise 100% naturelle et ultra savoureuse\u2026 Friandises Lyophilis\u00e9es Poisson Entier pour animaux feront craquer chiens, chats et furets.\" \/>\n<meta property=\"og:url\" content=\"https:\/\/regalanimals.ch\/en\/product-2\/friandises-lyophilisees-poisson-entier\/\" \/>\n<meta property=\"og:site_name\" content=\"R\u00e9gal&#039;Animals\" \/>\n<meta property=\"article:modified_time\" content=\"2026-03-22T10:07:48+00:00\" \/>\n<meta property=\"og:image\" content=\"https:\/\/regalanimals.ch\/wp-content\/uploads\/2025\/11\/Friandises-lyophilisees-poisson-entier.webp\" \/>\n\t<meta property=\"og:image:width\" content=\"940\" \/>\n\t<meta property=\"og:image:height\" content=\"788\" \/>\n\t<meta property=\"og:image:type\" content=\"image\/webp\" \/>\n<meta name=\"twitter:card\" content=\"summary_large_image\" \/>\n<meta name=\"twitter:label1\" content=\"Estimated reading time\" \/>\n\t<meta name=\"twitter:data1\" content=\"4 minutes\" \/>\n<script type=\"application\/ld+json\" class=\"yoast-schema-graph\">{\"@context\":\"https:\\\/\\\/schema.org\",\"@graph\":[{\"@type\":\"WebPage\",\"@id\":\"https:\\\/\\\/regalanimals.ch\\\/product\\\/friandises-lyophilisees-poisson-entier\\\/\",\"url\":\"https:\\\/\\\/regalanimals.ch\\\/product\\\/friandises-lyophilisees-poisson-entier\\\/\",\"name\":\"Friandises Lyophilis\u00e9es Poisson Entier pour animaux\",\"isPartOf\":{\"@id\":\"https:\\\/\\\/regalanimals.ch\\\/#website\"},\"primaryImageOfPage\":{\"@id\":\"https:\\\/\\\/regalanimals.ch\\\/product\\\/friandises-lyophilisees-poisson-entier\\\/#primaryimage\"},\"image\":{\"@id\":\"https:\\\/\\\/regalanimals.ch\\\/product\\\/friandises-lyophilisees-poisson-entier\\\/#primaryimage\"},\"thumbnailUrl\":\"https:\\\/\\\/regalanimals.ch\\\/wp-content\\\/uploads\\\/2025\\\/11\\\/Friandises-lyophilisees-poisson-entier.webp\",\"datePublished\":\"2025-11-15T08:19:43+00:00\",\"dateModified\":\"2026-03-22T10:07:48+00:00\",\"description\":\"Une gourmandise 100% naturelle et ultra savoureuse\u2026 Friandises Lyophilis\u00e9es Poisson Entier pour animaux feront craquer chiens, chats et furets.\",\"breadcrumb\":{\"@id\":\"https:\\\/\\\/regalanimals.ch\\\/product\\\/friandises-lyophilisees-poisson-entier\\\/#breadcrumb\"},\"inLanguage\":\"en-GB\",\"potentialAction\":[{\"@type\":\"ReadAction\",\"target\":[\"https:\\\/\\\/regalanimals.ch\\\/product\\\/friandises-lyophilisees-poisson-entier\\\/\"]}]},{\"@type\":\"ImageObject\",\"inLanguage\":\"en-GB\",\"@id\":\"https:\\\/\\\/regalanimals.ch\\\/product\\\/friandises-lyophilisees-poisson-entier\\\/#primaryimage\",\"url\":\"https:\\\/\\\/regalanimals.ch\\\/wp-content\\\/uploads\\\/2025\\\/11\\\/Friandises-lyophilisees-poisson-entier.webp\",\"contentUrl\":\"https:\\\/\\\/regalanimals.ch\\\/wp-content\\\/uploads\\\/2025\\\/11\\\/Friandises-lyophilisees-poisson-entier.webp\",\"width\":940,\"height\":788,\"caption\":\"Friandises Poisson Entier Lyophilis\u00e9es Kiwi Walker en petits poissons complets.\"},{\"@type\":\"BreadcrumbList\",\"@id\":\"https:\\\/\\\/regalanimals.ch\\\/product\\\/friandises-lyophilisees-poisson-entier\\\/#breadcrumb\",\"itemListElement\":[{\"@type\":\"ListItem\",\"position\":1,\"name\":\"Home\",\"item\":\"https:\\\/\\\/regalanimals.ch\\\/\"},{\"@type\":\"ListItem\",\"position\":2,\"name\":\"Boutique\",\"item\":\"https:\\\/\\\/regalanimals.ch\\\/shop\\\/\"},{\"@type\":\"ListItem\",\"position\":3,\"name\":\"Friandises Lyophilis\u00e9es Poisson Entier\"}]},{\"@type\":\"WebSite\",\"@id\":\"https:\\\/\\\/regalanimals.ch\\\/#website\",\"url\":\"https:\\\/\\\/regalanimals.ch\\\/\",\"name\":\"R\u00e9gal Animals\",\"description\":\"Alimentation et articles de qualit\u00e9 pour chats, chiens et furets\",\"publisher\":{\"@id\":\"https:\\\/\\\/regalanimals.ch\\\/#organization\"},\"potentialAction\":[{\"@type\":\"SearchAction\",\"target\":{\"@type\":\"EntryPoint\",\"urlTemplate\":\"https:\\\/\\\/regalanimals.ch\\\/?s={search_term_string}\"},\"query-input\":{\"@type\":\"PropertyValueSpecification\",\"valueRequired\":true,\"valueName\":\"search_term_string\"}}],\"inLanguage\":\"en-GB\"},{\"@type\":\"Organization\",\"@id\":\"https:\\\/\\\/regalanimals.ch\\\/#organization\",\"name\":\"R\u00e9gal Animals\",\"url\":\"https:\\\/\\\/regalanimals.ch\\\/\",\"logo\":{\"@type\":\"ImageObject\",\"inLanguage\":\"en-GB\",\"@id\":\"https:\\\/\\\/regalanimals.ch\\\/#\\\/schema\\\/logo\\\/image\\\/\",\"url\":\"https:\\\/\\\/regalanimals.ch\\\/wp-content\\\/uploads\\\/2025\\\/04\\\/cropped-Logo-site-e1744634610403-1.webp\",\"contentUrl\":\"https:\\\/\\\/regalanimals.ch\\\/wp-content\\\/uploads\\\/2025\\\/04\\\/cropped-Logo-site-e1744634610403-1.webp\",\"width\":512,\"height\":512,\"caption\":\"R\u00e9gal Animals\"},\"image\":{\"@id\":\"https:\\\/\\\/regalanimals.ch\\\/#\\\/schema\\\/logo\\\/image\\\/\"}}]}<\/script>\n<!-- \/ Yoast SEO Premium plugin. -->","yoast_head_json":{"title":"Freeze-Dried Whole Fish Treats for Pets","description":"A 100% natural and ultra tasty treat\u2026 Freeze-dried whole fish treats for pets will delight dogs, cats and ferrets.","robots":{"index":"index","follow":"follow","max-snippet":"max-snippet:-1","max-image-preview":"max-image-preview:large","max-video-preview":"max-video-preview:-1"},"canonical":"https:\/\/regalanimals.ch\/en\/product-2\/friandises-lyophilisees-poisson-entier\/","og_locale":"en_GB","og_type":"article","og_title":"Friandises Lyophilis\u00e9es Poisson Entier","og_description":"Une gourmandise 100% naturelle et ultra savoureuse\u2026 Friandises Lyophilis\u00e9es Poisson Entier pour animaux feront craquer chiens, chats et furets.","og_url":"https:\/\/regalanimals.ch\/en\/product-2\/friandises-lyophilisees-poisson-entier\/","og_site_name":"R\u00e9gal&#039;Animals","article_modified_time":"2026-03-22T10:07:48+00:00","og_image":[{"width":940,"height":788,"url":"https:\/\/regalanimals.ch\/wp-content\/uploads\/2025\/11\/Friandises-lyophilisees-poisson-entier.webp","type":"image\/webp"}],"twitter_card":"summary_large_image","twitter_misc":{"Estimated reading time":"4 minutes"},"schema":{"@context":"https:\/\/schema.org","@graph":[{"@type":"WebPage","@id":"https:\/\/regalanimals.ch\/product\/friandises-lyophilisees-poisson-entier\/","url":"https:\/\/regalanimals.ch\/product\/friandises-lyophilisees-poisson-entier\/","name":"Freeze-Dried Whole Fish Treats for Pets","isPartOf":{"@id":"https:\/\/regalanimals.ch\/#website"},"primaryImageOfPage":{"@id":"https:\/\/regalanimals.ch\/product\/friandises-lyophilisees-poisson-entier\/#primaryimage"},"image":{"@id":"https:\/\/regalanimals.ch\/product\/friandises-lyophilisees-poisson-entier\/#primaryimage"},"thumbnailUrl":"https:\/\/regalanimals.ch\/wp-content\/uploads\/2025\/11\/Friandises-lyophilisees-poisson-entier.webp","datePublished":"2025-11-15T08:19:43+00:00","dateModified":"2026-03-22T10:07:48+00:00","description":"A 100% natural and ultra tasty treat\u2026 Freeze-dried whole fish treats for pets will delight dogs, cats and ferrets.","breadcrumb":{"@id":"https:\/\/regalanimals.ch\/product\/friandises-lyophilisees-poisson-entier\/#breadcrumb"},"inLanguage":"en-GB","potentialAction":[{"@type":"ReadAction","target":["https:\/\/regalanimals.ch\/product\/friandises-lyophilisees-poisson-entier\/"]}]},{"@type":"ImageObject","inLanguage":"en-GB","@id":"https:\/\/regalanimals.ch\/product\/friandises-lyophilisees-poisson-entier\/#primaryimage","url":"https:\/\/regalanimals.ch\/wp-content\/uploads\/2025\/11\/Friandises-lyophilisees-poisson-entier.webp","contentUrl":"https:\/\/regalanimals.ch\/wp-content\/uploads\/2025\/11\/Friandises-lyophilisees-poisson-entier.webp","width":940,"height":788,"caption":"Friandises Poisson Entier Lyophilis\u00e9es Kiwi Walker en petits poissons complets."},{"@type":"BreadcrumbList","@id":"https:\/\/regalanimals.ch\/product\/friandises-lyophilisees-poisson-entier\/#breadcrumb","itemListElement":[{"@type":"ListItem","position":1,"name":"Home","item":"https:\/\/regalanimals.ch\/"},{"@type":"ListItem","position":2,"name":"Boutique","item":"https:\/\/regalanimals.ch\/shop\/"},{"@type":"ListItem","position":3,"name":"Friandises Lyophilis\u00e9es Poisson Entier"}]},{"@type":"WebSite","@id":"https:\/\/regalanimals.ch\/#website","url":"https:\/\/regalanimals.ch\/","name":"Animals Feast","description":"Quality food and supplies for cats, dogs and ferrets","publisher":{"@id":"https:\/\/regalanimals.ch\/#organization"},"potentialAction":[{"@type":"SearchAction","target":{"@type":"EntryPoint","urlTemplate":"https:\/\/regalanimals.ch\/?s={search_term_string}"},"query-input":{"@type":"PropertyValueSpecification","valueRequired":true,"valueName":"search_term_string"}}],"inLanguage":"en-GB"},{"@type":"Organization","@id":"https:\/\/regalanimals.ch\/#organization","name":"Animals Feast","url":"https:\/\/regalanimals.ch\/","logo":{"@type":"ImageObject","inLanguage":"en-GB","@id":"https:\/\/regalanimals.ch\/#\/schema\/logo\/image\/","url":"https:\/\/regalanimals.ch\/wp-content\/uploads\/2025\/04\/cropped-Logo-site-e1744634610403-1.webp","contentUrl":"https:\/\/regalanimals.ch\/wp-content\/uploads\/2025\/04\/cropped-Logo-site-e1744634610403-1.webp","width":512,"height":512,"caption":"R\u00e9gal Animals"},"image":{"@id":"https:\/\/regalanimals.ch\/#\/schema\/logo\/image\/"}}]}},"_links":{"self":[{"href":"https:\/\/regalanimals.ch\/en\/wp-json\/wp\/v2\/product\/39896","targetHints":{"allow":["GET"]}}],"collection":[{"href":"https:\/\/regalanimals.ch\/en\/wp-json\/wp\/v2\/product"}],"about":[{"href":"https:\/\/regalanimals.ch\/en\/wp-json\/wp\/v2\/types\/product"}],"replies":[{"embeddable":true,"href":"https:\/\/regalanimals.ch\/en\/wp-json\/wp\/v2\/comments?post=39896"}],"wp:featuredmedia":[{"embeddable":true,"href":"https:\/\/regalanimals.ch\/en\/wp-json\/wp\/v2\/media\/39897"}],"wp:attachment":[{"href":"https:\/\/regalanimals.ch\/en\/wp-json\/wp\/v2\/media?parent=39896"}],"wp:term":[{"taxonomy":"product_brand","embeddable":true,"href":"https:\/\/regalanimals.ch\/en\/wp-json\/wp\/v2\/product_brand?post=39896"},{"taxonomy":"product_cat","embeddable":true,"href":"https:\/\/regalanimals.ch\/en\/wp-json\/wp\/v2\/product_cat?post=39896"},{"taxonomy":"product_tag","embeddable":true,"href":"https:\/\/regalanimals.ch\/en\/wp-json\/wp\/v2\/product_tag?post=39896"}],"curies":[{"name":"wp","href":"https:\/\/api.w.org\/{rel}","templated":true}]}}