{"id":40141,"date":"2025-12-01T12:41:13","date_gmt":"2025-12-01T11:41:13","guid":{"rendered":"https:\/\/regalanimals.ch\/?post_type=product&#038;p=40141"},"modified":"2026-04-13T16:32:19","modified_gmt":"2026-04-13T14:32:19","slug":"tendon-de-boeuf-pour-chien","status":"publish","type":"product","link":"https:\/\/regalanimals.ch\/en\/product\/tendon-de-boeuf-pour-chien\/","title":{"rendered":"Tendon de b\u0153uf pour chien (1 kg)"},"content":{"rendered":"<h2 data-start=\"948\" data-end=\"980\">\ud83d\udc36 Beef tendon for dogs<\/h2>\n<h3 data-start=\"981\" data-end=\"1057\">A robust and natural treat to satisfy motivated chewers.<\/h3>\n<p data-start=\"1059\" data-end=\"1098\">A 100% natural treat. Beef tendon for dogs is a natural and highly appreciated chewable item. This firm tendon perfectly satisfies the chewing instinct, while offering a long-lasting and tasty treat. Thanks to its fibrous texture, your dog enjoys a durable snack that keeps them occupied and stimulates their attention. Moreover, this 100% beef treat is suitable for both adult dogs and puppies accustomed to chewing.<\/p>\n<hr data-start=\"1548\" data-end=\"1551\" \/>\n<h2 data-start=\"1553\" data-end=\"1597\"><strong data-start=\"1557\" data-end=\"1595\">A firm and beneficial chew<\/strong><\/h2>\n<p data-start=\"1598\" data-end=\"1969\">Beef tendons for dogs encourage regular and vigorous chewing. They also help strengthen jaw muscles while promoting good oral hygiene. Thanks to their simple and natural composition, they offer a highly digestible snack. This way, your companion enjoys a healthy, robust, and truly satisfying chewing experience.<\/p>\n<hr data-start=\"1971\" data-end=\"1974\" \/>\n<h2 data-start=\"1976\" data-end=\"2022\"><strong data-start=\"1980\" data-end=\"2020\">A snack suitable for many dogs<\/strong><\/h2>\n<p data-start=\"2023\" data-end=\"2406\">This type of chew toy is suitable for most dogs. Furthermore, their low fat content makes them a good option for dogs who need lighter treats. Thanks to their elongated shape, they are easy for your dog to hold between their paws. This allows your dog to focus on a calming activity while satisfying their natural need to chew.<\/p>\n<hr data-start=\"2408\" data-end=\"2411\" \/>\n<h2 data-start=\"2413\" data-end=\"2439\">\ud83d\udc3e Frequently Asked Questions<\/h2>\n<h3 data-start=\"2440\" data-end=\"2543\">\u2753 Still hesitating? Here are the answers to the most common questions about Beef tendons for dogs.<\/h3>\n<h4 data-start=\"2545\" data-end=\"2586\">\u27a1\ufe0f What is a beef tendon?<\/h4>\n<p data-start=\"2587\" data-end=\"2836\">A beef tendon is a chewable item made of fibrous tissue naturally found between muscles and bones. It offers a firm and long-lasting chew, making it an ideal treat for dogs who enjoy chewing for extended periods.<\/p>\n<h4 data-start=\"2838\" data-end=\"2893\">\u27a1\ufe0f What are the benefits of beef tendons?<\/h4>\n<p data-start=\"2894\" data-end=\"3146\">The tendons strengthen the jaw and support dental hygiene. Furthermore, chewing them helps remove plaque and reduce boredom-related behaviors. This way, your dog enjoys a relaxing, healthy, and stimulating experience.<\/p>\n<hr data-start=\"3148\" data-end=\"3151\" \/>\n<h2 data-start=\"3153\" data-end=\"3184\">\ud83d\udca6 R\u00e9gal&#039;Animals Advice \ud83d\udc9a<\/h2>\n<p data-start=\"3185\" data-end=\"3474\">Offer the tendon when your dog needs a quiet activity. This way, they can channel their energy while enjoying a calming activity. Alternatively, you can hide the tendon in another room or in the garden to stimulate their natural searching instinct. \ud83d\udc9a<\/p>\n<hr data-start=\"3148\" data-end=\"3151\" \/>\n<h4 data-start=\"3476\" data-end=\"3520\">\u27a1\ufe0f Are beef tendons safe?<\/h4>\n<p data-start=\"3521\" data-end=\"3780\">Yes, they are 100% natural and contain no additives or preservatives. Furthermore, it is advisable to supervise your dog while chewing to prevent them from swallowing pieces that are too large. This ensures safe and appropriate use.<\/p>\n<h4 data-start=\"3782\" data-end=\"3831\">\u27a1\ufe0f From what age can it be given?<\/h4>\n<p data-start=\"3832\" data-end=\"4016\">They can be offered to puppies from 4 months old. Furthermore, it is important to adapt the size of the tendon to the puppy&#039;s size. This ensures that chewing remains comfortable and safe.<\/p>\n<h4 data-start=\"4018\" data-end=\"4065\">\u27a1\ufe0f Are they suitable for sensitive dogs?<\/h4>\n<p data-start=\"4066\" data-end=\"4264\">Yes, the tendons are hypoallergenic because they are made of only one ingredient. Furthermore, they contain no dyes or chemicals. Therefore, they are suitable for many sensitive dogs.<\/p>\n<hr data-start=\"4266\" data-end=\"4269\" \/>\n<h4 data-start=\"4271\" data-end=\"4289\">Composition<\/h4>\n<p data-start=\"4290\" data-end=\"4313\">100 % beef tendons<\/p>\n<h4 data-start=\"4320\" data-end=\"4351\">Analytical constituents<\/h4>\n<p data-start=\"4353\" data-end=\"4492\"><strong data-start=\"4353\" data-end=\"4371\">Beef tendon<\/strong><br data-start=\"4371\" data-end=\"4374\" \/>Crude protein: 79 %<br data-start=\"4397\" data-end=\"4400\" \/>Crude fat: 5 %<br data-start=\"4429\" data-end=\"4432\" \/>Maximum humidity: 7.70 %<br data-start=\"4453\" data-end=\"4456\" \/>Raw mineral materials: 1.70 %<\/p>\n<p><a style=\"font-size: 16px;\" href=\"https:\/\/regalanimals.ch\/en\/product-2\/joue-de-boeuf-roulee\/\">Suggestion for him<\/a><\/p>","protected":false},"excerpt":{"rendered":"<p>\ud83d\udc36 Tendon de b\u0153uf pour chien Une friandise robuste et naturelle pour satisfaire les m\u00e2cheurs motiv\u00e9s Une friandise 100 % naturelle. Le Tendon de b\u0153uf pour chien est un article \u00e0 ronger naturel et tr\u00e8s appr\u00e9ci\u00e9. En effet, ce tendon ferme r\u00e9pond parfaitement \u00e0 l\u2019instinct de mastication, tout en offrant une friandise durable et savoureuse. [&hellip;]<\/p>\n","protected":false},"featured_media":40139,"comment_status":"open","ping_status":"closed","template":"","meta":[],"product_brand":[],"product_cat":[231,24],"product_tag":[],"class_list":{"0":"post-40141","1":"product","2":"type-product","3":"status-publish","4":"has-post-thumbnail","6":"product_cat-a-ronger","7":"product_cat-chiens","9":"first","10":"instock","11":"taxable","12":"shipping-taxable","13":"purchasable","14":"product-type-simple"},"yoast_head":"<!-- This site is optimized with the Yoast SEO Premium plugin v27.4 (Yoast SEO v27.5) - https:\/\/yoast.com\/product\/yoast-seo-premium-wordpress\/ -->\n<title>Tendon de b\u0153uf pour chien une friandise robuste et naturelle<\/title>\n<meta name=\"description\" content=\"Offrez une mastication naturelle et durable gr\u00e2ce \u00e0 ce Tendon de b\u0153uf pour chien, id\u00e9al pour renforcer l\u2019hygi\u00e8ne bucco-dentaire.\" \/>\n<meta name=\"robots\" content=\"index, follow, max-snippet:-1, max-image-preview:large, max-video-preview:-1\" \/>\n<link rel=\"canonical\" href=\"https:\/\/regalanimals.ch\/en\/product-2\/tendon-de-boeuf-pour-chien\/\" \/>\n<meta property=\"og:locale\" content=\"en_GB\" \/>\n<meta property=\"og:type\" content=\"article\" \/>\n<meta property=\"og:title\" content=\"Tendon de b\u0153uf pour chien (1 kg)\" \/>\n<meta property=\"og:description\" content=\"Offrez une mastication naturelle et durable gr\u00e2ce \u00e0 ce Tendon de b\u0153uf pour chien, id\u00e9al pour renforcer l\u2019hygi\u00e8ne bucco-dentaire.\" \/>\n<meta property=\"og:url\" content=\"https:\/\/regalanimals.ch\/en\/product-2\/tendon-de-boeuf-pour-chien\/\" \/>\n<meta property=\"og:site_name\" content=\"R\u00e9gal&#039;Animals\" \/>\n<meta property=\"article:modified_time\" content=\"2026-04-13T14:32:19+00:00\" \/>\n<meta property=\"og:image\" content=\"https:\/\/regalanimals.ch\/wp-content\/uploads\/2025\/12\/tendon-de-boeuf-pour-chien-.webp\" \/>\n\t<meta property=\"og:image:width\" content=\"940\" \/>\n\t<meta property=\"og:image:height\" content=\"788\" \/>\n\t<meta property=\"og:image:type\" content=\"image\/webp\" \/>\n<meta name=\"twitter:card\" content=\"summary_large_image\" \/>\n<meta name=\"twitter:label1\" content=\"Estimated reading time\" \/>\n\t<meta name=\"twitter:data1\" content=\"3 minutes\" \/>\n<script type=\"application\/ld+json\" class=\"yoast-schema-graph\">{\"@context\":\"https:\\\/\\\/schema.org\",\"@graph\":[{\"@type\":\"WebPage\",\"@id\":\"https:\\\/\\\/regalanimals.ch\\\/product\\\/tendon-de-boeuf-pour-chien\\\/\",\"url\":\"https:\\\/\\\/regalanimals.ch\\\/product\\\/tendon-de-boeuf-pour-chien\\\/\",\"name\":\"Tendon de b\u0153uf pour chien une friandise robuste et naturelle\",\"isPartOf\":{\"@id\":\"https:\\\/\\\/regalanimals.ch\\\/#website\"},\"primaryImageOfPage\":{\"@id\":\"https:\\\/\\\/regalanimals.ch\\\/product\\\/tendon-de-boeuf-pour-chien\\\/#primaryimage\"},\"image\":{\"@id\":\"https:\\\/\\\/regalanimals.ch\\\/product\\\/tendon-de-boeuf-pour-chien\\\/#primaryimage\"},\"thumbnailUrl\":\"https:\\\/\\\/regalanimals.ch\\\/wp-content\\\/uploads\\\/2025\\\/12\\\/tendon-de-boeuf-pour-chien-.webp\",\"datePublished\":\"2025-12-01T11:41:13+00:00\",\"dateModified\":\"2026-04-13T14:32:19+00:00\",\"description\":\"Offrez une mastication naturelle et durable gr\u00e2ce \u00e0 ce Tendon de b\u0153uf pour chien, id\u00e9al pour renforcer l\u2019hygi\u00e8ne bucco-dentaire.\",\"breadcrumb\":{\"@id\":\"https:\\\/\\\/regalanimals.ch\\\/product\\\/tendon-de-boeuf-pour-chien\\\/#breadcrumb\"},\"inLanguage\":\"en-GB\",\"potentialAction\":[{\"@type\":\"ReadAction\",\"target\":[\"https:\\\/\\\/regalanimals.ch\\\/product\\\/tendon-de-boeuf-pour-chien\\\/\"]}]},{\"@type\":\"ImageObject\",\"inLanguage\":\"en-GB\",\"@id\":\"https:\\\/\\\/regalanimals.ch\\\/product\\\/tendon-de-boeuf-pour-chien\\\/#primaryimage\",\"url\":\"https:\\\/\\\/regalanimals.ch\\\/wp-content\\\/uploads\\\/2025\\\/12\\\/tendon-de-boeuf-pour-chien-.webp\",\"contentUrl\":\"https:\\\/\\\/regalanimals.ch\\\/wp-content\\\/uploads\\\/2025\\\/12\\\/tendon-de-boeuf-pour-chien-.webp\",\"width\":940,\"height\":788,\"caption\":\"Tendon de b\u0153uf pour chien \u2013 morceaux de tendon s\u00e9ch\u00e9.\"},{\"@type\":\"BreadcrumbList\",\"@id\":\"https:\\\/\\\/regalanimals.ch\\\/product\\\/tendon-de-boeuf-pour-chien\\\/#breadcrumb\",\"itemListElement\":[{\"@type\":\"ListItem\",\"position\":1,\"name\":\"Home\",\"item\":\"https:\\\/\\\/regalanimals.ch\\\/\"},{\"@type\":\"ListItem\",\"position\":2,\"name\":\"Boutique\",\"item\":\"https:\\\/\\\/regalanimals.ch\\\/shop\\\/\"},{\"@type\":\"ListItem\",\"position\":3,\"name\":\"Tendon de b\u0153uf pour chien (1 kg)\"}]},{\"@type\":\"WebSite\",\"@id\":\"https:\\\/\\\/regalanimals.ch\\\/#website\",\"url\":\"https:\\\/\\\/regalanimals.ch\\\/\",\"name\":\"R\u00e9gal Animals\",\"description\":\"Alimentation et articles de qualit\u00e9 pour chats, chiens et furets\",\"publisher\":{\"@id\":\"https:\\\/\\\/regalanimals.ch\\\/#organization\"},\"potentialAction\":[{\"@type\":\"SearchAction\",\"target\":{\"@type\":\"EntryPoint\",\"urlTemplate\":\"https:\\\/\\\/regalanimals.ch\\\/?s={search_term_string}\"},\"query-input\":{\"@type\":\"PropertyValueSpecification\",\"valueRequired\":true,\"valueName\":\"search_term_string\"}}],\"inLanguage\":\"en-GB\"},{\"@type\":\"Organization\",\"@id\":\"https:\\\/\\\/regalanimals.ch\\\/#organization\",\"name\":\"R\u00e9gal Animals\",\"url\":\"https:\\\/\\\/regalanimals.ch\\\/\",\"logo\":{\"@type\":\"ImageObject\",\"inLanguage\":\"en-GB\",\"@id\":\"https:\\\/\\\/regalanimals.ch\\\/#\\\/schema\\\/logo\\\/image\\\/\",\"url\":\"https:\\\/\\\/regalanimals.ch\\\/wp-content\\\/uploads\\\/2025\\\/04\\\/cropped-Logo-site-e1744634610403-1.webp\",\"contentUrl\":\"https:\\\/\\\/regalanimals.ch\\\/wp-content\\\/uploads\\\/2025\\\/04\\\/cropped-Logo-site-e1744634610403-1.webp\",\"width\":512,\"height\":512,\"caption\":\"R\u00e9gal Animals\"},\"image\":{\"@id\":\"https:\\\/\\\/regalanimals.ch\\\/#\\\/schema\\\/logo\\\/image\\\/\"}}]}<\/script>\n<!-- \/ Yoast SEO Premium plugin. -->","yoast_head_json":{"title":"Beef tendon for dogs: a robust and natural treat","description":"Provide a natural and long-lasting chew with this Beef Tendon for dogs, ideal for strengthening oral hygiene.","robots":{"index":"index","follow":"follow","max-snippet":"max-snippet:-1","max-image-preview":"max-image-preview:large","max-video-preview":"max-video-preview:-1"},"canonical":"https:\/\/regalanimals.ch\/en\/product-2\/tendon-de-boeuf-pour-chien\/","og_locale":"en_GB","og_type":"article","og_title":"Tendon de b\u0153uf pour chien (1 kg)","og_description":"Offrez une mastication naturelle et durable gr\u00e2ce \u00e0 ce Tendon de b\u0153uf pour chien, id\u00e9al pour renforcer l\u2019hygi\u00e8ne bucco-dentaire.","og_url":"https:\/\/regalanimals.ch\/en\/product-2\/tendon-de-boeuf-pour-chien\/","og_site_name":"R\u00e9gal&#039;Animals","article_modified_time":"2026-04-13T14:32:19+00:00","og_image":[{"width":940,"height":788,"url":"https:\/\/regalanimals.ch\/wp-content\/uploads\/2025\/12\/tendon-de-boeuf-pour-chien-.webp","type":"image\/webp"}],"twitter_card":"summary_large_image","twitter_misc":{"Estimated reading time":"3 minutes"},"schema":{"@context":"https:\/\/schema.org","@graph":[{"@type":"WebPage","@id":"https:\/\/regalanimals.ch\/product\/tendon-de-boeuf-pour-chien\/","url":"https:\/\/regalanimals.ch\/product\/tendon-de-boeuf-pour-chien\/","name":"Beef tendon for dogs: a robust and natural treat","isPartOf":{"@id":"https:\/\/regalanimals.ch\/#website"},"primaryImageOfPage":{"@id":"https:\/\/regalanimals.ch\/product\/tendon-de-boeuf-pour-chien\/#primaryimage"},"image":{"@id":"https:\/\/regalanimals.ch\/product\/tendon-de-boeuf-pour-chien\/#primaryimage"},"thumbnailUrl":"https:\/\/regalanimals.ch\/wp-content\/uploads\/2025\/12\/tendon-de-boeuf-pour-chien-.webp","datePublished":"2025-12-01T11:41:13+00:00","dateModified":"2026-04-13T14:32:19+00:00","description":"Provide a natural and long-lasting chew with this Beef Tendon for dogs, ideal for strengthening oral hygiene.","breadcrumb":{"@id":"https:\/\/regalanimals.ch\/product\/tendon-de-boeuf-pour-chien\/#breadcrumb"},"inLanguage":"en-GB","potentialAction":[{"@type":"ReadAction","target":["https:\/\/regalanimals.ch\/product\/tendon-de-boeuf-pour-chien\/"]}]},{"@type":"ImageObject","inLanguage":"en-GB","@id":"https:\/\/regalanimals.ch\/product\/tendon-de-boeuf-pour-chien\/#primaryimage","url":"https:\/\/regalanimals.ch\/wp-content\/uploads\/2025\/12\/tendon-de-boeuf-pour-chien-.webp","contentUrl":"https:\/\/regalanimals.ch\/wp-content\/uploads\/2025\/12\/tendon-de-boeuf-pour-chien-.webp","width":940,"height":788,"caption":"Tendon de b\u0153uf pour chien \u2013 morceaux de tendon s\u00e9ch\u00e9."},{"@type":"BreadcrumbList","@id":"https:\/\/regalanimals.ch\/product\/tendon-de-boeuf-pour-chien\/#breadcrumb","itemListElement":[{"@type":"ListItem","position":1,"name":"Home","item":"https:\/\/regalanimals.ch\/"},{"@type":"ListItem","position":2,"name":"Boutique","item":"https:\/\/regalanimals.ch\/shop\/"},{"@type":"ListItem","position":3,"name":"Tendon de b\u0153uf pour chien (1 kg)"}]},{"@type":"WebSite","@id":"https:\/\/regalanimals.ch\/#website","url":"https:\/\/regalanimals.ch\/","name":"Animals Feast","description":"Quality food and supplies for cats, dogs and ferrets","publisher":{"@id":"https:\/\/regalanimals.ch\/#organization"},"potentialAction":[{"@type":"SearchAction","target":{"@type":"EntryPoint","urlTemplate":"https:\/\/regalanimals.ch\/?s={search_term_string}"},"query-input":{"@type":"PropertyValueSpecification","valueRequired":true,"valueName":"search_term_string"}}],"inLanguage":"en-GB"},{"@type":"Organization","@id":"https:\/\/regalanimals.ch\/#organization","name":"Animals Feast","url":"https:\/\/regalanimals.ch\/","logo":{"@type":"ImageObject","inLanguage":"en-GB","@id":"https:\/\/regalanimals.ch\/#\/schema\/logo\/image\/","url":"https:\/\/regalanimals.ch\/wp-content\/uploads\/2025\/04\/cropped-Logo-site-e1744634610403-1.webp","contentUrl":"https:\/\/regalanimals.ch\/wp-content\/uploads\/2025\/04\/cropped-Logo-site-e1744634610403-1.webp","width":512,"height":512,"caption":"R\u00e9gal Animals"},"image":{"@id":"https:\/\/regalanimals.ch\/#\/schema\/logo\/image\/"}}]}},"_links":{"self":[{"href":"https:\/\/regalanimals.ch\/en\/wp-json\/wp\/v2\/product\/40141","targetHints":{"allow":["GET"]}}],"collection":[{"href":"https:\/\/regalanimals.ch\/en\/wp-json\/wp\/v2\/product"}],"about":[{"href":"https:\/\/regalanimals.ch\/en\/wp-json\/wp\/v2\/types\/product"}],"replies":[{"embeddable":true,"href":"https:\/\/regalanimals.ch\/en\/wp-json\/wp\/v2\/comments?post=40141"}],"wp:featuredmedia":[{"embeddable":true,"href":"https:\/\/regalanimals.ch\/en\/wp-json\/wp\/v2\/media\/40139"}],"wp:attachment":[{"href":"https:\/\/regalanimals.ch\/en\/wp-json\/wp\/v2\/media?parent=40141"}],"wp:term":[{"taxonomy":"product_brand","embeddable":true,"href":"https:\/\/regalanimals.ch\/en\/wp-json\/wp\/v2\/product_brand?post=40141"},{"taxonomy":"product_cat","embeddable":true,"href":"https:\/\/regalanimals.ch\/en\/wp-json\/wp\/v2\/product_cat?post=40141"},{"taxonomy":"product_tag","embeddable":true,"href":"https:\/\/regalanimals.ch\/en\/wp-json\/wp\/v2\/product_tag?post=40141"}],"curies":[{"name":"wp","href":"https:\/\/api.w.org\/{rel}","templated":true}]}}